{"id":8705,"date":"2025-02-13T21:45:40","date_gmt":"2025-02-13T19:45:40","guid":{"rendered":"https:\/\/www.kalfon-medical.co.il\/product\/barre-de-lit-a-3-positions\/"},"modified":"2025-02-13T21:45:40","modified_gmt":"2025-02-13T19:45:40","slug":"barre-de-lit-a-3-positions","status":"publish","type":"product","link":"https:\/\/www.kalfon-medical.co.il\/fr\/produit\/barre-de-lit-a-3-positions\/","title":{"rendered":"Barre de lit \u00e0 3 positions"},"content":{"rendered":"<p data-start=\"23\" data-end=\"283\">Cette barre de lit est facile \u00e0 utiliser et se fixe \u00e0 la base du lit. Elle aide \u00e0 pr\u00e9venir les chutes chez les personnes agit\u00e9es pendant le sommeil. La barre se replie \u00e0 l\u2019aide de deux clips faciles \u00e0 manipuler, et peut \u00eatre allong\u00e9e \u00e0 trois longueurs (66, 86 et 107 cm) gr\u00e2ce \u00e0 un seul clip. Convient aux lits avec base rembourr\u00e9e ou \u00e0 lattes. Comprend une pochette de rangement en filet.    <\/p>\n<p data-start=\"285\" data-end=\"339\">Compatible avec la plupart des types de lits avec matelas d\u2019une \u00e9paisseur de 30 \u00e0 40 cm.<\/p>\n<p data-start=\"341\" data-end=\"360\"><strong data-start=\"341\" data-end=\"358\">D\u00e9tails techniques :<\/strong><\/p>\n<ul data-start=\"361\" data-end=\"524\" data-is-last-node=\"\">\n<li data-start=\"361\" data-end=\"384\">Hauteur totale : 58,4 cm<\/li>\n<li data-start=\"385\" data-end=\"413\">Hauteur de la partie rabattable : 48 cm<\/li>\n<li data-start=\"414\" data-end=\"436\">Hauteur de la barre : 33 cm<\/li>\n<li data-start=\"437\" data-end=\"485\">Longueur des bras entre le matelas et la base du lit : 61,5 cm<\/li>\n<li data-start=\"486\" data-end=\"504\">Poids : 6,35 kg<\/li>\n<li data-start=\"505\" data-end=\"524\" data-is-last-node=\"\">Charge maximale : 90 kg<\/li>\n<\/ul>\n<p>R\u00e9f. produit : 823002<\/p>\n","protected":false},"excerpt":{"rendered":"<ul>\n<li>Pr\u00e9vient les chutes des personnes agit\u00e9es pendant le sommeil<\/li>\n<li>Facile \u00e0 utiliser par l\u2019utilisateur<\/li>\n<\/ul>\n","protected":false},"featured_media":6504,"comment_status":"open","ping_status":"closed","template":"","meta":{"_monsterinsights_skip_tracking":false,"_monsterinsights_sitenote_active":false,"_monsterinsights_sitenote_note":"","_monsterinsights_sitenote_category":0},"product_brand":[],"product_cat":[192,189],"product_tag":[],"distributeur-exclusif":[],"marques":[],"class_list":{"0":"post-8705","1":"product","2":"type-product","3":"status-publish","4":"has-post-thumbnail","6":"product_cat-barrieres-de-lit","7":"product_cat-chambre","8":"_wholesalex wsx-wholesalex-product","10":"first","11":"instock","12":"taxable","13":"shipping-taxable","14":"purchasable","15":"product-type-simple"},"yoast_head":"<!-- This site is optimized with the Yoast SEO plugin v27.5 - https:\/\/yoast.com\/product\/yoast-seo-wordpress\/ -->\n<title>Barre de lit \u00e0 3 positions - Kalfon Medical Distribution<\/title>\n<meta name=\"robots\" content=\"index, follow, max-snippet:-1, max-image-preview:large, max-video-preview:-1\" \/>\n<link rel=\"canonical\" href=\"https:\/\/www.kalfon-medical.co.il\/fr\/produit\/barre-de-lit-a-3-positions\/\" \/>\n<meta property=\"og:locale\" content=\"fr_FR\" \/>\n<meta property=\"og:type\" content=\"article\" \/>\n<meta property=\"og:title\" content=\"Barre de lit \u00e0 3 positions - Kalfon Medical Distribution\" \/>\n<meta property=\"og:description\" content=\"Pr\u00e9vient les chutes des personnes agit\u00e9es pendant le sommeil  Facile \u00e0 utiliser par l\u2019utilisateur\" \/>\n<meta property=\"og:url\" content=\"https:\/\/www.kalfon-medical.co.il\/fr\/produit\/barre-de-lit-a-3-positions\/\" \/>\n<meta property=\"og:site_name\" content=\"Kalfon Medical Distribution\" \/>\n<meta property=\"og:image\" content=\"https:\/\/www.kalfon-medical.co.il\/wp-content\/uploads\/2025\/02\/barriere-lit-escamotable-4-2.jpg\" \/>\n\t<meta property=\"og:image:width\" content=\"800\" \/>\n\t<meta property=\"og:image:height\" content=\"800\" \/>\n\t<meta property=\"og:image:type\" content=\"image\/jpeg\" \/>\n<meta name=\"twitter:card\" content=\"summary_large_image\" \/>\n<meta name=\"twitter:label1\" content=\"Dur\u00e9e de lecture estim\u00e9e\" \/>\n\t<meta name=\"twitter:data1\" content=\"1 minute\" \/>\n<script type=\"application\/ld+json\" class=\"yoast-schema-graph\">{\"@context\":\"https:\\\/\\\/schema.org\",\"@graph\":[{\"@type\":\"WebPage\",\"@id\":\"https:\\\/\\\/www.kalfon-medical.co.il\\\/fr\\\/produit\\\/barre-de-lit-a-3-positions\\\/\",\"url\":\"https:\\\/\\\/www.kalfon-medical.co.il\\\/fr\\\/produit\\\/barre-de-lit-a-3-positions\\\/\",\"name\":\"Barre de lit \u00e0 3 positions - Kalfon Medical Distribution\",\"isPartOf\":{\"@id\":\"https:\\\/\\\/www.kalfon-medical.co.il\\\/fr\\\/#website\"},\"primaryImageOfPage\":{\"@id\":\"https:\\\/\\\/www.kalfon-medical.co.il\\\/fr\\\/produit\\\/barre-de-lit-a-3-positions\\\/#primaryimage\"},\"image\":{\"@id\":\"https:\\\/\\\/www.kalfon-medical.co.il\\\/fr\\\/produit\\\/barre-de-lit-a-3-positions\\\/#primaryimage\"},\"thumbnailUrl\":\"https:\\\/\\\/www.kalfon-medical.co.il\\\/wp-content\\\/uploads\\\/2025\\\/02\\\/barriere-lit-escamotable-4-2.jpg\",\"datePublished\":\"2025-02-13T19:45:40+00:00\",\"breadcrumb\":{\"@id\":\"https:\\\/\\\/www.kalfon-medical.co.il\\\/fr\\\/produit\\\/barre-de-lit-a-3-positions\\\/#breadcrumb\"},\"inLanguage\":\"fr-FR\",\"potentialAction\":[{\"@type\":\"ReadAction\",\"target\":[\"https:\\\/\\\/www.kalfon-medical.co.il\\\/fr\\\/produit\\\/barre-de-lit-a-3-positions\\\/\"]}]},{\"@type\":\"ImageObject\",\"inLanguage\":\"fr-FR\",\"@id\":\"https:\\\/\\\/www.kalfon-medical.co.il\\\/fr\\\/produit\\\/barre-de-lit-a-3-positions\\\/#primaryimage\",\"url\":\"https:\\\/\\\/www.kalfon-medical.co.il\\\/wp-content\\\/uploads\\\/2025\\\/02\\\/barriere-lit-escamotable-4-2.jpg\",\"contentUrl\":\"https:\\\/\\\/www.kalfon-medical.co.il\\\/wp-content\\\/uploads\\\/2025\\\/02\\\/barriere-lit-escamotable-4-2.jpg\",\"width\":800,\"height\":800},{\"@type\":\"BreadcrumbList\",\"@id\":\"https:\\\/\\\/www.kalfon-medical.co.il\\\/fr\\\/produit\\\/barre-de-lit-a-3-positions\\\/#breadcrumb\",\"itemListElement\":[{\"@type\":\"ListItem\",\"position\":1,\"name\":\"Home\",\"item\":\"https:\\\/\\\/www.kalfon-medical.co.il\\\/fr\\\/\"},{\"@type\":\"ListItem\",\"position\":2,\"name\":\"Boutique\",\"item\":\"https:\\\/\\\/www.kalfon-medical.co.il\\\/fr\\\/boutique\\\/\"},{\"@type\":\"ListItem\",\"position\":3,\"name\":\"Barre de lit \u00e0 3 positions\"}]},{\"@type\":\"WebSite\",\"@id\":\"https:\\\/\\\/www.kalfon-medical.co.il\\\/fr\\\/#website\",\"url\":\"https:\\\/\\\/www.kalfon-medical.co.il\\\/fr\\\/\",\"name\":\"Kalfon Medical Distribution\",\"description\":\"Un site utilisant WordPress\",\"potentialAction\":[{\"@type\":\"SearchAction\",\"target\":{\"@type\":\"EntryPoint\",\"urlTemplate\":\"https:\\\/\\\/www.kalfon-medical.co.il\\\/fr\\\/?s={search_term_string}\"},\"query-input\":{\"@type\":\"PropertyValueSpecification\",\"valueRequired\":true,\"valueName\":\"search_term_string\"}}],\"inLanguage\":\"fr-FR\"}]}<\/script>\n<!-- \/ Yoast SEO plugin. -->","yoast_head_json":{"title":"Barre de lit \u00e0 3 positions - Kalfon Medical Distribution","robots":{"index":"index","follow":"follow","max-snippet":"max-snippet:-1","max-image-preview":"max-image-preview:large","max-video-preview":"max-video-preview:-1"},"canonical":"https:\/\/www.kalfon-medical.co.il\/fr\/produit\/barre-de-lit-a-3-positions\/","og_locale":"fr_FR","og_type":"article","og_title":"Barre de lit \u00e0 3 positions - Kalfon Medical Distribution","og_description":"Pr\u00e9vient les chutes des personnes agit\u00e9es pendant le sommeil  Facile \u00e0 utiliser par l\u2019utilisateur","og_url":"https:\/\/www.kalfon-medical.co.il\/fr\/produit\/barre-de-lit-a-3-positions\/","og_site_name":"Kalfon Medical Distribution","og_image":[{"width":800,"height":800,"url":"https:\/\/www.kalfon-medical.co.il\/wp-content\/uploads\/2025\/02\/barriere-lit-escamotable-4-2.jpg","type":"image\/jpeg"}],"twitter_card":"summary_large_image","twitter_misc":{"Dur\u00e9e de lecture estim\u00e9e":"1 minute"},"schema":{"@context":"https:\/\/schema.org","@graph":[{"@type":"WebPage","@id":"https:\/\/www.kalfon-medical.co.il\/fr\/produit\/barre-de-lit-a-3-positions\/","url":"https:\/\/www.kalfon-medical.co.il\/fr\/produit\/barre-de-lit-a-3-positions\/","name":"Barre de lit \u00e0 3 positions - Kalfon Medical Distribution","isPartOf":{"@id":"https:\/\/www.kalfon-medical.co.il\/fr\/#website"},"primaryImageOfPage":{"@id":"https:\/\/www.kalfon-medical.co.il\/fr\/produit\/barre-de-lit-a-3-positions\/#primaryimage"},"image":{"@id":"https:\/\/www.kalfon-medical.co.il\/fr\/produit\/barre-de-lit-a-3-positions\/#primaryimage"},"thumbnailUrl":"https:\/\/www.kalfon-medical.co.il\/wp-content\/uploads\/2025\/02\/barriere-lit-escamotable-4-2.jpg","datePublished":"2025-02-13T19:45:40+00:00","breadcrumb":{"@id":"https:\/\/www.kalfon-medical.co.il\/fr\/produit\/barre-de-lit-a-3-positions\/#breadcrumb"},"inLanguage":"fr-FR","potentialAction":[{"@type":"ReadAction","target":["https:\/\/www.kalfon-medical.co.il\/fr\/produit\/barre-de-lit-a-3-positions\/"]}]},{"@type":"ImageObject","inLanguage":"fr-FR","@id":"https:\/\/www.kalfon-medical.co.il\/fr\/produit\/barre-de-lit-a-3-positions\/#primaryimage","url":"https:\/\/www.kalfon-medical.co.il\/wp-content\/uploads\/2025\/02\/barriere-lit-escamotable-4-2.jpg","contentUrl":"https:\/\/www.kalfon-medical.co.il\/wp-content\/uploads\/2025\/02\/barriere-lit-escamotable-4-2.jpg","width":800,"height":800},{"@type":"BreadcrumbList","@id":"https:\/\/www.kalfon-medical.co.il\/fr\/produit\/barre-de-lit-a-3-positions\/#breadcrumb","itemListElement":[{"@type":"ListItem","position":1,"name":"Home","item":"https:\/\/www.kalfon-medical.co.il\/fr\/"},{"@type":"ListItem","position":2,"name":"Boutique","item":"https:\/\/www.kalfon-medical.co.il\/fr\/boutique\/"},{"@type":"ListItem","position":3,"name":"Barre de lit \u00e0 3 positions"}]},{"@type":"WebSite","@id":"https:\/\/www.kalfon-medical.co.il\/fr\/#website","url":"https:\/\/www.kalfon-medical.co.il\/fr\/","name":"Kalfon Medical Distribution","description":"Un site utilisant WordPress","potentialAction":[{"@type":"SearchAction","target":{"@type":"EntryPoint","urlTemplate":"https:\/\/www.kalfon-medical.co.il\/fr\/?s={search_term_string}"},"query-input":{"@type":"PropertyValueSpecification","valueRequired":true,"valueName":"search_term_string"}}],"inLanguage":"fr-FR"}]}},"_links":{"self":[{"href":"https:\/\/www.kalfon-medical.co.il\/fr\/wp-json\/wp\/v2\/product\/8705","targetHints":{"allow":["GET"]}}],"collection":[{"href":"https:\/\/www.kalfon-medical.co.il\/fr\/wp-json\/wp\/v2\/product"}],"about":[{"href":"https:\/\/www.kalfon-medical.co.il\/fr\/wp-json\/wp\/v2\/types\/product"}],"replies":[{"embeddable":true,"href":"https:\/\/www.kalfon-medical.co.il\/fr\/wp-json\/wp\/v2\/comments?post=8705"}],"version-history":[{"count":0,"href":"https:\/\/www.kalfon-medical.co.il\/fr\/wp-json\/wp\/v2\/product\/8705\/revisions"}],"wp:featuredmedia":[{"embeddable":true,"href":"https:\/\/www.kalfon-medical.co.il\/fr\/wp-json\/wp\/v2\/media\/6504"}],"wp:attachment":[{"href":"https:\/\/www.kalfon-medical.co.il\/fr\/wp-json\/wp\/v2\/media?parent=8705"}],"wp:term":[{"taxonomy":"product_brand","embeddable":true,"href":"https:\/\/www.kalfon-medical.co.il\/fr\/wp-json\/wp\/v2\/product_brand?post=8705"},{"taxonomy":"product_cat","embeddable":true,"href":"https:\/\/www.kalfon-medical.co.il\/fr\/wp-json\/wp\/v2\/product_cat?post=8705"},{"taxonomy":"product_tag","embeddable":true,"href":"https:\/\/www.kalfon-medical.co.il\/fr\/wp-json\/wp\/v2\/product_tag?post=8705"},{"taxonomy":"distributeur-exclusif","embeddable":true,"href":"https:\/\/www.kalfon-medical.co.il\/fr\/wp-json\/wp\/v2\/distributeur-exclusif?post=8705"},{"taxonomy":"marques","embeddable":true,"href":"https:\/\/www.kalfon-medical.co.il\/fr\/wp-json\/wp\/v2\/marques?post=8705"}],"curies":[{"name":"wp","href":"https:\/\/api.w.org\/{rel}","templated":true}]}}