{"id":8692,"date":"2025-03-07T11:57:09","date_gmt":"2025-03-07T09:57:09","guid":{"rendered":"https:\/\/www.kalfon-medical.co.il\/product\/coussins-chauffants-pour-le-cou-avec-graines-de-lin\/"},"modified":"2025-03-07T11:57:09","modified_gmt":"2025-03-07T09:57:09","slug":"coussins-chauffants-pour-le-cou-avec-graines-de-lin","status":"publish","type":"product","link":"https:\/\/www.kalfon-medical.co.il\/fr\/produit\/coussins-chauffants-pour-le-cou-avec-graines-de-lin\/","title":{"rendered":"Coussins chauffants pour le cou avec graines de lin"},"content":{"rendered":"<p>Notre coussin chauffant est rempli de graines de lin. Le lin est un analg\u00e9sique naturel qui \u00e9tait autrefois utilis\u00e9 pour pr\u00e9parer des compresses destin\u00e9es \u00e0 soulager la douleur. Les graines absorbent la chaleur du micro-ondes et la lib\u00e8rent progressivement pour votre bien-\u00eatre. La chaleur aide \u00e0 d\u00e9tendre les muscles et soulage les tensions et les douleurs l\u00e9g\u00e8res du quotidien.   <\/p>\n<p>\u00c0 chauffer uniquement au micro-ondes<br \/>\nGarnissage : 100 % graines de lin<br \/>\nHousse : 100 % microfibre polyester ultra-douce<br \/>\nCouleur : jaune<\/p>\n<p>835176<\/p>\n","protected":false},"excerpt":{"rendered":"<ul>\n<li>Les bienfaits apaisants des graines de lin associ\u00e9s \u00e0 la chaleur<\/li>\n<li>Chauffage l\u00e9ger au micro-ondes<\/li>\n<li>100 % polyester microfibre<br data-start=\"44\" data-end=\"47\"><br data-start=\"64\" data-end=\"67\"><\/li>\n<\/ul>\n","protected":false},"featured_media":6698,"comment_status":"open","ping_status":"closed","template":"","meta":{"_monsterinsights_skip_tracking":false,"_monsterinsights_sitenote_active":false,"_monsterinsights_sitenote_note":"","_monsterinsights_sitenote_category":0},"product_brand":[],"product_cat":[199,82,196,103],"product_tag":[],"distributeur-exclusif":[],"marques":[],"class_list":{"0":"post-8692","1":"product","2":"type-product","3":"status-publish","4":"has-post-thumbnail","6":"product_cat-confort-et-bien-etre","7":"product_cat-cou","8":"product_cat-douleur","9":"product_cat-non-classe-fr","10":"_wholesalex wsx-wholesalex-product","12":"first","13":"instock","14":"taxable","15":"shipping-taxable","16":"purchasable","17":"product-type-simple"},"yoast_head":"<!-- This site is optimized with the Yoast SEO plugin v27.5 - https:\/\/yoast.com\/product\/yoast-seo-wordpress\/ -->\n<title>Coussins chauffants pour le cou avec graines de lin - Kalfon Medical Distribution<\/title>\n<meta name=\"robots\" content=\"index, follow, max-snippet:-1, max-image-preview:large, max-video-preview:-1\" \/>\n<link rel=\"canonical\" href=\"https:\/\/www.kalfon-medical.co.il\/fr\/produit\/coussins-chauffants-pour-le-cou-avec-graines-de-lin\/\" \/>\n<meta property=\"og:locale\" content=\"fr_FR\" \/>\n<meta property=\"og:type\" content=\"article\" \/>\n<meta property=\"og:title\" content=\"Coussins chauffants pour le cou avec graines de lin - Kalfon Medical Distribution\" \/>\n<meta property=\"og:description\" content=\"Les bienfaits apaisants des graines de lin associ\u00e9s \u00e0 la chaleur  Chauffage l\u00e9ger au micro-ondes  100 % polyester microfibre\" \/>\n<meta property=\"og:url\" content=\"https:\/\/www.kalfon-medical.co.il\/fr\/produit\/coussins-chauffants-pour-le-cou-avec-graines-de-lin\/\" \/>\n<meta property=\"og:site_name\" content=\"Kalfon Medical Distribution\" \/>\n<meta property=\"og:image\" content=\"https:\/\/www.kalfon-medical.co.il\/wp-content\/uploads\/2025\/03\/coussins-chauffants-graines-lin.jpg\" \/>\n\t<meta property=\"og:image:width\" content=\"800\" \/>\n\t<meta property=\"og:image:height\" content=\"800\" \/>\n\t<meta property=\"og:image:type\" content=\"image\/jpeg\" \/>\n<meta name=\"twitter:card\" content=\"summary_large_image\" \/>\n<script type=\"application\/ld+json\" class=\"yoast-schema-graph\">{\"@context\":\"https:\\\/\\\/schema.org\",\"@graph\":[{\"@type\":\"WebPage\",\"@id\":\"https:\\\/\\\/www.kalfon-medical.co.il\\\/fr\\\/produit\\\/coussins-chauffants-pour-le-cou-avec-graines-de-lin\\\/\",\"url\":\"https:\\\/\\\/www.kalfon-medical.co.il\\\/fr\\\/produit\\\/coussins-chauffants-pour-le-cou-avec-graines-de-lin\\\/\",\"name\":\"Coussins chauffants pour le cou avec graines de lin - Kalfon Medical Distribution\",\"isPartOf\":{\"@id\":\"https:\\\/\\\/www.kalfon-medical.co.il\\\/fr\\\/#website\"},\"primaryImageOfPage\":{\"@id\":\"https:\\\/\\\/www.kalfon-medical.co.il\\\/fr\\\/produit\\\/coussins-chauffants-pour-le-cou-avec-graines-de-lin\\\/#primaryimage\"},\"image\":{\"@id\":\"https:\\\/\\\/www.kalfon-medical.co.il\\\/fr\\\/produit\\\/coussins-chauffants-pour-le-cou-avec-graines-de-lin\\\/#primaryimage\"},\"thumbnailUrl\":\"https:\\\/\\\/www.kalfon-medical.co.il\\\/wp-content\\\/uploads\\\/2025\\\/03\\\/coussins-chauffants-graines-lin.jpg\",\"datePublished\":\"2025-03-07T09:57:09+00:00\",\"breadcrumb\":{\"@id\":\"https:\\\/\\\/www.kalfon-medical.co.il\\\/fr\\\/produit\\\/coussins-chauffants-pour-le-cou-avec-graines-de-lin\\\/#breadcrumb\"},\"inLanguage\":\"fr-FR\",\"potentialAction\":[{\"@type\":\"ReadAction\",\"target\":[\"https:\\\/\\\/www.kalfon-medical.co.il\\\/fr\\\/produit\\\/coussins-chauffants-pour-le-cou-avec-graines-de-lin\\\/\"]}]},{\"@type\":\"ImageObject\",\"inLanguage\":\"fr-FR\",\"@id\":\"https:\\\/\\\/www.kalfon-medical.co.il\\\/fr\\\/produit\\\/coussins-chauffants-pour-le-cou-avec-graines-de-lin\\\/#primaryimage\",\"url\":\"https:\\\/\\\/www.kalfon-medical.co.il\\\/wp-content\\\/uploads\\\/2025\\\/03\\\/coussins-chauffants-graines-lin.jpg\",\"contentUrl\":\"https:\\\/\\\/www.kalfon-medical.co.il\\\/wp-content\\\/uploads\\\/2025\\\/03\\\/coussins-chauffants-graines-lin.jpg\",\"width\":800,\"height\":800},{\"@type\":\"BreadcrumbList\",\"@id\":\"https:\\\/\\\/www.kalfon-medical.co.il\\\/fr\\\/produit\\\/coussins-chauffants-pour-le-cou-avec-graines-de-lin\\\/#breadcrumb\",\"itemListElement\":[{\"@type\":\"ListItem\",\"position\":1,\"name\":\"Home\",\"item\":\"https:\\\/\\\/www.kalfon-medical.co.il\\\/fr\\\/\"},{\"@type\":\"ListItem\",\"position\":2,\"name\":\"Boutique\",\"item\":\"https:\\\/\\\/www.kalfon-medical.co.il\\\/fr\\\/boutique\\\/\"},{\"@type\":\"ListItem\",\"position\":3,\"name\":\"Coussins chauffants pour le cou avec graines de lin\"}]},{\"@type\":\"WebSite\",\"@id\":\"https:\\\/\\\/www.kalfon-medical.co.il\\\/fr\\\/#website\",\"url\":\"https:\\\/\\\/www.kalfon-medical.co.il\\\/fr\\\/\",\"name\":\"Kalfon Medical Distribution\",\"description\":\"Un site utilisant WordPress\",\"potentialAction\":[{\"@type\":\"SearchAction\",\"target\":{\"@type\":\"EntryPoint\",\"urlTemplate\":\"https:\\\/\\\/www.kalfon-medical.co.il\\\/fr\\\/?s={search_term_string}\"},\"query-input\":{\"@type\":\"PropertyValueSpecification\",\"valueRequired\":true,\"valueName\":\"search_term_string\"}}],\"inLanguage\":\"fr-FR\"}]}<\/script>\n<!-- \/ Yoast SEO plugin. -->","yoast_head_json":{"title":"Coussins chauffants pour le cou avec graines de lin - Kalfon Medical Distribution","robots":{"index":"index","follow":"follow","max-snippet":"max-snippet:-1","max-image-preview":"max-image-preview:large","max-video-preview":"max-video-preview:-1"},"canonical":"https:\/\/www.kalfon-medical.co.il\/fr\/produit\/coussins-chauffants-pour-le-cou-avec-graines-de-lin\/","og_locale":"fr_FR","og_type":"article","og_title":"Coussins chauffants pour le cou avec graines de lin - Kalfon Medical Distribution","og_description":"Les bienfaits apaisants des graines de lin associ\u00e9s \u00e0 la chaleur  Chauffage l\u00e9ger au micro-ondes  100 % polyester microfibre","og_url":"https:\/\/www.kalfon-medical.co.il\/fr\/produit\/coussins-chauffants-pour-le-cou-avec-graines-de-lin\/","og_site_name":"Kalfon Medical Distribution","og_image":[{"width":800,"height":800,"url":"https:\/\/www.kalfon-medical.co.il\/wp-content\/uploads\/2025\/03\/coussins-chauffants-graines-lin.jpg","type":"image\/jpeg"}],"twitter_card":"summary_large_image","schema":{"@context":"https:\/\/schema.org","@graph":[{"@type":"WebPage","@id":"https:\/\/www.kalfon-medical.co.il\/fr\/produit\/coussins-chauffants-pour-le-cou-avec-graines-de-lin\/","url":"https:\/\/www.kalfon-medical.co.il\/fr\/produit\/coussins-chauffants-pour-le-cou-avec-graines-de-lin\/","name":"Coussins chauffants pour le cou avec graines de lin - Kalfon Medical Distribution","isPartOf":{"@id":"https:\/\/www.kalfon-medical.co.il\/fr\/#website"},"primaryImageOfPage":{"@id":"https:\/\/www.kalfon-medical.co.il\/fr\/produit\/coussins-chauffants-pour-le-cou-avec-graines-de-lin\/#primaryimage"},"image":{"@id":"https:\/\/www.kalfon-medical.co.il\/fr\/produit\/coussins-chauffants-pour-le-cou-avec-graines-de-lin\/#primaryimage"},"thumbnailUrl":"https:\/\/www.kalfon-medical.co.il\/wp-content\/uploads\/2025\/03\/coussins-chauffants-graines-lin.jpg","datePublished":"2025-03-07T09:57:09+00:00","breadcrumb":{"@id":"https:\/\/www.kalfon-medical.co.il\/fr\/produit\/coussins-chauffants-pour-le-cou-avec-graines-de-lin\/#breadcrumb"},"inLanguage":"fr-FR","potentialAction":[{"@type":"ReadAction","target":["https:\/\/www.kalfon-medical.co.il\/fr\/produit\/coussins-chauffants-pour-le-cou-avec-graines-de-lin\/"]}]},{"@type":"ImageObject","inLanguage":"fr-FR","@id":"https:\/\/www.kalfon-medical.co.il\/fr\/produit\/coussins-chauffants-pour-le-cou-avec-graines-de-lin\/#primaryimage","url":"https:\/\/www.kalfon-medical.co.il\/wp-content\/uploads\/2025\/03\/coussins-chauffants-graines-lin.jpg","contentUrl":"https:\/\/www.kalfon-medical.co.il\/wp-content\/uploads\/2025\/03\/coussins-chauffants-graines-lin.jpg","width":800,"height":800},{"@type":"BreadcrumbList","@id":"https:\/\/www.kalfon-medical.co.il\/fr\/produit\/coussins-chauffants-pour-le-cou-avec-graines-de-lin\/#breadcrumb","itemListElement":[{"@type":"ListItem","position":1,"name":"Home","item":"https:\/\/www.kalfon-medical.co.il\/fr\/"},{"@type":"ListItem","position":2,"name":"Boutique","item":"https:\/\/www.kalfon-medical.co.il\/fr\/boutique\/"},{"@type":"ListItem","position":3,"name":"Coussins chauffants pour le cou avec graines de lin"}]},{"@type":"WebSite","@id":"https:\/\/www.kalfon-medical.co.il\/fr\/#website","url":"https:\/\/www.kalfon-medical.co.il\/fr\/","name":"Kalfon Medical Distribution","description":"Un site utilisant WordPress","potentialAction":[{"@type":"SearchAction","target":{"@type":"EntryPoint","urlTemplate":"https:\/\/www.kalfon-medical.co.il\/fr\/?s={search_term_string}"},"query-input":{"@type":"PropertyValueSpecification","valueRequired":true,"valueName":"search_term_string"}}],"inLanguage":"fr-FR"}]}},"_links":{"self":[{"href":"https:\/\/www.kalfon-medical.co.il\/fr\/wp-json\/wp\/v2\/product\/8692","targetHints":{"allow":["GET"]}}],"collection":[{"href":"https:\/\/www.kalfon-medical.co.il\/fr\/wp-json\/wp\/v2\/product"}],"about":[{"href":"https:\/\/www.kalfon-medical.co.il\/fr\/wp-json\/wp\/v2\/types\/product"}],"replies":[{"embeddable":true,"href":"https:\/\/www.kalfon-medical.co.il\/fr\/wp-json\/wp\/v2\/comments?post=8692"}],"version-history":[{"count":0,"href":"https:\/\/www.kalfon-medical.co.il\/fr\/wp-json\/wp\/v2\/product\/8692\/revisions"}],"wp:featuredmedia":[{"embeddable":true,"href":"https:\/\/www.kalfon-medical.co.il\/fr\/wp-json\/wp\/v2\/media\/6698"}],"wp:attachment":[{"href":"https:\/\/www.kalfon-medical.co.il\/fr\/wp-json\/wp\/v2\/media?parent=8692"}],"wp:term":[{"taxonomy":"product_brand","embeddable":true,"href":"https:\/\/www.kalfon-medical.co.il\/fr\/wp-json\/wp\/v2\/product_brand?post=8692"},{"taxonomy":"product_cat","embeddable":true,"href":"https:\/\/www.kalfon-medical.co.il\/fr\/wp-json\/wp\/v2\/product_cat?post=8692"},{"taxonomy":"product_tag","embeddable":true,"href":"https:\/\/www.kalfon-medical.co.il\/fr\/wp-json\/wp\/v2\/product_tag?post=8692"},{"taxonomy":"distributeur-exclusif","embeddable":true,"href":"https:\/\/www.kalfon-medical.co.il\/fr\/wp-json\/wp\/v2\/distributeur-exclusif?post=8692"},{"taxonomy":"marques","embeddable":true,"href":"https:\/\/www.kalfon-medical.co.il\/fr\/wp-json\/wp\/v2\/marques?post=8692"}],"curies":[{"name":"wp","href":"https:\/\/api.w.org\/{rel}","templated":true}]}}