{"id":8688,"date":"2025-04-18T18:53:09","date_gmt":"2025-04-18T15:53:09","guid":{"rendered":"https:\/\/www.kalfon-medical.co.il\/product\/%d7%97%d7%99%d7%aa%d7%95%d7%9c%d7%99%d7%9d-%d7%9c%d7%9e%d7%91%d7%95%d7%92%d7%a8%d7%99%d7%9d-friends-%d7%9e%d7%99%d7%93%d7%94-l\/"},"modified":"2025-04-18T18:53:09","modified_gmt":"2025-04-18T15:53:09","slug":"%d7%97%d7%99%d7%aa%d7%95%d7%9c%d7%99%d7%9d-%d7%9c%d7%9e%d7%91%d7%95%d7%92%d7%a8%d7%99%d7%9d-friends-%d7%9e%d7%99%d7%93%d7%94-l","status":"publish","type":"product","link":"https:\/\/www.kalfon-medical.co.il\/fr\/produit\/%d7%97%d7%99%d7%aa%d7%95%d7%9c%d7%99%d7%9d-%d7%9c%d7%9e%d7%91%d7%95%d7%92%d7%a8%d7%99%d7%9d-friends-%d7%9e%d7%99%d7%93%d7%94-l\/","title":{"rendered":"\u05d7\u05d9\u05ea\u05d5\u05dc\u05d9\u05dd \u05dc\u05de\u05d1\u05d5\u05d2\u05e8\u05d9\u05dd FRIENDS \u05de\u05d9\u05d3\u05d4 L"},"content":{"rendered":"<p>Couches pour adultes \u00e0 tr\u00e8s haute absorption \u2013 jusqu\u2019\u00e0 16 heures de protection pour rester au sec toute la nuit.<br \/>\nParticuli\u00e8rement adapt\u00e9es aux personnes prenant des diur\u00e9tiques (comme le Lasilix), aux diab\u00e9tiques et aux personnes \u00e0 risque d\u2019escarres.<br \/>\nDot\u00e9es de fixations solides, d\u2019une double barri\u00e8re anti-fuites et d\u2019une bande indicatrice d\u2019humidit\u00e9 qui change de couleur lorsque la couche est mouill\u00e9e \u2013 pour permettre au soignant de savoir quand la changer.<br \/>\nPaquet de 10 unit\u00e9s<br \/>\nAbsorption : jusqu\u2019\u00e0 16 heures<br \/>\nTailles :<br \/>\nTaille L \u2013 Tour de taille : 96\u2013152 cm<br \/>\nTaille de pantalon : 40\u201344<\/p>\n<p>&nbsp;<\/p>\n<p>&nbsp;<\/p>\n<p>&nbsp;<\/p>\n","protected":false},"excerpt":{"rendered":"<ul>\n<li>Absorption jusqu&#8217;a 16h<\/li>\n<li>Paquetait de 10 unites<\/li>\n<li>Tour de taille 93-152 cm<\/li>\n<\/ul>\n","protected":false},"featured_media":6794,"comment_status":"open","ping_status":"closed","template":"","meta":{"_monsterinsights_skip_tracking":false,"_monsterinsights_sitenote_active":false,"_monsterinsights_sitenote_note":"","_monsterinsights_sitenote_category":0},"product_brand":[],"product_cat":[180,88],"product_tag":[],"distributeur-exclusif":[],"marques":[],"class_list":{"0":"post-8688","1":"product","2":"type-product","3":"status-publish","4":"has-post-thumbnail","6":"product_cat-couches","7":"product_cat-incontinence","8":"_wholesalex wsx-wholesalex-product","10":"first","11":"instock","12":"taxable","13":"shipping-taxable","14":"purchasable","15":"product-type-simple"},"yoast_head":"<!-- This site is optimized with the Yoast SEO plugin v27.4 - https:\/\/yoast.com\/product\/yoast-seo-wordpress\/ -->\n<title>\u05d7\u05d9\u05ea\u05d5\u05dc\u05d9\u05dd \u05dc\u05de\u05d1\u05d5\u05d2\u05e8\u05d9\u05dd FRIENDS \u05de\u05d9\u05d3\u05d4 L - Kalfon Medical Distribution<\/title>\n<meta name=\"robots\" content=\"index, follow, max-snippet:-1, max-image-preview:large, max-video-preview:-1\" \/>\n<link rel=\"canonical\" href=\"https:\/\/www.kalfon-medical.co.il\/fr\/produit\/%d7%97%d7%99%d7%aa%d7%95%d7%9c%d7%99%d7%9d-%d7%9c%d7%9e%d7%91%d7%95%d7%92%d7%a8%d7%99%d7%9d-friends-%d7%9e%d7%99%d7%93%d7%94-l\/\" \/>\n<meta property=\"og:locale\" content=\"fr_FR\" \/>\n<meta property=\"og:type\" content=\"article\" \/>\n<meta property=\"og:title\" content=\"\u05d7\u05d9\u05ea\u05d5\u05dc\u05d9\u05dd \u05dc\u05de\u05d1\u05d5\u05d2\u05e8\u05d9\u05dd FRIENDS \u05de\u05d9\u05d3\u05d4 L - Kalfon Medical Distribution\" \/>\n<meta property=\"og:description\" content=\"Absorption jusqu&#039;a 16h  Paquetait de 10 unites  Tour de taille 93-152 cm\" \/>\n<meta property=\"og:url\" content=\"https:\/\/www.kalfon-medical.co.il\/fr\/produit\/%d7%97%d7%99%d7%aa%d7%95%d7%9c%d7%99%d7%9d-%d7%9c%d7%9e%d7%91%d7%95%d7%92%d7%a8%d7%99%d7%9d-friends-%d7%9e%d7%99%d7%93%d7%94-l\/\" \/>\n<meta property=\"og:site_name\" content=\"Kalfon Medical Distribution\" \/>\n<meta property=\"og:image\" content=\"https:\/\/www.kalfon-medical.co.il\/wp-content\/uploads\/2025\/04\/L-scaled-e1744883101251.jpg\" \/>\n\t<meta property=\"og:image:width\" content=\"1946\" \/>\n\t<meta property=\"og:image:height\" content=\"1907\" \/>\n\t<meta property=\"og:image:type\" content=\"image\/jpeg\" \/>\n<meta name=\"twitter:card\" content=\"summary_large_image\" \/>\n<script type=\"application\/ld+json\" class=\"yoast-schema-graph\">{\"@context\":\"https:\\\/\\\/schema.org\",\"@graph\":[{\"@type\":\"WebPage\",\"@id\":\"https:\\\/\\\/www.kalfon-medical.co.il\\\/fr\\\/produit\\\/%d7%97%d7%99%d7%aa%d7%95%d7%9c%d7%99%d7%9d-%d7%9c%d7%9e%d7%91%d7%95%d7%92%d7%a8%d7%99%d7%9d-friends-%d7%9e%d7%99%d7%93%d7%94-l\\\/\",\"url\":\"https:\\\/\\\/www.kalfon-medical.co.il\\\/fr\\\/produit\\\/%d7%97%d7%99%d7%aa%d7%95%d7%9c%d7%99%d7%9d-%d7%9c%d7%9e%d7%91%d7%95%d7%92%d7%a8%d7%99%d7%9d-friends-%d7%9e%d7%99%d7%93%d7%94-l\\\/\",\"name\":\"\u05d7\u05d9\u05ea\u05d5\u05dc\u05d9\u05dd \u05dc\u05de\u05d1\u05d5\u05d2\u05e8\u05d9\u05dd FRIENDS \u05de\u05d9\u05d3\u05d4 L - Kalfon Medical Distribution\",\"isPartOf\":{\"@id\":\"https:\\\/\\\/www.kalfon-medical.co.il\\\/fr\\\/#website\"},\"primaryImageOfPage\":{\"@id\":\"https:\\\/\\\/www.kalfon-medical.co.il\\\/fr\\\/produit\\\/%d7%97%d7%99%d7%aa%d7%95%d7%9c%d7%99%d7%9d-%d7%9c%d7%9e%d7%91%d7%95%d7%92%d7%a8%d7%99%d7%9d-friends-%d7%9e%d7%99%d7%93%d7%94-l\\\/#primaryimage\"},\"image\":{\"@id\":\"https:\\\/\\\/www.kalfon-medical.co.il\\\/fr\\\/produit\\\/%d7%97%d7%99%d7%aa%d7%95%d7%9c%d7%99%d7%9d-%d7%9c%d7%9e%d7%91%d7%95%d7%92%d7%a8%d7%99%d7%9d-friends-%d7%9e%d7%99%d7%93%d7%94-l\\\/#primaryimage\"},\"thumbnailUrl\":\"https:\\\/\\\/www.kalfon-medical.co.il\\\/wp-content\\\/uploads\\\/2025\\\/04\\\/L-scaled-e1744883101251.jpg\",\"datePublished\":\"2025-04-18T15:53:09+00:00\",\"breadcrumb\":{\"@id\":\"https:\\\/\\\/www.kalfon-medical.co.il\\\/fr\\\/produit\\\/%d7%97%d7%99%d7%aa%d7%95%d7%9c%d7%99%d7%9d-%d7%9c%d7%9e%d7%91%d7%95%d7%92%d7%a8%d7%99%d7%9d-friends-%d7%9e%d7%99%d7%93%d7%94-l\\\/#breadcrumb\"},\"inLanguage\":\"fr-FR\",\"potentialAction\":[{\"@type\":\"ReadAction\",\"target\":[\"https:\\\/\\\/www.kalfon-medical.co.il\\\/fr\\\/produit\\\/%d7%97%d7%99%d7%aa%d7%95%d7%9c%d7%99%d7%9d-%d7%9c%d7%9e%d7%91%d7%95%d7%92%d7%a8%d7%99%d7%9d-friends-%d7%9e%d7%99%d7%93%d7%94-l\\\/\"]}]},{\"@type\":\"ImageObject\",\"inLanguage\":\"fr-FR\",\"@id\":\"https:\\\/\\\/www.kalfon-medical.co.il\\\/fr\\\/produit\\\/%d7%97%d7%99%d7%aa%d7%95%d7%9c%d7%99%d7%9d-%d7%9c%d7%9e%d7%91%d7%95%d7%92%d7%a8%d7%99%d7%9d-friends-%d7%9e%d7%99%d7%93%d7%94-l\\\/#primaryimage\",\"url\":\"https:\\\/\\\/www.kalfon-medical.co.il\\\/wp-content\\\/uploads\\\/2025\\\/04\\\/L-scaled-e1744883101251.jpg\",\"contentUrl\":\"https:\\\/\\\/www.kalfon-medical.co.il\\\/wp-content\\\/uploads\\\/2025\\\/04\\\/L-scaled-e1744883101251.jpg\",\"width\":1946,\"height\":1907},{\"@type\":\"BreadcrumbList\",\"@id\":\"https:\\\/\\\/www.kalfon-medical.co.il\\\/fr\\\/produit\\\/%d7%97%d7%99%d7%aa%d7%95%d7%9c%d7%99%d7%9d-%d7%9c%d7%9e%d7%91%d7%95%d7%92%d7%a8%d7%99%d7%9d-friends-%d7%9e%d7%99%d7%93%d7%94-l\\\/#breadcrumb\",\"itemListElement\":[{\"@type\":\"ListItem\",\"position\":1,\"name\":\"Home\",\"item\":\"https:\\\/\\\/www.kalfon-medical.co.il\\\/fr\\\/\"},{\"@type\":\"ListItem\",\"position\":2,\"name\":\"Boutique\",\"item\":\"https:\\\/\\\/www.kalfon-medical.co.il\\\/fr\\\/boutique\\\/\"},{\"@type\":\"ListItem\",\"position\":3,\"name\":\"\u05d7\u05d9\u05ea\u05d5\u05dc\u05d9\u05dd \u05dc\u05de\u05d1\u05d5\u05d2\u05e8\u05d9\u05dd FRIENDS \u05de\u05d9\u05d3\u05d4 L\"}]},{\"@type\":\"WebSite\",\"@id\":\"https:\\\/\\\/www.kalfon-medical.co.il\\\/fr\\\/#website\",\"url\":\"https:\\\/\\\/www.kalfon-medical.co.il\\\/fr\\\/\",\"name\":\"Kalfon Medical Distribution\",\"description\":\"Un site utilisant WordPress\",\"potentialAction\":[{\"@type\":\"SearchAction\",\"target\":{\"@type\":\"EntryPoint\",\"urlTemplate\":\"https:\\\/\\\/www.kalfon-medical.co.il\\\/fr\\\/?s={search_term_string}\"},\"query-input\":{\"@type\":\"PropertyValueSpecification\",\"valueRequired\":true,\"valueName\":\"search_term_string\"}}],\"inLanguage\":\"fr-FR\"}]}<\/script>\n<!-- \/ Yoast SEO plugin. -->","yoast_head_json":{"title":"\u05d7\u05d9\u05ea\u05d5\u05dc\u05d9\u05dd \u05dc\u05de\u05d1\u05d5\u05d2\u05e8\u05d9\u05dd FRIENDS \u05de\u05d9\u05d3\u05d4 L - Kalfon Medical Distribution","robots":{"index":"index","follow":"follow","max-snippet":"max-snippet:-1","max-image-preview":"max-image-preview:large","max-video-preview":"max-video-preview:-1"},"canonical":"https:\/\/www.kalfon-medical.co.il\/fr\/produit\/%d7%97%d7%99%d7%aa%d7%95%d7%9c%d7%99%d7%9d-%d7%9c%d7%9e%d7%91%d7%95%d7%92%d7%a8%d7%99%d7%9d-friends-%d7%9e%d7%99%d7%93%d7%94-l\/","og_locale":"fr_FR","og_type":"article","og_title":"\u05d7\u05d9\u05ea\u05d5\u05dc\u05d9\u05dd \u05dc\u05de\u05d1\u05d5\u05d2\u05e8\u05d9\u05dd FRIENDS \u05de\u05d9\u05d3\u05d4 L - Kalfon Medical Distribution","og_description":"Absorption jusqu'a 16h  Paquetait de 10 unites  Tour de taille 93-152 cm","og_url":"https:\/\/www.kalfon-medical.co.il\/fr\/produit\/%d7%97%d7%99%d7%aa%d7%95%d7%9c%d7%99%d7%9d-%d7%9c%d7%9e%d7%91%d7%95%d7%92%d7%a8%d7%99%d7%9d-friends-%d7%9e%d7%99%d7%93%d7%94-l\/","og_site_name":"Kalfon Medical Distribution","og_image":[{"width":1946,"height":1907,"url":"https:\/\/www.kalfon-medical.co.il\/wp-content\/uploads\/2025\/04\/L-scaled-e1744883101251.jpg","type":"image\/jpeg"}],"twitter_card":"summary_large_image","schema":{"@context":"https:\/\/schema.org","@graph":[{"@type":"WebPage","@id":"https:\/\/www.kalfon-medical.co.il\/fr\/produit\/%d7%97%d7%99%d7%aa%d7%95%d7%9c%d7%99%d7%9d-%d7%9c%d7%9e%d7%91%d7%95%d7%92%d7%a8%d7%99%d7%9d-friends-%d7%9e%d7%99%d7%93%d7%94-l\/","url":"https:\/\/www.kalfon-medical.co.il\/fr\/produit\/%d7%97%d7%99%d7%aa%d7%95%d7%9c%d7%99%d7%9d-%d7%9c%d7%9e%d7%91%d7%95%d7%92%d7%a8%d7%99%d7%9d-friends-%d7%9e%d7%99%d7%93%d7%94-l\/","name":"\u05d7\u05d9\u05ea\u05d5\u05dc\u05d9\u05dd \u05dc\u05de\u05d1\u05d5\u05d2\u05e8\u05d9\u05dd FRIENDS \u05de\u05d9\u05d3\u05d4 L - Kalfon Medical Distribution","isPartOf":{"@id":"https:\/\/www.kalfon-medical.co.il\/fr\/#website"},"primaryImageOfPage":{"@id":"https:\/\/www.kalfon-medical.co.il\/fr\/produit\/%d7%97%d7%99%d7%aa%d7%95%d7%9c%d7%99%d7%9d-%d7%9c%d7%9e%d7%91%d7%95%d7%92%d7%a8%d7%99%d7%9d-friends-%d7%9e%d7%99%d7%93%d7%94-l\/#primaryimage"},"image":{"@id":"https:\/\/www.kalfon-medical.co.il\/fr\/produit\/%d7%97%d7%99%d7%aa%d7%95%d7%9c%d7%99%d7%9d-%d7%9c%d7%9e%d7%91%d7%95%d7%92%d7%a8%d7%99%d7%9d-friends-%d7%9e%d7%99%d7%93%d7%94-l\/#primaryimage"},"thumbnailUrl":"https:\/\/www.kalfon-medical.co.il\/wp-content\/uploads\/2025\/04\/L-scaled-e1744883101251.jpg","datePublished":"2025-04-18T15:53:09+00:00","breadcrumb":{"@id":"https:\/\/www.kalfon-medical.co.il\/fr\/produit\/%d7%97%d7%99%d7%aa%d7%95%d7%9c%d7%99%d7%9d-%d7%9c%d7%9e%d7%91%d7%95%d7%92%d7%a8%d7%99%d7%9d-friends-%d7%9e%d7%99%d7%93%d7%94-l\/#breadcrumb"},"inLanguage":"fr-FR","potentialAction":[{"@type":"ReadAction","target":["https:\/\/www.kalfon-medical.co.il\/fr\/produit\/%d7%97%d7%99%d7%aa%d7%95%d7%9c%d7%99%d7%9d-%d7%9c%d7%9e%d7%91%d7%95%d7%92%d7%a8%d7%99%d7%9d-friends-%d7%9e%d7%99%d7%93%d7%94-l\/"]}]},{"@type":"ImageObject","inLanguage":"fr-FR","@id":"https:\/\/www.kalfon-medical.co.il\/fr\/produit\/%d7%97%d7%99%d7%aa%d7%95%d7%9c%d7%99%d7%9d-%d7%9c%d7%9e%d7%91%d7%95%d7%92%d7%a8%d7%99%d7%9d-friends-%d7%9e%d7%99%d7%93%d7%94-l\/#primaryimage","url":"https:\/\/www.kalfon-medical.co.il\/wp-content\/uploads\/2025\/04\/L-scaled-e1744883101251.jpg","contentUrl":"https:\/\/www.kalfon-medical.co.il\/wp-content\/uploads\/2025\/04\/L-scaled-e1744883101251.jpg","width":1946,"height":1907},{"@type":"BreadcrumbList","@id":"https:\/\/www.kalfon-medical.co.il\/fr\/produit\/%d7%97%d7%99%d7%aa%d7%95%d7%9c%d7%99%d7%9d-%d7%9c%d7%9e%d7%91%d7%95%d7%92%d7%a8%d7%99%d7%9d-friends-%d7%9e%d7%99%d7%93%d7%94-l\/#breadcrumb","itemListElement":[{"@type":"ListItem","position":1,"name":"Home","item":"https:\/\/www.kalfon-medical.co.il\/fr\/"},{"@type":"ListItem","position":2,"name":"Boutique","item":"https:\/\/www.kalfon-medical.co.il\/fr\/boutique\/"},{"@type":"ListItem","position":3,"name":"\u05d7\u05d9\u05ea\u05d5\u05dc\u05d9\u05dd \u05dc\u05de\u05d1\u05d5\u05d2\u05e8\u05d9\u05dd FRIENDS \u05de\u05d9\u05d3\u05d4 L"}]},{"@type":"WebSite","@id":"https:\/\/www.kalfon-medical.co.il\/fr\/#website","url":"https:\/\/www.kalfon-medical.co.il\/fr\/","name":"Kalfon Medical Distribution","description":"Un site utilisant WordPress","potentialAction":[{"@type":"SearchAction","target":{"@type":"EntryPoint","urlTemplate":"https:\/\/www.kalfon-medical.co.il\/fr\/?s={search_term_string}"},"query-input":{"@type":"PropertyValueSpecification","valueRequired":true,"valueName":"search_term_string"}}],"inLanguage":"fr-FR"}]}},"_links":{"self":[{"href":"https:\/\/www.kalfon-medical.co.il\/fr\/wp-json\/wp\/v2\/product\/8688","targetHints":{"allow":["GET"]}}],"collection":[{"href":"https:\/\/www.kalfon-medical.co.il\/fr\/wp-json\/wp\/v2\/product"}],"about":[{"href":"https:\/\/www.kalfon-medical.co.il\/fr\/wp-json\/wp\/v2\/types\/product"}],"replies":[{"embeddable":true,"href":"https:\/\/www.kalfon-medical.co.il\/fr\/wp-json\/wp\/v2\/comments?post=8688"}],"version-history":[{"count":0,"href":"https:\/\/www.kalfon-medical.co.il\/fr\/wp-json\/wp\/v2\/product\/8688\/revisions"}],"wp:featuredmedia":[{"embeddable":true,"href":"https:\/\/www.kalfon-medical.co.il\/fr\/wp-json\/wp\/v2\/media\/6794"}],"wp:attachment":[{"href":"https:\/\/www.kalfon-medical.co.il\/fr\/wp-json\/wp\/v2\/media?parent=8688"}],"wp:term":[{"taxonomy":"product_brand","embeddable":true,"href":"https:\/\/www.kalfon-medical.co.il\/fr\/wp-json\/wp\/v2\/product_brand?post=8688"},{"taxonomy":"product_cat","embeddable":true,"href":"https:\/\/www.kalfon-medical.co.il\/fr\/wp-json\/wp\/v2\/product_cat?post=8688"},{"taxonomy":"product_tag","embeddable":true,"href":"https:\/\/www.kalfon-medical.co.il\/fr\/wp-json\/wp\/v2\/product_tag?post=8688"},{"taxonomy":"distributeur-exclusif","embeddable":true,"href":"https:\/\/www.kalfon-medical.co.il\/fr\/wp-json\/wp\/v2\/distributeur-exclusif?post=8688"},{"taxonomy":"marques","embeddable":true,"href":"https:\/\/www.kalfon-medical.co.il\/fr\/wp-json\/wp\/v2\/marques?post=8688"}],"curies":[{"name":"wp","href":"https:\/\/api.w.org\/{rel}","templated":true}]}}