{"id":8681,"date":"2025-04-19T09:44:54","date_gmt":"2025-04-19T06:44:54","guid":{"rendered":"https:\/\/www.kalfon-medical.co.il\/product\/pant-slip-prevail-homme\/"},"modified":"2025-04-19T09:44:54","modified_gmt":"2025-04-19T06:44:54","slug":"pant-slip-prevail-homme","status":"publish","type":"product","link":"https:\/\/www.kalfon-medical.co.il\/fr\/produit\/pant-slip-prevail-homme\/","title":{"rendered":"Pant Slip Prevail Homme"},"content":{"rendered":"<p class=\"\" data-start=\"0\" data-end=\"158\">Les sous-v\u00eatements absorbants Prevail pour hommes sont sp\u00e9cialement con\u00e7us pour l\u2019anatomie masculine. Ils offrent une absorption particuli\u00e8rement \u00e9lev\u00e9e, assurent une protection maximale contre les fuites, et neutralisent efficacement les odeurs et l\u2019humidit\u00e9. <\/p>\n<p class=\"\" data-start=\"160\" data-end=\"346\">Gr\u00e2ce \u00e0 leur technologie avanc\u00e9e, ils permettent de rester actif et autonome en toute confiance \u2013 de jour comme de nuit. Doux, discrets et particuli\u00e8rement confortables, ils constituent une solution id\u00e9ale pour quiconque cherche la tranquillit\u00e9 d\u2019esprit sans compromis sur la qualit\u00e9 de vie. <\/p>\n<p class=\"\" data-start=\"348\" data-end=\"387\">Libert\u00e9 de mouvement, tranquillit\u00e9 d\u2019esprit et s\u00e9curit\u00e9 \u2013 \u00e0 tout moment.<\/p>\n<p><img fetchpriority=\"high\" decoding=\"async\" class=\"alignnone wp-image-6818\" src=\"https:\/\/www.kalfon-medical.co.il\/wp-content\/uploads\/2025\/04\/%D7%98%D7%91%D7%9C%D7%AA-%D7%9E%D7%99%D7%93%D7%95%D7%AA-prevail-2-300x67.jpg\" alt=\"\" width=\"766\" height=\"171\"><\/p>\n","protected":false},"excerpt":{"rendered":"<ul>\n<li>15 % coton v\u00e9ritable<\/li>\n<li>100 % tissu respirant sur toute la longueur du sous-v\u00eatement<\/li>\n<li>Technologie Dry-Fit<\/li>\n<\/ul>\n","protected":false},"featured_media":6843,"comment_status":"open","ping_status":"closed","template":"","meta":{"_monsterinsights_skip_tracking":false,"_monsterinsights_sitenote_active":false,"_monsterinsights_sitenote_note":"","_monsterinsights_sitenote_category":0},"product_brand":[],"product_cat":[88,181],"product_tag":[],"distributeur-exclusif":[],"marques":[],"class_list":{"0":"post-8681","1":"product","2":"type-product","3":"status-publish","4":"has-post-thumbnail","6":"product_cat-incontinence","7":"product_cat-pant","8":"_wholesalex wsx-wholesalex-product","10":"first","11":"instock","12":"taxable","13":"shipping-taxable","14":"purchasable","15":"product-type-variable"},"yoast_head":"<!-- This site is optimized with the Yoast SEO plugin v27.4 - https:\/\/yoast.com\/product\/yoast-seo-wordpress\/ -->\n<title>Pant Slip Prevail Homme - Kalfon Medical Distribution<\/title>\n<meta name=\"robots\" content=\"index, follow, max-snippet:-1, max-image-preview:large, max-video-preview:-1\" \/>\n<link rel=\"canonical\" href=\"https:\/\/www.kalfon-medical.co.il\/fr\/produit\/pant-slip-prevail-homme\/\" \/>\n<meta property=\"og:locale\" content=\"fr_FR\" \/>\n<meta property=\"og:type\" content=\"article\" \/>\n<meta property=\"og:title\" content=\"Pant Slip Prevail Homme - Kalfon Medical Distribution\" \/>\n<meta property=\"og:description\" content=\"15 % coton v\u00e9ritable  100 % tissu respirant sur toute la longueur du sous-v\u00eatement  Technologie Dry-Fit\" \/>\n<meta property=\"og:url\" content=\"https:\/\/www.kalfon-medical.co.il\/fr\/produit\/pant-slip-prevail-homme\/\" \/>\n<meta property=\"og:site_name\" content=\"Kalfon Medical Distribution\" \/>\n<meta property=\"og:image\" content=\"https:\/\/www.kalfon-medical.co.il\/wp-content\/uploads\/2025\/04\/pum-513-\u05e2\u05dd-\u05e4\u05e8\u05d6\u05e0\u05d8\u05d5\u05e8-1-300x300-1.jpg\" \/>\n\t<meta property=\"og:image:width\" content=\"300\" \/>\n\t<meta property=\"og:image:height\" content=\"300\" \/>\n\t<meta property=\"og:image:type\" content=\"image\/jpeg\" \/>\n<meta name=\"twitter:card\" content=\"summary_large_image\" \/>\n<script type=\"application\/ld+json\" class=\"yoast-schema-graph\">{\"@context\":\"https:\\\/\\\/schema.org\",\"@graph\":[{\"@type\":\"WebPage\",\"@id\":\"https:\\\/\\\/www.kalfon-medical.co.il\\\/fr\\\/produit\\\/pant-slip-prevail-homme\\\/\",\"url\":\"https:\\\/\\\/www.kalfon-medical.co.il\\\/fr\\\/produit\\\/pant-slip-prevail-homme\\\/\",\"name\":\"Pant Slip Prevail Homme - Kalfon Medical Distribution\",\"isPartOf\":{\"@id\":\"https:\\\/\\\/www.kalfon-medical.co.il\\\/fr\\\/#website\"},\"primaryImageOfPage\":{\"@id\":\"https:\\\/\\\/www.kalfon-medical.co.il\\\/fr\\\/produit\\\/pant-slip-prevail-homme\\\/#primaryimage\"},\"image\":{\"@id\":\"https:\\\/\\\/www.kalfon-medical.co.il\\\/fr\\\/produit\\\/pant-slip-prevail-homme\\\/#primaryimage\"},\"thumbnailUrl\":\"https:\\\/\\\/www.kalfon-medical.co.il\\\/wp-content\\\/uploads\\\/2025\\\/04\\\/pum-513-\u05e2\u05dd-\u05e4\u05e8\u05d6\u05e0\u05d8\u05d5\u05e8-1-300x300-1.jpg\",\"datePublished\":\"2025-04-19T06:44:54+00:00\",\"breadcrumb\":{\"@id\":\"https:\\\/\\\/www.kalfon-medical.co.il\\\/fr\\\/produit\\\/pant-slip-prevail-homme\\\/#breadcrumb\"},\"inLanguage\":\"fr-FR\",\"potentialAction\":[{\"@type\":\"ReadAction\",\"target\":[\"https:\\\/\\\/www.kalfon-medical.co.il\\\/fr\\\/produit\\\/pant-slip-prevail-homme\\\/\"]}]},{\"@type\":\"ImageObject\",\"inLanguage\":\"fr-FR\",\"@id\":\"https:\\\/\\\/www.kalfon-medical.co.il\\\/fr\\\/produit\\\/pant-slip-prevail-homme\\\/#primaryimage\",\"url\":\"https:\\\/\\\/www.kalfon-medical.co.il\\\/wp-content\\\/uploads\\\/2025\\\/04\\\/pum-513-\u05e2\u05dd-\u05e4\u05e8\u05d6\u05e0\u05d8\u05d5\u05e8-1-300x300-1.jpg\",\"contentUrl\":\"https:\\\/\\\/www.kalfon-medical.co.il\\\/wp-content\\\/uploads\\\/2025\\\/04\\\/pum-513-\u05e2\u05dd-\u05e4\u05e8\u05d6\u05e0\u05d8\u05d5\u05e8-1-300x300-1.jpg\",\"width\":300,\"height\":300},{\"@type\":\"BreadcrumbList\",\"@id\":\"https:\\\/\\\/www.kalfon-medical.co.il\\\/fr\\\/produit\\\/pant-slip-prevail-homme\\\/#breadcrumb\",\"itemListElement\":[{\"@type\":\"ListItem\",\"position\":1,\"name\":\"Home\",\"item\":\"https:\\\/\\\/www.kalfon-medical.co.il\\\/fr\\\/\"},{\"@type\":\"ListItem\",\"position\":2,\"name\":\"Boutique\",\"item\":\"https:\\\/\\\/www.kalfon-medical.co.il\\\/fr\\\/boutique\\\/\"},{\"@type\":\"ListItem\",\"position\":3,\"name\":\"Pant Slip Prevail Homme\"}]},{\"@type\":\"WebSite\",\"@id\":\"https:\\\/\\\/www.kalfon-medical.co.il\\\/fr\\\/#website\",\"url\":\"https:\\\/\\\/www.kalfon-medical.co.il\\\/fr\\\/\",\"name\":\"Kalfon Medical Distribution\",\"description\":\"Un site utilisant WordPress\",\"potentialAction\":[{\"@type\":\"SearchAction\",\"target\":{\"@type\":\"EntryPoint\",\"urlTemplate\":\"https:\\\/\\\/www.kalfon-medical.co.il\\\/fr\\\/?s={search_term_string}\"},\"query-input\":{\"@type\":\"PropertyValueSpecification\",\"valueRequired\":true,\"valueName\":\"search_term_string\"}}],\"inLanguage\":\"fr-FR\"}]}<\/script>\n<!-- \/ Yoast SEO plugin. -->","yoast_head_json":{"title":"Pant Slip Prevail Homme - Kalfon Medical Distribution","robots":{"index":"index","follow":"follow","max-snippet":"max-snippet:-1","max-image-preview":"max-image-preview:large","max-video-preview":"max-video-preview:-1"},"canonical":"https:\/\/www.kalfon-medical.co.il\/fr\/produit\/pant-slip-prevail-homme\/","og_locale":"fr_FR","og_type":"article","og_title":"Pant Slip Prevail Homme - Kalfon Medical Distribution","og_description":"15 % coton v\u00e9ritable  100 % tissu respirant sur toute la longueur du sous-v\u00eatement  Technologie Dry-Fit","og_url":"https:\/\/www.kalfon-medical.co.il\/fr\/produit\/pant-slip-prevail-homme\/","og_site_name":"Kalfon Medical Distribution","og_image":[{"width":300,"height":300,"url":"https:\/\/www.kalfon-medical.co.il\/wp-content\/uploads\/2025\/04\/pum-513-\u05e2\u05dd-\u05e4\u05e8\u05d6\u05e0\u05d8\u05d5\u05e8-1-300x300-1.jpg","type":"image\/jpeg"}],"twitter_card":"summary_large_image","schema":{"@context":"https:\/\/schema.org","@graph":[{"@type":"WebPage","@id":"https:\/\/www.kalfon-medical.co.il\/fr\/produit\/pant-slip-prevail-homme\/","url":"https:\/\/www.kalfon-medical.co.il\/fr\/produit\/pant-slip-prevail-homme\/","name":"Pant Slip Prevail Homme - Kalfon Medical Distribution","isPartOf":{"@id":"https:\/\/www.kalfon-medical.co.il\/fr\/#website"},"primaryImageOfPage":{"@id":"https:\/\/www.kalfon-medical.co.il\/fr\/produit\/pant-slip-prevail-homme\/#primaryimage"},"image":{"@id":"https:\/\/www.kalfon-medical.co.il\/fr\/produit\/pant-slip-prevail-homme\/#primaryimage"},"thumbnailUrl":"https:\/\/www.kalfon-medical.co.il\/wp-content\/uploads\/2025\/04\/pum-513-\u05e2\u05dd-\u05e4\u05e8\u05d6\u05e0\u05d8\u05d5\u05e8-1-300x300-1.jpg","datePublished":"2025-04-19T06:44:54+00:00","breadcrumb":{"@id":"https:\/\/www.kalfon-medical.co.il\/fr\/produit\/pant-slip-prevail-homme\/#breadcrumb"},"inLanguage":"fr-FR","potentialAction":[{"@type":"ReadAction","target":["https:\/\/www.kalfon-medical.co.il\/fr\/produit\/pant-slip-prevail-homme\/"]}]},{"@type":"ImageObject","inLanguage":"fr-FR","@id":"https:\/\/www.kalfon-medical.co.il\/fr\/produit\/pant-slip-prevail-homme\/#primaryimage","url":"https:\/\/www.kalfon-medical.co.il\/wp-content\/uploads\/2025\/04\/pum-513-\u05e2\u05dd-\u05e4\u05e8\u05d6\u05e0\u05d8\u05d5\u05e8-1-300x300-1.jpg","contentUrl":"https:\/\/www.kalfon-medical.co.il\/wp-content\/uploads\/2025\/04\/pum-513-\u05e2\u05dd-\u05e4\u05e8\u05d6\u05e0\u05d8\u05d5\u05e8-1-300x300-1.jpg","width":300,"height":300},{"@type":"BreadcrumbList","@id":"https:\/\/www.kalfon-medical.co.il\/fr\/produit\/pant-slip-prevail-homme\/#breadcrumb","itemListElement":[{"@type":"ListItem","position":1,"name":"Home","item":"https:\/\/www.kalfon-medical.co.il\/fr\/"},{"@type":"ListItem","position":2,"name":"Boutique","item":"https:\/\/www.kalfon-medical.co.il\/fr\/boutique\/"},{"@type":"ListItem","position":3,"name":"Pant Slip Prevail Homme"}]},{"@type":"WebSite","@id":"https:\/\/www.kalfon-medical.co.il\/fr\/#website","url":"https:\/\/www.kalfon-medical.co.il\/fr\/","name":"Kalfon Medical Distribution","description":"Un site utilisant WordPress","potentialAction":[{"@type":"SearchAction","target":{"@type":"EntryPoint","urlTemplate":"https:\/\/www.kalfon-medical.co.il\/fr\/?s={search_term_string}"},"query-input":{"@type":"PropertyValueSpecification","valueRequired":true,"valueName":"search_term_string"}}],"inLanguage":"fr-FR"}]}},"_links":{"self":[{"href":"https:\/\/www.kalfon-medical.co.il\/fr\/wp-json\/wp\/v2\/product\/8681","targetHints":{"allow":["GET"]}}],"collection":[{"href":"https:\/\/www.kalfon-medical.co.il\/fr\/wp-json\/wp\/v2\/product"}],"about":[{"href":"https:\/\/www.kalfon-medical.co.il\/fr\/wp-json\/wp\/v2\/types\/product"}],"replies":[{"embeddable":true,"href":"https:\/\/www.kalfon-medical.co.il\/fr\/wp-json\/wp\/v2\/comments?post=8681"}],"version-history":[{"count":0,"href":"https:\/\/www.kalfon-medical.co.il\/fr\/wp-json\/wp\/v2\/product\/8681\/revisions"}],"wp:featuredmedia":[{"embeddable":true,"href":"https:\/\/www.kalfon-medical.co.il\/fr\/wp-json\/wp\/v2\/media\/6843"}],"wp:attachment":[{"href":"https:\/\/www.kalfon-medical.co.il\/fr\/wp-json\/wp\/v2\/media?parent=8681"}],"wp:term":[{"taxonomy":"product_brand","embeddable":true,"href":"https:\/\/www.kalfon-medical.co.il\/fr\/wp-json\/wp\/v2\/product_brand?post=8681"},{"taxonomy":"product_cat","embeddable":true,"href":"https:\/\/www.kalfon-medical.co.il\/fr\/wp-json\/wp\/v2\/product_cat?post=8681"},{"taxonomy":"product_tag","embeddable":true,"href":"https:\/\/www.kalfon-medical.co.il\/fr\/wp-json\/wp\/v2\/product_tag?post=8681"},{"taxonomy":"distributeur-exclusif","embeddable":true,"href":"https:\/\/www.kalfon-medical.co.il\/fr\/wp-json\/wp\/v2\/distributeur-exclusif?post=8681"},{"taxonomy":"marques","embeddable":true,"href":"https:\/\/www.kalfon-medical.co.il\/fr\/wp-json\/wp\/v2\/marques?post=8681"}],"curies":[{"name":"wp","href":"https:\/\/api.w.org\/{rel}","templated":true}]}}