{"id":8676,"date":"2025-04-20T17:02:34","date_gmt":"2025-04-20T14:02:34","guid":{"rendered":"https:\/\/www.kalfon-medical.co.il\/product\/pant-slip-absorbant-friends\/"},"modified":"2025-04-20T17:02:34","modified_gmt":"2025-04-20T14:02:34","slug":"pant-slip-absorbant-friends","status":"publish","type":"product","link":"https:\/\/www.kalfon-medical.co.il\/fr\/produit\/pant-slip-absorbant-friends\/","title":{"rendered":"Pant-slip absorbant  FRIENDS"},"content":{"rendered":"<p>Les couches-culottes Friends sont un \u00e9l\u00e9ment cl\u00e9 pour pr\u00e9server l\u2019autonomie des personnes souffrant d\u2019incontinence urinaire. Gr\u00e2ce \u00e0 leur haute capacit\u00e9 d\u2019absorption, elles offrent une protection efficace contre les fuites, tant en volume qu\u2019en rapidit\u00e9 d\u2019absorption.<br \/>\nLa premi\u00e8re couche, en contact avec la peau, est con\u00e7ue pour une absorption imm\u00e9diate, ce qui \u00e9vite toute sensation d\u2019humidit\u00e9 et d\u2019inconfort.<\/p>\n<p>Ce qui distingue particuli\u00e8rement les couches-culottes des autres solutions, c\u2019est leur facilit\u00e9 d\u2019utilisation : elles peuvent \u00eatre retir\u00e9es comme un sous-v\u00eatement classique pour aller aux toilettes, puis remises facilement. Cela permet \u00e0 l\u2019utilisateur de conserver son autonomie et sa dignit\u00e9. <\/p>\n<p>De plus, il s\u2019agit d\u2019un outil d\u2019aide essentiel dans le processus de r\u00e9\u00e9ducation li\u00e9 aux troubles du contr\u00f4le urinaire, car il offre une protection fiable tout en encourageant un retour progressif \u00e0 l\u2019autonomie \u2013 en toute s\u00e9curit\u00e9.<\/p>\n<p>&nbsp;<\/p>\n","protected":false},"excerpt":{"rendered":"<ul>\n<li>Absorption particuli\u00e8rement \u00e9lev\u00e9e<\/li>\n<li>Absorption Rapide<\/li>\n<\/ul>\n","protected":false},"featured_media":6880,"comment_status":"open","ping_status":"closed","template":"","meta":{"_monsterinsights_skip_tracking":false,"_monsterinsights_sitenote_active":false,"_monsterinsights_sitenote_note":"","_monsterinsights_sitenote_category":0},"product_brand":[],"product_cat":[88,181],"product_tag":[],"distributeur-exclusif":[],"marques":[],"class_list":{"0":"post-8676","1":"product","2":"type-product","3":"status-publish","4":"has-post-thumbnail","6":"product_cat-incontinence","7":"product_cat-pant","8":"_wholesalex wsx-wholesalex-product","10":"first","11":"instock","12":"taxable","13":"shipping-taxable","14":"purchasable","15":"product-type-variable"},"yoast_head":"<!-- This site is optimized with the Yoast SEO plugin v27.5 - https:\/\/yoast.com\/product\/yoast-seo-wordpress\/ -->\n<title>Pant-slip absorbant FRIENDS - Kalfon Medical Distribution<\/title>\n<meta name=\"robots\" content=\"index, follow, max-snippet:-1, max-image-preview:large, max-video-preview:-1\" \/>\n<link rel=\"canonical\" href=\"https:\/\/www.kalfon-medical.co.il\/fr\/produit\/pant-slip-absorbant-friends\/\" \/>\n<meta property=\"og:locale\" content=\"fr_FR\" \/>\n<meta property=\"og:type\" content=\"article\" \/>\n<meta property=\"og:title\" content=\"Pant-slip absorbant FRIENDS - Kalfon Medical Distribution\" \/>\n<meta property=\"og:description\" content=\"Absorption particuli\u00e8rement \u00e9lev\u00e9e  Absorption Rapide\" \/>\n<meta property=\"og:url\" content=\"https:\/\/www.kalfon-medical.co.il\/fr\/produit\/pant-slip-absorbant-friends\/\" \/>\n<meta property=\"og:site_name\" content=\"Kalfon Medical Distribution\" \/>\n<meta property=\"og:image\" content=\"https:\/\/www.kalfon-medical.co.il\/wp-content\/uploads\/2025\/04\/\u05ea\u05d7\u05ea\u05d5\u05e0\u05d9\u05dd-\u05e4\u05e8\u05d9\u05e0\u05d3\u05e1-\u05de\u05d9\u05d3\u05d4-L-1-scaled.jpg\" \/>\n\t<meta property=\"og:image:width\" content=\"2560\" \/>\n\t<meta property=\"og:image:height\" content=\"2560\" \/>\n\t<meta property=\"og:image:type\" content=\"image\/jpeg\" \/>\n<meta name=\"twitter:card\" content=\"summary_large_image\" \/>\n<meta name=\"twitter:label1\" content=\"Dur\u00e9e de lecture estim\u00e9e\" \/>\n\t<meta name=\"twitter:data1\" content=\"1 minute\" \/>\n<script type=\"application\/ld+json\" class=\"yoast-schema-graph\">{\"@context\":\"https:\\\/\\\/schema.org\",\"@graph\":[{\"@type\":\"WebPage\",\"@id\":\"https:\\\/\\\/www.kalfon-medical.co.il\\\/fr\\\/produit\\\/pant-slip-absorbant-friends\\\/\",\"url\":\"https:\\\/\\\/www.kalfon-medical.co.il\\\/fr\\\/produit\\\/pant-slip-absorbant-friends\\\/\",\"name\":\"Pant-slip absorbant FRIENDS - Kalfon Medical Distribution\",\"isPartOf\":{\"@id\":\"https:\\\/\\\/www.kalfon-medical.co.il\\\/fr\\\/#website\"},\"primaryImageOfPage\":{\"@id\":\"https:\\\/\\\/www.kalfon-medical.co.il\\\/fr\\\/produit\\\/pant-slip-absorbant-friends\\\/#primaryimage\"},\"image\":{\"@id\":\"https:\\\/\\\/www.kalfon-medical.co.il\\\/fr\\\/produit\\\/pant-slip-absorbant-friends\\\/#primaryimage\"},\"thumbnailUrl\":\"https:\\\/\\\/www.kalfon-medical.co.il\\\/wp-content\\\/uploads\\\/2025\\\/04\\\/\u05ea\u05d7\u05ea\u05d5\u05e0\u05d9\u05dd-\u05e4\u05e8\u05d9\u05e0\u05d3\u05e1-\u05de\u05d9\u05d3\u05d4-L-1-scaled.jpg\",\"datePublished\":\"2025-04-20T14:02:34+00:00\",\"breadcrumb\":{\"@id\":\"https:\\\/\\\/www.kalfon-medical.co.il\\\/fr\\\/produit\\\/pant-slip-absorbant-friends\\\/#breadcrumb\"},\"inLanguage\":\"fr-FR\",\"potentialAction\":[{\"@type\":\"ReadAction\",\"target\":[\"https:\\\/\\\/www.kalfon-medical.co.il\\\/fr\\\/produit\\\/pant-slip-absorbant-friends\\\/\"]}]},{\"@type\":\"ImageObject\",\"inLanguage\":\"fr-FR\",\"@id\":\"https:\\\/\\\/www.kalfon-medical.co.il\\\/fr\\\/produit\\\/pant-slip-absorbant-friends\\\/#primaryimage\",\"url\":\"https:\\\/\\\/www.kalfon-medical.co.il\\\/wp-content\\\/uploads\\\/2025\\\/04\\\/\u05ea\u05d7\u05ea\u05d5\u05e0\u05d9\u05dd-\u05e4\u05e8\u05d9\u05e0\u05d3\u05e1-\u05de\u05d9\u05d3\u05d4-L-1-scaled.jpg\",\"contentUrl\":\"https:\\\/\\\/www.kalfon-medical.co.il\\\/wp-content\\\/uploads\\\/2025\\\/04\\\/\u05ea\u05d7\u05ea\u05d5\u05e0\u05d9\u05dd-\u05e4\u05e8\u05d9\u05e0\u05d3\u05e1-\u05de\u05d9\u05d3\u05d4-L-1-scaled.jpg\",\"width\":2560,\"height\":2560},{\"@type\":\"BreadcrumbList\",\"@id\":\"https:\\\/\\\/www.kalfon-medical.co.il\\\/fr\\\/produit\\\/pant-slip-absorbant-friends\\\/#breadcrumb\",\"itemListElement\":[{\"@type\":\"ListItem\",\"position\":1,\"name\":\"Home\",\"item\":\"https:\\\/\\\/www.kalfon-medical.co.il\\\/fr\\\/\"},{\"@type\":\"ListItem\",\"position\":2,\"name\":\"Boutique\",\"item\":\"https:\\\/\\\/www.kalfon-medical.co.il\\\/fr\\\/boutique\\\/\"},{\"@type\":\"ListItem\",\"position\":3,\"name\":\"Pant-slip absorbant FRIENDS\"}]},{\"@type\":\"WebSite\",\"@id\":\"https:\\\/\\\/www.kalfon-medical.co.il\\\/fr\\\/#website\",\"url\":\"https:\\\/\\\/www.kalfon-medical.co.il\\\/fr\\\/\",\"name\":\"Kalfon Medical Distribution\",\"description\":\"Un site utilisant WordPress\",\"potentialAction\":[{\"@type\":\"SearchAction\",\"target\":{\"@type\":\"EntryPoint\",\"urlTemplate\":\"https:\\\/\\\/www.kalfon-medical.co.il\\\/fr\\\/?s={search_term_string}\"},\"query-input\":{\"@type\":\"PropertyValueSpecification\",\"valueRequired\":true,\"valueName\":\"search_term_string\"}}],\"inLanguage\":\"fr-FR\"}]}<\/script>\n<!-- \/ Yoast SEO plugin. -->","yoast_head_json":{"title":"Pant-slip absorbant FRIENDS - Kalfon Medical Distribution","robots":{"index":"index","follow":"follow","max-snippet":"max-snippet:-1","max-image-preview":"max-image-preview:large","max-video-preview":"max-video-preview:-1"},"canonical":"https:\/\/www.kalfon-medical.co.il\/fr\/produit\/pant-slip-absorbant-friends\/","og_locale":"fr_FR","og_type":"article","og_title":"Pant-slip absorbant FRIENDS - Kalfon Medical Distribution","og_description":"Absorption particuli\u00e8rement \u00e9lev\u00e9e  Absorption Rapide","og_url":"https:\/\/www.kalfon-medical.co.il\/fr\/produit\/pant-slip-absorbant-friends\/","og_site_name":"Kalfon Medical Distribution","og_image":[{"width":2560,"height":2560,"url":"https:\/\/www.kalfon-medical.co.il\/wp-content\/uploads\/2025\/04\/\u05ea\u05d7\u05ea\u05d5\u05e0\u05d9\u05dd-\u05e4\u05e8\u05d9\u05e0\u05d3\u05e1-\u05de\u05d9\u05d3\u05d4-L-1-scaled.jpg","type":"image\/jpeg"}],"twitter_card":"summary_large_image","twitter_misc":{"Dur\u00e9e de lecture estim\u00e9e":"1 minute"},"schema":{"@context":"https:\/\/schema.org","@graph":[{"@type":"WebPage","@id":"https:\/\/www.kalfon-medical.co.il\/fr\/produit\/pant-slip-absorbant-friends\/","url":"https:\/\/www.kalfon-medical.co.il\/fr\/produit\/pant-slip-absorbant-friends\/","name":"Pant-slip absorbant FRIENDS - Kalfon Medical Distribution","isPartOf":{"@id":"https:\/\/www.kalfon-medical.co.il\/fr\/#website"},"primaryImageOfPage":{"@id":"https:\/\/www.kalfon-medical.co.il\/fr\/produit\/pant-slip-absorbant-friends\/#primaryimage"},"image":{"@id":"https:\/\/www.kalfon-medical.co.il\/fr\/produit\/pant-slip-absorbant-friends\/#primaryimage"},"thumbnailUrl":"https:\/\/www.kalfon-medical.co.il\/wp-content\/uploads\/2025\/04\/\u05ea\u05d7\u05ea\u05d5\u05e0\u05d9\u05dd-\u05e4\u05e8\u05d9\u05e0\u05d3\u05e1-\u05de\u05d9\u05d3\u05d4-L-1-scaled.jpg","datePublished":"2025-04-20T14:02:34+00:00","breadcrumb":{"@id":"https:\/\/www.kalfon-medical.co.il\/fr\/produit\/pant-slip-absorbant-friends\/#breadcrumb"},"inLanguage":"fr-FR","potentialAction":[{"@type":"ReadAction","target":["https:\/\/www.kalfon-medical.co.il\/fr\/produit\/pant-slip-absorbant-friends\/"]}]},{"@type":"ImageObject","inLanguage":"fr-FR","@id":"https:\/\/www.kalfon-medical.co.il\/fr\/produit\/pant-slip-absorbant-friends\/#primaryimage","url":"https:\/\/www.kalfon-medical.co.il\/wp-content\/uploads\/2025\/04\/\u05ea\u05d7\u05ea\u05d5\u05e0\u05d9\u05dd-\u05e4\u05e8\u05d9\u05e0\u05d3\u05e1-\u05de\u05d9\u05d3\u05d4-L-1-scaled.jpg","contentUrl":"https:\/\/www.kalfon-medical.co.il\/wp-content\/uploads\/2025\/04\/\u05ea\u05d7\u05ea\u05d5\u05e0\u05d9\u05dd-\u05e4\u05e8\u05d9\u05e0\u05d3\u05e1-\u05de\u05d9\u05d3\u05d4-L-1-scaled.jpg","width":2560,"height":2560},{"@type":"BreadcrumbList","@id":"https:\/\/www.kalfon-medical.co.il\/fr\/produit\/pant-slip-absorbant-friends\/#breadcrumb","itemListElement":[{"@type":"ListItem","position":1,"name":"Home","item":"https:\/\/www.kalfon-medical.co.il\/fr\/"},{"@type":"ListItem","position":2,"name":"Boutique","item":"https:\/\/www.kalfon-medical.co.il\/fr\/boutique\/"},{"@type":"ListItem","position":3,"name":"Pant-slip absorbant FRIENDS"}]},{"@type":"WebSite","@id":"https:\/\/www.kalfon-medical.co.il\/fr\/#website","url":"https:\/\/www.kalfon-medical.co.il\/fr\/","name":"Kalfon Medical Distribution","description":"Un site utilisant WordPress","potentialAction":[{"@type":"SearchAction","target":{"@type":"EntryPoint","urlTemplate":"https:\/\/www.kalfon-medical.co.il\/fr\/?s={search_term_string}"},"query-input":{"@type":"PropertyValueSpecification","valueRequired":true,"valueName":"search_term_string"}}],"inLanguage":"fr-FR"}]}},"_links":{"self":[{"href":"https:\/\/www.kalfon-medical.co.il\/fr\/wp-json\/wp\/v2\/product\/8676","targetHints":{"allow":["GET"]}}],"collection":[{"href":"https:\/\/www.kalfon-medical.co.il\/fr\/wp-json\/wp\/v2\/product"}],"about":[{"href":"https:\/\/www.kalfon-medical.co.il\/fr\/wp-json\/wp\/v2\/types\/product"}],"replies":[{"embeddable":true,"href":"https:\/\/www.kalfon-medical.co.il\/fr\/wp-json\/wp\/v2\/comments?post=8676"}],"version-history":[{"count":0,"href":"https:\/\/www.kalfon-medical.co.il\/fr\/wp-json\/wp\/v2\/product\/8676\/revisions"}],"wp:featuredmedia":[{"embeddable":true,"href":"https:\/\/www.kalfon-medical.co.il\/fr\/wp-json\/wp\/v2\/media\/6880"}],"wp:attachment":[{"href":"https:\/\/www.kalfon-medical.co.il\/fr\/wp-json\/wp\/v2\/media?parent=8676"}],"wp:term":[{"taxonomy":"product_brand","embeddable":true,"href":"https:\/\/www.kalfon-medical.co.il\/fr\/wp-json\/wp\/v2\/product_brand?post=8676"},{"taxonomy":"product_cat","embeddable":true,"href":"https:\/\/www.kalfon-medical.co.il\/fr\/wp-json\/wp\/v2\/product_cat?post=8676"},{"taxonomy":"product_tag","embeddable":true,"href":"https:\/\/www.kalfon-medical.co.il\/fr\/wp-json\/wp\/v2\/product_tag?post=8676"},{"taxonomy":"distributeur-exclusif","embeddable":true,"href":"https:\/\/www.kalfon-medical.co.il\/fr\/wp-json\/wp\/v2\/distributeur-exclusif?post=8676"},{"taxonomy":"marques","embeddable":true,"href":"https:\/\/www.kalfon-medical.co.il\/fr\/wp-json\/wp\/v2\/marques?post=8676"}],"curies":[{"name":"wp","href":"https:\/\/api.w.org\/{rel}","templated":true}]}}