{"id":8670,"date":"2025-04-27T15:45:16","date_gmt":"2025-04-27T12:45:16","guid":{"rendered":"https:\/\/www.kalfon-medical.co.il\/product\/ceinture-herniaire-unilaterale-ernistrap\/"},"modified":"2025-04-27T15:45:16","modified_gmt":"2025-04-27T12:45:16","slug":"ceinture-herniaire-unilaterale-ernistrap","status":"publish","type":"product","link":"https:\/\/www.kalfon-medical.co.il\/fr\/produit\/ceinture-herniaire-unilaterale-ernistrap\/","title":{"rendered":"Ceinture herniaire unilat\u00e9rale \u2013 Ernistrap"},"content":{"rendered":"<p><img decoding=\"async\" class=\"alignnone size-medium wp-image-6887\" src=\"https:\/\/www.kalfon-medical.co.il\/wp-content\/uploads\/2025\/04\/%D7%AA%D7%91%D7%9C%D7%94-%D7%9E%D7%99%D7%93%D7%95%D7%AA-ernistrap-300x114.png\" alt=\"\" width=\"300\" height=\"114\"><\/p>\n<p>Indication : Hernie inguinale unilat\u00e9rale r\u00e9ductible. Destin\u00e9e \u00e0 une utilisation pr\u00e9op\u00e9ratoire.<br \/>\nAction : Ceinture herniaire r\u00e9versible aidant \u00e0 soulager une hernie inguinale simple unilat\u00e9rale.<br \/>\nCaract\u00e9ristiques :<br \/>\nFermeture par boucle douce pour un confort optimal et un bon ajustement<br \/>\nSangles abdominales et coussinets inguinaux doux et \u00e9lastiques<br \/>\nCouleurs discr\u00e8tes : blanc et gris<br \/>\nDesign l\u00e9ger et confortable pour un port quotidien<br \/>\nLivr\u00e9e avec coussinet inguinal<br \/>\nMod\u00e8le bilat\u00e9ral adapt\u00e9 pour le c\u00f4t\u00e9 droit ou gauche <\/p>\n<p>&nbsp;<\/p>\n<p>&nbsp;<\/p>\n","protected":false},"excerpt":{"rendered":"<ul>\n<li>Hernie inguinale unilat\u00e9rale r\u00e9ductible<\/li>\n<li>Utilisation pr\u00e9op\u00e9ratoire<\/li>\n<\/ul>\n","protected":false},"featured_media":6893,"comment_status":"open","ping_status":"closed","template":"","meta":{"_monsterinsights_skip_tracking":false,"_monsterinsights_sitenote_active":false,"_monsterinsights_sitenote_note":"","_monsterinsights_sitenote_category":0},"product_brand":[],"product_cat":[74],"product_tag":[],"distributeur-exclusif":[],"marques":[211],"class_list":{"0":"post-8670","1":"product","2":"type-product","3":"status-publish","4":"has-post-thumbnail","6":"product_cat-orthopedie","7":"marques-donjoy","8":"_wholesalex wsx-wholesalex-product","10":"first","11":"instock","12":"taxable","13":"shipping-taxable","14":"purchasable","15":"product-type-variable"},"yoast_head":"<!-- This site is optimized with the Yoast SEO plugin v27.5 - https:\/\/yoast.com\/product\/yoast-seo-wordpress\/ -->\n<title>Ceinture herniaire unilat\u00e9rale \u2013 Ernistrap - Kalfon Medical Distribution<\/title>\n<meta name=\"robots\" content=\"index, follow, max-snippet:-1, max-image-preview:large, max-video-preview:-1\" \/>\n<link rel=\"canonical\" href=\"https:\/\/www.kalfon-medical.co.il\/fr\/produit\/ceinture-herniaire-unilaterale-ernistrap\/\" \/>\n<meta property=\"og:locale\" content=\"fr_FR\" \/>\n<meta property=\"og:type\" content=\"article\" \/>\n<meta property=\"og:title\" content=\"Ceinture herniaire unilat\u00e9rale \u2013 Ernistrap - Kalfon Medical Distribution\" \/>\n<meta property=\"og:description\" content=\"Hernie inguinale unilat\u00e9rale r\u00e9ductible  Utilisation pr\u00e9op\u00e9ratoire\" \/>\n<meta property=\"og:url\" content=\"https:\/\/www.kalfon-medical.co.il\/fr\/produit\/ceinture-herniaire-unilaterale-ernistrap\/\" \/>\n<meta property=\"og:site_name\" content=\"Kalfon Medical Distribution\" \/>\n<meta name=\"twitter:card\" content=\"summary_large_image\" \/>\n<script type=\"application\/ld+json\" class=\"yoast-schema-graph\">{\"@context\":\"https:\\\/\\\/schema.org\",\"@graph\":[{\"@type\":\"WebPage\",\"@id\":\"https:\\\/\\\/www.kalfon-medical.co.il\\\/fr\\\/produit\\\/ceinture-herniaire-unilaterale-ernistrap\\\/\",\"url\":\"https:\\\/\\\/www.kalfon-medical.co.il\\\/fr\\\/produit\\\/ceinture-herniaire-unilaterale-ernistrap\\\/\",\"name\":\"Ceinture herniaire unilat\u00e9rale \u2013 Ernistrap - Kalfon Medical Distribution\",\"isPartOf\":{\"@id\":\"https:\\\/\\\/www.kalfon-medical.co.il\\\/fr\\\/#website\"},\"primaryImageOfPage\":{\"@id\":\"https:\\\/\\\/www.kalfon-medical.co.il\\\/fr\\\/produit\\\/ceinture-herniaire-unilaterale-ernistrap\\\/#primaryimage\"},\"image\":{\"@id\":\"https:\\\/\\\/www.kalfon-medical.co.il\\\/fr\\\/produit\\\/ceinture-herniaire-unilaterale-ernistrap\\\/#primaryimage\"},\"thumbnailUrl\":\"https:\\\/\\\/www.kalfon-medical.co.il\\\/wp-content\\\/uploads\\\/2025\\\/04\\\/ortel-thuasne.jpg-2.avif\",\"datePublished\":\"2025-04-27T12:45:16+00:00\",\"breadcrumb\":{\"@id\":\"https:\\\/\\\/www.kalfon-medical.co.il\\\/fr\\\/produit\\\/ceinture-herniaire-unilaterale-ernistrap\\\/#breadcrumb\"},\"inLanguage\":\"fr-FR\",\"potentialAction\":[{\"@type\":\"ReadAction\",\"target\":[\"https:\\\/\\\/www.kalfon-medical.co.il\\\/fr\\\/produit\\\/ceinture-herniaire-unilaterale-ernistrap\\\/\"]}]},{\"@type\":\"ImageObject\",\"inLanguage\":\"fr-FR\",\"@id\":\"https:\\\/\\\/www.kalfon-medical.co.il\\\/fr\\\/produit\\\/ceinture-herniaire-unilaterale-ernistrap\\\/#primaryimage\",\"url\":\"https:\\\/\\\/www.kalfon-medical.co.il\\\/wp-content\\\/uploads\\\/2025\\\/04\\\/ortel-thuasne.jpg-2.avif\",\"contentUrl\":\"https:\\\/\\\/www.kalfon-medical.co.il\\\/wp-content\\\/uploads\\\/2025\\\/04\\\/ortel-thuasne.jpg-2.avif\",\"width\":800,\"height\":800},{\"@type\":\"BreadcrumbList\",\"@id\":\"https:\\\/\\\/www.kalfon-medical.co.il\\\/fr\\\/produit\\\/ceinture-herniaire-unilaterale-ernistrap\\\/#breadcrumb\",\"itemListElement\":[{\"@type\":\"ListItem\",\"position\":1,\"name\":\"Home\",\"item\":\"https:\\\/\\\/www.kalfon-medical.co.il\\\/fr\\\/\"},{\"@type\":\"ListItem\",\"position\":2,\"name\":\"Boutique\",\"item\":\"https:\\\/\\\/www.kalfon-medical.co.il\\\/fr\\\/boutique\\\/\"},{\"@type\":\"ListItem\",\"position\":3,\"name\":\"Ceinture herniaire unilat\u00e9rale \u2013 Ernistrap\"}]},{\"@type\":\"WebSite\",\"@id\":\"https:\\\/\\\/www.kalfon-medical.co.il\\\/fr\\\/#website\",\"url\":\"https:\\\/\\\/www.kalfon-medical.co.il\\\/fr\\\/\",\"name\":\"Kalfon Medical Distribution\",\"description\":\"Un site utilisant WordPress\",\"potentialAction\":[{\"@type\":\"SearchAction\",\"target\":{\"@type\":\"EntryPoint\",\"urlTemplate\":\"https:\\\/\\\/www.kalfon-medical.co.il\\\/fr\\\/?s={search_term_string}\"},\"query-input\":{\"@type\":\"PropertyValueSpecification\",\"valueRequired\":true,\"valueName\":\"search_term_string\"}}],\"inLanguage\":\"fr-FR\"}]}<\/script>\n<!-- \/ Yoast SEO plugin. -->","yoast_head_json":{"title":"Ceinture herniaire unilat\u00e9rale \u2013 Ernistrap - Kalfon Medical Distribution","robots":{"index":"index","follow":"follow","max-snippet":"max-snippet:-1","max-image-preview":"max-image-preview:large","max-video-preview":"max-video-preview:-1"},"canonical":"https:\/\/www.kalfon-medical.co.il\/fr\/produit\/ceinture-herniaire-unilaterale-ernistrap\/","og_locale":"fr_FR","og_type":"article","og_title":"Ceinture herniaire unilat\u00e9rale \u2013 Ernistrap - Kalfon Medical Distribution","og_description":"Hernie inguinale unilat\u00e9rale r\u00e9ductible  Utilisation pr\u00e9op\u00e9ratoire","og_url":"https:\/\/www.kalfon-medical.co.il\/fr\/produit\/ceinture-herniaire-unilaterale-ernistrap\/","og_site_name":"Kalfon Medical Distribution","twitter_card":"summary_large_image","schema":{"@context":"https:\/\/schema.org","@graph":[{"@type":"WebPage","@id":"https:\/\/www.kalfon-medical.co.il\/fr\/produit\/ceinture-herniaire-unilaterale-ernistrap\/","url":"https:\/\/www.kalfon-medical.co.il\/fr\/produit\/ceinture-herniaire-unilaterale-ernistrap\/","name":"Ceinture herniaire unilat\u00e9rale \u2013 Ernistrap - Kalfon Medical Distribution","isPartOf":{"@id":"https:\/\/www.kalfon-medical.co.il\/fr\/#website"},"primaryImageOfPage":{"@id":"https:\/\/www.kalfon-medical.co.il\/fr\/produit\/ceinture-herniaire-unilaterale-ernistrap\/#primaryimage"},"image":{"@id":"https:\/\/www.kalfon-medical.co.il\/fr\/produit\/ceinture-herniaire-unilaterale-ernistrap\/#primaryimage"},"thumbnailUrl":"https:\/\/www.kalfon-medical.co.il\/wp-content\/uploads\/2025\/04\/ortel-thuasne.jpg-2.avif","datePublished":"2025-04-27T12:45:16+00:00","breadcrumb":{"@id":"https:\/\/www.kalfon-medical.co.il\/fr\/produit\/ceinture-herniaire-unilaterale-ernistrap\/#breadcrumb"},"inLanguage":"fr-FR","potentialAction":[{"@type":"ReadAction","target":["https:\/\/www.kalfon-medical.co.il\/fr\/produit\/ceinture-herniaire-unilaterale-ernistrap\/"]}]},{"@type":"ImageObject","inLanguage":"fr-FR","@id":"https:\/\/www.kalfon-medical.co.il\/fr\/produit\/ceinture-herniaire-unilaterale-ernistrap\/#primaryimage","url":"https:\/\/www.kalfon-medical.co.il\/wp-content\/uploads\/2025\/04\/ortel-thuasne.jpg-2.avif","contentUrl":"https:\/\/www.kalfon-medical.co.il\/wp-content\/uploads\/2025\/04\/ortel-thuasne.jpg-2.avif","width":800,"height":800},{"@type":"BreadcrumbList","@id":"https:\/\/www.kalfon-medical.co.il\/fr\/produit\/ceinture-herniaire-unilaterale-ernistrap\/#breadcrumb","itemListElement":[{"@type":"ListItem","position":1,"name":"Home","item":"https:\/\/www.kalfon-medical.co.il\/fr\/"},{"@type":"ListItem","position":2,"name":"Boutique","item":"https:\/\/www.kalfon-medical.co.il\/fr\/boutique\/"},{"@type":"ListItem","position":3,"name":"Ceinture herniaire unilat\u00e9rale \u2013 Ernistrap"}]},{"@type":"WebSite","@id":"https:\/\/www.kalfon-medical.co.il\/fr\/#website","url":"https:\/\/www.kalfon-medical.co.il\/fr\/","name":"Kalfon Medical Distribution","description":"Un site utilisant WordPress","potentialAction":[{"@type":"SearchAction","target":{"@type":"EntryPoint","urlTemplate":"https:\/\/www.kalfon-medical.co.il\/fr\/?s={search_term_string}"},"query-input":{"@type":"PropertyValueSpecification","valueRequired":true,"valueName":"search_term_string"}}],"inLanguage":"fr-FR"}]}},"_links":{"self":[{"href":"https:\/\/www.kalfon-medical.co.il\/fr\/wp-json\/wp\/v2\/product\/8670","targetHints":{"allow":["GET"]}}],"collection":[{"href":"https:\/\/www.kalfon-medical.co.il\/fr\/wp-json\/wp\/v2\/product"}],"about":[{"href":"https:\/\/www.kalfon-medical.co.il\/fr\/wp-json\/wp\/v2\/types\/product"}],"replies":[{"embeddable":true,"href":"https:\/\/www.kalfon-medical.co.il\/fr\/wp-json\/wp\/v2\/comments?post=8670"}],"version-history":[{"count":0,"href":"https:\/\/www.kalfon-medical.co.il\/fr\/wp-json\/wp\/v2\/product\/8670\/revisions"}],"wp:featuredmedia":[{"embeddable":true,"href":"https:\/\/www.kalfon-medical.co.il\/fr\/wp-json\/wp\/v2\/media\/6893"}],"wp:attachment":[{"href":"https:\/\/www.kalfon-medical.co.il\/fr\/wp-json\/wp\/v2\/media?parent=8670"}],"wp:term":[{"taxonomy":"product_brand","embeddable":true,"href":"https:\/\/www.kalfon-medical.co.il\/fr\/wp-json\/wp\/v2\/product_brand?post=8670"},{"taxonomy":"product_cat","embeddable":true,"href":"https:\/\/www.kalfon-medical.co.il\/fr\/wp-json\/wp\/v2\/product_cat?post=8670"},{"taxonomy":"product_tag","embeddable":true,"href":"https:\/\/www.kalfon-medical.co.il\/fr\/wp-json\/wp\/v2\/product_tag?post=8670"},{"taxonomy":"distributeur-exclusif","embeddable":true,"href":"https:\/\/www.kalfon-medical.co.il\/fr\/wp-json\/wp\/v2\/distributeur-exclusif?post=8670"},{"taxonomy":"marques","embeddable":true,"href":"https:\/\/www.kalfon-medical.co.il\/fr\/wp-json\/wp\/v2\/marques?post=8670"}],"curies":[{"name":"wp","href":"https:\/\/api.w.org\/{rel}","templated":true}]}}