{"id":8668,"date":"2023-06-12T11:03:14","date_gmt":"2023-06-12T08:03:14","guid":{"rendered":"https:\/\/www.kalfon-medical.co.il\/product\/deambulateur-nitro-blanc\/"},"modified":"2025-06-12T11:03:14","modified_gmt":"2025-06-12T08:03:14","slug":"deambulateur-nitro-blanc","status":"publish","type":"product","link":"https:\/\/www.kalfon-medical.co.il\/fr\/produit\/deambulateur-nitro-blanc\/","title":{"rendered":"D\u00e9ambulateur Nitro blanc"},"content":{"rendered":"<p>D\u00e9ambulateur Nitro, le mod\u00e8le populaire en Isra\u00ebl, fabriqu\u00e9 par Drive aux \u00c9tats-Unis.<\/p>\n<p> Il est dot\u00e9 de roues avant extra larges (24,5 cm de diam\u00e8tre) qui permettent des man\u0153uvres efficaces et pr\u00e9cises dans les virages.<br \/>\n Permet de franchir facilement la plupart des obstacles et <strong>convient donc \u00e0 l&#8217;int\u00e9rieur et \u00e0 l&#8217;ext\u00e9rieur de la maison et \u00e0 une vari\u00e9t\u00e9 d&#8217;environnements.<\/strong><\/p>\n<p> <strong>Ne p\u00e8se que 7,2 kg !<br \/>\n<\/strong> Malgr\u00e9 son poids, la chaise est con\u00e7ue pour supporter <strong>des utilisateurs pesant jusqu&#8217;\u00e0 130 kg !<\/strong><\/p>\n<p> Le d\u00e9ambulateur est \u00e9quip\u00e9 d&#8217;un si\u00e8ge confortable et rembourr\u00e9 pour une position assise prolong\u00e9e et apr\u00e8s la marche.<br \/>\n Pour un confort maximal, il y a un panier pour transporter des objets et un dossier rembourr\u00e9.<\/p>\n","protected":false},"excerpt":{"rendered":"<p>D\u00e9ambulateur Nitro, le mod\u00e8le populaire en Isra\u00ebl, fabriqu\u00e9 par Drive aux \u00c9tats-Unis. Il est dot\u00e9 de roues avant extra larges (24,5 cm de diam\u00e8tre) qui permettent des man\u0153uvres efficaces et pr\u00e9cises dans les virages. Permet de franchir facilement la plupart des obstacles et convient donc \u00e0 l&#8217;int\u00e9rieur et \u00e0 l&#8217;ext\u00e9rieur de la maison et \u00e0 [&hellip;]<\/p>\n","protected":false},"featured_media":8363,"comment_status":"open","ping_status":"closed","template":"","meta":{"_monsterinsights_skip_tracking":false,"_monsterinsights_sitenote_active":false,"_monsterinsights_sitenote_note":"","_monsterinsights_sitenote_category":0},"product_brand":[],"product_cat":[29],"product_tag":[],"distributeur-exclusif":[],"marques":[],"class_list":{"0":"post-8668","1":"product","2":"type-product","3":"status-publish","4":"has-post-thumbnail","6":"product_cat-rollator","7":"_wholesalex wsx-wholesalex-product","9":"first","10":"outofstock","11":"taxable","12":"shipping-taxable","13":"purchasable","14":"product-type-simple"},"yoast_head":"<!-- This site is optimized with the Yoast SEO plugin v27.3 - https:\/\/yoast.com\/product\/yoast-seo-wordpress\/ -->\n<title>D\u00e9ambulateur Nitro blanc - Kalfon Medical Distribution<\/title>\n<meta name=\"robots\" content=\"index, follow, max-snippet:-1, max-image-preview:large, max-video-preview:-1\" \/>\n<link rel=\"canonical\" href=\"https:\/\/www.kalfon-medical.co.il\/fr\/produit\/deambulateur-nitro-blanc\/\" \/>\n<meta property=\"og:locale\" content=\"fr_FR\" \/>\n<meta property=\"og:type\" content=\"article\" \/>\n<meta property=\"og:title\" content=\"D\u00e9ambulateur Nitro blanc - Kalfon Medical Distribution\" \/>\n<meta property=\"og:description\" content=\"D\u00e9ambulateur Nitro, le mod\u00e8le populaire en Isra\u00ebl, fabriqu\u00e9 par Drive aux \u00c9tats-Unis. Il est dot\u00e9 de roues avant extra larges (24,5 cm de diam\u00e8tre) qui permettent des man\u0153uvres efficaces et pr\u00e9cises dans les virages. Permet de franchir facilement la plupart des obstacles et convient donc \u00e0 l&#8217;int\u00e9rieur et \u00e0 l&#8217;ext\u00e9rieur de la maison et \u00e0 [&hellip;]\" \/>\n<meta property=\"og:url\" content=\"https:\/\/www.kalfon-medical.co.il\/fr\/produit\/deambulateur-nitro-blanc\/\" \/>\n<meta property=\"og:site_name\" content=\"Kalfon Medical Distribution\" \/>\n<meta property=\"article:modified_time\" content=\"2025-06-12T08:03:14+00:00\" \/>\n<meta name=\"twitter:card\" content=\"summary_large_image\" \/>\n<meta name=\"twitter:label1\" content=\"Dur\u00e9e de lecture estim\u00e9e\" \/>\n\t<meta name=\"twitter:data1\" content=\"1 minute\" \/>\n<script type=\"application\/ld+json\" class=\"yoast-schema-graph\">{\"@context\":\"https:\\\/\\\/schema.org\",\"@graph\":[{\"@type\":\"WebPage\",\"@id\":\"https:\\\/\\\/www.kalfon-medical.co.il\\\/fr\\\/produit\\\/deambulateur-nitro-blanc\\\/\",\"url\":\"https:\\\/\\\/www.kalfon-medical.co.il\\\/fr\\\/produit\\\/deambulateur-nitro-blanc\\\/\",\"name\":\"D\u00e9ambulateur Nitro blanc - Kalfon Medical Distribution\",\"isPartOf\":{\"@id\":\"https:\\\/\\\/www.kalfon-medical.co.il\\\/fr\\\/#website\"},\"primaryImageOfPage\":{\"@id\":\"https:\\\/\\\/www.kalfon-medical.co.il\\\/fr\\\/produit\\\/deambulateur-nitro-blanc\\\/#primaryimage\"},\"image\":{\"@id\":\"https:\\\/\\\/www.kalfon-medical.co.il\\\/fr\\\/produit\\\/deambulateur-nitro-blanc\\\/#primaryimage\"},\"thumbnailUrl\":\"https:\\\/\\\/www.kalfon-medical.co.il\\\/wp-content\\\/uploads\\\/2025\\\/06\\\/55555555-300x300.jpeg.avif\",\"datePublished\":\"2023-06-12T08:03:14+00:00\",\"dateModified\":\"2025-06-12T08:03:14+00:00\",\"breadcrumb\":{\"@id\":\"https:\\\/\\\/www.kalfon-medical.co.il\\\/fr\\\/produit\\\/deambulateur-nitro-blanc\\\/#breadcrumb\"},\"inLanguage\":\"fr-FR\",\"potentialAction\":[{\"@type\":\"ReadAction\",\"target\":[\"https:\\\/\\\/www.kalfon-medical.co.il\\\/fr\\\/produit\\\/deambulateur-nitro-blanc\\\/\"]}]},{\"@type\":\"ImageObject\",\"inLanguage\":\"fr-FR\",\"@id\":\"https:\\\/\\\/www.kalfon-medical.co.il\\\/fr\\\/produit\\\/deambulateur-nitro-blanc\\\/#primaryimage\",\"url\":\"https:\\\/\\\/www.kalfon-medical.co.il\\\/wp-content\\\/uploads\\\/2025\\\/06\\\/55555555-300x300.jpeg.avif\",\"contentUrl\":\"https:\\\/\\\/www.kalfon-medical.co.il\\\/wp-content\\\/uploads\\\/2025\\\/06\\\/55555555-300x300.jpeg.avif\",\"width\":300,\"height\":300},{\"@type\":\"BreadcrumbList\",\"@id\":\"https:\\\/\\\/www.kalfon-medical.co.il\\\/fr\\\/produit\\\/deambulateur-nitro-blanc\\\/#breadcrumb\",\"itemListElement\":[{\"@type\":\"ListItem\",\"position\":1,\"name\":\"Home\",\"item\":\"https:\\\/\\\/www.kalfon-medical.co.il\\\/fr\\\/\"},{\"@type\":\"ListItem\",\"position\":2,\"name\":\"Boutique\",\"item\":\"https:\\\/\\\/www.kalfon-medical.co.il\\\/fr\\\/boutique\\\/\"},{\"@type\":\"ListItem\",\"position\":3,\"name\":\"D\u00e9ambulateur Nitro blanc\"}]},{\"@type\":\"WebSite\",\"@id\":\"https:\\\/\\\/www.kalfon-medical.co.il\\\/fr\\\/#website\",\"url\":\"https:\\\/\\\/www.kalfon-medical.co.il\\\/fr\\\/\",\"name\":\"Kalfon Medical Distribution\",\"description\":\"Un site utilisant WordPress\",\"potentialAction\":[{\"@type\":\"SearchAction\",\"target\":{\"@type\":\"EntryPoint\",\"urlTemplate\":\"https:\\\/\\\/www.kalfon-medical.co.il\\\/fr\\\/?s={search_term_string}\"},\"query-input\":{\"@type\":\"PropertyValueSpecification\",\"valueRequired\":true,\"valueName\":\"search_term_string\"}}],\"inLanguage\":\"fr-FR\"}]}<\/script>\n<!-- \/ Yoast SEO plugin. -->","yoast_head_json":{"title":"D\u00e9ambulateur Nitro blanc - Kalfon Medical Distribution","robots":{"index":"index","follow":"follow","max-snippet":"max-snippet:-1","max-image-preview":"max-image-preview:large","max-video-preview":"max-video-preview:-1"},"canonical":"https:\/\/www.kalfon-medical.co.il\/fr\/produit\/deambulateur-nitro-blanc\/","og_locale":"fr_FR","og_type":"article","og_title":"D\u00e9ambulateur Nitro blanc - Kalfon Medical Distribution","og_description":"D\u00e9ambulateur Nitro, le mod\u00e8le populaire en Isra\u00ebl, fabriqu\u00e9 par Drive aux \u00c9tats-Unis. Il est dot\u00e9 de roues avant extra larges (24,5 cm de diam\u00e8tre) qui permettent des man\u0153uvres efficaces et pr\u00e9cises dans les virages. Permet de franchir facilement la plupart des obstacles et convient donc \u00e0 l&#8217;int\u00e9rieur et \u00e0 l&#8217;ext\u00e9rieur de la maison et \u00e0 [&hellip;]","og_url":"https:\/\/www.kalfon-medical.co.il\/fr\/produit\/deambulateur-nitro-blanc\/","og_site_name":"Kalfon Medical Distribution","article_modified_time":"2025-06-12T08:03:14+00:00","twitter_card":"summary_large_image","twitter_misc":{"Dur\u00e9e de lecture estim\u00e9e":"1 minute"},"schema":{"@context":"https:\/\/schema.org","@graph":[{"@type":"WebPage","@id":"https:\/\/www.kalfon-medical.co.il\/fr\/produit\/deambulateur-nitro-blanc\/","url":"https:\/\/www.kalfon-medical.co.il\/fr\/produit\/deambulateur-nitro-blanc\/","name":"D\u00e9ambulateur Nitro blanc - Kalfon Medical Distribution","isPartOf":{"@id":"https:\/\/www.kalfon-medical.co.il\/fr\/#website"},"primaryImageOfPage":{"@id":"https:\/\/www.kalfon-medical.co.il\/fr\/produit\/deambulateur-nitro-blanc\/#primaryimage"},"image":{"@id":"https:\/\/www.kalfon-medical.co.il\/fr\/produit\/deambulateur-nitro-blanc\/#primaryimage"},"thumbnailUrl":"https:\/\/www.kalfon-medical.co.il\/wp-content\/uploads\/2025\/06\/55555555-300x300.jpeg.avif","datePublished":"2023-06-12T08:03:14+00:00","dateModified":"2025-06-12T08:03:14+00:00","breadcrumb":{"@id":"https:\/\/www.kalfon-medical.co.il\/fr\/produit\/deambulateur-nitro-blanc\/#breadcrumb"},"inLanguage":"fr-FR","potentialAction":[{"@type":"ReadAction","target":["https:\/\/www.kalfon-medical.co.il\/fr\/produit\/deambulateur-nitro-blanc\/"]}]},{"@type":"ImageObject","inLanguage":"fr-FR","@id":"https:\/\/www.kalfon-medical.co.il\/fr\/produit\/deambulateur-nitro-blanc\/#primaryimage","url":"https:\/\/www.kalfon-medical.co.il\/wp-content\/uploads\/2025\/06\/55555555-300x300.jpeg.avif","contentUrl":"https:\/\/www.kalfon-medical.co.il\/wp-content\/uploads\/2025\/06\/55555555-300x300.jpeg.avif","width":300,"height":300},{"@type":"BreadcrumbList","@id":"https:\/\/www.kalfon-medical.co.il\/fr\/produit\/deambulateur-nitro-blanc\/#breadcrumb","itemListElement":[{"@type":"ListItem","position":1,"name":"Home","item":"https:\/\/www.kalfon-medical.co.il\/fr\/"},{"@type":"ListItem","position":2,"name":"Boutique","item":"https:\/\/www.kalfon-medical.co.il\/fr\/boutique\/"},{"@type":"ListItem","position":3,"name":"D\u00e9ambulateur Nitro blanc"}]},{"@type":"WebSite","@id":"https:\/\/www.kalfon-medical.co.il\/fr\/#website","url":"https:\/\/www.kalfon-medical.co.il\/fr\/","name":"Kalfon Medical Distribution","description":"Un site utilisant WordPress","potentialAction":[{"@type":"SearchAction","target":{"@type":"EntryPoint","urlTemplate":"https:\/\/www.kalfon-medical.co.il\/fr\/?s={search_term_string}"},"query-input":{"@type":"PropertyValueSpecification","valueRequired":true,"valueName":"search_term_string"}}],"inLanguage":"fr-FR"}]}},"_links":{"self":[{"href":"https:\/\/www.kalfon-medical.co.il\/fr\/wp-json\/wp\/v2\/product\/8668","targetHints":{"allow":["GET"]}}],"collection":[{"href":"https:\/\/www.kalfon-medical.co.il\/fr\/wp-json\/wp\/v2\/product"}],"about":[{"href":"https:\/\/www.kalfon-medical.co.il\/fr\/wp-json\/wp\/v2\/types\/product"}],"replies":[{"embeddable":true,"href":"https:\/\/www.kalfon-medical.co.il\/fr\/wp-json\/wp\/v2\/comments?post=8668"}],"version-history":[{"count":0,"href":"https:\/\/www.kalfon-medical.co.il\/fr\/wp-json\/wp\/v2\/product\/8668\/revisions"}],"wp:featuredmedia":[{"embeddable":true,"href":"https:\/\/www.kalfon-medical.co.il\/fr\/wp-json\/wp\/v2\/media\/8363"}],"wp:attachment":[{"href":"https:\/\/www.kalfon-medical.co.il\/fr\/wp-json\/wp\/v2\/media?parent=8668"}],"wp:term":[{"taxonomy":"product_brand","embeddable":true,"href":"https:\/\/www.kalfon-medical.co.il\/fr\/wp-json\/wp\/v2\/product_brand?post=8668"},{"taxonomy":"product_cat","embeddable":true,"href":"https:\/\/www.kalfon-medical.co.il\/fr\/wp-json\/wp\/v2\/product_cat?post=8668"},{"taxonomy":"product_tag","embeddable":true,"href":"https:\/\/www.kalfon-medical.co.il\/fr\/wp-json\/wp\/v2\/product_tag?post=8668"},{"taxonomy":"distributeur-exclusif","embeddable":true,"href":"https:\/\/www.kalfon-medical.co.il\/fr\/wp-json\/wp\/v2\/distributeur-exclusif?post=8668"},{"taxonomy":"marques","embeddable":true,"href":"https:\/\/www.kalfon-medical.co.il\/fr\/wp-json\/wp\/v2\/marques?post=8668"}],"curies":[{"name":"wp","href":"https:\/\/api.w.org\/{rel}","templated":true}]}}