{"id":8352,"date":"2025-06-12T10:24:47","date_gmt":"2025-06-12T07:24:47","guid":{"rendered":"https:\/\/www.kalfon-medical.co.il\/product\/fauteuil-roulant-motorise-pliable\/"},"modified":"2025-06-12T10:24:47","modified_gmt":"2025-06-12T07:24:47","slug":"fauteuil-roulant-motorise-pliable","status":"publish","type":"product","link":"https:\/\/www.kalfon-medical.co.il\/fr\/produit\/fauteuil-roulant-motorise-pliable\/","title":{"rendered":"Fauteuil roulant motoris\u00e9 pliable"},"content":{"rendered":"<p>Chaise en aluminium de haute qualit\u00e9 au design innovant, id\u00e9ale pour les d\u00e9placements en int\u00e9rieur comme en ext\u00e9rieur. L\u00e9g\u00e8re, elle se plie tr\u00e8s facilement pour le transport et le rangement en voiture. Commande par joystick. Poign\u00e9es relevables, assise large et confortable en mat\u00e9riau respirant. Batterie lithium 10 Ah haute qualit\u00e9, facile \u00e0 d\u00e9monter. Freins \u00e9lectromagn\u00e9tiques, particuli\u00e8rement s\u00fbrs pour un freinage en pente.     <\/p>\n<p>Fauteuil roulant motoris\u00e9, adapt\u00e9 aux d\u00e9placements en int\u00e9rieur comme en ext\u00e9rieur. L\u00e9ger, il se plie facilement pour un rangement et un transport faciles.<br \/>\nCommande par joystick, poign\u00e9es relevables et si\u00e8ge large.<br \/>\nFauteuil tr\u00e8s s\u00fbr et freins \u00e9lectromagn\u00e9tiques pour l&#8217;arr\u00eat sur les pentes<\/p>\n","protected":false},"excerpt":{"rendered":"<p>Chaise en aluminium de haute qualit\u00e9 au design innovant, id\u00e9ale pour les d\u00e9placements en int\u00e9rieur comme en ext\u00e9rieur. L\u00e9g\u00e8re, elle se plie tr\u00e8s facilement pour le transport et le rangement en voiture. Commande par joystick. Poign\u00e9es relevables, assise large et confortable en mat\u00e9riau respirant. Batterie lithium 10 Ah haute qualit\u00e9, facile \u00e0 d\u00e9monter. Freins \u00e9lectromagn\u00e9tiques, [&hellip;]<\/p>\n","protected":false},"featured_media":8351,"comment_status":"open","ping_status":"closed","template":"","meta":{"_monsterinsights_skip_tracking":false,"_monsterinsights_sitenote_active":false,"_monsterinsights_sitenote_note":"","_monsterinsights_sitenote_category":0},"product_brand":[],"product_cat":[83],"product_tag":[],"distributeur-exclusif":[],"marques":[],"class_list":{"0":"post-8352","1":"product","2":"type-product","3":"status-publish","4":"has-post-thumbnail","6":"product_cat-fauteuil-roulant","7":"_wholesalex wsx-wholesalex-product","9":"first","10":"instock","11":"taxable","12":"shipping-taxable","13":"purchasable","14":"product-type-simple"},"yoast_head":"<!-- This site is optimized with the Yoast SEO plugin v27.3 - https:\/\/yoast.com\/product\/yoast-seo-wordpress\/ -->\n<title>Fauteuil roulant motoris\u00e9 pliable - Kalfon Medical Distribution<\/title>\n<meta name=\"robots\" content=\"index, follow, max-snippet:-1, max-image-preview:large, max-video-preview:-1\" \/>\n<link rel=\"canonical\" href=\"https:\/\/www.kalfon-medical.co.il\/fr\/produit\/fauteuil-roulant-motorise-pliable\/\" \/>\n<meta property=\"og:locale\" content=\"fr_FR\" \/>\n<meta property=\"og:type\" content=\"article\" \/>\n<meta property=\"og:title\" content=\"Fauteuil roulant motoris\u00e9 pliable - Kalfon Medical Distribution\" \/>\n<meta property=\"og:description\" content=\"Chaise en aluminium de haute qualit\u00e9 au design innovant, id\u00e9ale pour les d\u00e9placements en int\u00e9rieur comme en ext\u00e9rieur. L\u00e9g\u00e8re, elle se plie tr\u00e8s facilement pour le transport et le rangement en voiture. Commande par joystick. Poign\u00e9es relevables, assise large et confortable en mat\u00e9riau respirant. Batterie lithium 10 Ah haute qualit\u00e9, facile \u00e0 d\u00e9monter. Freins \u00e9lectromagn\u00e9tiques, [&hellip;]\" \/>\n<meta property=\"og:url\" content=\"https:\/\/www.kalfon-medical.co.il\/fr\/produit\/fauteuil-roulant-motorise-pliable\/\" \/>\n<meta property=\"og:site_name\" content=\"Kalfon Medical Distribution\" \/>\n<meta property=\"og:image\" content=\"https:\/\/www.kalfon-medical.co.il\/wp-content\/uploads\/2025\/06\/P608559_23102018131530-8-9.jpg\" \/>\n\t<meta property=\"og:image:width\" content=\"834\" \/>\n\t<meta property=\"og:image:height\" content=\"827\" \/>\n\t<meta property=\"og:image:type\" content=\"image\/jpeg\" \/>\n<meta name=\"twitter:card\" content=\"summary_large_image\" \/>\n<meta name=\"twitter:label1\" content=\"Dur\u00e9e de lecture estim\u00e9e\" \/>\n\t<meta name=\"twitter:data1\" content=\"1 minute\" \/>\n<script type=\"application\/ld+json\" class=\"yoast-schema-graph\">{\"@context\":\"https:\\\/\\\/schema.org\",\"@graph\":[{\"@type\":\"WebPage\",\"@id\":\"https:\\\/\\\/www.kalfon-medical.co.il\\\/fr\\\/produit\\\/fauteuil-roulant-motorise-pliable\\\/\",\"url\":\"https:\\\/\\\/www.kalfon-medical.co.il\\\/fr\\\/produit\\\/fauteuil-roulant-motorise-pliable\\\/\",\"name\":\"Fauteuil roulant motoris\u00e9 pliable - Kalfon Medical Distribution\",\"isPartOf\":{\"@id\":\"https:\\\/\\\/www.kalfon-medical.co.il\\\/fr\\\/#website\"},\"primaryImageOfPage\":{\"@id\":\"https:\\\/\\\/www.kalfon-medical.co.il\\\/fr\\\/produit\\\/fauteuil-roulant-motorise-pliable\\\/#primaryimage\"},\"image\":{\"@id\":\"https:\\\/\\\/www.kalfon-medical.co.il\\\/fr\\\/produit\\\/fauteuil-roulant-motorise-pliable\\\/#primaryimage\"},\"thumbnailUrl\":\"https:\\\/\\\/www.kalfon-medical.co.il\\\/wp-content\\\/uploads\\\/2025\\\/06\\\/P608559_23102018131530-8-9.jpg\",\"datePublished\":\"2025-06-12T07:24:47+00:00\",\"breadcrumb\":{\"@id\":\"https:\\\/\\\/www.kalfon-medical.co.il\\\/fr\\\/produit\\\/fauteuil-roulant-motorise-pliable\\\/#breadcrumb\"},\"inLanguage\":\"fr-FR\",\"potentialAction\":[{\"@type\":\"ReadAction\",\"target\":[\"https:\\\/\\\/www.kalfon-medical.co.il\\\/fr\\\/produit\\\/fauteuil-roulant-motorise-pliable\\\/\"]}]},{\"@type\":\"ImageObject\",\"inLanguage\":\"fr-FR\",\"@id\":\"https:\\\/\\\/www.kalfon-medical.co.il\\\/fr\\\/produit\\\/fauteuil-roulant-motorise-pliable\\\/#primaryimage\",\"url\":\"https:\\\/\\\/www.kalfon-medical.co.il\\\/wp-content\\\/uploads\\\/2025\\\/06\\\/P608559_23102018131530-8-9.jpg\",\"contentUrl\":\"https:\\\/\\\/www.kalfon-medical.co.il\\\/wp-content\\\/uploads\\\/2025\\\/06\\\/P608559_23102018131530-8-9.jpg\",\"width\":834,\"height\":827},{\"@type\":\"BreadcrumbList\",\"@id\":\"https:\\\/\\\/www.kalfon-medical.co.il\\\/fr\\\/produit\\\/fauteuil-roulant-motorise-pliable\\\/#breadcrumb\",\"itemListElement\":[{\"@type\":\"ListItem\",\"position\":1,\"name\":\"Home\",\"item\":\"https:\\\/\\\/www.kalfon-medical.co.il\\\/fr\\\/\"},{\"@type\":\"ListItem\",\"position\":2,\"name\":\"Boutique\",\"item\":\"https:\\\/\\\/www.kalfon-medical.co.il\\\/fr\\\/boutique\\\/\"},{\"@type\":\"ListItem\",\"position\":3,\"name\":\"Fauteuil roulant motoris\u00e9 pliable\"}]},{\"@type\":\"WebSite\",\"@id\":\"https:\\\/\\\/www.kalfon-medical.co.il\\\/fr\\\/#website\",\"url\":\"https:\\\/\\\/www.kalfon-medical.co.il\\\/fr\\\/\",\"name\":\"Kalfon Medical Distribution\",\"description\":\"Un site utilisant WordPress\",\"potentialAction\":[{\"@type\":\"SearchAction\",\"target\":{\"@type\":\"EntryPoint\",\"urlTemplate\":\"https:\\\/\\\/www.kalfon-medical.co.il\\\/fr\\\/?s={search_term_string}\"},\"query-input\":{\"@type\":\"PropertyValueSpecification\",\"valueRequired\":true,\"valueName\":\"search_term_string\"}}],\"inLanguage\":\"fr-FR\"}]}<\/script>\n<!-- \/ Yoast SEO plugin. -->","yoast_head_json":{"title":"Fauteuil roulant motoris\u00e9 pliable - Kalfon Medical Distribution","robots":{"index":"index","follow":"follow","max-snippet":"max-snippet:-1","max-image-preview":"max-image-preview:large","max-video-preview":"max-video-preview:-1"},"canonical":"https:\/\/www.kalfon-medical.co.il\/fr\/produit\/fauteuil-roulant-motorise-pliable\/","og_locale":"fr_FR","og_type":"article","og_title":"Fauteuil roulant motoris\u00e9 pliable - Kalfon Medical Distribution","og_description":"Chaise en aluminium de haute qualit\u00e9 au design innovant, id\u00e9ale pour les d\u00e9placements en int\u00e9rieur comme en ext\u00e9rieur. L\u00e9g\u00e8re, elle se plie tr\u00e8s facilement pour le transport et le rangement en voiture. Commande par joystick. Poign\u00e9es relevables, assise large et confortable en mat\u00e9riau respirant. Batterie lithium 10 Ah haute qualit\u00e9, facile \u00e0 d\u00e9monter. Freins \u00e9lectromagn\u00e9tiques, [&hellip;]","og_url":"https:\/\/www.kalfon-medical.co.il\/fr\/produit\/fauteuil-roulant-motorise-pliable\/","og_site_name":"Kalfon Medical Distribution","og_image":[{"width":834,"height":827,"url":"https:\/\/www.kalfon-medical.co.il\/wp-content\/uploads\/2025\/06\/P608559_23102018131530-8-9.jpg","type":"image\/jpeg"}],"twitter_card":"summary_large_image","twitter_misc":{"Dur\u00e9e de lecture estim\u00e9e":"1 minute"},"schema":{"@context":"https:\/\/schema.org","@graph":[{"@type":"WebPage","@id":"https:\/\/www.kalfon-medical.co.il\/fr\/produit\/fauteuil-roulant-motorise-pliable\/","url":"https:\/\/www.kalfon-medical.co.il\/fr\/produit\/fauteuil-roulant-motorise-pliable\/","name":"Fauteuil roulant motoris\u00e9 pliable - Kalfon Medical Distribution","isPartOf":{"@id":"https:\/\/www.kalfon-medical.co.il\/fr\/#website"},"primaryImageOfPage":{"@id":"https:\/\/www.kalfon-medical.co.il\/fr\/produit\/fauteuil-roulant-motorise-pliable\/#primaryimage"},"image":{"@id":"https:\/\/www.kalfon-medical.co.il\/fr\/produit\/fauteuil-roulant-motorise-pliable\/#primaryimage"},"thumbnailUrl":"https:\/\/www.kalfon-medical.co.il\/wp-content\/uploads\/2025\/06\/P608559_23102018131530-8-9.jpg","datePublished":"2025-06-12T07:24:47+00:00","breadcrumb":{"@id":"https:\/\/www.kalfon-medical.co.il\/fr\/produit\/fauteuil-roulant-motorise-pliable\/#breadcrumb"},"inLanguage":"fr-FR","potentialAction":[{"@type":"ReadAction","target":["https:\/\/www.kalfon-medical.co.il\/fr\/produit\/fauteuil-roulant-motorise-pliable\/"]}]},{"@type":"ImageObject","inLanguage":"fr-FR","@id":"https:\/\/www.kalfon-medical.co.il\/fr\/produit\/fauteuil-roulant-motorise-pliable\/#primaryimage","url":"https:\/\/www.kalfon-medical.co.il\/wp-content\/uploads\/2025\/06\/P608559_23102018131530-8-9.jpg","contentUrl":"https:\/\/www.kalfon-medical.co.il\/wp-content\/uploads\/2025\/06\/P608559_23102018131530-8-9.jpg","width":834,"height":827},{"@type":"BreadcrumbList","@id":"https:\/\/www.kalfon-medical.co.il\/fr\/produit\/fauteuil-roulant-motorise-pliable\/#breadcrumb","itemListElement":[{"@type":"ListItem","position":1,"name":"Home","item":"https:\/\/www.kalfon-medical.co.il\/fr\/"},{"@type":"ListItem","position":2,"name":"Boutique","item":"https:\/\/www.kalfon-medical.co.il\/fr\/boutique\/"},{"@type":"ListItem","position":3,"name":"Fauteuil roulant motoris\u00e9 pliable"}]},{"@type":"WebSite","@id":"https:\/\/www.kalfon-medical.co.il\/fr\/#website","url":"https:\/\/www.kalfon-medical.co.il\/fr\/","name":"Kalfon Medical Distribution","description":"Un site utilisant WordPress","potentialAction":[{"@type":"SearchAction","target":{"@type":"EntryPoint","urlTemplate":"https:\/\/www.kalfon-medical.co.il\/fr\/?s={search_term_string}"},"query-input":{"@type":"PropertyValueSpecification","valueRequired":true,"valueName":"search_term_string"}}],"inLanguage":"fr-FR"}]}},"_links":{"self":[{"href":"https:\/\/www.kalfon-medical.co.il\/fr\/wp-json\/wp\/v2\/product\/8352","targetHints":{"allow":["GET"]}}],"collection":[{"href":"https:\/\/www.kalfon-medical.co.il\/fr\/wp-json\/wp\/v2\/product"}],"about":[{"href":"https:\/\/www.kalfon-medical.co.il\/fr\/wp-json\/wp\/v2\/types\/product"}],"replies":[{"embeddable":true,"href":"https:\/\/www.kalfon-medical.co.il\/fr\/wp-json\/wp\/v2\/comments?post=8352"}],"version-history":[{"count":0,"href":"https:\/\/www.kalfon-medical.co.il\/fr\/wp-json\/wp\/v2\/product\/8352\/revisions"}],"wp:featuredmedia":[{"embeddable":true,"href":"https:\/\/www.kalfon-medical.co.il\/fr\/wp-json\/wp\/v2\/media\/8351"}],"wp:attachment":[{"href":"https:\/\/www.kalfon-medical.co.il\/fr\/wp-json\/wp\/v2\/media?parent=8352"}],"wp:term":[{"taxonomy":"product_brand","embeddable":true,"href":"https:\/\/www.kalfon-medical.co.il\/fr\/wp-json\/wp\/v2\/product_brand?post=8352"},{"taxonomy":"product_cat","embeddable":true,"href":"https:\/\/www.kalfon-medical.co.il\/fr\/wp-json\/wp\/v2\/product_cat?post=8352"},{"taxonomy":"product_tag","embeddable":true,"href":"https:\/\/www.kalfon-medical.co.il\/fr\/wp-json\/wp\/v2\/product_tag?post=8352"},{"taxonomy":"distributeur-exclusif","embeddable":true,"href":"https:\/\/www.kalfon-medical.co.il\/fr\/wp-json\/wp\/v2\/distributeur-exclusif?post=8352"},{"taxonomy":"marques","embeddable":true,"href":"https:\/\/www.kalfon-medical.co.il\/fr\/wp-json\/wp\/v2\/marques?post=8352"}],"curies":[{"name":"wp","href":"https:\/\/api.w.org\/{rel}","templated":true}]}}