{"id":8337,"date":"2024-09-08T22:28:00","date_gmt":"2024-09-08T19:28:00","guid":{"rendered":"https:\/\/www.kalfon-medical.co.il\/product\/matelas-anti-escarres-novaform\/"},"modified":"2024-09-08T21:28:00","modified_gmt":"2024-09-08T18:28:00","slug":"matelas-anti-escarres-novaform","status":"publish","type":"product","link":"https:\/\/www.kalfon-medical.co.il\/fr\/produit\/matelas-anti-escarres-novaform\/","title":{"rendered":"Matelas anti-escarres Novaform"},"content":{"rendered":"<p>Le matelas NOVA FORM, qui associe une couche sup\u00e9rieure en mousse visco\u00e9lastique de 80 kg\/m2 \u00e0 une couche de soutien en mousse haute r\u00e9silience, est une solution adapt\u00e9e aux besoins de pr\u00e9vention, de confort et d&#8217;hygi\u00e8ne des patients \u00e0 risque de d\u00e9velopper des escarres.<\/p>\n<p> Poids maximum recommand\u00e9.<\/p>\n<p> Principes :<br \/>\n \u2022 Convient \u00e0 tous les types de corps<br \/>\n \u2022 R\u00e9partit la pression uniform\u00e9ment<br \/>\n \u2022 Maintient le corps dans une position flottante parfaite<\/p>\n<p>&nbsp;<\/p>\n<p>&nbsp;<\/p>\n","protected":false},"excerpt":{"rendered":"<p>Recommand\u00e9 pour :<br \/>\n \u2022 Patients \u00e0 risque de d\u00e9velopper des escarres<br \/>\n \u2022 Patients apr\u00e8s des chirurgies orthop\u00e9diques prolong\u00e9es<br \/>\n \u2022 En cas de perte d\u2019autonomie<\/p>\n","protected":false},"featured_media":4251,"comment_status":"open","ping_status":"closed","template":"","meta":{"_monsterinsights_skip_tracking":false,"_monsterinsights_sitenote_active":false,"_monsterinsights_sitenote_note":"","_monsterinsights_sitenote_category":0},"product_brand":[],"product_cat":[103],"product_tag":[],"distributeur-exclusif":[],"marques":[],"class_list":{"0":"post-8337","1":"product","2":"type-product","3":"status-publish","4":"has-post-thumbnail","6":"product_cat-non-classe-fr","7":"_wholesalex wsx-wholesalex-product","9":"first","10":"instock","11":"taxable","12":"shipping-taxable","13":"purchasable","14":"product-type-simple"},"yoast_head":"<!-- This site is optimized with the Yoast SEO plugin v27.5 - https:\/\/yoast.com\/product\/yoast-seo-wordpress\/ -->\n<title>Matelas anti-escarres Novaform - Kalfon Medical Distribution<\/title>\n<meta name=\"robots\" content=\"index, follow, max-snippet:-1, max-image-preview:large, max-video-preview:-1\" \/>\n<link rel=\"canonical\" href=\"https:\/\/www.kalfon-medical.co.il\/fr\/produit\/matelas-anti-escarres-novaform\/\" \/>\n<meta property=\"og:locale\" content=\"fr_FR\" \/>\n<meta property=\"og:type\" content=\"article\" \/>\n<meta property=\"og:title\" content=\"Matelas anti-escarres Novaform - Kalfon Medical Distribution\" \/>\n<meta property=\"og:description\" content=\"Recommand\u00e9 pour : \u2022 Patients \u00e0 risque de d\u00e9velopper des escarres \u2022 Patients apr\u00e8s des chirurgies orthop\u00e9diques prolong\u00e9es \u2022 En cas de perte d\u2019autonomie\" \/>\n<meta property=\"og:url\" content=\"https:\/\/www.kalfon-medical.co.il\/fr\/produit\/matelas-anti-escarres-novaform\/\" \/>\n<meta property=\"og:site_name\" content=\"Kalfon Medical Distribution\" \/>\n<meta property=\"og:image\" content=\"https:\/\/www.kalfon-medical.co.il\/wp-content\/uploads\/2024\/09\/matelas-vitaform-anti-escarre-classe-2-l198-x-l120-x-h17-6.jpg-e1725822293413.webp\" \/>\n\t<meta property=\"og:image:width\" content=\"974\" \/>\n\t<meta property=\"og:image:height\" content=\"974\" \/>\n\t<meta property=\"og:image:type\" content=\"image\/webp\" \/>\n<meta name=\"twitter:card\" content=\"summary_large_image\" \/>\n<script type=\"application\/ld+json\" class=\"yoast-schema-graph\">{\"@context\":\"https:\\\/\\\/schema.org\",\"@graph\":[{\"@type\":\"WebPage\",\"@id\":\"https:\\\/\\\/www.kalfon-medical.co.il\\\/fr\\\/produit\\\/matelas-anti-escarres-novaform\\\/\",\"url\":\"https:\\\/\\\/www.kalfon-medical.co.il\\\/fr\\\/produit\\\/matelas-anti-escarres-novaform\\\/\",\"name\":\"Matelas anti-escarres Novaform - Kalfon Medical Distribution\",\"isPartOf\":{\"@id\":\"https:\\\/\\\/www.kalfon-medical.co.il\\\/fr\\\/#website\"},\"primaryImageOfPage\":{\"@id\":\"https:\\\/\\\/www.kalfon-medical.co.il\\\/fr\\\/produit\\\/matelas-anti-escarres-novaform\\\/#primaryimage\"},\"image\":{\"@id\":\"https:\\\/\\\/www.kalfon-medical.co.il\\\/fr\\\/produit\\\/matelas-anti-escarres-novaform\\\/#primaryimage\"},\"thumbnailUrl\":\"https:\\\/\\\/www.kalfon-medical.co.il\\\/wp-content\\\/uploads\\\/2024\\\/09\\\/matelas-vitaform-anti-escarre-classe-2-l198-x-l120-x-h17-6.jpg-e1725822293413.webp\",\"datePublished\":\"2024-09-08T19:28:00+00:00\",\"breadcrumb\":{\"@id\":\"https:\\\/\\\/www.kalfon-medical.co.il\\\/fr\\\/produit\\\/matelas-anti-escarres-novaform\\\/#breadcrumb\"},\"inLanguage\":\"fr-FR\",\"potentialAction\":[{\"@type\":\"ReadAction\",\"target\":[\"https:\\\/\\\/www.kalfon-medical.co.il\\\/fr\\\/produit\\\/matelas-anti-escarres-novaform\\\/\"]}]},{\"@type\":\"ImageObject\",\"inLanguage\":\"fr-FR\",\"@id\":\"https:\\\/\\\/www.kalfon-medical.co.il\\\/fr\\\/produit\\\/matelas-anti-escarres-novaform\\\/#primaryimage\",\"url\":\"https:\\\/\\\/www.kalfon-medical.co.il\\\/wp-content\\\/uploads\\\/2024\\\/09\\\/matelas-vitaform-anti-escarre-classe-2-l198-x-l120-x-h17-6.jpg-e1725822293413.webp\",\"contentUrl\":\"https:\\\/\\\/www.kalfon-medical.co.il\\\/wp-content\\\/uploads\\\/2024\\\/09\\\/matelas-vitaform-anti-escarre-classe-2-l198-x-l120-x-h17-6.jpg-e1725822293413.webp\",\"width\":974,\"height\":974},{\"@type\":\"BreadcrumbList\",\"@id\":\"https:\\\/\\\/www.kalfon-medical.co.il\\\/fr\\\/produit\\\/matelas-anti-escarres-novaform\\\/#breadcrumb\",\"itemListElement\":[{\"@type\":\"ListItem\",\"position\":1,\"name\":\"Home\",\"item\":\"https:\\\/\\\/www.kalfon-medical.co.il\\\/fr\\\/\"},{\"@type\":\"ListItem\",\"position\":2,\"name\":\"Boutique\",\"item\":\"https:\\\/\\\/www.kalfon-medical.co.il\\\/fr\\\/boutique\\\/\"},{\"@type\":\"ListItem\",\"position\":3,\"name\":\"Matelas anti-escarres Novaform\"}]},{\"@type\":\"WebSite\",\"@id\":\"https:\\\/\\\/www.kalfon-medical.co.il\\\/fr\\\/#website\",\"url\":\"https:\\\/\\\/www.kalfon-medical.co.il\\\/fr\\\/\",\"name\":\"Kalfon Medical Distribution\",\"description\":\"Un site utilisant WordPress\",\"potentialAction\":[{\"@type\":\"SearchAction\",\"target\":{\"@type\":\"EntryPoint\",\"urlTemplate\":\"https:\\\/\\\/www.kalfon-medical.co.il\\\/fr\\\/?s={search_term_string}\"},\"query-input\":{\"@type\":\"PropertyValueSpecification\",\"valueRequired\":true,\"valueName\":\"search_term_string\"}}],\"inLanguage\":\"fr-FR\"}]}<\/script>\n<!-- \/ Yoast SEO plugin. -->","yoast_head_json":{"title":"Matelas anti-escarres Novaform - Kalfon Medical Distribution","robots":{"index":"index","follow":"follow","max-snippet":"max-snippet:-1","max-image-preview":"max-image-preview:large","max-video-preview":"max-video-preview:-1"},"canonical":"https:\/\/www.kalfon-medical.co.il\/fr\/produit\/matelas-anti-escarres-novaform\/","og_locale":"fr_FR","og_type":"article","og_title":"Matelas anti-escarres Novaform - Kalfon Medical Distribution","og_description":"Recommand\u00e9 pour : \u2022 Patients \u00e0 risque de d\u00e9velopper des escarres \u2022 Patients apr\u00e8s des chirurgies orthop\u00e9diques prolong\u00e9es \u2022 En cas de perte d\u2019autonomie","og_url":"https:\/\/www.kalfon-medical.co.il\/fr\/produit\/matelas-anti-escarres-novaform\/","og_site_name":"Kalfon Medical Distribution","og_image":[{"width":974,"height":974,"url":"https:\/\/www.kalfon-medical.co.il\/wp-content\/uploads\/2024\/09\/matelas-vitaform-anti-escarre-classe-2-l198-x-l120-x-h17-6.jpg-e1725822293413.webp","type":"image\/webp"}],"twitter_card":"summary_large_image","schema":{"@context":"https:\/\/schema.org","@graph":[{"@type":"WebPage","@id":"https:\/\/www.kalfon-medical.co.il\/fr\/produit\/matelas-anti-escarres-novaform\/","url":"https:\/\/www.kalfon-medical.co.il\/fr\/produit\/matelas-anti-escarres-novaform\/","name":"Matelas anti-escarres Novaform - Kalfon Medical Distribution","isPartOf":{"@id":"https:\/\/www.kalfon-medical.co.il\/fr\/#website"},"primaryImageOfPage":{"@id":"https:\/\/www.kalfon-medical.co.il\/fr\/produit\/matelas-anti-escarres-novaform\/#primaryimage"},"image":{"@id":"https:\/\/www.kalfon-medical.co.il\/fr\/produit\/matelas-anti-escarres-novaform\/#primaryimage"},"thumbnailUrl":"https:\/\/www.kalfon-medical.co.il\/wp-content\/uploads\/2024\/09\/matelas-vitaform-anti-escarre-classe-2-l198-x-l120-x-h17-6.jpg-e1725822293413.webp","datePublished":"2024-09-08T19:28:00+00:00","breadcrumb":{"@id":"https:\/\/www.kalfon-medical.co.il\/fr\/produit\/matelas-anti-escarres-novaform\/#breadcrumb"},"inLanguage":"fr-FR","potentialAction":[{"@type":"ReadAction","target":["https:\/\/www.kalfon-medical.co.il\/fr\/produit\/matelas-anti-escarres-novaform\/"]}]},{"@type":"ImageObject","inLanguage":"fr-FR","@id":"https:\/\/www.kalfon-medical.co.il\/fr\/produit\/matelas-anti-escarres-novaform\/#primaryimage","url":"https:\/\/www.kalfon-medical.co.il\/wp-content\/uploads\/2024\/09\/matelas-vitaform-anti-escarre-classe-2-l198-x-l120-x-h17-6.jpg-e1725822293413.webp","contentUrl":"https:\/\/www.kalfon-medical.co.il\/wp-content\/uploads\/2024\/09\/matelas-vitaform-anti-escarre-classe-2-l198-x-l120-x-h17-6.jpg-e1725822293413.webp","width":974,"height":974},{"@type":"BreadcrumbList","@id":"https:\/\/www.kalfon-medical.co.il\/fr\/produit\/matelas-anti-escarres-novaform\/#breadcrumb","itemListElement":[{"@type":"ListItem","position":1,"name":"Home","item":"https:\/\/www.kalfon-medical.co.il\/fr\/"},{"@type":"ListItem","position":2,"name":"Boutique","item":"https:\/\/www.kalfon-medical.co.il\/fr\/boutique\/"},{"@type":"ListItem","position":3,"name":"Matelas anti-escarres Novaform"}]},{"@type":"WebSite","@id":"https:\/\/www.kalfon-medical.co.il\/fr\/#website","url":"https:\/\/www.kalfon-medical.co.il\/fr\/","name":"Kalfon Medical Distribution","description":"Un site utilisant WordPress","potentialAction":[{"@type":"SearchAction","target":{"@type":"EntryPoint","urlTemplate":"https:\/\/www.kalfon-medical.co.il\/fr\/?s={search_term_string}"},"query-input":{"@type":"PropertyValueSpecification","valueRequired":true,"valueName":"search_term_string"}}],"inLanguage":"fr-FR"}]}},"_links":{"self":[{"href":"https:\/\/www.kalfon-medical.co.il\/fr\/wp-json\/wp\/v2\/product\/8337","targetHints":{"allow":["GET"]}}],"collection":[{"href":"https:\/\/www.kalfon-medical.co.il\/fr\/wp-json\/wp\/v2\/product"}],"about":[{"href":"https:\/\/www.kalfon-medical.co.il\/fr\/wp-json\/wp\/v2\/types\/product"}],"replies":[{"embeddable":true,"href":"https:\/\/www.kalfon-medical.co.il\/fr\/wp-json\/wp\/v2\/comments?post=8337"}],"version-history":[{"count":0,"href":"https:\/\/www.kalfon-medical.co.il\/fr\/wp-json\/wp\/v2\/product\/8337\/revisions"}],"wp:featuredmedia":[{"embeddable":true,"href":"https:\/\/www.kalfon-medical.co.il\/fr\/wp-json\/wp\/v2\/media\/4251"}],"wp:attachment":[{"href":"https:\/\/www.kalfon-medical.co.il\/fr\/wp-json\/wp\/v2\/media?parent=8337"}],"wp:term":[{"taxonomy":"product_brand","embeddable":true,"href":"https:\/\/www.kalfon-medical.co.il\/fr\/wp-json\/wp\/v2\/product_brand?post=8337"},{"taxonomy":"product_cat","embeddable":true,"href":"https:\/\/www.kalfon-medical.co.il\/fr\/wp-json\/wp\/v2\/product_cat?post=8337"},{"taxonomy":"product_tag","embeddable":true,"href":"https:\/\/www.kalfon-medical.co.il\/fr\/wp-json\/wp\/v2\/product_tag?post=8337"},{"taxonomy":"distributeur-exclusif","embeddable":true,"href":"https:\/\/www.kalfon-medical.co.il\/fr\/wp-json\/wp\/v2\/distributeur-exclusif?post=8337"},{"taxonomy":"marques","embeddable":true,"href":"https:\/\/www.kalfon-medical.co.il\/fr\/wp-json\/wp\/v2\/marques?post=8337"}],"curies":[{"name":"wp","href":"https:\/\/api.w.org\/{rel}","templated":true}]}}