{"id":828,"date":"2024-06-02T21:41:35","date_gmt":"2024-06-02T18:41:35","guid":{"rendered":"https:\/\/medical2.awebdesign4u.com\/produit\/fauteuil-releveur-primo-confort\/"},"modified":"2025-05-11T20:09:19","modified_gmt":"2025-05-11T17:09:19","slug":"fauteuil-releveur-primo-confort","status":"publish","type":"product","link":"https:\/\/www.kalfon-medical.co.il\/fr\/produit\/fauteuil-releveur-primo-confort\/","title":{"rendered":"FAUTEUIL RELEVEUR PRIMO CONFORT"},"content":{"rendered":"<p>Le design contemporain de notre fauteuil releveur Primo Confort permet de convenir \u00e0 tous les int\u00e9rieurs. Electrique, il est \u00e9quip\u00e9 d\u2019une structure renforc\u00e9e en acier peint permettant une utilisation confortable avec des utilisateurs jusqu\u2019\u00e0 120 kg. Gr\u00e2ce \u00e0 votre t\u00e9l\u00e9commande, vous pourrez vous installez en position relax ou vous relever doucement. Le dossier incurv\u00e9 permet un bon maintien de la t\u00eate et un confort d\u2019assise exceptionnel. \u00c9quip\u00e9 d\u2019un repose-jambes capitonn\u00e9 tr\u00e8s robuste. Pochette tr\u00e8s pratique pour ranger la t\u00e9l\u00e9commande et tout autre objet. Assise, repose-jambes et accoudoirs en mousse polyur\u00e9thane haute r\u00e9silience 60 kg\/m3. Dossier en fibres de polyester creuses pour un confort moelleux. Dimensions hors-tout : largeur. 66 x prof. 90 x haut. 102 cm. Dimensions assise : largeur. 48 x prof. 54 x haut. 49 cm. Hauteur dossier 63 cm. Poids 43 kg.<\/p>\n","protected":false},"excerpt":{"rendered":"<ul>\n<li>Fauteuil \u00e9lectrique avec position relax et relev\u00e9<\/li>\n<li>Repose-jambes capitonn\u00e9 robuste<\/li>\n<li>Pochette int\u00e9rieure de rangement<\/li>\n<\/ul>\n","protected":false},"featured_media":824,"comment_status":"open","ping_status":"closed","template":"","meta":{"_monsterinsights_skip_tracking":false,"_monsterinsights_sitenote_active":false,"_monsterinsights_sitenote_note":"","_monsterinsights_sitenote_category":0},"product_brand":[],"product_cat":[189,193],"product_tag":[],"distributeur-exclusif":[115],"marques":[],"class_list":{"0":"post-828","1":"product","2":"type-product","3":"status-publish","4":"has-post-thumbnail","6":"product_cat-chambre","7":"product_cat-fauteuils","8":"product_shipping_class-produits-encombrants-fr","9":"distributeur-exclusif-identites","10":"_wholesalex wsx-wholesalex-product","12":"first","13":"instock","14":"taxable","15":"shipping-taxable","16":"purchasable","17":"product-type-variable"},"yoast_head":"<!-- This site is optimized with the Yoast SEO plugin v27.5 - https:\/\/yoast.com\/product\/yoast-seo-wordpress\/ -->\n<title>FAUTEUIL RELEVEUR PRIMO CONFORT - Kalfon Medical Distribution<\/title>\n<meta name=\"robots\" content=\"index, follow, max-snippet:-1, max-image-preview:large, max-video-preview:-1\" \/>\n<link rel=\"canonical\" href=\"https:\/\/www.kalfon-medical.co.il\/fr\/produit\/fauteuil-releveur-primo-confort\/\" \/>\n<meta property=\"og:locale\" content=\"fr_FR\" \/>\n<meta property=\"og:type\" content=\"article\" \/>\n<meta property=\"og:title\" content=\"FAUTEUIL RELEVEUR PRIMO CONFORT - Kalfon Medical Distribution\" \/>\n<meta property=\"og:description\" content=\"Fauteuil \u00e9lectrique avec position relax et relev\u00e9  Repose-jambes capitonn\u00e9 robuste  Pochette int\u00e9rieure de rangement\" \/>\n<meta property=\"og:url\" content=\"https:\/\/www.kalfon-medical.co.il\/fr\/produit\/fauteuil-releveur-primo-confort\/\" \/>\n<meta property=\"og:site_name\" content=\"Kalfon Medical Distribution\" \/>\n<meta property=\"article:modified_time\" content=\"2025-05-11T17:09:19+00:00\" \/>\n<meta property=\"og:image\" content=\"https:\/\/www.kalfon-medical.co.il\/wp-content\/uploads\/2024\/06\/fauteuil-releveur-primo-confort-3.jpg\" \/>\n\t<meta property=\"og:image:width\" content=\"800\" \/>\n\t<meta property=\"og:image:height\" content=\"800\" \/>\n\t<meta property=\"og:image:type\" content=\"image\/jpeg\" \/>\n<meta name=\"twitter:card\" content=\"summary_large_image\" \/>\n<meta name=\"twitter:label1\" content=\"Dur\u00e9e de lecture estim\u00e9e\" \/>\n\t<meta name=\"twitter:data1\" content=\"1 minute\" \/>\n<script type=\"application\/ld+json\" class=\"yoast-schema-graph\">{\"@context\":\"https:\\\/\\\/schema.org\",\"@graph\":[{\"@type\":\"WebPage\",\"@id\":\"https:\\\/\\\/www.kalfon-medical.co.il\\\/fr\\\/produit\\\/fauteuil-releveur-primo-confort\\\/\",\"url\":\"https:\\\/\\\/www.kalfon-medical.co.il\\\/fr\\\/produit\\\/fauteuil-releveur-primo-confort\\\/\",\"name\":\"FAUTEUIL RELEVEUR PRIMO CONFORT - Kalfon Medical Distribution\",\"isPartOf\":{\"@id\":\"https:\\\/\\\/www.kalfon-medical.co.il\\\/fr\\\/#website\"},\"primaryImageOfPage\":{\"@id\":\"https:\\\/\\\/www.kalfon-medical.co.il\\\/fr\\\/produit\\\/fauteuil-releveur-primo-confort\\\/#primaryimage\"},\"image\":{\"@id\":\"https:\\\/\\\/www.kalfon-medical.co.il\\\/fr\\\/produit\\\/fauteuil-releveur-primo-confort\\\/#primaryimage\"},\"thumbnailUrl\":\"https:\\\/\\\/www.kalfon-medical.co.il\\\/wp-content\\\/uploads\\\/2024\\\/06\\\/fauteuil-releveur-primo-confort-3.jpg\",\"datePublished\":\"2024-06-02T18:41:35+00:00\",\"dateModified\":\"2025-05-11T17:09:19+00:00\",\"breadcrumb\":{\"@id\":\"https:\\\/\\\/www.kalfon-medical.co.il\\\/fr\\\/produit\\\/fauteuil-releveur-primo-confort\\\/#breadcrumb\"},\"inLanguage\":\"fr-FR\",\"potentialAction\":[{\"@type\":\"ReadAction\",\"target\":[\"https:\\\/\\\/www.kalfon-medical.co.il\\\/fr\\\/produit\\\/fauteuil-releveur-primo-confort\\\/\"]}]},{\"@type\":\"ImageObject\",\"inLanguage\":\"fr-FR\",\"@id\":\"https:\\\/\\\/www.kalfon-medical.co.il\\\/fr\\\/produit\\\/fauteuil-releveur-primo-confort\\\/#primaryimage\",\"url\":\"https:\\\/\\\/www.kalfon-medical.co.il\\\/wp-content\\\/uploads\\\/2024\\\/06\\\/fauteuil-releveur-primo-confort-3.jpg\",\"contentUrl\":\"https:\\\/\\\/www.kalfon-medical.co.il\\\/wp-content\\\/uploads\\\/2024\\\/06\\\/fauteuil-releveur-primo-confort-3.jpg\",\"width\":800,\"height\":800},{\"@type\":\"BreadcrumbList\",\"@id\":\"https:\\\/\\\/www.kalfon-medical.co.il\\\/fr\\\/produit\\\/fauteuil-releveur-primo-confort\\\/#breadcrumb\",\"itemListElement\":[{\"@type\":\"ListItem\",\"position\":1,\"name\":\"Home\",\"item\":\"https:\\\/\\\/www.kalfon-medical.co.il\\\/fr\\\/\"},{\"@type\":\"ListItem\",\"position\":2,\"name\":\"Boutique\",\"item\":\"https:\\\/\\\/www.kalfon-medical.co.il\\\/fr\\\/boutique\\\/\"},{\"@type\":\"ListItem\",\"position\":3,\"name\":\"FAUTEUIL RELEVEUR PRIMO CONFORT\"}]},{\"@type\":\"WebSite\",\"@id\":\"https:\\\/\\\/www.kalfon-medical.co.il\\\/fr\\\/#website\",\"url\":\"https:\\\/\\\/www.kalfon-medical.co.il\\\/fr\\\/\",\"name\":\"Kalfon Medical Distribution\",\"description\":\"Un site utilisant WordPress\",\"potentialAction\":[{\"@type\":\"SearchAction\",\"target\":{\"@type\":\"EntryPoint\",\"urlTemplate\":\"https:\\\/\\\/www.kalfon-medical.co.il\\\/fr\\\/?s={search_term_string}\"},\"query-input\":{\"@type\":\"PropertyValueSpecification\",\"valueRequired\":true,\"valueName\":\"search_term_string\"}}],\"inLanguage\":\"fr-FR\"}]}<\/script>\n<!-- \/ Yoast SEO plugin. -->","yoast_head_json":{"title":"FAUTEUIL RELEVEUR PRIMO CONFORT - Kalfon Medical Distribution","robots":{"index":"index","follow":"follow","max-snippet":"max-snippet:-1","max-image-preview":"max-image-preview:large","max-video-preview":"max-video-preview:-1"},"canonical":"https:\/\/www.kalfon-medical.co.il\/fr\/produit\/fauteuil-releveur-primo-confort\/","og_locale":"fr_FR","og_type":"article","og_title":"FAUTEUIL RELEVEUR PRIMO CONFORT - Kalfon Medical Distribution","og_description":"Fauteuil \u00e9lectrique avec position relax et relev\u00e9  Repose-jambes capitonn\u00e9 robuste  Pochette int\u00e9rieure de rangement","og_url":"https:\/\/www.kalfon-medical.co.il\/fr\/produit\/fauteuil-releveur-primo-confort\/","og_site_name":"Kalfon Medical Distribution","article_modified_time":"2025-05-11T17:09:19+00:00","og_image":[{"width":800,"height":800,"url":"https:\/\/www.kalfon-medical.co.il\/wp-content\/uploads\/2024\/06\/fauteuil-releveur-primo-confort-3.jpg","type":"image\/jpeg"}],"twitter_card":"summary_large_image","twitter_misc":{"Dur\u00e9e de lecture estim\u00e9e":"1 minute"},"schema":{"@context":"https:\/\/schema.org","@graph":[{"@type":"WebPage","@id":"https:\/\/www.kalfon-medical.co.il\/fr\/produit\/fauteuil-releveur-primo-confort\/","url":"https:\/\/www.kalfon-medical.co.il\/fr\/produit\/fauteuil-releveur-primo-confort\/","name":"FAUTEUIL RELEVEUR PRIMO CONFORT - Kalfon Medical Distribution","isPartOf":{"@id":"https:\/\/www.kalfon-medical.co.il\/fr\/#website"},"primaryImageOfPage":{"@id":"https:\/\/www.kalfon-medical.co.il\/fr\/produit\/fauteuil-releveur-primo-confort\/#primaryimage"},"image":{"@id":"https:\/\/www.kalfon-medical.co.il\/fr\/produit\/fauteuil-releveur-primo-confort\/#primaryimage"},"thumbnailUrl":"https:\/\/www.kalfon-medical.co.il\/wp-content\/uploads\/2024\/06\/fauteuil-releveur-primo-confort-3.jpg","datePublished":"2024-06-02T18:41:35+00:00","dateModified":"2025-05-11T17:09:19+00:00","breadcrumb":{"@id":"https:\/\/www.kalfon-medical.co.il\/fr\/produit\/fauteuil-releveur-primo-confort\/#breadcrumb"},"inLanguage":"fr-FR","potentialAction":[{"@type":"ReadAction","target":["https:\/\/www.kalfon-medical.co.il\/fr\/produit\/fauteuil-releveur-primo-confort\/"]}]},{"@type":"ImageObject","inLanguage":"fr-FR","@id":"https:\/\/www.kalfon-medical.co.il\/fr\/produit\/fauteuil-releveur-primo-confort\/#primaryimage","url":"https:\/\/www.kalfon-medical.co.il\/wp-content\/uploads\/2024\/06\/fauteuil-releveur-primo-confort-3.jpg","contentUrl":"https:\/\/www.kalfon-medical.co.il\/wp-content\/uploads\/2024\/06\/fauteuil-releveur-primo-confort-3.jpg","width":800,"height":800},{"@type":"BreadcrumbList","@id":"https:\/\/www.kalfon-medical.co.il\/fr\/produit\/fauteuil-releveur-primo-confort\/#breadcrumb","itemListElement":[{"@type":"ListItem","position":1,"name":"Home","item":"https:\/\/www.kalfon-medical.co.il\/fr\/"},{"@type":"ListItem","position":2,"name":"Boutique","item":"https:\/\/www.kalfon-medical.co.il\/fr\/boutique\/"},{"@type":"ListItem","position":3,"name":"FAUTEUIL RELEVEUR PRIMO CONFORT"}]},{"@type":"WebSite","@id":"https:\/\/www.kalfon-medical.co.il\/fr\/#website","url":"https:\/\/www.kalfon-medical.co.il\/fr\/","name":"Kalfon Medical Distribution","description":"Un site utilisant WordPress","potentialAction":[{"@type":"SearchAction","target":{"@type":"EntryPoint","urlTemplate":"https:\/\/www.kalfon-medical.co.il\/fr\/?s={search_term_string}"},"query-input":{"@type":"PropertyValueSpecification","valueRequired":true,"valueName":"search_term_string"}}],"inLanguage":"fr-FR"}]}},"_links":{"self":[{"href":"https:\/\/www.kalfon-medical.co.il\/fr\/wp-json\/wp\/v2\/product\/828","targetHints":{"allow":["GET"]}}],"collection":[{"href":"https:\/\/www.kalfon-medical.co.il\/fr\/wp-json\/wp\/v2\/product"}],"about":[{"href":"https:\/\/www.kalfon-medical.co.il\/fr\/wp-json\/wp\/v2\/types\/product"}],"replies":[{"embeddable":true,"href":"https:\/\/www.kalfon-medical.co.il\/fr\/wp-json\/wp\/v2\/comments?post=828"}],"version-history":[{"count":0,"href":"https:\/\/www.kalfon-medical.co.il\/fr\/wp-json\/wp\/v2\/product\/828\/revisions"}],"wp:featuredmedia":[{"embeddable":true,"href":"https:\/\/www.kalfon-medical.co.il\/fr\/wp-json\/wp\/v2\/media\/824"}],"wp:attachment":[{"href":"https:\/\/www.kalfon-medical.co.il\/fr\/wp-json\/wp\/v2\/media?parent=828"}],"wp:term":[{"taxonomy":"product_brand","embeddable":true,"href":"https:\/\/www.kalfon-medical.co.il\/fr\/wp-json\/wp\/v2\/product_brand?post=828"},{"taxonomy":"product_cat","embeddable":true,"href":"https:\/\/www.kalfon-medical.co.il\/fr\/wp-json\/wp\/v2\/product_cat?post=828"},{"taxonomy":"product_tag","embeddable":true,"href":"https:\/\/www.kalfon-medical.co.il\/fr\/wp-json\/wp\/v2\/product_tag?post=828"},{"taxonomy":"distributeur-exclusif","embeddable":true,"href":"https:\/\/www.kalfon-medical.co.il\/fr\/wp-json\/wp\/v2\/distributeur-exclusif?post=828"},{"taxonomy":"marques","embeddable":true,"href":"https:\/\/www.kalfon-medical.co.il\/fr\/wp-json\/wp\/v2\/marques?post=828"}],"curies":[{"name":"wp","href":"https:\/\/api.w.org\/{rel}","templated":true}]}}