{"id":7980,"date":"2025-06-11T15:21:54","date_gmt":"2025-06-11T12:21:54","guid":{"rendered":"https:\/\/www.kalfon-medical.co.il\/product\/le-fauteuil-roulant-motorise-ne-pese-que-15-kg-et-se-plie-facilement\/"},"modified":"2025-06-11T15:21:54","modified_gmt":"2025-06-11T12:21:54","slug":"le-fauteuil-roulant-motorise-ne-pese-que-15-kg-et-se-plie-facilement","status":"publish","type":"product","link":"https:\/\/www.kalfon-medical.co.il\/fr\/produit\/le-fauteuil-roulant-motorise-ne-pese-que-15-kg-et-se-plie-facilement\/","title":{"rendered":"Le fauteuil roulant motoris\u00e9 ne p\u00e8se que 15 kg et se plie facilement"},"content":{"rendered":"<p>Fauteuil roulant \u00e9lectrique l\u00e9ger !!<\/p>\n<p>Seulement 15 kilogrammes.<\/p>\n<p>Id\u00e9al pour mettre dans la voiture, se plie facilement.<\/p>\n<p>Largeur ext\u00e9rieure tr\u00e8s \u00e9troite \u2013 53 cm \u2013 adapt\u00e9e \u00e0 toutes les portes et \u00e0 tous les ascenseurs, m\u00eame les plus \u00e9troits.<\/p>\n<p>Moteur \u00e9conomique<\/p>\n<p>Autonomie de 15 kilom\u00e8tres en continu sans recharge.<\/p>\n<p>Le joystick peut \u00eatre fix\u00e9 sur la poign\u00e9e droite ou gauche selon les besoins.<\/p>\n<p>&nbsp;<\/p>\n<p>&nbsp;<\/p>\n<p>P15<\/p>\n","protected":false},"excerpt":{"rendered":"<ul>\n<li>Leger<\/li>\n<li>Seulement 15 kg<\/li>\n<li>Se plie facilement et entre dans n&#8217;importe quel v\u00e9hicule<\/li>\n<\/ul>\n","protected":false},"featured_media":7923,"comment_status":"open","ping_status":"closed","template":"","meta":{"_monsterinsights_skip_tracking":false,"_monsterinsights_sitenote_active":false,"_monsterinsights_sitenote_note":"","_monsterinsights_sitenote_category":0},"product_brand":[],"product_cat":[83],"product_tag":[],"distributeur-exclusif":[],"marques":[],"class_list":{"0":"post-7980","1":"product","2":"type-product","3":"status-publish","4":"has-post-thumbnail","6":"product_cat-fauteuil-roulant","7":"product_shipping_class-produits-encombrants-fr","8":"_wholesalex wsx-wholesalex-product","10":"first","11":"instock","12":"taxable","13":"shipping-taxable","14":"purchasable","15":"product-type-simple"},"yoast_head":"<!-- This site is optimized with the Yoast SEO plugin v27.5 - https:\/\/yoast.com\/product\/yoast-seo-wordpress\/ -->\n<title>Le fauteuil roulant motoris\u00e9 ne p\u00e8se que 15 kg et se plie facilement - Kalfon Medical Distribution<\/title>\n<meta name=\"robots\" content=\"index, follow, max-snippet:-1, max-image-preview:large, max-video-preview:-1\" \/>\n<link rel=\"canonical\" href=\"https:\/\/www.kalfon-medical.co.il\/fr\/produit\/le-fauteuil-roulant-motorise-ne-pese-que-15-kg-et-se-plie-facilement\/\" \/>\n<meta property=\"og:locale\" content=\"fr_FR\" \/>\n<meta property=\"og:type\" content=\"article\" \/>\n<meta property=\"og:title\" content=\"Le fauteuil roulant motoris\u00e9 ne p\u00e8se que 15 kg et se plie facilement - Kalfon Medical Distribution\" \/>\n<meta property=\"og:description\" content=\"Leger  Seulement 15 kg  Se plie facilement et entre dans n&#039;importe quel v\u00e9hicule\" \/>\n<meta property=\"og:url\" content=\"https:\/\/www.kalfon-medical.co.il\/fr\/produit\/le-fauteuil-roulant-motorise-ne-pese-que-15-kg-et-se-plie-facilement\/\" \/>\n<meta property=\"og:site_name\" content=\"Kalfon Medical Distribution\" \/>\n<meta name=\"twitter:card\" content=\"summary_large_image\" \/>\n<script type=\"application\/ld+json\" class=\"yoast-schema-graph\">{\"@context\":\"https:\\\/\\\/schema.org\",\"@graph\":[{\"@type\":\"WebPage\",\"@id\":\"https:\\\/\\\/www.kalfon-medical.co.il\\\/fr\\\/produit\\\/le-fauteuil-roulant-motorise-ne-pese-que-15-kg-et-se-plie-facilement\\\/\",\"url\":\"https:\\\/\\\/www.kalfon-medical.co.il\\\/fr\\\/produit\\\/le-fauteuil-roulant-motorise-ne-pese-que-15-kg-et-se-plie-facilement\\\/\",\"name\":\"Le fauteuil roulant motoris\u00e9 ne p\u00e8se que 15 kg et se plie facilement - Kalfon Medical Distribution\",\"isPartOf\":{\"@id\":\"https:\\\/\\\/www.kalfon-medical.co.il\\\/fr\\\/#website\"},\"primaryImageOfPage\":{\"@id\":\"https:\\\/\\\/www.kalfon-medical.co.il\\\/fr\\\/produit\\\/le-fauteuil-roulant-motorise-ne-pese-que-15-kg-et-se-plie-facilement\\\/#primaryimage\"},\"image\":{\"@id\":\"https:\\\/\\\/www.kalfon-medical.co.il\\\/fr\\\/produit\\\/le-fauteuil-roulant-motorise-ne-pese-que-15-kg-et-se-plie-facilement\\\/#primaryimage\"},\"thumbnailUrl\":\"https:\\\/\\\/www.kalfon-medical.co.il\\\/wp-content\\\/uploads\\\/2025\\\/06\\\/PHOTO-2023-02-08-09-23-571.jpg.avif\",\"datePublished\":\"2025-06-11T12:21:54+00:00\",\"breadcrumb\":{\"@id\":\"https:\\\/\\\/www.kalfon-medical.co.il\\\/fr\\\/produit\\\/le-fauteuil-roulant-motorise-ne-pese-que-15-kg-et-se-plie-facilement\\\/#breadcrumb\"},\"inLanguage\":\"fr-FR\",\"potentialAction\":[{\"@type\":\"ReadAction\",\"target\":[\"https:\\\/\\\/www.kalfon-medical.co.il\\\/fr\\\/produit\\\/le-fauteuil-roulant-motorise-ne-pese-que-15-kg-et-se-plie-facilement\\\/\"]}]},{\"@type\":\"ImageObject\",\"inLanguage\":\"fr-FR\",\"@id\":\"https:\\\/\\\/www.kalfon-medical.co.il\\\/fr\\\/produit\\\/le-fauteuil-roulant-motorise-ne-pese-que-15-kg-et-se-plie-facilement\\\/#primaryimage\",\"url\":\"https:\\\/\\\/www.kalfon-medical.co.il\\\/wp-content\\\/uploads\\\/2025\\\/06\\\/PHOTO-2023-02-08-09-23-571.jpg.avif\",\"contentUrl\":\"https:\\\/\\\/www.kalfon-medical.co.il\\\/wp-content\\\/uploads\\\/2025\\\/06\\\/PHOTO-2023-02-08-09-23-571.jpg.avif\",\"width\":1000,\"height\":1000},{\"@type\":\"BreadcrumbList\",\"@id\":\"https:\\\/\\\/www.kalfon-medical.co.il\\\/fr\\\/produit\\\/le-fauteuil-roulant-motorise-ne-pese-que-15-kg-et-se-plie-facilement\\\/#breadcrumb\",\"itemListElement\":[{\"@type\":\"ListItem\",\"position\":1,\"name\":\"Home\",\"item\":\"https:\\\/\\\/www.kalfon-medical.co.il\\\/fr\\\/\"},{\"@type\":\"ListItem\",\"position\":2,\"name\":\"Boutique\",\"item\":\"https:\\\/\\\/www.kalfon-medical.co.il\\\/fr\\\/boutique\\\/\"},{\"@type\":\"ListItem\",\"position\":3,\"name\":\"Le fauteuil roulant motoris\u00e9 ne p\u00e8se que 15 kg et se plie facilement\"}]},{\"@type\":\"WebSite\",\"@id\":\"https:\\\/\\\/www.kalfon-medical.co.il\\\/fr\\\/#website\",\"url\":\"https:\\\/\\\/www.kalfon-medical.co.il\\\/fr\\\/\",\"name\":\"Kalfon Medical Distribution\",\"description\":\"Un site utilisant WordPress\",\"potentialAction\":[{\"@type\":\"SearchAction\",\"target\":{\"@type\":\"EntryPoint\",\"urlTemplate\":\"https:\\\/\\\/www.kalfon-medical.co.il\\\/fr\\\/?s={search_term_string}\"},\"query-input\":{\"@type\":\"PropertyValueSpecification\",\"valueRequired\":true,\"valueName\":\"search_term_string\"}}],\"inLanguage\":\"fr-FR\"}]}<\/script>\n<!-- \/ Yoast SEO plugin. -->","yoast_head_json":{"title":"Le fauteuil roulant motoris\u00e9 ne p\u00e8se que 15 kg et se plie facilement - Kalfon Medical Distribution","robots":{"index":"index","follow":"follow","max-snippet":"max-snippet:-1","max-image-preview":"max-image-preview:large","max-video-preview":"max-video-preview:-1"},"canonical":"https:\/\/www.kalfon-medical.co.il\/fr\/produit\/le-fauteuil-roulant-motorise-ne-pese-que-15-kg-et-se-plie-facilement\/","og_locale":"fr_FR","og_type":"article","og_title":"Le fauteuil roulant motoris\u00e9 ne p\u00e8se que 15 kg et se plie facilement - Kalfon Medical Distribution","og_description":"Leger  Seulement 15 kg  Se plie facilement et entre dans n'importe quel v\u00e9hicule","og_url":"https:\/\/www.kalfon-medical.co.il\/fr\/produit\/le-fauteuil-roulant-motorise-ne-pese-que-15-kg-et-se-plie-facilement\/","og_site_name":"Kalfon Medical Distribution","twitter_card":"summary_large_image","schema":{"@context":"https:\/\/schema.org","@graph":[{"@type":"WebPage","@id":"https:\/\/www.kalfon-medical.co.il\/fr\/produit\/le-fauteuil-roulant-motorise-ne-pese-que-15-kg-et-se-plie-facilement\/","url":"https:\/\/www.kalfon-medical.co.il\/fr\/produit\/le-fauteuil-roulant-motorise-ne-pese-que-15-kg-et-se-plie-facilement\/","name":"Le fauteuil roulant motoris\u00e9 ne p\u00e8se que 15 kg et se plie facilement - Kalfon Medical Distribution","isPartOf":{"@id":"https:\/\/www.kalfon-medical.co.il\/fr\/#website"},"primaryImageOfPage":{"@id":"https:\/\/www.kalfon-medical.co.il\/fr\/produit\/le-fauteuil-roulant-motorise-ne-pese-que-15-kg-et-se-plie-facilement\/#primaryimage"},"image":{"@id":"https:\/\/www.kalfon-medical.co.il\/fr\/produit\/le-fauteuil-roulant-motorise-ne-pese-que-15-kg-et-se-plie-facilement\/#primaryimage"},"thumbnailUrl":"https:\/\/www.kalfon-medical.co.il\/wp-content\/uploads\/2025\/06\/PHOTO-2023-02-08-09-23-571.jpg.avif","datePublished":"2025-06-11T12:21:54+00:00","breadcrumb":{"@id":"https:\/\/www.kalfon-medical.co.il\/fr\/produit\/le-fauteuil-roulant-motorise-ne-pese-que-15-kg-et-se-plie-facilement\/#breadcrumb"},"inLanguage":"fr-FR","potentialAction":[{"@type":"ReadAction","target":["https:\/\/www.kalfon-medical.co.il\/fr\/produit\/le-fauteuil-roulant-motorise-ne-pese-que-15-kg-et-se-plie-facilement\/"]}]},{"@type":"ImageObject","inLanguage":"fr-FR","@id":"https:\/\/www.kalfon-medical.co.il\/fr\/produit\/le-fauteuil-roulant-motorise-ne-pese-que-15-kg-et-se-plie-facilement\/#primaryimage","url":"https:\/\/www.kalfon-medical.co.il\/wp-content\/uploads\/2025\/06\/PHOTO-2023-02-08-09-23-571.jpg.avif","contentUrl":"https:\/\/www.kalfon-medical.co.il\/wp-content\/uploads\/2025\/06\/PHOTO-2023-02-08-09-23-571.jpg.avif","width":1000,"height":1000},{"@type":"BreadcrumbList","@id":"https:\/\/www.kalfon-medical.co.il\/fr\/produit\/le-fauteuil-roulant-motorise-ne-pese-que-15-kg-et-se-plie-facilement\/#breadcrumb","itemListElement":[{"@type":"ListItem","position":1,"name":"Home","item":"https:\/\/www.kalfon-medical.co.il\/fr\/"},{"@type":"ListItem","position":2,"name":"Boutique","item":"https:\/\/www.kalfon-medical.co.il\/fr\/boutique\/"},{"@type":"ListItem","position":3,"name":"Le fauteuil roulant motoris\u00e9 ne p\u00e8se que 15 kg et se plie facilement"}]},{"@type":"WebSite","@id":"https:\/\/www.kalfon-medical.co.il\/fr\/#website","url":"https:\/\/www.kalfon-medical.co.il\/fr\/","name":"Kalfon Medical Distribution","description":"Un site utilisant WordPress","potentialAction":[{"@type":"SearchAction","target":{"@type":"EntryPoint","urlTemplate":"https:\/\/www.kalfon-medical.co.il\/fr\/?s={search_term_string}"},"query-input":{"@type":"PropertyValueSpecification","valueRequired":true,"valueName":"search_term_string"}}],"inLanguage":"fr-FR"}]}},"_links":{"self":[{"href":"https:\/\/www.kalfon-medical.co.il\/fr\/wp-json\/wp\/v2\/product\/7980","targetHints":{"allow":["GET"]}}],"collection":[{"href":"https:\/\/www.kalfon-medical.co.il\/fr\/wp-json\/wp\/v2\/product"}],"about":[{"href":"https:\/\/www.kalfon-medical.co.il\/fr\/wp-json\/wp\/v2\/types\/product"}],"replies":[{"embeddable":true,"href":"https:\/\/www.kalfon-medical.co.il\/fr\/wp-json\/wp\/v2\/comments?post=7980"}],"version-history":[{"count":0,"href":"https:\/\/www.kalfon-medical.co.il\/fr\/wp-json\/wp\/v2\/product\/7980\/revisions"}],"wp:featuredmedia":[{"embeddable":true,"href":"https:\/\/www.kalfon-medical.co.il\/fr\/wp-json\/wp\/v2\/media\/7923"}],"wp:attachment":[{"href":"https:\/\/www.kalfon-medical.co.il\/fr\/wp-json\/wp\/v2\/media?parent=7980"}],"wp:term":[{"taxonomy":"product_brand","embeddable":true,"href":"https:\/\/www.kalfon-medical.co.il\/fr\/wp-json\/wp\/v2\/product_brand?post=7980"},{"taxonomy":"product_cat","embeddable":true,"href":"https:\/\/www.kalfon-medical.co.il\/fr\/wp-json\/wp\/v2\/product_cat?post=7980"},{"taxonomy":"product_tag","embeddable":true,"href":"https:\/\/www.kalfon-medical.co.il\/fr\/wp-json\/wp\/v2\/product_tag?post=7980"},{"taxonomy":"distributeur-exclusif","embeddable":true,"href":"https:\/\/www.kalfon-medical.co.il\/fr\/wp-json\/wp\/v2\/distributeur-exclusif?post=7980"},{"taxonomy":"marques","embeddable":true,"href":"https:\/\/www.kalfon-medical.co.il\/fr\/wp-json\/wp\/v2\/marques?post=7980"}],"curies":[{"name":"wp","href":"https:\/\/api.w.org\/{rel}","templated":true}]}}