{"id":712,"date":"2024-05-31T08:50:15","date_gmt":"2024-05-31T05:50:15","guid":{"rendered":"http:\/\/www.kalfon-medical.co.il\/produit\/cadre-de-marche-pliant-avec-2-roues\/"},"modified":"2024-05-31T08:50:15","modified_gmt":"2024-05-31T06:50:15","slug":"cadre-de-marche-pliant-avec-2-roues","status":"publish","type":"product","link":"https:\/\/www.kalfon-medical.co.il\/fr\/produit\/cadre-de-marche-pliant-avec-2-roues\/","title":{"rendered":"CADRE DE MARCHE PLIANT avec 2 roues"},"content":{"rendered":"<p>Notre cadre de marche pliant permet de marcher en toute s\u00e9curit\u00e9 en int\u00e9rieur. Pliage rapide gr\u00e2ce au bouton rotatif situ\u00e9 au-milieu du cadre. Mod\u00e8le disponible avec 2 roulettes pour favoriser les d\u00e9placements. Structure en aluminium anodis\u00e9 diam\u00e8tre 25mm. Poign\u00e9es PVC. Mod\u00e8le sans roues : &#8211; Dimensions au sol : larg. 60 x prof. 47 cm. &#8211; Hauteur poign\u00e9es r\u00e9glable en 8 positions de 77 \u00e0 96,5 cm. &#8211; Larg. entre les poign\u00e9es 43 cm. &#8211; Poids 2,55 kg. Mod\u00e8le avec roues : &#8211; Dimensions au sol : larg. 60 x prof. 49,5 cm. &#8211; Hauteur poign\u00e9es r\u00e9glable en 8 positions de 77 \u00e0 96,5 cm. &#8211; Larg. entre les poign\u00e9es 43 cm. &#8211; Poids 3,4 kg. Poids maximum autoris\u00e9 120kg.  <\/p>\n","protected":false},"excerpt":{"rendered":"<ul>\n<li>Pliage \u00e0 plat<br \/>\nEquip\u00e9 de 2 roues 5&#8221;<\/li>\n<\/ul>\n","protected":false},"featured_media":4181,"comment_status":"open","ping_status":"closed","template":"","meta":{"_monsterinsights_skip_tracking":false,"_monsterinsights_sitenote_active":false,"_monsterinsights_sitenote_note":"","_monsterinsights_sitenote_category":0},"product_brand":[],"product_cat":[183,28,29],"product_tag":[],"distributeur-exclusif":[],"marques":[],"class_list":{"0":"post-712","1":"product","2":"type-product","3":"status-publish","4":"has-post-thumbnail","6":"product_cat-accessoire-marche","7":"product_cat-mobilite","8":"product_cat-rollator","9":"_wholesalex wsx-wholesalex-product","11":"first","12":"instock","13":"taxable","14":"shipping-taxable","15":"purchasable","16":"product-type-simple"},"yoast_head":"<!-- This site is optimized with the Yoast SEO plugin v27.5 - https:\/\/yoast.com\/product\/yoast-seo-wordpress\/ -->\n<title>CADRE DE MARCHE PLIANT avec 2 roues - Kalfon Medical Distribution<\/title>\n<meta name=\"robots\" content=\"index, follow, max-snippet:-1, max-image-preview:large, max-video-preview:-1\" \/>\n<link rel=\"canonical\" href=\"https:\/\/www.kalfon-medical.co.il\/fr\/produit\/cadre-de-marche-pliant-avec-2-roues\/\" \/>\n<meta property=\"og:locale\" content=\"fr_FR\" \/>\n<meta property=\"og:type\" content=\"article\" \/>\n<meta property=\"og:title\" content=\"CADRE DE MARCHE PLIANT avec 2 roues - Kalfon Medical Distribution\" \/>\n<meta property=\"og:description\" content=\"Pliage \u00e0 plat Equip\u00e9 de 2 roues 5&#039;&#039;\" \/>\n<meta property=\"og:url\" content=\"https:\/\/www.kalfon-medical.co.il\/fr\/produit\/cadre-de-marche-pliant-avec-2-roues\/\" \/>\n<meta property=\"og:site_name\" content=\"Kalfon Medical Distribution\" \/>\n<meta property=\"article:modified_time\" content=\"2024-05-31T06:50:15+00:00\" \/>\n<meta property=\"og:image\" content=\"https:\/\/www.kalfon-medical.co.il\/wp-content\/uploads\/2024\/05\/cadre-marche-pliant-3.jpg\" \/>\n\t<meta property=\"og:image:width\" content=\"800\" \/>\n\t<meta property=\"og:image:height\" content=\"800\" \/>\n\t<meta property=\"og:image:type\" content=\"image\/jpeg\" \/>\n<meta name=\"twitter:card\" content=\"summary_large_image\" \/>\n<meta name=\"twitter:label1\" content=\"Dur\u00e9e de lecture estim\u00e9e\" \/>\n\t<meta name=\"twitter:data1\" content=\"1 minute\" \/>\n<script type=\"application\/ld+json\" class=\"yoast-schema-graph\">{\"@context\":\"https:\\\/\\\/schema.org\",\"@graph\":[{\"@type\":\"WebPage\",\"@id\":\"https:\\\/\\\/www.kalfon-medical.co.il\\\/fr\\\/produit\\\/cadre-de-marche-pliant-avec-2-roues\\\/\",\"url\":\"https:\\\/\\\/www.kalfon-medical.co.il\\\/fr\\\/produit\\\/cadre-de-marche-pliant-avec-2-roues\\\/\",\"name\":\"CADRE DE MARCHE PLIANT avec 2 roues - Kalfon Medical Distribution\",\"isPartOf\":{\"@id\":\"https:\\\/\\\/www.kalfon-medical.co.il\\\/fr\\\/#website\"},\"primaryImageOfPage\":{\"@id\":\"https:\\\/\\\/www.kalfon-medical.co.il\\\/fr\\\/produit\\\/cadre-de-marche-pliant-avec-2-roues\\\/#primaryimage\"},\"image\":{\"@id\":\"https:\\\/\\\/www.kalfon-medical.co.il\\\/fr\\\/produit\\\/cadre-de-marche-pliant-avec-2-roues\\\/#primaryimage\"},\"thumbnailUrl\":\"https:\\\/\\\/www.kalfon-medical.co.il\\\/wp-content\\\/uploads\\\/2024\\\/05\\\/cadre-marche-pliant-3.jpg\",\"datePublished\":\"2024-05-31T05:50:15+00:00\",\"dateModified\":\"2024-05-31T06:50:15+00:00\",\"breadcrumb\":{\"@id\":\"https:\\\/\\\/www.kalfon-medical.co.il\\\/fr\\\/produit\\\/cadre-de-marche-pliant-avec-2-roues\\\/#breadcrumb\"},\"inLanguage\":\"fr-FR\",\"potentialAction\":[{\"@type\":\"ReadAction\",\"target\":[\"https:\\\/\\\/www.kalfon-medical.co.il\\\/fr\\\/produit\\\/cadre-de-marche-pliant-avec-2-roues\\\/\"]}]},{\"@type\":\"ImageObject\",\"inLanguage\":\"fr-FR\",\"@id\":\"https:\\\/\\\/www.kalfon-medical.co.il\\\/fr\\\/produit\\\/cadre-de-marche-pliant-avec-2-roues\\\/#primaryimage\",\"url\":\"https:\\\/\\\/www.kalfon-medical.co.il\\\/wp-content\\\/uploads\\\/2024\\\/05\\\/cadre-marche-pliant-3.jpg\",\"contentUrl\":\"https:\\\/\\\/www.kalfon-medical.co.il\\\/wp-content\\\/uploads\\\/2024\\\/05\\\/cadre-marche-pliant-3.jpg\",\"width\":800,\"height\":800},{\"@type\":\"BreadcrumbList\",\"@id\":\"https:\\\/\\\/www.kalfon-medical.co.il\\\/fr\\\/produit\\\/cadre-de-marche-pliant-avec-2-roues\\\/#breadcrumb\",\"itemListElement\":[{\"@type\":\"ListItem\",\"position\":1,\"name\":\"Home\",\"item\":\"https:\\\/\\\/www.kalfon-medical.co.il\\\/fr\\\/\"},{\"@type\":\"ListItem\",\"position\":2,\"name\":\"Boutique\",\"item\":\"https:\\\/\\\/www.kalfon-medical.co.il\\\/fr\\\/boutique\\\/\"},{\"@type\":\"ListItem\",\"position\":3,\"name\":\"CADRE DE MARCHE PLIANT avec 2 roues\"}]},{\"@type\":\"WebSite\",\"@id\":\"https:\\\/\\\/www.kalfon-medical.co.il\\\/fr\\\/#website\",\"url\":\"https:\\\/\\\/www.kalfon-medical.co.il\\\/fr\\\/\",\"name\":\"Kalfon Medical Distribution\",\"description\":\"Un site utilisant WordPress\",\"potentialAction\":[{\"@type\":\"SearchAction\",\"target\":{\"@type\":\"EntryPoint\",\"urlTemplate\":\"https:\\\/\\\/www.kalfon-medical.co.il\\\/fr\\\/?s={search_term_string}\"},\"query-input\":{\"@type\":\"PropertyValueSpecification\",\"valueRequired\":true,\"valueName\":\"search_term_string\"}}],\"inLanguage\":\"fr-FR\"}]}<\/script>\n<!-- \/ Yoast SEO plugin. -->","yoast_head_json":{"title":"CADRE DE MARCHE PLIANT avec 2 roues - Kalfon Medical Distribution","robots":{"index":"index","follow":"follow","max-snippet":"max-snippet:-1","max-image-preview":"max-image-preview:large","max-video-preview":"max-video-preview:-1"},"canonical":"https:\/\/www.kalfon-medical.co.il\/fr\/produit\/cadre-de-marche-pliant-avec-2-roues\/","og_locale":"fr_FR","og_type":"article","og_title":"CADRE DE MARCHE PLIANT avec 2 roues - Kalfon Medical Distribution","og_description":"Pliage \u00e0 plat Equip\u00e9 de 2 roues 5''","og_url":"https:\/\/www.kalfon-medical.co.il\/fr\/produit\/cadre-de-marche-pliant-avec-2-roues\/","og_site_name":"Kalfon Medical Distribution","article_modified_time":"2024-05-31T06:50:15+00:00","og_image":[{"width":800,"height":800,"url":"https:\/\/www.kalfon-medical.co.il\/wp-content\/uploads\/2024\/05\/cadre-marche-pliant-3.jpg","type":"image\/jpeg"}],"twitter_card":"summary_large_image","twitter_misc":{"Dur\u00e9e de lecture estim\u00e9e":"1 minute"},"schema":{"@context":"https:\/\/schema.org","@graph":[{"@type":"WebPage","@id":"https:\/\/www.kalfon-medical.co.il\/fr\/produit\/cadre-de-marche-pliant-avec-2-roues\/","url":"https:\/\/www.kalfon-medical.co.il\/fr\/produit\/cadre-de-marche-pliant-avec-2-roues\/","name":"CADRE DE MARCHE PLIANT avec 2 roues - Kalfon Medical Distribution","isPartOf":{"@id":"https:\/\/www.kalfon-medical.co.il\/fr\/#website"},"primaryImageOfPage":{"@id":"https:\/\/www.kalfon-medical.co.il\/fr\/produit\/cadre-de-marche-pliant-avec-2-roues\/#primaryimage"},"image":{"@id":"https:\/\/www.kalfon-medical.co.il\/fr\/produit\/cadre-de-marche-pliant-avec-2-roues\/#primaryimage"},"thumbnailUrl":"https:\/\/www.kalfon-medical.co.il\/wp-content\/uploads\/2024\/05\/cadre-marche-pliant-3.jpg","datePublished":"2024-05-31T05:50:15+00:00","dateModified":"2024-05-31T06:50:15+00:00","breadcrumb":{"@id":"https:\/\/www.kalfon-medical.co.il\/fr\/produit\/cadre-de-marche-pliant-avec-2-roues\/#breadcrumb"},"inLanguage":"fr-FR","potentialAction":[{"@type":"ReadAction","target":["https:\/\/www.kalfon-medical.co.il\/fr\/produit\/cadre-de-marche-pliant-avec-2-roues\/"]}]},{"@type":"ImageObject","inLanguage":"fr-FR","@id":"https:\/\/www.kalfon-medical.co.il\/fr\/produit\/cadre-de-marche-pliant-avec-2-roues\/#primaryimage","url":"https:\/\/www.kalfon-medical.co.il\/wp-content\/uploads\/2024\/05\/cadre-marche-pliant-3.jpg","contentUrl":"https:\/\/www.kalfon-medical.co.il\/wp-content\/uploads\/2024\/05\/cadre-marche-pliant-3.jpg","width":800,"height":800},{"@type":"BreadcrumbList","@id":"https:\/\/www.kalfon-medical.co.il\/fr\/produit\/cadre-de-marche-pliant-avec-2-roues\/#breadcrumb","itemListElement":[{"@type":"ListItem","position":1,"name":"Home","item":"https:\/\/www.kalfon-medical.co.il\/fr\/"},{"@type":"ListItem","position":2,"name":"Boutique","item":"https:\/\/www.kalfon-medical.co.il\/fr\/boutique\/"},{"@type":"ListItem","position":3,"name":"CADRE DE MARCHE PLIANT avec 2 roues"}]},{"@type":"WebSite","@id":"https:\/\/www.kalfon-medical.co.il\/fr\/#website","url":"https:\/\/www.kalfon-medical.co.il\/fr\/","name":"Kalfon Medical Distribution","description":"Un site utilisant WordPress","potentialAction":[{"@type":"SearchAction","target":{"@type":"EntryPoint","urlTemplate":"https:\/\/www.kalfon-medical.co.il\/fr\/?s={search_term_string}"},"query-input":{"@type":"PropertyValueSpecification","valueRequired":true,"valueName":"search_term_string"}}],"inLanguage":"fr-FR"}]}},"_links":{"self":[{"href":"https:\/\/www.kalfon-medical.co.il\/fr\/wp-json\/wp\/v2\/product\/712","targetHints":{"allow":["GET"]}}],"collection":[{"href":"https:\/\/www.kalfon-medical.co.il\/fr\/wp-json\/wp\/v2\/product"}],"about":[{"href":"https:\/\/www.kalfon-medical.co.il\/fr\/wp-json\/wp\/v2\/types\/product"}],"replies":[{"embeddable":true,"href":"https:\/\/www.kalfon-medical.co.il\/fr\/wp-json\/wp\/v2\/comments?post=712"}],"version-history":[{"count":0,"href":"https:\/\/www.kalfon-medical.co.il\/fr\/wp-json\/wp\/v2\/product\/712\/revisions"}],"wp:featuredmedia":[{"embeddable":true,"href":"https:\/\/www.kalfon-medical.co.il\/fr\/wp-json\/wp\/v2\/media\/4181"}],"wp:attachment":[{"href":"https:\/\/www.kalfon-medical.co.il\/fr\/wp-json\/wp\/v2\/media?parent=712"}],"wp:term":[{"taxonomy":"product_brand","embeddable":true,"href":"https:\/\/www.kalfon-medical.co.il\/fr\/wp-json\/wp\/v2\/product_brand?post=712"},{"taxonomy":"product_cat","embeddable":true,"href":"https:\/\/www.kalfon-medical.co.il\/fr\/wp-json\/wp\/v2\/product_cat?post=712"},{"taxonomy":"product_tag","embeddable":true,"href":"https:\/\/www.kalfon-medical.co.il\/fr\/wp-json\/wp\/v2\/product_tag?post=712"},{"taxonomy":"distributeur-exclusif","embeddable":true,"href":"https:\/\/www.kalfon-medical.co.il\/fr\/wp-json\/wp\/v2\/distributeur-exclusif?post=712"},{"taxonomy":"marques","embeddable":true,"href":"https:\/\/www.kalfon-medical.co.il\/fr\/wp-json\/wp\/v2\/marques?post=712"}],"curies":[{"name":"wp","href":"https:\/\/api.w.org\/{rel}","templated":true}]}}