{"id":7097,"date":"2025-06-03T13:31:56","date_gmt":"2025-06-03T10:31:56","guid":{"rendered":"https:\/\/www.kalfon-medical.co.il\/product\/semelle-interieure-steadysole\/"},"modified":"2025-06-11T12:29:31","modified_gmt":"2025-06-11T09:29:31","slug":"semelle-interieure-steadysole","status":"publish","type":"product","link":"https:\/\/www.kalfon-medical.co.il\/fr\/produit\/semelle-interieure-steadysole\/","title":{"rendered":"Semelle de confort sur mesure Steadysole 3D"},"content":{"rendered":"<p data-start=\"146\" data-end=\"205\"><strong data-start=\"146\" data-end=\"205\">Semelles SteadySole 3D \u2013 pour un confort personnalis\u00e9, jour apr\u00e8s jour<\/strong><\/p>\n<p data-start=\"207\" data-end=\"244\">Chaque pied m\u00e9rite un confort maximal au quotidien.<\/p>\n<p data-start=\"246\" data-end=\"390\">Les semelles SteadySole 3D sont sp\u00e9cifiquement adapt\u00e9es \u00e0 la structure unique de vos pieds, gr\u00e2ce \u00e0 un processus de fabrication sur mesure utilisant une technologie d&#8217;impression 3D de haute pr\u00e9cision.<\/p>\n<p data-start=\"392\" data-end=\"524\">Les semelles vous accompagneront au quotidien, am\u00e9lioreront votre confort personnel, r\u00e9duiront les douleurs existantes et aideront \u00e0 pr\u00e9venir les probl\u00e8mes li\u00e9s \u00e0 la posture, \u00e0 la marche ou \u00e0 la station debout prolong\u00e9e.<\/p>\n<p data-start=\"526\" data-end=\"680\">Que vous travailliez debout toute la journ\u00e9e, que vous soyez constamment en mouvement ou que vous pratiquiez une activit\u00e9 physique r\u00e9guli\u00e8re, les semelles SteadySole 3D vous offrent un soutien personnalis\u00e9 et une durabilit\u00e9 durable.<\/p>\n<p data-start=\"682\" data-end=\"698\"><strong data-start=\"682\" data-end=\"698\">Comment \u00e7a marche ?<\/strong><\/p>\n<p data-start=\"700\" data-end=\"790\"><strong data-start=\"700\" data-end=\"745\">Je commande les semelles SteadySole 3D via le site internet.<\/strong><br data-start=\"745\" data-end=\"748\"> Passez votre commande directement en ligne, sur cette page.<\/p>\n<p data-start=\"792\" data-end=\"912\"><strong data-start=\"792\" data-end=\"825\">Je t\u00e9l\u00e9charge l&#8217;application Podo3D.<\/strong><br data-start=\"825\" data-end=\"828\"> Vous pouvez t\u00e9l\u00e9charger l&#8217;application sur votre smartphone ( <a href=\"https:\/\/apps.apple.com\/il\/app\/podo-3d\/id6478221687\">iPhone<\/a> ou <a href=\"https:\/\/play.google.com\/store\/apps\/details?id=fr.myned.podo3d.prod&amp;pcampaignid=web_share\">Android<\/a> ).<\/p>\n<p data-start=\"914\" data-end=\"1017\"><strong data-start=\"914\" data-end=\"942\">Je re\u00e7ois les codes par email.<\/strong><br data-start=\"942\" data-end=\"945\"> Apr\u00e8s votre commande, un code d&#8217;acc\u00e8s personnel vous sera envoy\u00e9 par email pour vous connecter \u00e0 l&#8217;application Podo3D.<\/p>\n<p data-start=\"1019\" data-end=\"1245\"><strong data-start=\"1019\" data-end=\"1041\">Je suis en train d&#8217;effectuer le scan.<\/strong><br data-start=\"1041\" data-end=\"1044\"> Une fois connect\u00e9, vous pouvez facilement scanner vos deux pieds \u00e0 l&#8217;aide de votre smartphone.<br data-start=\"1115\" data-end=\"1118\"> L&#8217;application vous guide \u00e9tape par \u00e9tape et une vid\u00e9o explicative int\u00e9gr\u00e9e montre exactement comment effectuer correctement l&#8217;analyse.<br data-start=\"1214\" data-end=\"1217\"> Le processus est rapide \u2014 seulement 3 minutes environ.<\/p>\n<p data-start=\"1247\" data-end=\"1401\"><strong data-start=\"1247\" data-end=\"1271\">Production et exp\u00e9dition de semelles<\/strong><br data-start=\"1271\" data-end=\"1274\"> Une fois le scan approuv\u00e9, vos semelles personnalis\u00e9es sont imprim\u00e9es en 3D pour s&#8217;adapter parfaitement \u00e0 vos pieds.<br data-start=\"1363\" data-end=\"1366\"> Les semelles sont exp\u00e9di\u00e9es directement \u00e0 votre domicile.<\/p>\n<p data-start=\"1403\" data-end=\"1415\"><strong data-start=\"1403\" data-end=\"1415\">Avantages :<\/strong><\/p>\n<ul data-start=\"1417\" data-end=\"1790\">\n<li data-start=\"1417\" data-end=\"1465\">\n<p data-start=\"1419\" data-end=\"1465\">Production enti\u00e8rement personnalis\u00e9e selon votre scan personnel<\/p>\n<\/li>\n<li data-start=\"1466\" data-end=\"1511\">\n<p data-start=\"1468\" data-end=\"1511\">Processus simple et rapide gr\u00e2ce \u00e0 l&#8217;application Podo3D<\/p>\n<\/li>\n<li data-start=\"1512\" data-end=\"1543\">\n<p data-start=\"1514\" data-end=\"1543\">Impression 3D ultra-pr\u00e9cise<\/p>\n<\/li>\n<li data-start=\"1544\" data-end=\"1573\">\n<p data-start=\"1546\" data-end=\"1573\">Accompagnement et confort personnalis\u00e9s<\/p>\n<\/li>\n<li data-start=\"1574\" data-end=\"1623\">\n<p data-start=\"1576\" data-end=\"1623\">Pr\u00e9venir les douleurs articulaires (pieds, genoux, dos)<\/p>\n<\/li>\n<li data-start=\"1624\" data-end=\"1652\">\n<p data-start=\"1626\" data-end=\"1652\">R\u00e9duire la sensation de jambes lourdes<\/p>\n<\/li>\n<li data-start=\"1653\" data-end=\"1682\">\n<p data-start=\"1655\" data-end=\"1682\">Am\u00e9liorer la posture et l&#8217;\u00e9quilibre<\/p>\n<\/li>\n<li data-start=\"1683\" data-end=\"1709\">\n<p data-start=\"1685\" data-end=\"1709\">R\u00e9duire la fatigue en fin de journ\u00e9e<\/p>\n<\/li>\n<li data-start=\"1710\" data-end=\"1762\">\n<p data-start=\"1712\" data-end=\"1762\">Convient \u00e0 tous types de chaussures (travail, sport, quotidien)<\/p>\n<\/li>\n<li data-start=\"1763\" data-end=\"1790\">\n<p data-start=\"1765\" data-end=\"1790\">L\u00e9ger, discret et durable<\/p>\n<\/li>\n<\/ul>\n<p data-start=\"1792\" data-end=\"1809\"><strong data-start=\"1792\" data-end=\"1809\">\u00c0 qui cela s&#8217;adresse-t-il ?<\/strong><\/p>\n<ul data-start=\"1811\" data-end=\"2081\">\n<li data-start=\"1811\" data-end=\"1906\">\n<p data-start=\"1813\" data-end=\"1906\">Les professionnels qui restent debout pendant de longues p\u00e9riodes (barbiers, dentistes, esth\u00e9ticiennes, vendeurs, restaurateurs, etc.)<\/p>\n<\/li>\n<li data-start=\"1907\" data-end=\"1980\">\n<p data-start=\"1909\" data-end=\"1980\">Personnes impliqu\u00e9es activement dans la circulation (techniciens, \u00e9quipes m\u00e9dicales, commerciaux, artisans)<\/p>\n<\/li>\n<li data-start=\"1981\" data-end=\"2045\">\n<p data-start=\"1983\" data-end=\"2045\">Les seniors et les particuliers qui souhaitent un meilleur confort de marche<\/p>\n<\/li>\n<li data-start=\"2046\" data-end=\"2081\">\n<p data-start=\"2048\" data-end=\"2081\">Athl\u00e8tes amateurs et sportifs r\u00e9guliers<\/p>\n<\/li>\n<\/ul>\n<p data-start=\"2083\" data-end=\"2229\"><strong data-start=\"2083\" data-end=\"2229\">Les semelles SteadySole 3D sont enti\u00e8rement personnalis\u00e9es \u00e0 partir de votre scan. La production d\u00e9marre imm\u00e9diatement apr\u00e8s r\u00e9ception et validation du scan, et les semelles sont exp\u00e9di\u00e9es directement \u00e0 votre domicile. <\/strong><\/p>\n<p data-start=\"2231\" data-end=\"2417\"><strong data-start=\"2231\" data-end=\"2245\">Important \u00e0 savoir :<\/strong><br data-start=\"2245\" data-end=\"2248\"> Si vous souffrez de diab\u00e8te, de troubles de la sensation du pied ou d&#8217;une d\u00e9formation importante du pied, nous vous recommandons de nous contacter avant de passer votre commande afin de vous assurer que le produit vous convient le mieux.<\/p>\n","protected":false},"excerpt":{"rendered":"<ul>\n<li data-start=\"56\" data-end=\"111\">\n<p data-start=\"59\" data-end=\"111\">Confort personnalis\u00e9 gr\u00e2ce \u00e0 la technologie d&#8217;impression 3D<\/p>\n<\/li>\n<li data-start=\"112\" data-end=\"152\">\n<p data-start=\"115\" data-end=\"152\">R\u00e9duit la douleur et la sensation de jambes lourdes<\/p>\n<\/li>\n<li data-start=\"153\" data-end=\"190\">\n<p data-start=\"156\" data-end=\"190\">Commandez et scannez facilement depuis chez vous<\/p>\n<\/li>\n<\/ul>\n","protected":false},"featured_media":7093,"comment_status":"open","ping_status":"closed","template":"","meta":{"_monsterinsights_skip_tracking":false,"_monsterinsights_sitenote_active":false,"_monsterinsights_sitenote_note":"","_monsterinsights_sitenote_category":0},"product_brand":[],"product_cat":[188],"product_tag":[],"distributeur-exclusif":[],"marques":[],"class_list":{"0":"post-7097","1":"product","2":"type-product","3":"status-publish","4":"has-post-thumbnail","6":"product_cat-semelles","7":"_wholesalex wsx-wholesalex-product","9":"first","10":"instock","11":"taxable","12":"shipping-taxable","13":"purchasable","14":"product-type-simple"},"yoast_head":"<!-- This site is optimized with the Yoast SEO plugin v27.5 - https:\/\/yoast.com\/product\/yoast-seo-wordpress\/ -->\n<title>Semelle de confort sur mesure Steadysole 3D - Kalfon Medical Distribution<\/title>\n<meta name=\"robots\" content=\"index, follow, max-snippet:-1, max-image-preview:large, max-video-preview:-1\" \/>\n<link rel=\"canonical\" href=\"https:\/\/www.kalfon-medical.co.il\/fr\/produit\/semelle-interieure-steadysole\/\" \/>\n<meta property=\"og:locale\" content=\"fr_FR\" \/>\n<meta property=\"og:type\" content=\"article\" \/>\n<meta property=\"og:title\" content=\"Semelle de confort sur mesure Steadysole 3D - Kalfon Medical Distribution\" \/>\n<meta property=\"og:description\" content=\"Confort personnalis\u00e9 gr\u00e2ce \u00e0 la technologie d&#039;impression 3D   R\u00e9duit la douleur et la sensation de jambes lourdes   Commandez et scannez facilement depuis chez vous\" \/>\n<meta property=\"og:url\" content=\"https:\/\/www.kalfon-medical.co.il\/fr\/produit\/semelle-interieure-steadysole\/\" \/>\n<meta property=\"og:site_name\" content=\"Kalfon Medical Distribution\" \/>\n<meta property=\"article:modified_time\" content=\"2025-06-11T09:29:31+00:00\" \/>\n<meta property=\"og:image\" content=\"https:\/\/www.kalfon-medical.co.il\/wp-content\/uploads\/2025\/06\/Capture-decran-2025-06-03-a-13.33.11.png\" \/>\n\t<meta property=\"og:image:width\" content=\"1296\" \/>\n\t<meta property=\"og:image:height\" content=\"544\" \/>\n\t<meta property=\"og:image:type\" content=\"image\/png\" \/>\n<meta name=\"twitter:card\" content=\"summary_large_image\" \/>\n<meta name=\"twitter:label1\" content=\"Dur\u00e9e de lecture estim\u00e9e\" \/>\n\t<meta name=\"twitter:data1\" content=\"2 minutes\" \/>\n<script type=\"application\/ld+json\" class=\"yoast-schema-graph\">{\"@context\":\"https:\\\/\\\/schema.org\",\"@graph\":[{\"@type\":\"WebPage\",\"@id\":\"https:\\\/\\\/www.kalfon-medical.co.il\\\/fr\\\/produit\\\/semelle-interieure-steadysole\\\/\",\"url\":\"https:\\\/\\\/www.kalfon-medical.co.il\\\/fr\\\/produit\\\/semelle-interieure-steadysole\\\/\",\"name\":\"Semelle de confort sur mesure Steadysole 3D - Kalfon Medical Distribution\",\"isPartOf\":{\"@id\":\"https:\\\/\\\/www.kalfon-medical.co.il\\\/fr\\\/#website\"},\"primaryImageOfPage\":{\"@id\":\"https:\\\/\\\/www.kalfon-medical.co.il\\\/fr\\\/produit\\\/semelle-interieure-steadysole\\\/#primaryimage\"},\"image\":{\"@id\":\"https:\\\/\\\/www.kalfon-medical.co.il\\\/fr\\\/produit\\\/semelle-interieure-steadysole\\\/#primaryimage\"},\"thumbnailUrl\":\"https:\\\/\\\/www.kalfon-medical.co.il\\\/wp-content\\\/uploads\\\/2025\\\/06\\\/Capture-decran-2025-06-03-a-13.33.11.png\",\"datePublished\":\"2025-06-03T10:31:56+00:00\",\"dateModified\":\"2025-06-11T09:29:31+00:00\",\"breadcrumb\":{\"@id\":\"https:\\\/\\\/www.kalfon-medical.co.il\\\/fr\\\/produit\\\/semelle-interieure-steadysole\\\/#breadcrumb\"},\"inLanguage\":\"fr-FR\",\"potentialAction\":[{\"@type\":\"ReadAction\",\"target\":[\"https:\\\/\\\/www.kalfon-medical.co.il\\\/fr\\\/produit\\\/semelle-interieure-steadysole\\\/\"]}]},{\"@type\":\"ImageObject\",\"inLanguage\":\"fr-FR\",\"@id\":\"https:\\\/\\\/www.kalfon-medical.co.il\\\/fr\\\/produit\\\/semelle-interieure-steadysole\\\/#primaryimage\",\"url\":\"https:\\\/\\\/www.kalfon-medical.co.il\\\/wp-content\\\/uploads\\\/2025\\\/06\\\/Capture-decran-2025-06-03-a-13.33.11.png\",\"contentUrl\":\"https:\\\/\\\/www.kalfon-medical.co.il\\\/wp-content\\\/uploads\\\/2025\\\/06\\\/Capture-decran-2025-06-03-a-13.33.11.png\",\"width\":1296,\"height\":544},{\"@type\":\"BreadcrumbList\",\"@id\":\"https:\\\/\\\/www.kalfon-medical.co.il\\\/fr\\\/produit\\\/semelle-interieure-steadysole\\\/#breadcrumb\",\"itemListElement\":[{\"@type\":\"ListItem\",\"position\":1,\"name\":\"Home\",\"item\":\"https:\\\/\\\/www.kalfon-medical.co.il\\\/fr\\\/\"},{\"@type\":\"ListItem\",\"position\":2,\"name\":\"Boutique\",\"item\":\"https:\\\/\\\/www.kalfon-medical.co.il\\\/fr\\\/boutique\\\/\"},{\"@type\":\"ListItem\",\"position\":3,\"name\":\"Semelle de confort sur mesure Steadysole 3D\"}]},{\"@type\":\"WebSite\",\"@id\":\"https:\\\/\\\/www.kalfon-medical.co.il\\\/fr\\\/#website\",\"url\":\"https:\\\/\\\/www.kalfon-medical.co.il\\\/fr\\\/\",\"name\":\"Kalfon Medical Distribution\",\"description\":\"Un site utilisant WordPress\",\"potentialAction\":[{\"@type\":\"SearchAction\",\"target\":{\"@type\":\"EntryPoint\",\"urlTemplate\":\"https:\\\/\\\/www.kalfon-medical.co.il\\\/fr\\\/?s={search_term_string}\"},\"query-input\":{\"@type\":\"PropertyValueSpecification\",\"valueRequired\":true,\"valueName\":\"search_term_string\"}}],\"inLanguage\":\"fr-FR\"}]}<\/script>\n<!-- \/ Yoast SEO plugin. -->","yoast_head_json":{"title":"Semelle de confort sur mesure Steadysole 3D - Kalfon Medical Distribution","robots":{"index":"index","follow":"follow","max-snippet":"max-snippet:-1","max-image-preview":"max-image-preview:large","max-video-preview":"max-video-preview:-1"},"canonical":"https:\/\/www.kalfon-medical.co.il\/fr\/produit\/semelle-interieure-steadysole\/","og_locale":"fr_FR","og_type":"article","og_title":"Semelle de confort sur mesure Steadysole 3D - Kalfon Medical Distribution","og_description":"Confort personnalis\u00e9 gr\u00e2ce \u00e0 la technologie d'impression 3D   R\u00e9duit la douleur et la sensation de jambes lourdes   Commandez et scannez facilement depuis chez vous","og_url":"https:\/\/www.kalfon-medical.co.il\/fr\/produit\/semelle-interieure-steadysole\/","og_site_name":"Kalfon Medical Distribution","article_modified_time":"2025-06-11T09:29:31+00:00","og_image":[{"width":1296,"height":544,"url":"https:\/\/www.kalfon-medical.co.il\/wp-content\/uploads\/2025\/06\/Capture-decran-2025-06-03-a-13.33.11.png","type":"image\/png"}],"twitter_card":"summary_large_image","twitter_misc":{"Dur\u00e9e de lecture estim\u00e9e":"2 minutes"},"schema":{"@context":"https:\/\/schema.org","@graph":[{"@type":"WebPage","@id":"https:\/\/www.kalfon-medical.co.il\/fr\/produit\/semelle-interieure-steadysole\/","url":"https:\/\/www.kalfon-medical.co.il\/fr\/produit\/semelle-interieure-steadysole\/","name":"Semelle de confort sur mesure Steadysole 3D - Kalfon Medical Distribution","isPartOf":{"@id":"https:\/\/www.kalfon-medical.co.il\/fr\/#website"},"primaryImageOfPage":{"@id":"https:\/\/www.kalfon-medical.co.il\/fr\/produit\/semelle-interieure-steadysole\/#primaryimage"},"image":{"@id":"https:\/\/www.kalfon-medical.co.il\/fr\/produit\/semelle-interieure-steadysole\/#primaryimage"},"thumbnailUrl":"https:\/\/www.kalfon-medical.co.il\/wp-content\/uploads\/2025\/06\/Capture-decran-2025-06-03-a-13.33.11.png","datePublished":"2025-06-03T10:31:56+00:00","dateModified":"2025-06-11T09:29:31+00:00","breadcrumb":{"@id":"https:\/\/www.kalfon-medical.co.il\/fr\/produit\/semelle-interieure-steadysole\/#breadcrumb"},"inLanguage":"fr-FR","potentialAction":[{"@type":"ReadAction","target":["https:\/\/www.kalfon-medical.co.il\/fr\/produit\/semelle-interieure-steadysole\/"]}]},{"@type":"ImageObject","inLanguage":"fr-FR","@id":"https:\/\/www.kalfon-medical.co.il\/fr\/produit\/semelle-interieure-steadysole\/#primaryimage","url":"https:\/\/www.kalfon-medical.co.il\/wp-content\/uploads\/2025\/06\/Capture-decran-2025-06-03-a-13.33.11.png","contentUrl":"https:\/\/www.kalfon-medical.co.il\/wp-content\/uploads\/2025\/06\/Capture-decran-2025-06-03-a-13.33.11.png","width":1296,"height":544},{"@type":"BreadcrumbList","@id":"https:\/\/www.kalfon-medical.co.il\/fr\/produit\/semelle-interieure-steadysole\/#breadcrumb","itemListElement":[{"@type":"ListItem","position":1,"name":"Home","item":"https:\/\/www.kalfon-medical.co.il\/fr\/"},{"@type":"ListItem","position":2,"name":"Boutique","item":"https:\/\/www.kalfon-medical.co.il\/fr\/boutique\/"},{"@type":"ListItem","position":3,"name":"Semelle de confort sur mesure Steadysole 3D"}]},{"@type":"WebSite","@id":"https:\/\/www.kalfon-medical.co.il\/fr\/#website","url":"https:\/\/www.kalfon-medical.co.il\/fr\/","name":"Kalfon Medical Distribution","description":"Un site utilisant WordPress","potentialAction":[{"@type":"SearchAction","target":{"@type":"EntryPoint","urlTemplate":"https:\/\/www.kalfon-medical.co.il\/fr\/?s={search_term_string}"},"query-input":{"@type":"PropertyValueSpecification","valueRequired":true,"valueName":"search_term_string"}}],"inLanguage":"fr-FR"}]}},"_links":{"self":[{"href":"https:\/\/www.kalfon-medical.co.il\/fr\/wp-json\/wp\/v2\/product\/7097","targetHints":{"allow":["GET"]}}],"collection":[{"href":"https:\/\/www.kalfon-medical.co.il\/fr\/wp-json\/wp\/v2\/product"}],"about":[{"href":"https:\/\/www.kalfon-medical.co.il\/fr\/wp-json\/wp\/v2\/types\/product"}],"replies":[{"embeddable":true,"href":"https:\/\/www.kalfon-medical.co.il\/fr\/wp-json\/wp\/v2\/comments?post=7097"}],"version-history":[{"count":0,"href":"https:\/\/www.kalfon-medical.co.il\/fr\/wp-json\/wp\/v2\/product\/7097\/revisions"}],"wp:featuredmedia":[{"embeddable":true,"href":"https:\/\/www.kalfon-medical.co.il\/fr\/wp-json\/wp\/v2\/media\/7093"}],"wp:attachment":[{"href":"https:\/\/www.kalfon-medical.co.il\/fr\/wp-json\/wp\/v2\/media?parent=7097"}],"wp:term":[{"taxonomy":"product_brand","embeddable":true,"href":"https:\/\/www.kalfon-medical.co.il\/fr\/wp-json\/wp\/v2\/product_brand?post=7097"},{"taxonomy":"product_cat","embeddable":true,"href":"https:\/\/www.kalfon-medical.co.il\/fr\/wp-json\/wp\/v2\/product_cat?post=7097"},{"taxonomy":"product_tag","embeddable":true,"href":"https:\/\/www.kalfon-medical.co.il\/fr\/wp-json\/wp\/v2\/product_tag?post=7097"},{"taxonomy":"distributeur-exclusif","embeddable":true,"href":"https:\/\/www.kalfon-medical.co.il\/fr\/wp-json\/wp\/v2\/distributeur-exclusif?post=7097"},{"taxonomy":"marques","embeddable":true,"href":"https:\/\/www.kalfon-medical.co.il\/fr\/wp-json\/wp\/v2\/marques?post=7097"}],"curies":[{"name":"wp","href":"https:\/\/api.w.org\/{rel}","templated":true}]}}