{"id":6927,"date":"2025-05-05T09:17:37","date_gmt":"2025-05-05T06:17:37","guid":{"rendered":"https:\/\/www.kalfon-medical.co.il\/product\/coussin-daide-au-lever-push-up\/"},"modified":"2025-05-05T09:17:37","modified_gmt":"2025-05-05T06:17:37","slug":"coussin-daide-au-lever-push-up","status":"publish","type":"product","link":"https:\/\/www.kalfon-medical.co.il\/fr\/produit\/coussin-daide-au-lever-push-up\/","title":{"rendered":"Coussin d&#8217;aide au lever Push UP"},"content":{"rendered":"<p>Coussin Push Up, aussi confortable qu\u2019un coussin d\u2019assise classique, est \u00e9quip\u00e9 d\u2019un m\u00e9canisme hydro-pneumatique qui lui permet de se soulever en douceur automatiquement lorsque l\u2019utilisateur commence \u00e0 se lever. Il assiste environ 50 \u00e0 60 % de l\u2019effort n\u00e9cessaire pour se redresser. Lorsqu\u2019on s\u2019assoit, le coussin s\u2019abaisse en douceur. Pour un fonctionnement optimal, le v\u00e9rin doit \u00eatre pr\u00e9alablement r\u00e9gl\u00e9 en fonction du poids de l\u2019utilisateur. L\u00e9ger (4 kg) et transportable \u00e0 plat.    <\/p>\n","protected":false},"excerpt":{"rendered":"<p>Coussin Push Up, aussi confortable qu\u2019un coussin d\u2019assise classique, est \u00e9quip\u00e9 d\u2019un m\u00e9canisme hydro-pneumatique qui lui permet de se soulever en douceur automatiquement lorsque l\u2019utilisateur commence \u00e0 se lever. Il assiste environ 50 \u00e0 60 % de l\u2019effort n\u00e9cessaire pour se redresser. Lorsqu\u2019on s\u2019assoit, le coussin s\u2019abaisse en douceur. Pour un fonctionnement optimal, le v\u00e9rin [&hellip;]<\/p>\n","protected":false},"featured_media":6922,"comment_status":"open","ping_status":"closed","template":"","meta":{"_monsterinsights_skip_tracking":false,"_monsterinsights_sitenote_active":false,"_monsterinsights_sitenote_note":"","_monsterinsights_sitenote_category":0},"product_brand":[],"product_cat":[194,193],"product_tag":[],"distributeur-exclusif":[115],"marques":[],"class_list":{"0":"post-6927","1":"product","2":"type-product","3":"status-publish","4":"has-post-thumbnail","6":"product_cat-aides-technique","7":"product_cat-fauteuils","8":"distributeur-exclusif-identites","9":"_wholesalex wsx-wholesalex-product","11":"first","12":"instock","13":"taxable","14":"shipping-taxable","15":"purchasable","16":"product-type-simple"},"yoast_head":"<!-- This site is optimized with the Yoast SEO plugin v27.5 - https:\/\/yoast.com\/product\/yoast-seo-wordpress\/ -->\n<title>Coussin d&#039;aide au lever Push UP - Kalfon Medical Distribution<\/title>\n<meta name=\"robots\" content=\"index, follow, max-snippet:-1, max-image-preview:large, max-video-preview:-1\" \/>\n<link rel=\"canonical\" href=\"https:\/\/www.kalfon-medical.co.il\/fr\/produit\/coussin-daide-au-lever-push-up\/\" \/>\n<meta property=\"og:locale\" content=\"fr_FR\" \/>\n<meta property=\"og:type\" content=\"article\" \/>\n<meta property=\"og:title\" content=\"Coussin d&#039;aide au lever Push UP - Kalfon Medical Distribution\" \/>\n<meta property=\"og:description\" content=\"Coussin Push Up, aussi confortable qu\u2019un coussin d\u2019assise classique, est \u00e9quip\u00e9 d\u2019un m\u00e9canisme hydro-pneumatique qui lui permet de se soulever en douceur automatiquement lorsque l\u2019utilisateur commence \u00e0 se lever. Il assiste environ 50 \u00e0 60 % de l\u2019effort n\u00e9cessaire pour se redresser. Lorsqu\u2019on s\u2019assoit, le coussin s\u2019abaisse en douceur. Pour un fonctionnement optimal, le v\u00e9rin [&hellip;]\" \/>\n<meta property=\"og:url\" content=\"https:\/\/www.kalfon-medical.co.il\/fr\/produit\/coussin-daide-au-lever-push-up\/\" \/>\n<meta property=\"og:site_name\" content=\"Kalfon Medical Distribution\" \/>\n<meta property=\"og:image\" content=\"https:\/\/www.kalfon-medical.co.il\/wp-content\/uploads\/2025\/05\/sieges-releveurs-pour-se-relever-en-douceur-5.jpg\" \/>\n\t<meta property=\"og:image:width\" content=\"800\" \/>\n\t<meta property=\"og:image:height\" content=\"800\" \/>\n\t<meta property=\"og:image:type\" content=\"image\/jpeg\" \/>\n<meta name=\"twitter:card\" content=\"summary_large_image\" \/>\n<script type=\"application\/ld+json\" class=\"yoast-schema-graph\">{\"@context\":\"https:\\\/\\\/schema.org\",\"@graph\":[{\"@type\":\"WebPage\",\"@id\":\"https:\\\/\\\/www.kalfon-medical.co.il\\\/fr\\\/produit\\\/coussin-daide-au-lever-push-up\\\/\",\"url\":\"https:\\\/\\\/www.kalfon-medical.co.il\\\/fr\\\/produit\\\/coussin-daide-au-lever-push-up\\\/\",\"name\":\"Coussin d'aide au lever Push UP - Kalfon Medical Distribution\",\"isPartOf\":{\"@id\":\"https:\\\/\\\/www.kalfon-medical.co.il\\\/fr\\\/#website\"},\"primaryImageOfPage\":{\"@id\":\"https:\\\/\\\/www.kalfon-medical.co.il\\\/fr\\\/produit\\\/coussin-daide-au-lever-push-up\\\/#primaryimage\"},\"image\":{\"@id\":\"https:\\\/\\\/www.kalfon-medical.co.il\\\/fr\\\/produit\\\/coussin-daide-au-lever-push-up\\\/#primaryimage\"},\"thumbnailUrl\":\"https:\\\/\\\/www.kalfon-medical.co.il\\\/wp-content\\\/uploads\\\/2025\\\/05\\\/sieges-releveurs-pour-se-relever-en-douceur-5.jpg\",\"datePublished\":\"2025-05-05T06:17:37+00:00\",\"breadcrumb\":{\"@id\":\"https:\\\/\\\/www.kalfon-medical.co.il\\\/fr\\\/produit\\\/coussin-daide-au-lever-push-up\\\/#breadcrumb\"},\"inLanguage\":\"fr-FR\",\"potentialAction\":[{\"@type\":\"ReadAction\",\"target\":[\"https:\\\/\\\/www.kalfon-medical.co.il\\\/fr\\\/produit\\\/coussin-daide-au-lever-push-up\\\/\"]}]},{\"@type\":\"ImageObject\",\"inLanguage\":\"fr-FR\",\"@id\":\"https:\\\/\\\/www.kalfon-medical.co.il\\\/fr\\\/produit\\\/coussin-daide-au-lever-push-up\\\/#primaryimage\",\"url\":\"https:\\\/\\\/www.kalfon-medical.co.il\\\/wp-content\\\/uploads\\\/2025\\\/05\\\/sieges-releveurs-pour-se-relever-en-douceur-5.jpg\",\"contentUrl\":\"https:\\\/\\\/www.kalfon-medical.co.il\\\/wp-content\\\/uploads\\\/2025\\\/05\\\/sieges-releveurs-pour-se-relever-en-douceur-5.jpg\",\"width\":800,\"height\":800},{\"@type\":\"BreadcrumbList\",\"@id\":\"https:\\\/\\\/www.kalfon-medical.co.il\\\/fr\\\/produit\\\/coussin-daide-au-lever-push-up\\\/#breadcrumb\",\"itemListElement\":[{\"@type\":\"ListItem\",\"position\":1,\"name\":\"Home\",\"item\":\"https:\\\/\\\/www.kalfon-medical.co.il\\\/fr\\\/\"},{\"@type\":\"ListItem\",\"position\":2,\"name\":\"Boutique\",\"item\":\"https:\\\/\\\/www.kalfon-medical.co.il\\\/fr\\\/boutique\\\/\"},{\"@type\":\"ListItem\",\"position\":3,\"name\":\"Coussin d&#8217;aide au lever Push UP\"}]},{\"@type\":\"WebSite\",\"@id\":\"https:\\\/\\\/www.kalfon-medical.co.il\\\/fr\\\/#website\",\"url\":\"https:\\\/\\\/www.kalfon-medical.co.il\\\/fr\\\/\",\"name\":\"Kalfon Medical Distribution\",\"description\":\"Un site utilisant WordPress\",\"potentialAction\":[{\"@type\":\"SearchAction\",\"target\":{\"@type\":\"EntryPoint\",\"urlTemplate\":\"https:\\\/\\\/www.kalfon-medical.co.il\\\/fr\\\/?s={search_term_string}\"},\"query-input\":{\"@type\":\"PropertyValueSpecification\",\"valueRequired\":true,\"valueName\":\"search_term_string\"}}],\"inLanguage\":\"fr-FR\"}]}<\/script>\n<!-- \/ Yoast SEO plugin. -->","yoast_head_json":{"title":"Coussin d'aide au lever Push UP - Kalfon Medical Distribution","robots":{"index":"index","follow":"follow","max-snippet":"max-snippet:-1","max-image-preview":"max-image-preview:large","max-video-preview":"max-video-preview:-1"},"canonical":"https:\/\/www.kalfon-medical.co.il\/fr\/produit\/coussin-daide-au-lever-push-up\/","og_locale":"fr_FR","og_type":"article","og_title":"Coussin d'aide au lever Push UP - Kalfon Medical Distribution","og_description":"Coussin Push Up, aussi confortable qu\u2019un coussin d\u2019assise classique, est \u00e9quip\u00e9 d\u2019un m\u00e9canisme hydro-pneumatique qui lui permet de se soulever en douceur automatiquement lorsque l\u2019utilisateur commence \u00e0 se lever. Il assiste environ 50 \u00e0 60 % de l\u2019effort n\u00e9cessaire pour se redresser. Lorsqu\u2019on s\u2019assoit, le coussin s\u2019abaisse en douceur. Pour un fonctionnement optimal, le v\u00e9rin [&hellip;]","og_url":"https:\/\/www.kalfon-medical.co.il\/fr\/produit\/coussin-daide-au-lever-push-up\/","og_site_name":"Kalfon Medical Distribution","og_image":[{"width":800,"height":800,"url":"https:\/\/www.kalfon-medical.co.il\/wp-content\/uploads\/2025\/05\/sieges-releveurs-pour-se-relever-en-douceur-5.jpg","type":"image\/jpeg"}],"twitter_card":"summary_large_image","schema":{"@context":"https:\/\/schema.org","@graph":[{"@type":"WebPage","@id":"https:\/\/www.kalfon-medical.co.il\/fr\/produit\/coussin-daide-au-lever-push-up\/","url":"https:\/\/www.kalfon-medical.co.il\/fr\/produit\/coussin-daide-au-lever-push-up\/","name":"Coussin d'aide au lever Push UP - Kalfon Medical Distribution","isPartOf":{"@id":"https:\/\/www.kalfon-medical.co.il\/fr\/#website"},"primaryImageOfPage":{"@id":"https:\/\/www.kalfon-medical.co.il\/fr\/produit\/coussin-daide-au-lever-push-up\/#primaryimage"},"image":{"@id":"https:\/\/www.kalfon-medical.co.il\/fr\/produit\/coussin-daide-au-lever-push-up\/#primaryimage"},"thumbnailUrl":"https:\/\/www.kalfon-medical.co.il\/wp-content\/uploads\/2025\/05\/sieges-releveurs-pour-se-relever-en-douceur-5.jpg","datePublished":"2025-05-05T06:17:37+00:00","breadcrumb":{"@id":"https:\/\/www.kalfon-medical.co.il\/fr\/produit\/coussin-daide-au-lever-push-up\/#breadcrumb"},"inLanguage":"fr-FR","potentialAction":[{"@type":"ReadAction","target":["https:\/\/www.kalfon-medical.co.il\/fr\/produit\/coussin-daide-au-lever-push-up\/"]}]},{"@type":"ImageObject","inLanguage":"fr-FR","@id":"https:\/\/www.kalfon-medical.co.il\/fr\/produit\/coussin-daide-au-lever-push-up\/#primaryimage","url":"https:\/\/www.kalfon-medical.co.il\/wp-content\/uploads\/2025\/05\/sieges-releveurs-pour-se-relever-en-douceur-5.jpg","contentUrl":"https:\/\/www.kalfon-medical.co.il\/wp-content\/uploads\/2025\/05\/sieges-releveurs-pour-se-relever-en-douceur-5.jpg","width":800,"height":800},{"@type":"BreadcrumbList","@id":"https:\/\/www.kalfon-medical.co.il\/fr\/produit\/coussin-daide-au-lever-push-up\/#breadcrumb","itemListElement":[{"@type":"ListItem","position":1,"name":"Home","item":"https:\/\/www.kalfon-medical.co.il\/fr\/"},{"@type":"ListItem","position":2,"name":"Boutique","item":"https:\/\/www.kalfon-medical.co.il\/fr\/boutique\/"},{"@type":"ListItem","position":3,"name":"Coussin d&#8217;aide au lever Push UP"}]},{"@type":"WebSite","@id":"https:\/\/www.kalfon-medical.co.il\/fr\/#website","url":"https:\/\/www.kalfon-medical.co.il\/fr\/","name":"Kalfon Medical Distribution","description":"Un site utilisant WordPress","potentialAction":[{"@type":"SearchAction","target":{"@type":"EntryPoint","urlTemplate":"https:\/\/www.kalfon-medical.co.il\/fr\/?s={search_term_string}"},"query-input":{"@type":"PropertyValueSpecification","valueRequired":true,"valueName":"search_term_string"}}],"inLanguage":"fr-FR"}]}},"_links":{"self":[{"href":"https:\/\/www.kalfon-medical.co.il\/fr\/wp-json\/wp\/v2\/product\/6927","targetHints":{"allow":["GET"]}}],"collection":[{"href":"https:\/\/www.kalfon-medical.co.il\/fr\/wp-json\/wp\/v2\/product"}],"about":[{"href":"https:\/\/www.kalfon-medical.co.il\/fr\/wp-json\/wp\/v2\/types\/product"}],"replies":[{"embeddable":true,"href":"https:\/\/www.kalfon-medical.co.il\/fr\/wp-json\/wp\/v2\/comments?post=6927"}],"version-history":[{"count":0,"href":"https:\/\/www.kalfon-medical.co.il\/fr\/wp-json\/wp\/v2\/product\/6927\/revisions"}],"wp:featuredmedia":[{"embeddable":true,"href":"https:\/\/www.kalfon-medical.co.il\/fr\/wp-json\/wp\/v2\/media\/6922"}],"wp:attachment":[{"href":"https:\/\/www.kalfon-medical.co.il\/fr\/wp-json\/wp\/v2\/media?parent=6927"}],"wp:term":[{"taxonomy":"product_brand","embeddable":true,"href":"https:\/\/www.kalfon-medical.co.il\/fr\/wp-json\/wp\/v2\/product_brand?post=6927"},{"taxonomy":"product_cat","embeddable":true,"href":"https:\/\/www.kalfon-medical.co.il\/fr\/wp-json\/wp\/v2\/product_cat?post=6927"},{"taxonomy":"product_tag","embeddable":true,"href":"https:\/\/www.kalfon-medical.co.il\/fr\/wp-json\/wp\/v2\/product_tag?post=6927"},{"taxonomy":"distributeur-exclusif","embeddable":true,"href":"https:\/\/www.kalfon-medical.co.il\/fr\/wp-json\/wp\/v2\/distributeur-exclusif?post=6927"},{"taxonomy":"marques","embeddable":true,"href":"https:\/\/www.kalfon-medical.co.il\/fr\/wp-json\/wp\/v2\/marques?post=6927"}],"curies":[{"name":"wp","href":"https:\/\/api.w.org\/{rel}","templated":true}]}}