{"id":6581,"date":"2024-09-04T11:39:34","date_gmt":"2024-09-04T08:39:34","guid":{"rendered":"https:\/\/www.kalfon-medical.co.il\/product\/mule-orthopedique-ajustable-arry-jean\/"},"modified":"2025-05-12T09:26:40","modified_gmt":"2025-05-12T06:26:40","slug":"mule-orthopedique-ajustable-arry-jean","status":"publish","type":"product","link":"https:\/\/www.kalfon-medical.co.il\/fr\/produit\/mule-orthopedique-ajustable-arry-jean\/","title":{"rendered":"Mule orthop\u00e9dique ajustable ARRY jean"},"content":{"rendered":"<p>Les Mules Orthopediques ARRY sont sp\u00e9cialement con\u00e7ues pour les pieds dont le volume change, comme en cas d\u2019\u0153d\u00e8mes ou de bandages.<br \/>\nLargeur ajustable pour une protection optimale du dessus du pied.<br \/>\nBride arri\u00e8re r\u00e9glable et amovible pour un confort maximal.<br \/>\nSemelle int\u00e9rieure amovible, pouvant \u00eatre remplac\u00e9e par des semelles orthop\u00e9diques personnalis\u00e9es.<br \/>\nPour une marche en toute s\u00e9curit\u00e9 : semelle l\u00e9g\u00e8re, souple, r\u00e9sistante et antid\u00e9rapante.<\/p>\n","protected":false},"excerpt":{"rendered":"<ul>\n<li>Tissu 3D lavable, a\u00e9r\u00e9 et particuli\u00e8rement confortable.<\/li>\n<li>Une bride arri\u00e8re r\u00e9glable et amovible pour d&#8217;avantage d&#8217;aisance<\/li>\n<li>Personnalisez vos semelles, en rempla\u00e7ant la semelle amovible par une semelle sur mesure<\/li>\n<\/ul>\n","protected":false},"featured_media":4110,"comment_status":"open","ping_status":"closed","template":"","meta":{"_monsterinsights_skip_tracking":false,"_monsterinsights_sitenote_active":false,"_monsterinsights_sitenote_note":"","_monsterinsights_sitenote_category":0},"product_brand":[],"product_cat":[200,202,201,203,204],"product_tag":[],"distributeur-exclusif":[269],"marques":[270],"class_list":{"0":"post-6581","1":"product","2":"type-product","3":"status-publish","4":"has-post-thumbnail","6":"product_cat-chaussures","7":"product_cat-femmes","8":"product_cat-hommes","9":"product_cat-sandales","10":"product_cat-tongs","11":"distributeur-exclusif-podowell","12":"marques-podowell","13":"_wholesalex wsx-wholesalex-product","15":"first","16":"instock","17":"taxable","18":"shipping-taxable","19":"purchasable","20":"product-type-variable"},"yoast_head":"<!-- This site is optimized with the Yoast SEO plugin v27.5 - https:\/\/yoast.com\/product\/yoast-seo-wordpress\/ -->\n<title>Mule orthop\u00e9dique ajustable ARRY jean - Kalfon Medical Distribution<\/title>\n<meta name=\"robots\" content=\"index, follow, max-snippet:-1, max-image-preview:large, max-video-preview:-1\" \/>\n<link rel=\"canonical\" href=\"https:\/\/www.kalfon-medical.co.il\/fr\/produit\/mule-orthopedique-ajustable-arry-jean\/\" \/>\n<meta property=\"og:locale\" content=\"fr_FR\" \/>\n<meta property=\"og:type\" content=\"article\" \/>\n<meta property=\"og:title\" content=\"Mule orthop\u00e9dique ajustable ARRY jean - Kalfon Medical Distribution\" \/>\n<meta property=\"og:description\" content=\"Tissu 3D lavable, a\u00e9r\u00e9 et particuli\u00e8rement confortable.  Une bride arri\u00e8re r\u00e9glable et amovible pour d&#039;avantage d&#039;aisance  Personnalisez vos semelles, en rempla\u00e7ant la semelle amovible par une semelle sur mesure\" \/>\n<meta property=\"og:url\" content=\"https:\/\/www.kalfon-medical.co.il\/fr\/produit\/mule-orthopedique-ajustable-arry-jean\/\" \/>\n<meta property=\"og:site_name\" content=\"Kalfon Medical Distribution\" \/>\n<meta property=\"article:modified_time\" content=\"2025-05-12T06:26:40+00:00\" \/>\n<meta property=\"og:image\" content=\"https:\/\/www.kalfon-medical.co.il\/wp-content\/uploads\/2024\/09\/arry-bleu-int-z.jpg\" \/>\n\t<meta property=\"og:image:width\" content=\"560\" \/>\n\t<meta property=\"og:image:height\" content=\"560\" \/>\n\t<meta property=\"og:image:type\" content=\"image\/jpeg\" \/>\n<meta name=\"twitter:card\" content=\"summary_large_image\" \/>\n<script type=\"application\/ld+json\" class=\"yoast-schema-graph\">{\"@context\":\"https:\\\/\\\/schema.org\",\"@graph\":[{\"@type\":\"WebPage\",\"@id\":\"https:\\\/\\\/www.kalfon-medical.co.il\\\/fr\\\/produit\\\/mule-orthopedique-ajustable-arry-jean\\\/\",\"url\":\"https:\\\/\\\/www.kalfon-medical.co.il\\\/fr\\\/produit\\\/mule-orthopedique-ajustable-arry-jean\\\/\",\"name\":\"Mule orthop\u00e9dique ajustable ARRY jean - Kalfon Medical Distribution\",\"isPartOf\":{\"@id\":\"https:\\\/\\\/www.kalfon-medical.co.il\\\/fr\\\/#website\"},\"primaryImageOfPage\":{\"@id\":\"https:\\\/\\\/www.kalfon-medical.co.il\\\/fr\\\/produit\\\/mule-orthopedique-ajustable-arry-jean\\\/#primaryimage\"},\"image\":{\"@id\":\"https:\\\/\\\/www.kalfon-medical.co.il\\\/fr\\\/produit\\\/mule-orthopedique-ajustable-arry-jean\\\/#primaryimage\"},\"thumbnailUrl\":\"https:\\\/\\\/www.kalfon-medical.co.il\\\/wp-content\\\/uploads\\\/2024\\\/09\\\/arry-bleu-int-z.jpg\",\"datePublished\":\"2024-09-04T08:39:34+00:00\",\"dateModified\":\"2025-05-12T06:26:40+00:00\",\"breadcrumb\":{\"@id\":\"https:\\\/\\\/www.kalfon-medical.co.il\\\/fr\\\/produit\\\/mule-orthopedique-ajustable-arry-jean\\\/#breadcrumb\"},\"inLanguage\":\"fr-FR\",\"potentialAction\":[{\"@type\":\"ReadAction\",\"target\":[\"https:\\\/\\\/www.kalfon-medical.co.il\\\/fr\\\/produit\\\/mule-orthopedique-ajustable-arry-jean\\\/\"]}]},{\"@type\":\"ImageObject\",\"inLanguage\":\"fr-FR\",\"@id\":\"https:\\\/\\\/www.kalfon-medical.co.il\\\/fr\\\/produit\\\/mule-orthopedique-ajustable-arry-jean\\\/#primaryimage\",\"url\":\"https:\\\/\\\/www.kalfon-medical.co.il\\\/wp-content\\\/uploads\\\/2024\\\/09\\\/arry-bleu-int-z.jpg\",\"contentUrl\":\"https:\\\/\\\/www.kalfon-medical.co.il\\\/wp-content\\\/uploads\\\/2024\\\/09\\\/arry-bleu-int-z.jpg\",\"width\":560,\"height\":560},{\"@type\":\"BreadcrumbList\",\"@id\":\"https:\\\/\\\/www.kalfon-medical.co.il\\\/fr\\\/produit\\\/mule-orthopedique-ajustable-arry-jean\\\/#breadcrumb\",\"itemListElement\":[{\"@type\":\"ListItem\",\"position\":1,\"name\":\"Home\",\"item\":\"https:\\\/\\\/www.kalfon-medical.co.il\\\/fr\\\/\"},{\"@type\":\"ListItem\",\"position\":2,\"name\":\"Boutique\",\"item\":\"https:\\\/\\\/www.kalfon-medical.co.il\\\/fr\\\/boutique\\\/\"},{\"@type\":\"ListItem\",\"position\":3,\"name\":\"Mule orthop\u00e9dique ajustable ARRY jean\"}]},{\"@type\":\"WebSite\",\"@id\":\"https:\\\/\\\/www.kalfon-medical.co.il\\\/fr\\\/#website\",\"url\":\"https:\\\/\\\/www.kalfon-medical.co.il\\\/fr\\\/\",\"name\":\"Kalfon Medical Distribution\",\"description\":\"Un site utilisant WordPress\",\"potentialAction\":[{\"@type\":\"SearchAction\",\"target\":{\"@type\":\"EntryPoint\",\"urlTemplate\":\"https:\\\/\\\/www.kalfon-medical.co.il\\\/fr\\\/?s={search_term_string}\"},\"query-input\":{\"@type\":\"PropertyValueSpecification\",\"valueRequired\":true,\"valueName\":\"search_term_string\"}}],\"inLanguage\":\"fr-FR\"}]}<\/script>\n<!-- \/ Yoast SEO plugin. -->","yoast_head_json":{"title":"Mule orthop\u00e9dique ajustable ARRY jean - Kalfon Medical Distribution","robots":{"index":"index","follow":"follow","max-snippet":"max-snippet:-1","max-image-preview":"max-image-preview:large","max-video-preview":"max-video-preview:-1"},"canonical":"https:\/\/www.kalfon-medical.co.il\/fr\/produit\/mule-orthopedique-ajustable-arry-jean\/","og_locale":"fr_FR","og_type":"article","og_title":"Mule orthop\u00e9dique ajustable ARRY jean - Kalfon Medical Distribution","og_description":"Tissu 3D lavable, a\u00e9r\u00e9 et particuli\u00e8rement confortable.  Une bride arri\u00e8re r\u00e9glable et amovible pour d'avantage d'aisance  Personnalisez vos semelles, en rempla\u00e7ant la semelle amovible par une semelle sur mesure","og_url":"https:\/\/www.kalfon-medical.co.il\/fr\/produit\/mule-orthopedique-ajustable-arry-jean\/","og_site_name":"Kalfon Medical Distribution","article_modified_time":"2025-05-12T06:26:40+00:00","og_image":[{"width":560,"height":560,"url":"https:\/\/www.kalfon-medical.co.il\/wp-content\/uploads\/2024\/09\/arry-bleu-int-z.jpg","type":"image\/jpeg"}],"twitter_card":"summary_large_image","schema":{"@context":"https:\/\/schema.org","@graph":[{"@type":"WebPage","@id":"https:\/\/www.kalfon-medical.co.il\/fr\/produit\/mule-orthopedique-ajustable-arry-jean\/","url":"https:\/\/www.kalfon-medical.co.il\/fr\/produit\/mule-orthopedique-ajustable-arry-jean\/","name":"Mule orthop\u00e9dique ajustable ARRY jean - Kalfon Medical Distribution","isPartOf":{"@id":"https:\/\/www.kalfon-medical.co.il\/fr\/#website"},"primaryImageOfPage":{"@id":"https:\/\/www.kalfon-medical.co.il\/fr\/produit\/mule-orthopedique-ajustable-arry-jean\/#primaryimage"},"image":{"@id":"https:\/\/www.kalfon-medical.co.il\/fr\/produit\/mule-orthopedique-ajustable-arry-jean\/#primaryimage"},"thumbnailUrl":"https:\/\/www.kalfon-medical.co.il\/wp-content\/uploads\/2024\/09\/arry-bleu-int-z.jpg","datePublished":"2024-09-04T08:39:34+00:00","dateModified":"2025-05-12T06:26:40+00:00","breadcrumb":{"@id":"https:\/\/www.kalfon-medical.co.il\/fr\/produit\/mule-orthopedique-ajustable-arry-jean\/#breadcrumb"},"inLanguage":"fr-FR","potentialAction":[{"@type":"ReadAction","target":["https:\/\/www.kalfon-medical.co.il\/fr\/produit\/mule-orthopedique-ajustable-arry-jean\/"]}]},{"@type":"ImageObject","inLanguage":"fr-FR","@id":"https:\/\/www.kalfon-medical.co.il\/fr\/produit\/mule-orthopedique-ajustable-arry-jean\/#primaryimage","url":"https:\/\/www.kalfon-medical.co.il\/wp-content\/uploads\/2024\/09\/arry-bleu-int-z.jpg","contentUrl":"https:\/\/www.kalfon-medical.co.il\/wp-content\/uploads\/2024\/09\/arry-bleu-int-z.jpg","width":560,"height":560},{"@type":"BreadcrumbList","@id":"https:\/\/www.kalfon-medical.co.il\/fr\/produit\/mule-orthopedique-ajustable-arry-jean\/#breadcrumb","itemListElement":[{"@type":"ListItem","position":1,"name":"Home","item":"https:\/\/www.kalfon-medical.co.il\/fr\/"},{"@type":"ListItem","position":2,"name":"Boutique","item":"https:\/\/www.kalfon-medical.co.il\/fr\/boutique\/"},{"@type":"ListItem","position":3,"name":"Mule orthop\u00e9dique ajustable ARRY jean"}]},{"@type":"WebSite","@id":"https:\/\/www.kalfon-medical.co.il\/fr\/#website","url":"https:\/\/www.kalfon-medical.co.il\/fr\/","name":"Kalfon Medical Distribution","description":"Un site utilisant WordPress","potentialAction":[{"@type":"SearchAction","target":{"@type":"EntryPoint","urlTemplate":"https:\/\/www.kalfon-medical.co.il\/fr\/?s={search_term_string}"},"query-input":{"@type":"PropertyValueSpecification","valueRequired":true,"valueName":"search_term_string"}}],"inLanguage":"fr-FR"}]}},"_links":{"self":[{"href":"https:\/\/www.kalfon-medical.co.il\/fr\/wp-json\/wp\/v2\/product\/6581","targetHints":{"allow":["GET"]}}],"collection":[{"href":"https:\/\/www.kalfon-medical.co.il\/fr\/wp-json\/wp\/v2\/product"}],"about":[{"href":"https:\/\/www.kalfon-medical.co.il\/fr\/wp-json\/wp\/v2\/types\/product"}],"replies":[{"embeddable":true,"href":"https:\/\/www.kalfon-medical.co.il\/fr\/wp-json\/wp\/v2\/comments?post=6581"}],"version-history":[{"count":0,"href":"https:\/\/www.kalfon-medical.co.il\/fr\/wp-json\/wp\/v2\/product\/6581\/revisions"}],"wp:featuredmedia":[{"embeddable":true,"href":"https:\/\/www.kalfon-medical.co.il\/fr\/wp-json\/wp\/v2\/media\/4110"}],"wp:attachment":[{"href":"https:\/\/www.kalfon-medical.co.il\/fr\/wp-json\/wp\/v2\/media?parent=6581"}],"wp:term":[{"taxonomy":"product_brand","embeddable":true,"href":"https:\/\/www.kalfon-medical.co.il\/fr\/wp-json\/wp\/v2\/product_brand?post=6581"},{"taxonomy":"product_cat","embeddable":true,"href":"https:\/\/www.kalfon-medical.co.il\/fr\/wp-json\/wp\/v2\/product_cat?post=6581"},{"taxonomy":"product_tag","embeddable":true,"href":"https:\/\/www.kalfon-medical.co.il\/fr\/wp-json\/wp\/v2\/product_tag?post=6581"},{"taxonomy":"distributeur-exclusif","embeddable":true,"href":"https:\/\/www.kalfon-medical.co.il\/fr\/wp-json\/wp\/v2\/distributeur-exclusif?post=6581"},{"taxonomy":"marques","embeddable":true,"href":"https:\/\/www.kalfon-medical.co.il\/fr\/wp-json\/wp\/v2\/marques?post=6581"}],"curies":[{"name":"wp","href":"https:\/\/api.w.org\/{rel}","templated":true}]}}