{"id":6408,"date":"2025-02-12T17:47:02","date_gmt":"2025-02-12T15:47:02","guid":{"rendered":"https:\/\/www.kalfon-medical.co.il\/product\/%d7%a0%d7%a2%d7%9c%d7%99-%d7%90%d7%95%d7%a8%d7%98%d7%95%d7%a4%d7%93%d7%99%d7%95%d7%aa-%d7%9c%d7%92%d7%91%d7%a8\/"},"modified":"2025-02-12T18:38:49","modified_gmt":"2025-02-12T16:38:49","slug":"%d7%a0%d7%a2%d7%9c%d7%99-%d7%90%d7%95%d7%a8%d7%98%d7%95%d7%a4%d7%93%d7%99%d7%95%d7%aa-%d7%9c%d7%92%d7%91%d7%a8","status":"publish","type":"product","link":"https:\/\/www.kalfon-medical.co.il\/fr\/produit\/%d7%a0%d7%a2%d7%9c%d7%99-%d7%90%d7%95%d7%a8%d7%98%d7%95%d7%a4%d7%93%d7%99%d7%95%d7%aa-%d7%9c%d7%92%d7%91%d7%a8\/","title":{"rendered":"Chaussure orthop\u00e9diques Homme ORFEO"},"content":{"rendered":"<div class=\"product attribute for-who\">\n<div class=\"value\">\n<div class=\"product attribute for-who\">\n<div class=\"value\">\n<p>Le mod\u00e8le ORFEO_D a \u00e9t\u00e9 sp\u00e9cifiquement d\u00e9velopp\u00e9 pour s&#8217;adapter aux pieds diab\u00e9tiques. La doublure ON STEAM\u00ae \u00e9vacue l&#8217;humidit\u00e9 et la mousse haute densit\u00e9 limite les frottements et les zones de surpression. Associ\u00e9e \u00e0 une semelle antid\u00e9rapante l\u00e9g\u00e8rement d\u00e9bordante, cette chaussure prot\u00e8ge le pied vis-\u00e0-vis des \u00e9l\u00e9ments ext\u00e9rieurs et pr\u00e9vient ainsi l&#8217;apparition de l\u00e9sions.<\/p>\n<p>Ce produit convient aux pathologies suivantes :<\/p>\n<p>Pied diab\u00e9tique<\/p>\n<\/div>\n<\/div>\n<div class=\"product info detailed\">\n<div class=\"product data items\">\n<div id=\"tab-label-description\" class=\"data item title active\" aria-labelledby=\"tab-label-description-title\" data-role=\"collapsible\">\n<h2>Description<\/h2>\n<\/div>\n<div id=\"description\" class=\"data item content\" data-role=\"content\">\n<p><span class=\"product-image-container product-image-container-4294\"><span class=\"product-image-wrapper\"><img fetchpriority=\"high\" decoding=\"async\" class=\"product-image-photo alignleft\" src=\"https:\/\/www.podowell.fr\/media\/catalog\/product\/cache\/d0ad42b540cb600785db5f0c065b3a78\/o\/r\/orfeo-d-noir-ext-z.jpg\" srcset=\"https:\/\/www.podowell.fr\/media\/catalog\/product\/cache\/d0ad42b540cb600785db5f0c065b3a78\/o\/r\/orfeo-d-noir-ext-z.jpg 1x, https:\/\/www.podowell.fr\/media\/catalog\/product\/cache\/87a1b10b14fd40d237ec479b60ef1396\/o\/r\/orfeo-d-noir-ext-z.jpg 1.5x, https:\/\/www.podowell.fr\/media\/catalog\/product\/cache\/758f12fb584bed6ce28fb06dca834f42\/o\/r\/orfeo-d-noir-ext-z.jpg 2x\" alt=\"CHUP ORFEO D noir\" width=\"331\" height=\"331\" \/><\/span><\/span><\/p>\n<div class=\"product attribute description\">\n<div class=\"value\">\n<p><img decoding=\"async\" title=\"\" src=\"https:\/\/storage.googleapis.com\/website-ef39890f\/produits\/attribut_1.jpg\" alt=\"\" border=\"0\" \/>\u00a0Cuir souple doubl\u00e9 en mousse haute densit\u00e9 pour une meilleure r\u00e9partition des pressions<br \/>\n<img decoding=\"async\" title=\"\" src=\"https:\/\/storage.googleapis.com\/website-ef39890f\/produits\/attribut_2.jpg\" alt=\"\" border=\"0\" \/>\u00a0Deux brides r\u00e9glables extensibles pour s&#8217;adapter sans contrainte au volume du pied<br \/>\n<img decoding=\"async\" title=\"\" src=\"https:\/\/storage.googleapis.com\/website-ef39890f\/produits\/attribut_3.jpg\" alt=\"\" border=\"0\" \/>\u00a0Semelle int\u00e9rieure et intercalaire amovibles permettant d&#8217;ajuster le volume de la chaussure \u00e0 celui du pied.<br \/>\n<img decoding=\"async\" title=\"\" src=\"https:\/\/storage.googleapis.com\/website-ef39890f\/produits\/attribut_4.jpg\" alt=\"\" border=\"0\" \/>\u00a0Semelle ext\u00e9rieure anti-d\u00e9rapante pour un contact s\u00fbr et s\u00e9curis\u00e9 au sol.<br \/>\n<img decoding=\"async\" title=\"\" src=\"https:\/\/storage.googleapis.com\/website-ef39890f\/produits\/attribut_5.jpg\" alt=\"\" border=\"0\" \/>\u00a0Semelle ext\u00e9rieure semie-rigide pour limiter toute flexion excessive et anti-d\u00e9rapante pour un contact au sol s\u00e9curis\u00e9.<\/p>\n<\/div>\n<\/div>\n<\/div>\n<\/div>\n<\/div>\n<p>&nbsp;<\/p>\n<\/div>\n<\/div>\n","protected":false},"excerpt":{"rendered":"<p>Le mod\u00e8le ORFEO_D a \u00e9t\u00e9 sp\u00e9cifiquement d\u00e9velopp\u00e9 pour s&#8217;adapter aux pieds diab\u00e9tiques. La doublure ON STEAM\u00ae \u00e9vacue l&#8217;humidit\u00e9 et la mousse haute densit\u00e9 limite les frottements et les zones de surpression. Associ\u00e9e \u00e0 une semelle antid\u00e9rapante l\u00e9g\u00e8rement d\u00e9bordante, cette chaussure prot\u00e8ge le pied vis-\u00e0-vis des \u00e9l\u00e9ments ext\u00e9rieurs et pr\u00e9vient ainsi l&#8217;apparition de l\u00e9sions. Ce produit [&hellip;]<\/p>\n","protected":false},"featured_media":6383,"comment_status":"open","ping_status":"closed","template":"","meta":{"_monsterinsights_skip_tracking":false,"_monsterinsights_sitenote_active":false,"_monsterinsights_sitenote_note":"","_monsterinsights_sitenote_category":0},"product_brand":[],"product_cat":[200,201],"product_tag":[],"distributeur-exclusif":[269],"marques":[270],"class_list":{"0":"post-6408","1":"product","2":"type-product","3":"status-publish","4":"has-post-thumbnail","6":"product_cat-chaussures","7":"product_cat-hommes","8":"distributeur-exclusif-podowell","9":"marques-podowell","10":"_wholesalex wsx-wholesalex-product","12":"first","13":"instock","14":"taxable","15":"shipping-taxable","16":"purchasable","17":"product-type-variable"},"yoast_head":"<!-- This site is optimized with the Yoast SEO plugin v27.3 - https:\/\/yoast.com\/product\/yoast-seo-wordpress\/ -->\n<title>Chaussure orthop\u00e9diques Homme ORFEO - Kalfon Medical Distribution<\/title>\n<meta name=\"robots\" content=\"index, follow, max-snippet:-1, max-image-preview:large, max-video-preview:-1\" \/>\n<link rel=\"canonical\" href=\"https:\/\/www.kalfon-medical.co.il\/fr\/produit\/%d7%a0%d7%a2%d7%9c%d7%99-%d7%90%d7%95%d7%a8%d7%98%d7%95%d7%a4%d7%93%d7%99%d7%95%d7%aa-%d7%9c%d7%92%d7%91%d7%a8\/\" \/>\n<meta property=\"og:locale\" content=\"fr_FR\" \/>\n<meta property=\"og:type\" content=\"article\" \/>\n<meta property=\"og:title\" content=\"Chaussure orthop\u00e9diques Homme ORFEO - Kalfon Medical Distribution\" \/>\n<meta property=\"og:description\" content=\"Le mod\u00e8le ORFEO_D a \u00e9t\u00e9 sp\u00e9cifiquement d\u00e9velopp\u00e9 pour s&#8217;adapter aux pieds diab\u00e9tiques. La doublure ON STEAM\u00ae \u00e9vacue l&#8217;humidit\u00e9 et la mousse haute densit\u00e9 limite les frottements et les zones de surpression. Associ\u00e9e \u00e0 une semelle antid\u00e9rapante l\u00e9g\u00e8rement d\u00e9bordante, cette chaussure prot\u00e8ge le pied vis-\u00e0-vis des \u00e9l\u00e9ments ext\u00e9rieurs et pr\u00e9vient ainsi l&#8217;apparition de l\u00e9sions. Ce produit [&hellip;]\" \/>\n<meta property=\"og:url\" content=\"https:\/\/www.kalfon-medical.co.il\/fr\/produit\/%d7%a0%d7%a2%d7%9c%d7%99-%d7%90%d7%95%d7%a8%d7%98%d7%95%d7%a4%d7%93%d7%99%d7%95%d7%aa-%d7%9c%d7%92%d7%91%d7%a8\/\" \/>\n<meta property=\"og:site_name\" content=\"Kalfon Medical Distribution\" \/>\n<meta property=\"article:modified_time\" content=\"2025-02-12T16:38:49+00:00\" \/>\n<meta property=\"og:image\" content=\"https:\/\/www.kalfon-medical.co.il\/wp-content\/uploads\/2025\/02\/orfeo-d-noir-ext.jpg\" \/>\n\t<meta property=\"og:image:width\" content=\"900\" \/>\n\t<meta property=\"og:image:height\" content=\"900\" \/>\n\t<meta property=\"og:image:type\" content=\"image\/jpeg\" \/>\n<meta name=\"twitter:card\" content=\"summary_large_image\" \/>\n<meta name=\"twitter:label1\" content=\"Dur\u00e9e de lecture estim\u00e9e\" \/>\n\t<meta name=\"twitter:data1\" content=\"3 minutes\" \/>\n<script type=\"application\/ld+json\" class=\"yoast-schema-graph\">{\"@context\":\"https:\\\/\\\/schema.org\",\"@graph\":[{\"@type\":\"WebPage\",\"@id\":\"https:\\\/\\\/www.kalfon-medical.co.il\\\/fr\\\/produit\\\/%d7%a0%d7%a2%d7%9c%d7%99-%d7%90%d7%95%d7%a8%d7%98%d7%95%d7%a4%d7%93%d7%99%d7%95%d7%aa-%d7%9c%d7%92%d7%91%d7%a8\\\/\",\"url\":\"https:\\\/\\\/www.kalfon-medical.co.il\\\/fr\\\/produit\\\/%d7%a0%d7%a2%d7%9c%d7%99-%d7%90%d7%95%d7%a8%d7%98%d7%95%d7%a4%d7%93%d7%99%d7%95%d7%aa-%d7%9c%d7%92%d7%91%d7%a8\\\/\",\"name\":\"Chaussure orthop\u00e9diques Homme ORFEO - Kalfon Medical Distribution\",\"isPartOf\":{\"@id\":\"https:\\\/\\\/www.kalfon-medical.co.il\\\/fr\\\/#website\"},\"primaryImageOfPage\":{\"@id\":\"https:\\\/\\\/www.kalfon-medical.co.il\\\/fr\\\/produit\\\/%d7%a0%d7%a2%d7%9c%d7%99-%d7%90%d7%95%d7%a8%d7%98%d7%95%d7%a4%d7%93%d7%99%d7%95%d7%aa-%d7%9c%d7%92%d7%91%d7%a8\\\/#primaryimage\"},\"image\":{\"@id\":\"https:\\\/\\\/www.kalfon-medical.co.il\\\/fr\\\/produit\\\/%d7%a0%d7%a2%d7%9c%d7%99-%d7%90%d7%95%d7%a8%d7%98%d7%95%d7%a4%d7%93%d7%99%d7%95%d7%aa-%d7%9c%d7%92%d7%91%d7%a8\\\/#primaryimage\"},\"thumbnailUrl\":\"https:\\\/\\\/www.kalfon-medical.co.il\\\/wp-content\\\/uploads\\\/2025\\\/02\\\/orfeo-d-noir-ext.jpg\",\"datePublished\":\"2025-02-12T15:47:02+00:00\",\"dateModified\":\"2025-02-12T16:38:49+00:00\",\"breadcrumb\":{\"@id\":\"https:\\\/\\\/www.kalfon-medical.co.il\\\/fr\\\/produit\\\/%d7%a0%d7%a2%d7%9c%d7%99-%d7%90%d7%95%d7%a8%d7%98%d7%95%d7%a4%d7%93%d7%99%d7%95%d7%aa-%d7%9c%d7%92%d7%91%d7%a8\\\/#breadcrumb\"},\"inLanguage\":\"fr-FR\",\"potentialAction\":[{\"@type\":\"ReadAction\",\"target\":[\"https:\\\/\\\/www.kalfon-medical.co.il\\\/fr\\\/produit\\\/%d7%a0%d7%a2%d7%9c%d7%99-%d7%90%d7%95%d7%a8%d7%98%d7%95%d7%a4%d7%93%d7%99%d7%95%d7%aa-%d7%9c%d7%92%d7%91%d7%a8\\\/\"]}]},{\"@type\":\"ImageObject\",\"inLanguage\":\"fr-FR\",\"@id\":\"https:\\\/\\\/www.kalfon-medical.co.il\\\/fr\\\/produit\\\/%d7%a0%d7%a2%d7%9c%d7%99-%d7%90%d7%95%d7%a8%d7%98%d7%95%d7%a4%d7%93%d7%99%d7%95%d7%aa-%d7%9c%d7%92%d7%91%d7%a8\\\/#primaryimage\",\"url\":\"https:\\\/\\\/www.kalfon-medical.co.il\\\/wp-content\\\/uploads\\\/2025\\\/02\\\/orfeo-d-noir-ext.jpg\",\"contentUrl\":\"https:\\\/\\\/www.kalfon-medical.co.il\\\/wp-content\\\/uploads\\\/2025\\\/02\\\/orfeo-d-noir-ext.jpg\",\"width\":900,\"height\":900},{\"@type\":\"BreadcrumbList\",\"@id\":\"https:\\\/\\\/www.kalfon-medical.co.il\\\/fr\\\/produit\\\/%d7%a0%d7%a2%d7%9c%d7%99-%d7%90%d7%95%d7%a8%d7%98%d7%95%d7%a4%d7%93%d7%99%d7%95%d7%aa-%d7%9c%d7%92%d7%91%d7%a8\\\/#breadcrumb\",\"itemListElement\":[{\"@type\":\"ListItem\",\"position\":1,\"name\":\"Home\",\"item\":\"https:\\\/\\\/www.kalfon-medical.co.il\\\/fr\\\/\"},{\"@type\":\"ListItem\",\"position\":2,\"name\":\"Boutique\",\"item\":\"https:\\\/\\\/www.kalfon-medical.co.il\\\/fr\\\/boutique\\\/\"},{\"@type\":\"ListItem\",\"position\":3,\"name\":\"Chaussure orthop\u00e9diques Homme ORFEO\"}]},{\"@type\":\"WebSite\",\"@id\":\"https:\\\/\\\/www.kalfon-medical.co.il\\\/fr\\\/#website\",\"url\":\"https:\\\/\\\/www.kalfon-medical.co.il\\\/fr\\\/\",\"name\":\"Kalfon Medical Distribution\",\"description\":\"Un site utilisant WordPress\",\"potentialAction\":[{\"@type\":\"SearchAction\",\"target\":{\"@type\":\"EntryPoint\",\"urlTemplate\":\"https:\\\/\\\/www.kalfon-medical.co.il\\\/fr\\\/?s={search_term_string}\"},\"query-input\":{\"@type\":\"PropertyValueSpecification\",\"valueRequired\":true,\"valueName\":\"search_term_string\"}}],\"inLanguage\":\"fr-FR\"}]}<\/script>\n<!-- \/ Yoast SEO plugin. -->","yoast_head_json":{"title":"Chaussure orthop\u00e9diques Homme ORFEO - Kalfon Medical Distribution","robots":{"index":"index","follow":"follow","max-snippet":"max-snippet:-1","max-image-preview":"max-image-preview:large","max-video-preview":"max-video-preview:-1"},"canonical":"https:\/\/www.kalfon-medical.co.il\/fr\/produit\/%d7%a0%d7%a2%d7%9c%d7%99-%d7%90%d7%95%d7%a8%d7%98%d7%95%d7%a4%d7%93%d7%99%d7%95%d7%aa-%d7%9c%d7%92%d7%91%d7%a8\/","og_locale":"fr_FR","og_type":"article","og_title":"Chaussure orthop\u00e9diques Homme ORFEO - Kalfon Medical Distribution","og_description":"Le mod\u00e8le ORFEO_D a \u00e9t\u00e9 sp\u00e9cifiquement d\u00e9velopp\u00e9 pour s&#8217;adapter aux pieds diab\u00e9tiques. La doublure ON STEAM\u00ae \u00e9vacue l&#8217;humidit\u00e9 et la mousse haute densit\u00e9 limite les frottements et les zones de surpression. Associ\u00e9e \u00e0 une semelle antid\u00e9rapante l\u00e9g\u00e8rement d\u00e9bordante, cette chaussure prot\u00e8ge le pied vis-\u00e0-vis des \u00e9l\u00e9ments ext\u00e9rieurs et pr\u00e9vient ainsi l&#8217;apparition de l\u00e9sions. Ce produit [&hellip;]","og_url":"https:\/\/www.kalfon-medical.co.il\/fr\/produit\/%d7%a0%d7%a2%d7%9c%d7%99-%d7%90%d7%95%d7%a8%d7%98%d7%95%d7%a4%d7%93%d7%99%d7%95%d7%aa-%d7%9c%d7%92%d7%91%d7%a8\/","og_site_name":"Kalfon Medical Distribution","article_modified_time":"2025-02-12T16:38:49+00:00","og_image":[{"width":900,"height":900,"url":"https:\/\/www.kalfon-medical.co.il\/wp-content\/uploads\/2025\/02\/orfeo-d-noir-ext.jpg","type":"image\/jpeg"}],"twitter_card":"summary_large_image","twitter_misc":{"Dur\u00e9e de lecture estim\u00e9e":"3 minutes"},"schema":{"@context":"https:\/\/schema.org","@graph":[{"@type":"WebPage","@id":"https:\/\/www.kalfon-medical.co.il\/fr\/produit\/%d7%a0%d7%a2%d7%9c%d7%99-%d7%90%d7%95%d7%a8%d7%98%d7%95%d7%a4%d7%93%d7%99%d7%95%d7%aa-%d7%9c%d7%92%d7%91%d7%a8\/","url":"https:\/\/www.kalfon-medical.co.il\/fr\/produit\/%d7%a0%d7%a2%d7%9c%d7%99-%d7%90%d7%95%d7%a8%d7%98%d7%95%d7%a4%d7%93%d7%99%d7%95%d7%aa-%d7%9c%d7%92%d7%91%d7%a8\/","name":"Chaussure orthop\u00e9diques Homme ORFEO - Kalfon Medical Distribution","isPartOf":{"@id":"https:\/\/www.kalfon-medical.co.il\/fr\/#website"},"primaryImageOfPage":{"@id":"https:\/\/www.kalfon-medical.co.il\/fr\/produit\/%d7%a0%d7%a2%d7%9c%d7%99-%d7%90%d7%95%d7%a8%d7%98%d7%95%d7%a4%d7%93%d7%99%d7%95%d7%aa-%d7%9c%d7%92%d7%91%d7%a8\/#primaryimage"},"image":{"@id":"https:\/\/www.kalfon-medical.co.il\/fr\/produit\/%d7%a0%d7%a2%d7%9c%d7%99-%d7%90%d7%95%d7%a8%d7%98%d7%95%d7%a4%d7%93%d7%99%d7%95%d7%aa-%d7%9c%d7%92%d7%91%d7%a8\/#primaryimage"},"thumbnailUrl":"https:\/\/www.kalfon-medical.co.il\/wp-content\/uploads\/2025\/02\/orfeo-d-noir-ext.jpg","datePublished":"2025-02-12T15:47:02+00:00","dateModified":"2025-02-12T16:38:49+00:00","breadcrumb":{"@id":"https:\/\/www.kalfon-medical.co.il\/fr\/produit\/%d7%a0%d7%a2%d7%9c%d7%99-%d7%90%d7%95%d7%a8%d7%98%d7%95%d7%a4%d7%93%d7%99%d7%95%d7%aa-%d7%9c%d7%92%d7%91%d7%a8\/#breadcrumb"},"inLanguage":"fr-FR","potentialAction":[{"@type":"ReadAction","target":["https:\/\/www.kalfon-medical.co.il\/fr\/produit\/%d7%a0%d7%a2%d7%9c%d7%99-%d7%90%d7%95%d7%a8%d7%98%d7%95%d7%a4%d7%93%d7%99%d7%95%d7%aa-%d7%9c%d7%92%d7%91%d7%a8\/"]}]},{"@type":"ImageObject","inLanguage":"fr-FR","@id":"https:\/\/www.kalfon-medical.co.il\/fr\/produit\/%d7%a0%d7%a2%d7%9c%d7%99-%d7%90%d7%95%d7%a8%d7%98%d7%95%d7%a4%d7%93%d7%99%d7%95%d7%aa-%d7%9c%d7%92%d7%91%d7%a8\/#primaryimage","url":"https:\/\/www.kalfon-medical.co.il\/wp-content\/uploads\/2025\/02\/orfeo-d-noir-ext.jpg","contentUrl":"https:\/\/www.kalfon-medical.co.il\/wp-content\/uploads\/2025\/02\/orfeo-d-noir-ext.jpg","width":900,"height":900},{"@type":"BreadcrumbList","@id":"https:\/\/www.kalfon-medical.co.il\/fr\/produit\/%d7%a0%d7%a2%d7%9c%d7%99-%d7%90%d7%95%d7%a8%d7%98%d7%95%d7%a4%d7%93%d7%99%d7%95%d7%aa-%d7%9c%d7%92%d7%91%d7%a8\/#breadcrumb","itemListElement":[{"@type":"ListItem","position":1,"name":"Home","item":"https:\/\/www.kalfon-medical.co.il\/fr\/"},{"@type":"ListItem","position":2,"name":"Boutique","item":"https:\/\/www.kalfon-medical.co.il\/fr\/boutique\/"},{"@type":"ListItem","position":3,"name":"Chaussure orthop\u00e9diques Homme ORFEO"}]},{"@type":"WebSite","@id":"https:\/\/www.kalfon-medical.co.il\/fr\/#website","url":"https:\/\/www.kalfon-medical.co.il\/fr\/","name":"Kalfon Medical Distribution","description":"Un site utilisant WordPress","potentialAction":[{"@type":"SearchAction","target":{"@type":"EntryPoint","urlTemplate":"https:\/\/www.kalfon-medical.co.il\/fr\/?s={search_term_string}"},"query-input":{"@type":"PropertyValueSpecification","valueRequired":true,"valueName":"search_term_string"}}],"inLanguage":"fr-FR"}]}},"_links":{"self":[{"href":"https:\/\/www.kalfon-medical.co.il\/fr\/wp-json\/wp\/v2\/product\/6408","targetHints":{"allow":["GET"]}}],"collection":[{"href":"https:\/\/www.kalfon-medical.co.il\/fr\/wp-json\/wp\/v2\/product"}],"about":[{"href":"https:\/\/www.kalfon-medical.co.il\/fr\/wp-json\/wp\/v2\/types\/product"}],"replies":[{"embeddable":true,"href":"https:\/\/www.kalfon-medical.co.il\/fr\/wp-json\/wp\/v2\/comments?post=6408"}],"version-history":[{"count":0,"href":"https:\/\/www.kalfon-medical.co.il\/fr\/wp-json\/wp\/v2\/product\/6408\/revisions"}],"wp:featuredmedia":[{"embeddable":true,"href":"https:\/\/www.kalfon-medical.co.il\/fr\/wp-json\/wp\/v2\/media\/6383"}],"wp:attachment":[{"href":"https:\/\/www.kalfon-medical.co.il\/fr\/wp-json\/wp\/v2\/media?parent=6408"}],"wp:term":[{"taxonomy":"product_brand","embeddable":true,"href":"https:\/\/www.kalfon-medical.co.il\/fr\/wp-json\/wp\/v2\/product_brand?post=6408"},{"taxonomy":"product_cat","embeddable":true,"href":"https:\/\/www.kalfon-medical.co.il\/fr\/wp-json\/wp\/v2\/product_cat?post=6408"},{"taxonomy":"product_tag","embeddable":true,"href":"https:\/\/www.kalfon-medical.co.il\/fr\/wp-json\/wp\/v2\/product_tag?post=6408"},{"taxonomy":"distributeur-exclusif","embeddable":true,"href":"https:\/\/www.kalfon-medical.co.il\/fr\/wp-json\/wp\/v2\/distributeur-exclusif?post=6408"},{"taxonomy":"marques","embeddable":true,"href":"https:\/\/www.kalfon-medical.co.il\/fr\/wp-json\/wp\/v2\/marques?post=6408"}],"curies":[{"name":"wp","href":"https:\/\/api.w.org\/{rel}","templated":true}]}}