{"id":6367,"date":"2025-02-12T09:19:31","date_gmt":"2025-02-12T07:19:31","guid":{"rendered":"https:\/\/www.kalfon-medical.co.il\/product\/%d7%9b%d7%99%d7%a1%d7%90-%d7%a9%d7%99%d7%a8%d7%95%d7%aa%d7%99%d7%9d-%d7%9e%d7%a7%d7%9c%d7%97%d7%aa-%d7%95%d7%94%d7%a2%d7%91%d7%a8%d7%94-moovy-%d7%9e%d7%aa%d7%9b%d7%95%d7%95%d7%a0%d7%9f\/"},"modified":"2025-07-23T13:20:33","modified_gmt":"2025-07-23T10:20:33","slug":"%d7%9b%d7%99%d7%a1%d7%90-%d7%a9%d7%99%d7%a8%d7%95%d7%aa%d7%99%d7%9d-%d7%9e%d7%a7%d7%9c%d7%97%d7%aa-%d7%95%d7%94%d7%a2%d7%91%d7%a8%d7%94-moovy-%d7%9e%d7%aa%d7%9b%d7%95%d7%95%d7%a0%d7%9f","status":"publish","type":"product","link":"https:\/\/www.kalfon-medical.co.il\/fr\/produit\/%d7%9b%d7%99%d7%a1%d7%90-%d7%a9%d7%99%d7%a8%d7%95%d7%aa%d7%99%d7%9d-%d7%9e%d7%a7%d7%9c%d7%97%d7%aa-%d7%95%d7%94%d7%a2%d7%91%d7%a8%d7%94-moovy-%d7%9e%d7%aa%d7%9b%d7%95%d7%95%d7%a0%d7%9f\/","title":{"rendered":"FAUTEUIL WC\/DOUCHE ET TRANSFERT MOOVY R\u00c9GLABLE"},"content":{"rendered":"<ul id=\"description\" class=\"uk-switcher uk-margin\">\n<li class=\"uk-active\">Notre Moovy r\u00e9glable permet de l\u2019utiliser facilement avec un lit non r\u00e9glable en hauteur, c\u2019est le fauteuil qui va venir \u00e0 hauteur du matelas. Le r\u00e9glage en hauteur se fait gr\u00e2ce \u00e0 la manivelle lat\u00e9rale. Cette manivelle repliable est \u00e0 mouvement d\u00e9multipli\u00e9, ce qui permet une mont\u00e9e et une descente sans aucun effort.Le fauteuil dispose de poign\u00e9es escamotables \u00e0 l\u2019avant, de 4 roulettes avec freins (roues arri\u00e8res non-directionnelles). Il dispose \u00e9galement d\u2019un double repose-pied qui suit l\u2019assise pendant le r\u00e9glage en hauteur. Fermeture gr\u00e2ce \u00e0 un loquet + boucle de ceinture \u00e0 l\u2019arri\u00e8re. Livr\u00e9 avec pot amovible avec son support, d\u2019une sangle de s\u00e9curit\u00e9 et d\u2019un coussin d\u2019assise confort capitonn\u00e9.Dimensions hors-tout : larg. 53 (avec manivelle 59) x prof. 70 x haut. 92,5 \u00e0 111,5 cm.<br \/>\nPoids 34 kg.<br \/>\nDimensions assise : larg. 44 x prof. 38 x haut. 42 \u00e0 60 cm.<br \/>\nLargeur entre accoudoirs 41,5 cm.<br \/>\nLargeur de l\u2019\u00e9videment 22 cm.<br \/>\nR\u00e9sistance 125 kg.<\/li>\n<\/ul>\n","protected":false},"excerpt":{"rendered":"<ul>\n<li>Version \u00e0 \u00e9l\u00e9vation r\u00e9glable par manivelle<\/li>\n<li>Le repose-pieds suit la hauteur de l\u2019assise<\/li>\n<\/ul>\n","protected":false},"featured_media":6366,"comment_status":"open","ping_status":"closed","template":"","meta":{"_monsterinsights_skip_tracking":false,"_monsterinsights_sitenote_active":false,"_monsterinsights_sitenote_note":"","_monsterinsights_sitenote_category":0},"product_brand":[],"product_cat":[93,101,89,184],"product_tag":[],"distributeur-exclusif":[115],"marques":[],"class_list":{"0":"post-6367","1":"product","2":"type-product","3":"status-publish","4":"has-post-thumbnail","6":"product_cat-chaise-garde-robe","7":"product_cat-chaise-de-douche","8":"product_cat-salle-de-bain-wc","9":"product_cat-transfert","10":"distributeur-exclusif-identites","11":"_wholesalex wsx-wholesalex-product","13":"first","14":"instock","15":"taxable","16":"shipping-taxable","17":"purchasable","18":"product-type-simple"},"yoast_head":"<!-- This site is optimized with the Yoast SEO plugin v27.5 - https:\/\/yoast.com\/product\/yoast-seo-wordpress\/ -->\n<title>FAUTEUIL WC\/DOUCHE ET TRANSFERT MOOVY R\u00c9GLABLE - Kalfon Medical Distribution<\/title>\n<meta name=\"robots\" content=\"index, follow, max-snippet:-1, max-image-preview:large, max-video-preview:-1\" \/>\n<link rel=\"canonical\" href=\"https:\/\/www.kalfon-medical.co.il\/fr\/produit\/%d7%9b%d7%99%d7%a1%d7%90-%d7%a9%d7%99%d7%a8%d7%95%d7%aa%d7%99%d7%9d-%d7%9e%d7%a7%d7%9c%d7%97%d7%aa-%d7%95%d7%94%d7%a2%d7%91%d7%a8%d7%94-moovy-%d7%9e%d7%aa%d7%9b%d7%95%d7%95%d7%a0%d7%9f\/\" \/>\n<meta property=\"og:locale\" content=\"fr_FR\" \/>\n<meta property=\"og:type\" content=\"article\" \/>\n<meta property=\"og:title\" content=\"FAUTEUIL WC\/DOUCHE ET TRANSFERT MOOVY R\u00c9GLABLE - Kalfon Medical Distribution\" \/>\n<meta property=\"og:description\" content=\"Version \u00e0 \u00e9l\u00e9vation r\u00e9glable par manivelle  Le repose-pieds suit la hauteur de l\u2019assise\" \/>\n<meta property=\"og:url\" content=\"https:\/\/www.kalfon-medical.co.il\/fr\/produit\/%d7%9b%d7%99%d7%a1%d7%90-%d7%a9%d7%99%d7%a8%d7%95%d7%aa%d7%99%d7%9d-%d7%9e%d7%a7%d7%9c%d7%97%d7%aa-%d7%95%d7%94%d7%a2%d7%91%d7%a8%d7%94-moovy-%d7%9e%d7%aa%d7%9b%d7%95%d7%95%d7%a0%d7%9f\/\" \/>\n<meta property=\"og:site_name\" content=\"Kalfon Medical Distribution\" \/>\n<meta property=\"article:modified_time\" content=\"2025-07-23T10:20:33+00:00\" \/>\n<meta property=\"og:image\" content=\"https:\/\/www.kalfon-medical.co.il\/wp-content\/uploads\/2025\/02\/fauteuil-wc-douche-transfert-moovy-2.jpg\" \/>\n\t<meta property=\"og:image:width\" content=\"800\" \/>\n\t<meta property=\"og:image:height\" content=\"800\" \/>\n\t<meta property=\"og:image:type\" content=\"image\/jpeg\" \/>\n<meta name=\"twitter:card\" content=\"summary_large_image\" \/>\n<meta name=\"twitter:label1\" content=\"Dur\u00e9e de lecture estim\u00e9e\" \/>\n\t<meta name=\"twitter:data1\" content=\"1 minute\" \/>\n<script type=\"application\/ld+json\" class=\"yoast-schema-graph\">{\"@context\":\"https:\\\/\\\/schema.org\",\"@graph\":[{\"@type\":\"WebPage\",\"@id\":\"https:\\\/\\\/www.kalfon-medical.co.il\\\/fr\\\/produit\\\/%d7%9b%d7%99%d7%a1%d7%90-%d7%a9%d7%99%d7%a8%d7%95%d7%aa%d7%99%d7%9d-%d7%9e%d7%a7%d7%9c%d7%97%d7%aa-%d7%95%d7%94%d7%a2%d7%91%d7%a8%d7%94-moovy-%d7%9e%d7%aa%d7%9b%d7%95%d7%95%d7%a0%d7%9f\\\/\",\"url\":\"https:\\\/\\\/www.kalfon-medical.co.il\\\/fr\\\/produit\\\/%d7%9b%d7%99%d7%a1%d7%90-%d7%a9%d7%99%d7%a8%d7%95%d7%aa%d7%99%d7%9d-%d7%9e%d7%a7%d7%9c%d7%97%d7%aa-%d7%95%d7%94%d7%a2%d7%91%d7%a8%d7%94-moovy-%d7%9e%d7%aa%d7%9b%d7%95%d7%95%d7%a0%d7%9f\\\/\",\"name\":\"FAUTEUIL WC\\\/DOUCHE ET TRANSFERT MOOVY R\u00c9GLABLE - Kalfon Medical Distribution\",\"isPartOf\":{\"@id\":\"https:\\\/\\\/www.kalfon-medical.co.il\\\/fr\\\/#website\"},\"primaryImageOfPage\":{\"@id\":\"https:\\\/\\\/www.kalfon-medical.co.il\\\/fr\\\/produit\\\/%d7%9b%d7%99%d7%a1%d7%90-%d7%a9%d7%99%d7%a8%d7%95%d7%aa%d7%99%d7%9d-%d7%9e%d7%a7%d7%9c%d7%97%d7%aa-%d7%95%d7%94%d7%a2%d7%91%d7%a8%d7%94-moovy-%d7%9e%d7%aa%d7%9b%d7%95%d7%95%d7%a0%d7%9f\\\/#primaryimage\"},\"image\":{\"@id\":\"https:\\\/\\\/www.kalfon-medical.co.il\\\/fr\\\/produit\\\/%d7%9b%d7%99%d7%a1%d7%90-%d7%a9%d7%99%d7%a8%d7%95%d7%aa%d7%99%d7%9d-%d7%9e%d7%a7%d7%9c%d7%97%d7%aa-%d7%95%d7%94%d7%a2%d7%91%d7%a8%d7%94-moovy-%d7%9e%d7%aa%d7%9b%d7%95%d7%95%d7%a0%d7%9f\\\/#primaryimage\"},\"thumbnailUrl\":\"https:\\\/\\\/www.kalfon-medical.co.il\\\/wp-content\\\/uploads\\\/2025\\\/02\\\/fauteuil-wc-douche-transfert-moovy-2.jpg\",\"datePublished\":\"2025-02-12T07:19:31+00:00\",\"dateModified\":\"2025-07-23T10:20:33+00:00\",\"breadcrumb\":{\"@id\":\"https:\\\/\\\/www.kalfon-medical.co.il\\\/fr\\\/produit\\\/%d7%9b%d7%99%d7%a1%d7%90-%d7%a9%d7%99%d7%a8%d7%95%d7%aa%d7%99%d7%9d-%d7%9e%d7%a7%d7%9c%d7%97%d7%aa-%d7%95%d7%94%d7%a2%d7%91%d7%a8%d7%94-moovy-%d7%9e%d7%aa%d7%9b%d7%95%d7%95%d7%a0%d7%9f\\\/#breadcrumb\"},\"inLanguage\":\"fr-FR\",\"potentialAction\":[{\"@type\":\"ReadAction\",\"target\":[\"https:\\\/\\\/www.kalfon-medical.co.il\\\/fr\\\/produit\\\/%d7%9b%d7%99%d7%a1%d7%90-%d7%a9%d7%99%d7%a8%d7%95%d7%aa%d7%99%d7%9d-%d7%9e%d7%a7%d7%9c%d7%97%d7%aa-%d7%95%d7%94%d7%a2%d7%91%d7%a8%d7%94-moovy-%d7%9e%d7%aa%d7%9b%d7%95%d7%95%d7%a0%d7%9f\\\/\"]}]},{\"@type\":\"ImageObject\",\"inLanguage\":\"fr-FR\",\"@id\":\"https:\\\/\\\/www.kalfon-medical.co.il\\\/fr\\\/produit\\\/%d7%9b%d7%99%d7%a1%d7%90-%d7%a9%d7%99%d7%a8%d7%95%d7%aa%d7%99%d7%9d-%d7%9e%d7%a7%d7%9c%d7%97%d7%aa-%d7%95%d7%94%d7%a2%d7%91%d7%a8%d7%94-moovy-%d7%9e%d7%aa%d7%9b%d7%95%d7%95%d7%a0%d7%9f\\\/#primaryimage\",\"url\":\"https:\\\/\\\/www.kalfon-medical.co.il\\\/wp-content\\\/uploads\\\/2025\\\/02\\\/fauteuil-wc-douche-transfert-moovy-2.jpg\",\"contentUrl\":\"https:\\\/\\\/www.kalfon-medical.co.il\\\/wp-content\\\/uploads\\\/2025\\\/02\\\/fauteuil-wc-douche-transfert-moovy-2.jpg\",\"width\":800,\"height\":800},{\"@type\":\"BreadcrumbList\",\"@id\":\"https:\\\/\\\/www.kalfon-medical.co.il\\\/fr\\\/produit\\\/%d7%9b%d7%99%d7%a1%d7%90-%d7%a9%d7%99%d7%a8%d7%95%d7%aa%d7%99%d7%9d-%d7%9e%d7%a7%d7%9c%d7%97%d7%aa-%d7%95%d7%94%d7%a2%d7%91%d7%a8%d7%94-moovy-%d7%9e%d7%aa%d7%9b%d7%95%d7%95%d7%a0%d7%9f\\\/#breadcrumb\",\"itemListElement\":[{\"@type\":\"ListItem\",\"position\":1,\"name\":\"Home\",\"item\":\"https:\\\/\\\/www.kalfon-medical.co.il\\\/fr\\\/\"},{\"@type\":\"ListItem\",\"position\":2,\"name\":\"Boutique\",\"item\":\"https:\\\/\\\/www.kalfon-medical.co.il\\\/fr\\\/boutique\\\/\"},{\"@type\":\"ListItem\",\"position\":3,\"name\":\"FAUTEUIL WC\\\/DOUCHE ET TRANSFERT MOOVY R\u00c9GLABLE\"}]},{\"@type\":\"WebSite\",\"@id\":\"https:\\\/\\\/www.kalfon-medical.co.il\\\/fr\\\/#website\",\"url\":\"https:\\\/\\\/www.kalfon-medical.co.il\\\/fr\\\/\",\"name\":\"Kalfon Medical Distribution\",\"description\":\"Un site utilisant WordPress\",\"potentialAction\":[{\"@type\":\"SearchAction\",\"target\":{\"@type\":\"EntryPoint\",\"urlTemplate\":\"https:\\\/\\\/www.kalfon-medical.co.il\\\/fr\\\/?s={search_term_string}\"},\"query-input\":{\"@type\":\"PropertyValueSpecification\",\"valueRequired\":true,\"valueName\":\"search_term_string\"}}],\"inLanguage\":\"fr-FR\"}]}<\/script>\n<!-- \/ Yoast SEO plugin. -->","yoast_head_json":{"title":"FAUTEUIL WC\/DOUCHE ET TRANSFERT MOOVY R\u00c9GLABLE - Kalfon Medical Distribution","robots":{"index":"index","follow":"follow","max-snippet":"max-snippet:-1","max-image-preview":"max-image-preview:large","max-video-preview":"max-video-preview:-1"},"canonical":"https:\/\/www.kalfon-medical.co.il\/fr\/produit\/%d7%9b%d7%99%d7%a1%d7%90-%d7%a9%d7%99%d7%a8%d7%95%d7%aa%d7%99%d7%9d-%d7%9e%d7%a7%d7%9c%d7%97%d7%aa-%d7%95%d7%94%d7%a2%d7%91%d7%a8%d7%94-moovy-%d7%9e%d7%aa%d7%9b%d7%95%d7%95%d7%a0%d7%9f\/","og_locale":"fr_FR","og_type":"article","og_title":"FAUTEUIL WC\/DOUCHE ET TRANSFERT MOOVY R\u00c9GLABLE - Kalfon Medical Distribution","og_description":"Version \u00e0 \u00e9l\u00e9vation r\u00e9glable par manivelle  Le repose-pieds suit la hauteur de l\u2019assise","og_url":"https:\/\/www.kalfon-medical.co.il\/fr\/produit\/%d7%9b%d7%99%d7%a1%d7%90-%d7%a9%d7%99%d7%a8%d7%95%d7%aa%d7%99%d7%9d-%d7%9e%d7%a7%d7%9c%d7%97%d7%aa-%d7%95%d7%94%d7%a2%d7%91%d7%a8%d7%94-moovy-%d7%9e%d7%aa%d7%9b%d7%95%d7%95%d7%a0%d7%9f\/","og_site_name":"Kalfon Medical Distribution","article_modified_time":"2025-07-23T10:20:33+00:00","og_image":[{"width":800,"height":800,"url":"https:\/\/www.kalfon-medical.co.il\/wp-content\/uploads\/2025\/02\/fauteuil-wc-douche-transfert-moovy-2.jpg","type":"image\/jpeg"}],"twitter_card":"summary_large_image","twitter_misc":{"Dur\u00e9e de lecture estim\u00e9e":"1 minute"},"schema":{"@context":"https:\/\/schema.org","@graph":[{"@type":"WebPage","@id":"https:\/\/www.kalfon-medical.co.il\/fr\/produit\/%d7%9b%d7%99%d7%a1%d7%90-%d7%a9%d7%99%d7%a8%d7%95%d7%aa%d7%99%d7%9d-%d7%9e%d7%a7%d7%9c%d7%97%d7%aa-%d7%95%d7%94%d7%a2%d7%91%d7%a8%d7%94-moovy-%d7%9e%d7%aa%d7%9b%d7%95%d7%95%d7%a0%d7%9f\/","url":"https:\/\/www.kalfon-medical.co.il\/fr\/produit\/%d7%9b%d7%99%d7%a1%d7%90-%d7%a9%d7%99%d7%a8%d7%95%d7%aa%d7%99%d7%9d-%d7%9e%d7%a7%d7%9c%d7%97%d7%aa-%d7%95%d7%94%d7%a2%d7%91%d7%a8%d7%94-moovy-%d7%9e%d7%aa%d7%9b%d7%95%d7%95%d7%a0%d7%9f\/","name":"FAUTEUIL WC\/DOUCHE ET TRANSFERT MOOVY R\u00c9GLABLE - Kalfon Medical Distribution","isPartOf":{"@id":"https:\/\/www.kalfon-medical.co.il\/fr\/#website"},"primaryImageOfPage":{"@id":"https:\/\/www.kalfon-medical.co.il\/fr\/produit\/%d7%9b%d7%99%d7%a1%d7%90-%d7%a9%d7%99%d7%a8%d7%95%d7%aa%d7%99%d7%9d-%d7%9e%d7%a7%d7%9c%d7%97%d7%aa-%d7%95%d7%94%d7%a2%d7%91%d7%a8%d7%94-moovy-%d7%9e%d7%aa%d7%9b%d7%95%d7%95%d7%a0%d7%9f\/#primaryimage"},"image":{"@id":"https:\/\/www.kalfon-medical.co.il\/fr\/produit\/%d7%9b%d7%99%d7%a1%d7%90-%d7%a9%d7%99%d7%a8%d7%95%d7%aa%d7%99%d7%9d-%d7%9e%d7%a7%d7%9c%d7%97%d7%aa-%d7%95%d7%94%d7%a2%d7%91%d7%a8%d7%94-moovy-%d7%9e%d7%aa%d7%9b%d7%95%d7%95%d7%a0%d7%9f\/#primaryimage"},"thumbnailUrl":"https:\/\/www.kalfon-medical.co.il\/wp-content\/uploads\/2025\/02\/fauteuil-wc-douche-transfert-moovy-2.jpg","datePublished":"2025-02-12T07:19:31+00:00","dateModified":"2025-07-23T10:20:33+00:00","breadcrumb":{"@id":"https:\/\/www.kalfon-medical.co.il\/fr\/produit\/%d7%9b%d7%99%d7%a1%d7%90-%d7%a9%d7%99%d7%a8%d7%95%d7%aa%d7%99%d7%9d-%d7%9e%d7%a7%d7%9c%d7%97%d7%aa-%d7%95%d7%94%d7%a2%d7%91%d7%a8%d7%94-moovy-%d7%9e%d7%aa%d7%9b%d7%95%d7%95%d7%a0%d7%9f\/#breadcrumb"},"inLanguage":"fr-FR","potentialAction":[{"@type":"ReadAction","target":["https:\/\/www.kalfon-medical.co.il\/fr\/produit\/%d7%9b%d7%99%d7%a1%d7%90-%d7%a9%d7%99%d7%a8%d7%95%d7%aa%d7%99%d7%9d-%d7%9e%d7%a7%d7%9c%d7%97%d7%aa-%d7%95%d7%94%d7%a2%d7%91%d7%a8%d7%94-moovy-%d7%9e%d7%aa%d7%9b%d7%95%d7%95%d7%a0%d7%9f\/"]}]},{"@type":"ImageObject","inLanguage":"fr-FR","@id":"https:\/\/www.kalfon-medical.co.il\/fr\/produit\/%d7%9b%d7%99%d7%a1%d7%90-%d7%a9%d7%99%d7%a8%d7%95%d7%aa%d7%99%d7%9d-%d7%9e%d7%a7%d7%9c%d7%97%d7%aa-%d7%95%d7%94%d7%a2%d7%91%d7%a8%d7%94-moovy-%d7%9e%d7%aa%d7%9b%d7%95%d7%95%d7%a0%d7%9f\/#primaryimage","url":"https:\/\/www.kalfon-medical.co.il\/wp-content\/uploads\/2025\/02\/fauteuil-wc-douche-transfert-moovy-2.jpg","contentUrl":"https:\/\/www.kalfon-medical.co.il\/wp-content\/uploads\/2025\/02\/fauteuil-wc-douche-transfert-moovy-2.jpg","width":800,"height":800},{"@type":"BreadcrumbList","@id":"https:\/\/www.kalfon-medical.co.il\/fr\/produit\/%d7%9b%d7%99%d7%a1%d7%90-%d7%a9%d7%99%d7%a8%d7%95%d7%aa%d7%99%d7%9d-%d7%9e%d7%a7%d7%9c%d7%97%d7%aa-%d7%95%d7%94%d7%a2%d7%91%d7%a8%d7%94-moovy-%d7%9e%d7%aa%d7%9b%d7%95%d7%95%d7%a0%d7%9f\/#breadcrumb","itemListElement":[{"@type":"ListItem","position":1,"name":"Home","item":"https:\/\/www.kalfon-medical.co.il\/fr\/"},{"@type":"ListItem","position":2,"name":"Boutique","item":"https:\/\/www.kalfon-medical.co.il\/fr\/boutique\/"},{"@type":"ListItem","position":3,"name":"FAUTEUIL WC\/DOUCHE ET TRANSFERT MOOVY R\u00c9GLABLE"}]},{"@type":"WebSite","@id":"https:\/\/www.kalfon-medical.co.il\/fr\/#website","url":"https:\/\/www.kalfon-medical.co.il\/fr\/","name":"Kalfon Medical Distribution","description":"Un site utilisant WordPress","potentialAction":[{"@type":"SearchAction","target":{"@type":"EntryPoint","urlTemplate":"https:\/\/www.kalfon-medical.co.il\/fr\/?s={search_term_string}"},"query-input":{"@type":"PropertyValueSpecification","valueRequired":true,"valueName":"search_term_string"}}],"inLanguage":"fr-FR"}]}},"_links":{"self":[{"href":"https:\/\/www.kalfon-medical.co.il\/fr\/wp-json\/wp\/v2\/product\/6367","targetHints":{"allow":["GET"]}}],"collection":[{"href":"https:\/\/www.kalfon-medical.co.il\/fr\/wp-json\/wp\/v2\/product"}],"about":[{"href":"https:\/\/www.kalfon-medical.co.il\/fr\/wp-json\/wp\/v2\/types\/product"}],"replies":[{"embeddable":true,"href":"https:\/\/www.kalfon-medical.co.il\/fr\/wp-json\/wp\/v2\/comments?post=6367"}],"version-history":[{"count":0,"href":"https:\/\/www.kalfon-medical.co.il\/fr\/wp-json\/wp\/v2\/product\/6367\/revisions"}],"wp:featuredmedia":[{"embeddable":true,"href":"https:\/\/www.kalfon-medical.co.il\/fr\/wp-json\/wp\/v2\/media\/6366"}],"wp:attachment":[{"href":"https:\/\/www.kalfon-medical.co.il\/fr\/wp-json\/wp\/v2\/media?parent=6367"}],"wp:term":[{"taxonomy":"product_brand","embeddable":true,"href":"https:\/\/www.kalfon-medical.co.il\/fr\/wp-json\/wp\/v2\/product_brand?post=6367"},{"taxonomy":"product_cat","embeddable":true,"href":"https:\/\/www.kalfon-medical.co.il\/fr\/wp-json\/wp\/v2\/product_cat?post=6367"},{"taxonomy":"product_tag","embeddable":true,"href":"https:\/\/www.kalfon-medical.co.il\/fr\/wp-json\/wp\/v2\/product_tag?post=6367"},{"taxonomy":"distributeur-exclusif","embeddable":true,"href":"https:\/\/www.kalfon-medical.co.il\/fr\/wp-json\/wp\/v2\/distributeur-exclusif?post=6367"},{"taxonomy":"marques","embeddable":true,"href":"https:\/\/www.kalfon-medical.co.il\/fr\/wp-json\/wp\/v2\/marques?post=6367"}],"curies":[{"name":"wp","href":"https:\/\/api.w.org\/{rel}","templated":true}]}}