{"id":6056,"date":"2024-11-20T07:23:18","date_gmt":"2024-11-20T05:23:18","guid":{"rendered":"https:\/\/www.kalfon-medical.co.il\/product\/immo-donjoy\/"},"modified":"2025-01-09T11:19:44","modified_gmt":"2025-01-09T09:19:44","slug":"5326","status":"publish","type":"product","link":"https:\/\/www.kalfon-medical.co.il\/fr\/produit\/5326\/","title":{"rendered":"IMMO DONJOY"},"content":{"rendered":"<div class=\"flex max-w-full flex-col\">\n<div class=\"min-h-8 text-message flex w-full flex-col items-end gap-2 whitespace-normal break-words text-start [.text-message+&amp;]:mt-5\" dir=\"auto\" data-message-author-role=\"assistant\" data-message-id=\"b158f187-2dd3-4609-b8b4-06ec3a0e3a62\" data-message-model-slug=\"gpt-4o\">\n<div class=\"flex w-full flex-col gap-1 empty:hidden first:pt-[3px]\">\n<div class=\"markdown prose w-full break-words dark:prose-invert light\">\n<p>Support de bras avec sangles combin\u00e9es et ceinture de stabilisation amovible. Les sangles sont en mousse recouverte de tissu \u00e9ponge. Le positionnement des sangles emp\u00eache la pression sur le cou. Mod\u00e8le bilat\u00e9ral. Disponible en 6 tailles (de l&#8217;enfant au XL).<\/p>\n<p><img fetchpriority=\"high\" decoding=\"async\" class=\"alignnone  wp-image-6062\" src=\"http:\/\/www.kalfon-medical.co.il\/wp-content\/uploads\/2024\/11\/Capture-decran-2025-01-09-a-11.14.31-300x181.png\" alt=\"\" width=\"577\" height=\"348\" srcset=\"https:\/\/www.kalfon-medical.co.il\/wp-content\/uploads\/2024\/11\/Capture-decran-2025-01-09-a-11.14.31-300x181.png 300w, https:\/\/www.kalfon-medical.co.il\/wp-content\/uploads\/2024\/11\/Capture-decran-2025-01-09-a-11.14.31-1024x617.png 1024w, https:\/\/www.kalfon-medical.co.il\/wp-content\/uploads\/2024\/11\/Capture-decran-2025-01-09-a-11.14.31-768x463.png 768w, https:\/\/www.kalfon-medical.co.il\/wp-content\/uploads\/2024\/11\/Capture-decran-2025-01-09-a-11.14.31-1536x925.png 1536w, https:\/\/www.kalfon-medical.co.il\/wp-content\/uploads\/2024\/11\/Capture-decran-2025-01-09-a-11.14.31-2048x1234.png 2048w, https:\/\/www.kalfon-medical.co.il\/wp-content\/uploads\/2024\/11\/Capture-decran-2025-01-09-a-11.14.31-600x361.png 600w\" sizes=\"(max-width: 577px) 100vw, 577px\" \/><\/p>\n<\/div>\n<\/div>\n<\/div>\n<\/div>\n","protected":false},"excerpt":{"rendered":"<p>Support de bras avec sangles combin\u00e9es et ceinture de stabilisation amovible. Les sangles sont en mousse recouverte de tissu \u00e9ponge. Le positionnement des sangles emp\u00eache la pression sur le cou. Mod\u00e8le bilat\u00e9ral. Disponible en 6 tailles (de l&#8217;enfant au XL).<\/p>\n","protected":false},"featured_media":5331,"comment_status":"open","ping_status":"closed","template":"","meta":{"_monsterinsights_skip_tracking":false,"_monsterinsights_sitenote_active":false,"_monsterinsights_sitenote_note":"","_monsterinsights_sitenote_category":0},"product_brand":[],"product_cat":[80,74],"product_tag":[],"distributeur-exclusif":[],"marques":[],"class_list":{"0":"post-6056","1":"product","2":"type-product","3":"status-publish","4":"has-post-thumbnail","6":"product_cat-epaule","7":"product_cat-orthopedie","8":"_wholesalex wsx-wholesalex-product","10":"first","11":"instock","12":"featured","13":"taxable","14":"shipping-taxable","15":"purchasable","16":"product-type-variable"},"yoast_head":"<!-- This site is optimized with the Yoast SEO plugin v27.5 - https:\/\/yoast.com\/product\/yoast-seo-wordpress\/ -->\n<title>IMMO DONJOY - Kalfon Medical Distribution<\/title>\n<meta name=\"robots\" content=\"index, follow, max-snippet:-1, max-image-preview:large, max-video-preview:-1\" \/>\n<link rel=\"canonical\" href=\"https:\/\/www.kalfon-medical.co.il\/fr\/produit\/5326\/\" \/>\n<meta property=\"og:locale\" content=\"fr_FR\" \/>\n<meta property=\"og:type\" content=\"article\" \/>\n<meta property=\"og:title\" content=\"IMMO DONJOY - Kalfon Medical Distribution\" \/>\n<meta property=\"og:description\" content=\"Support de bras avec sangles combin\u00e9es et ceinture de stabilisation amovible. Les sangles sont en mousse recouverte de tissu \u00e9ponge. Le positionnement des sangles emp\u00eache la pression sur le cou. Mod\u00e8le bilat\u00e9ral. Disponible en 6 tailles (de l&#8217;enfant au XL).\" \/>\n<meta property=\"og:url\" content=\"https:\/\/www.kalfon-medical.co.il\/fr\/produit\/5326\/\" \/>\n<meta property=\"og:site_name\" content=\"Kalfon Medical Distribution\" \/>\n<meta property=\"article:modified_time\" content=\"2025-01-09T09:19:44+00:00\" \/>\n<meta property=\"og:image\" content=\"https:\/\/www.kalfon-medical.co.il\/wp-content\/uploads\/2024\/11\/DonJoy22503Immo_72dpijpg_1hb61d0.jpg\" \/>\n\t<meta property=\"og:image:width\" content=\"1073\" \/>\n\t<meta property=\"og:image:height\" content=\"1073\" \/>\n\t<meta property=\"og:image:type\" content=\"image\/jpeg\" \/>\n<meta name=\"twitter:card\" content=\"summary_large_image\" \/>\n<meta name=\"twitter:label1\" content=\"Dur\u00e9e de lecture estim\u00e9e\" \/>\n\t<meta name=\"twitter:data1\" content=\"1 minute\" \/>\n<script type=\"application\/ld+json\" class=\"yoast-schema-graph\">{\"@context\":\"https:\\\/\\\/schema.org\",\"@graph\":[{\"@type\":\"WebPage\",\"@id\":\"https:\\\/\\\/www.kalfon-medical.co.il\\\/fr\\\/produit\\\/5326\\\/\",\"url\":\"https:\\\/\\\/www.kalfon-medical.co.il\\\/fr\\\/produit\\\/5326\\\/\",\"name\":\"IMMO DONJOY - Kalfon Medical Distribution\",\"isPartOf\":{\"@id\":\"https:\\\/\\\/www.kalfon-medical.co.il\\\/fr\\\/#website\"},\"primaryImageOfPage\":{\"@id\":\"https:\\\/\\\/www.kalfon-medical.co.il\\\/fr\\\/produit\\\/5326\\\/#primaryimage\"},\"image\":{\"@id\":\"https:\\\/\\\/www.kalfon-medical.co.il\\\/fr\\\/produit\\\/5326\\\/#primaryimage\"},\"thumbnailUrl\":\"https:\\\/\\\/www.kalfon-medical.co.il\\\/wp-content\\\/uploads\\\/2024\\\/11\\\/DonJoy22503Immo_72dpijpg_1hb61d0.jpg\",\"datePublished\":\"2024-11-20T05:23:18+00:00\",\"dateModified\":\"2025-01-09T09:19:44+00:00\",\"breadcrumb\":{\"@id\":\"https:\\\/\\\/www.kalfon-medical.co.il\\\/fr\\\/produit\\\/5326\\\/#breadcrumb\"},\"inLanguage\":\"fr-FR\",\"potentialAction\":[{\"@type\":\"ReadAction\",\"target\":[\"https:\\\/\\\/www.kalfon-medical.co.il\\\/fr\\\/produit\\\/5326\\\/\"]}]},{\"@type\":\"ImageObject\",\"inLanguage\":\"fr-FR\",\"@id\":\"https:\\\/\\\/www.kalfon-medical.co.il\\\/fr\\\/produit\\\/5326\\\/#primaryimage\",\"url\":\"https:\\\/\\\/www.kalfon-medical.co.il\\\/wp-content\\\/uploads\\\/2024\\\/11\\\/DonJoy22503Immo_72dpijpg_1hb61d0.jpg\",\"contentUrl\":\"https:\\\/\\\/www.kalfon-medical.co.il\\\/wp-content\\\/uploads\\\/2024\\\/11\\\/DonJoy22503Immo_72dpijpg_1hb61d0.jpg\",\"width\":1073,\"height\":1073},{\"@type\":\"BreadcrumbList\",\"@id\":\"https:\\\/\\\/www.kalfon-medical.co.il\\\/fr\\\/produit\\\/5326\\\/#breadcrumb\",\"itemListElement\":[{\"@type\":\"ListItem\",\"position\":1,\"name\":\"Home\",\"item\":\"https:\\\/\\\/www.kalfon-medical.co.il\\\/fr\\\/\"},{\"@type\":\"ListItem\",\"position\":2,\"name\":\"Boutique\",\"item\":\"https:\\\/\\\/www.kalfon-medical.co.il\\\/fr\\\/boutique\\\/\"},{\"@type\":\"ListItem\",\"position\":3,\"name\":\"IMMO DONJOY\"}]},{\"@type\":\"WebSite\",\"@id\":\"https:\\\/\\\/www.kalfon-medical.co.il\\\/fr\\\/#website\",\"url\":\"https:\\\/\\\/www.kalfon-medical.co.il\\\/fr\\\/\",\"name\":\"Kalfon Medical Distribution\",\"description\":\"Un site utilisant WordPress\",\"potentialAction\":[{\"@type\":\"SearchAction\",\"target\":{\"@type\":\"EntryPoint\",\"urlTemplate\":\"https:\\\/\\\/www.kalfon-medical.co.il\\\/fr\\\/?s={search_term_string}\"},\"query-input\":{\"@type\":\"PropertyValueSpecification\",\"valueRequired\":true,\"valueName\":\"search_term_string\"}}],\"inLanguage\":\"fr-FR\"}]}<\/script>\n<!-- \/ Yoast SEO plugin. -->","yoast_head_json":{"title":"IMMO DONJOY - Kalfon Medical Distribution","robots":{"index":"index","follow":"follow","max-snippet":"max-snippet:-1","max-image-preview":"max-image-preview:large","max-video-preview":"max-video-preview:-1"},"canonical":"https:\/\/www.kalfon-medical.co.il\/fr\/produit\/5326\/","og_locale":"fr_FR","og_type":"article","og_title":"IMMO DONJOY - Kalfon Medical Distribution","og_description":"Support de bras avec sangles combin\u00e9es et ceinture de stabilisation amovible. Les sangles sont en mousse recouverte de tissu \u00e9ponge. Le positionnement des sangles emp\u00eache la pression sur le cou. Mod\u00e8le bilat\u00e9ral. Disponible en 6 tailles (de l&#8217;enfant au XL).","og_url":"https:\/\/www.kalfon-medical.co.il\/fr\/produit\/5326\/","og_site_name":"Kalfon Medical Distribution","article_modified_time":"2025-01-09T09:19:44+00:00","og_image":[{"width":1073,"height":1073,"url":"https:\/\/www.kalfon-medical.co.il\/wp-content\/uploads\/2024\/11\/DonJoy22503Immo_72dpijpg_1hb61d0.jpg","type":"image\/jpeg"}],"twitter_card":"summary_large_image","twitter_misc":{"Dur\u00e9e de lecture estim\u00e9e":"1 minute"},"schema":{"@context":"https:\/\/schema.org","@graph":[{"@type":"WebPage","@id":"https:\/\/www.kalfon-medical.co.il\/fr\/produit\/5326\/","url":"https:\/\/www.kalfon-medical.co.il\/fr\/produit\/5326\/","name":"IMMO DONJOY - Kalfon Medical Distribution","isPartOf":{"@id":"https:\/\/www.kalfon-medical.co.il\/fr\/#website"},"primaryImageOfPage":{"@id":"https:\/\/www.kalfon-medical.co.il\/fr\/produit\/5326\/#primaryimage"},"image":{"@id":"https:\/\/www.kalfon-medical.co.il\/fr\/produit\/5326\/#primaryimage"},"thumbnailUrl":"https:\/\/www.kalfon-medical.co.il\/wp-content\/uploads\/2024\/11\/DonJoy22503Immo_72dpijpg_1hb61d0.jpg","datePublished":"2024-11-20T05:23:18+00:00","dateModified":"2025-01-09T09:19:44+00:00","breadcrumb":{"@id":"https:\/\/www.kalfon-medical.co.il\/fr\/produit\/5326\/#breadcrumb"},"inLanguage":"fr-FR","potentialAction":[{"@type":"ReadAction","target":["https:\/\/www.kalfon-medical.co.il\/fr\/produit\/5326\/"]}]},{"@type":"ImageObject","inLanguage":"fr-FR","@id":"https:\/\/www.kalfon-medical.co.il\/fr\/produit\/5326\/#primaryimage","url":"https:\/\/www.kalfon-medical.co.il\/wp-content\/uploads\/2024\/11\/DonJoy22503Immo_72dpijpg_1hb61d0.jpg","contentUrl":"https:\/\/www.kalfon-medical.co.il\/wp-content\/uploads\/2024\/11\/DonJoy22503Immo_72dpijpg_1hb61d0.jpg","width":1073,"height":1073},{"@type":"BreadcrumbList","@id":"https:\/\/www.kalfon-medical.co.il\/fr\/produit\/5326\/#breadcrumb","itemListElement":[{"@type":"ListItem","position":1,"name":"Home","item":"https:\/\/www.kalfon-medical.co.il\/fr\/"},{"@type":"ListItem","position":2,"name":"Boutique","item":"https:\/\/www.kalfon-medical.co.il\/fr\/boutique\/"},{"@type":"ListItem","position":3,"name":"IMMO DONJOY"}]},{"@type":"WebSite","@id":"https:\/\/www.kalfon-medical.co.il\/fr\/#website","url":"https:\/\/www.kalfon-medical.co.il\/fr\/","name":"Kalfon Medical Distribution","description":"Un site utilisant WordPress","potentialAction":[{"@type":"SearchAction","target":{"@type":"EntryPoint","urlTemplate":"https:\/\/www.kalfon-medical.co.il\/fr\/?s={search_term_string}"},"query-input":{"@type":"PropertyValueSpecification","valueRequired":true,"valueName":"search_term_string"}}],"inLanguage":"fr-FR"}]}},"_links":{"self":[{"href":"https:\/\/www.kalfon-medical.co.il\/fr\/wp-json\/wp\/v2\/product\/6056","targetHints":{"allow":["GET"]}}],"collection":[{"href":"https:\/\/www.kalfon-medical.co.il\/fr\/wp-json\/wp\/v2\/product"}],"about":[{"href":"https:\/\/www.kalfon-medical.co.il\/fr\/wp-json\/wp\/v2\/types\/product"}],"replies":[{"embeddable":true,"href":"https:\/\/www.kalfon-medical.co.il\/fr\/wp-json\/wp\/v2\/comments?post=6056"}],"version-history":[{"count":0,"href":"https:\/\/www.kalfon-medical.co.il\/fr\/wp-json\/wp\/v2\/product\/6056\/revisions"}],"wp:featuredmedia":[{"embeddable":true,"href":"https:\/\/www.kalfon-medical.co.il\/fr\/wp-json\/wp\/v2\/media\/5331"}],"wp:attachment":[{"href":"https:\/\/www.kalfon-medical.co.il\/fr\/wp-json\/wp\/v2\/media?parent=6056"}],"wp:term":[{"taxonomy":"product_brand","embeddable":true,"href":"https:\/\/www.kalfon-medical.co.il\/fr\/wp-json\/wp\/v2\/product_brand?post=6056"},{"taxonomy":"product_cat","embeddable":true,"href":"https:\/\/www.kalfon-medical.co.il\/fr\/wp-json\/wp\/v2\/product_cat?post=6056"},{"taxonomy":"product_tag","embeddable":true,"href":"https:\/\/www.kalfon-medical.co.il\/fr\/wp-json\/wp\/v2\/product_tag?post=6056"},{"taxonomy":"distributeur-exclusif","embeddable":true,"href":"https:\/\/www.kalfon-medical.co.il\/fr\/wp-json\/wp\/v2\/distributeur-exclusif?post=6056"},{"taxonomy":"marques","embeddable":true,"href":"https:\/\/www.kalfon-medical.co.il\/fr\/wp-json\/wp\/v2\/marques?post=6056"}],"curies":[{"name":"wp","href":"https:\/\/api.w.org\/{rel}","templated":true}]}}