{"id":5520,"date":"2024-11-30T10:17:40","date_gmt":"2024-11-30T08:17:40","guid":{"rendered":"https:\/\/www.kalfon-medical.co.il\/product\/boules-de-petanques-molle-ma-boul%d7%b4\/"},"modified":"2024-11-30T10:17:40","modified_gmt":"2024-11-30T08:17:40","slug":"boules-de-petanques-molle-ma-boul%d7%b4","status":"publish","type":"product","link":"https:\/\/www.kalfon-medical.co.il\/fr\/produit\/boules-de-petanques-molle-ma-boul%d7%b4\/","title":{"rendered":"Boules de p\u00e9tanques Molle &#8220;MA BOUL\u05f4"},"content":{"rendered":"<p>Set de 6 boules de petanques (MA BOUL)<\/p>\n<p>&nbsp;<\/p>\n<p><strong>La p\u00e9tanque molle : un jeu adapt\u00e9 gr\u00e2ce \u00e0 Andr\u00e9 Guedj Allias \u00ab le professeur \u00bb<\/strong><\/p>\n<p>La p\u00e9tanque molle, introduite en Isra\u00ebl par Andr\u00e9 Guedj, est une version innovante du jeu de p\u00e9tanque traditionnel. Con\u00e7ue pour \u00eatre pratiqu\u00e9e en int\u00e9rieur avec des boules souples qui conservent leur poids original de 680 grammes, elle offre une exp\u00e9rience fid\u00e8le \u00e0 l\u2019original tout en s\u2019adaptant \u00e0 des besoins sp\u00e9cifiques. Andr\u00e9 Guedj a initi\u00e9 l\u2019adaptation de ce jeu pour des populations telles que les personnes \u00e2g\u00e9es, les malvoyants et celles ayant des besoins sp\u00e9ciaux. Dans les r\u00e9sidences pour seniors, ce jeu contribue \u00e0 am\u00e9liorer la motricit\u00e9 et favorise les interactions sociales dans un cadre s\u00e9curis\u00e9. Pour les malvoyants, quelques adaptations ingenieuses rendent l&#8217;activit\u00e9 accessible et stimulante. Dans les programmes de r\u00e9\u00e9ducation, notamment pour les soldats, la p\u00e9tanque molle devient un outil th\u00e9rapeutique efficace qui combine renforcement musculaire et coordination. Accessible, inclusive et fid\u00e8le \u00e0 la p\u00e9tanque classique, cette innovation port\u00e9e par Andr\u00e9 Guedj devient un outil universel de bien-\u00eatre social et physique en Isra\u00ebl. <\/p>\n","protected":false},"excerpt":{"rendered":"<p>Set de 6 boules de petanques (MA BOUL) &nbsp; La p\u00e9tanque molle : un jeu adapt\u00e9 gr\u00e2ce \u00e0 Andr\u00e9 Guedj Allias \u00ab le professeur \u00bb La p\u00e9tanque molle, introduite en Isra\u00ebl par Andr\u00e9 Guedj, est une version innovante du jeu de p\u00e9tanque traditionnel. Con\u00e7ue pour \u00eatre pratiqu\u00e9e en int\u00e9rieur avec des boules souples qui conservent [&hellip;]<\/p>\n","protected":false},"featured_media":5519,"comment_status":"open","ping_status":"closed","template":"","meta":{"_monsterinsights_skip_tracking":false,"_monsterinsights_sitenote_active":false,"_monsterinsights_sitenote_note":"","_monsterinsights_sitenote_category":0},"product_brand":[],"product_cat":[198,197,87],"product_tag":[],"distributeur-exclusif":[],"marques":[],"class_list":{"0":"post-5520","1":"product","2":"type-product","3":"status-publish","4":"has-post-thumbnail","6":"product_cat-article-reeducation","7":"product_cat-articles-de-sport","8":"product_cat-sport-et-reeducation","9":"_wholesalex wsx-wholesalex-product","11":"first","12":"onbackorder","13":"taxable","14":"shipping-taxable","15":"purchasable","16":"product-type-simple"},"yoast_head":"<!-- This site is optimized with the Yoast SEO plugin v27.5 - https:\/\/yoast.com\/product\/yoast-seo-wordpress\/ -->\n<title>Boules de p\u00e9tanques Molle &quot;MA BOUL\u05f4 - Kalfon Medical Distribution<\/title>\n<meta name=\"robots\" content=\"index, follow, max-snippet:-1, max-image-preview:large, max-video-preview:-1\" \/>\n<link rel=\"canonical\" href=\"https:\/\/www.kalfon-medical.co.il\/fr\/produit\/boules-de-petanques-molle-ma-boul%d7%b4\/\" \/>\n<meta property=\"og:locale\" content=\"fr_FR\" \/>\n<meta property=\"og:type\" content=\"article\" \/>\n<meta property=\"og:title\" content=\"Boules de p\u00e9tanques Molle &quot;MA BOUL\u05f4 - Kalfon Medical Distribution\" \/>\n<meta property=\"og:description\" content=\"Set de 6 boules de petanques (MA BOUL) &nbsp; La p\u00e9tanque molle : un jeu adapt\u00e9 gr\u00e2ce \u00e0 Andr\u00e9 Guedj Allias \u00ab le professeur \u00bb La p\u00e9tanque molle, introduite en Isra\u00ebl par Andr\u00e9 Guedj, est une version innovante du jeu de p\u00e9tanque traditionnel. Con\u00e7ue pour \u00eatre pratiqu\u00e9e en int\u00e9rieur avec des boules souples qui conservent [&hellip;]\" \/>\n<meta property=\"og:url\" content=\"https:\/\/www.kalfon-medical.co.il\/fr\/produit\/boules-de-petanques-molle-ma-boul%d7%b4\/\" \/>\n<meta property=\"og:site_name\" content=\"Kalfon Medical Distribution\" \/>\n<meta property=\"og:image\" content=\"https:\/\/www.kalfon-medical.co.il\/wp-content\/uploads\/2024\/11\/PHOTO-2024-12-01-16-28-20.jpg\" \/>\n\t<meta property=\"og:image:width\" content=\"960\" \/>\n\t<meta property=\"og:image:height\" content=\"1489\" \/>\n\t<meta property=\"og:image:type\" content=\"image\/jpeg\" \/>\n<meta name=\"twitter:card\" content=\"summary_large_image\" \/>\n<meta name=\"twitter:label1\" content=\"Dur\u00e9e de lecture estim\u00e9e\" \/>\n\t<meta name=\"twitter:data1\" content=\"1 minute\" \/>\n<script type=\"application\/ld+json\" class=\"yoast-schema-graph\">{\"@context\":\"https:\\\/\\\/schema.org\",\"@graph\":[{\"@type\":\"WebPage\",\"@id\":\"https:\\\/\\\/www.kalfon-medical.co.il\\\/fr\\\/produit\\\/boules-de-petanques-molle-ma-boul%d7%b4\\\/\",\"url\":\"https:\\\/\\\/www.kalfon-medical.co.il\\\/fr\\\/produit\\\/boules-de-petanques-molle-ma-boul%d7%b4\\\/\",\"name\":\"Boules de p\u00e9tanques Molle \\\"MA BOUL\u05f4 - Kalfon Medical Distribution\",\"isPartOf\":{\"@id\":\"https:\\\/\\\/www.kalfon-medical.co.il\\\/fr\\\/#website\"},\"primaryImageOfPage\":{\"@id\":\"https:\\\/\\\/www.kalfon-medical.co.il\\\/fr\\\/produit\\\/boules-de-petanques-molle-ma-boul%d7%b4\\\/#primaryimage\"},\"image\":{\"@id\":\"https:\\\/\\\/www.kalfon-medical.co.il\\\/fr\\\/produit\\\/boules-de-petanques-molle-ma-boul%d7%b4\\\/#primaryimage\"},\"thumbnailUrl\":\"https:\\\/\\\/www.kalfon-medical.co.il\\\/wp-content\\\/uploads\\\/2024\\\/11\\\/PHOTO-2024-12-01-16-28-20.jpg\",\"datePublished\":\"2024-11-30T08:17:40+00:00\",\"breadcrumb\":{\"@id\":\"https:\\\/\\\/www.kalfon-medical.co.il\\\/fr\\\/produit\\\/boules-de-petanques-molle-ma-boul%d7%b4\\\/#breadcrumb\"},\"inLanguage\":\"fr-FR\",\"potentialAction\":[{\"@type\":\"ReadAction\",\"target\":[\"https:\\\/\\\/www.kalfon-medical.co.il\\\/fr\\\/produit\\\/boules-de-petanques-molle-ma-boul%d7%b4\\\/\"]}]},{\"@type\":\"ImageObject\",\"inLanguage\":\"fr-FR\",\"@id\":\"https:\\\/\\\/www.kalfon-medical.co.il\\\/fr\\\/produit\\\/boules-de-petanques-molle-ma-boul%d7%b4\\\/#primaryimage\",\"url\":\"https:\\\/\\\/www.kalfon-medical.co.il\\\/wp-content\\\/uploads\\\/2024\\\/11\\\/PHOTO-2024-12-01-16-28-20.jpg\",\"contentUrl\":\"https:\\\/\\\/www.kalfon-medical.co.il\\\/wp-content\\\/uploads\\\/2024\\\/11\\\/PHOTO-2024-12-01-16-28-20.jpg\",\"width\":960,\"height\":1489},{\"@type\":\"BreadcrumbList\",\"@id\":\"https:\\\/\\\/www.kalfon-medical.co.il\\\/fr\\\/produit\\\/boules-de-petanques-molle-ma-boul%d7%b4\\\/#breadcrumb\",\"itemListElement\":[{\"@type\":\"ListItem\",\"position\":1,\"name\":\"Home\",\"item\":\"https:\\\/\\\/www.kalfon-medical.co.il\\\/fr\\\/\"},{\"@type\":\"ListItem\",\"position\":2,\"name\":\"Boutique\",\"item\":\"https:\\\/\\\/www.kalfon-medical.co.il\\\/fr\\\/boutique\\\/\"},{\"@type\":\"ListItem\",\"position\":3,\"name\":\"Boules de p\u00e9tanques Molle &#8220;MA BOUL\u05f4\"}]},{\"@type\":\"WebSite\",\"@id\":\"https:\\\/\\\/www.kalfon-medical.co.il\\\/fr\\\/#website\",\"url\":\"https:\\\/\\\/www.kalfon-medical.co.il\\\/fr\\\/\",\"name\":\"Kalfon Medical Distribution\",\"description\":\"Un site utilisant WordPress\",\"potentialAction\":[{\"@type\":\"SearchAction\",\"target\":{\"@type\":\"EntryPoint\",\"urlTemplate\":\"https:\\\/\\\/www.kalfon-medical.co.il\\\/fr\\\/?s={search_term_string}\"},\"query-input\":{\"@type\":\"PropertyValueSpecification\",\"valueRequired\":true,\"valueName\":\"search_term_string\"}}],\"inLanguage\":\"fr-FR\"}]}<\/script>\n<!-- \/ Yoast SEO plugin. -->","yoast_head_json":{"title":"Boules de p\u00e9tanques Molle \"MA BOUL\u05f4 - Kalfon Medical Distribution","robots":{"index":"index","follow":"follow","max-snippet":"max-snippet:-1","max-image-preview":"max-image-preview:large","max-video-preview":"max-video-preview:-1"},"canonical":"https:\/\/www.kalfon-medical.co.il\/fr\/produit\/boules-de-petanques-molle-ma-boul%d7%b4\/","og_locale":"fr_FR","og_type":"article","og_title":"Boules de p\u00e9tanques Molle \"MA BOUL\u05f4 - Kalfon Medical Distribution","og_description":"Set de 6 boules de petanques (MA BOUL) &nbsp; La p\u00e9tanque molle : un jeu adapt\u00e9 gr\u00e2ce \u00e0 Andr\u00e9 Guedj Allias \u00ab le professeur \u00bb La p\u00e9tanque molle, introduite en Isra\u00ebl par Andr\u00e9 Guedj, est une version innovante du jeu de p\u00e9tanque traditionnel. Con\u00e7ue pour \u00eatre pratiqu\u00e9e en int\u00e9rieur avec des boules souples qui conservent [&hellip;]","og_url":"https:\/\/www.kalfon-medical.co.il\/fr\/produit\/boules-de-petanques-molle-ma-boul%d7%b4\/","og_site_name":"Kalfon Medical Distribution","og_image":[{"width":960,"height":1489,"url":"https:\/\/www.kalfon-medical.co.il\/wp-content\/uploads\/2024\/11\/PHOTO-2024-12-01-16-28-20.jpg","type":"image\/jpeg"}],"twitter_card":"summary_large_image","twitter_misc":{"Dur\u00e9e de lecture estim\u00e9e":"1 minute"},"schema":{"@context":"https:\/\/schema.org","@graph":[{"@type":"WebPage","@id":"https:\/\/www.kalfon-medical.co.il\/fr\/produit\/boules-de-petanques-molle-ma-boul%d7%b4\/","url":"https:\/\/www.kalfon-medical.co.il\/fr\/produit\/boules-de-petanques-molle-ma-boul%d7%b4\/","name":"Boules de p\u00e9tanques Molle \"MA BOUL\u05f4 - Kalfon Medical Distribution","isPartOf":{"@id":"https:\/\/www.kalfon-medical.co.il\/fr\/#website"},"primaryImageOfPage":{"@id":"https:\/\/www.kalfon-medical.co.il\/fr\/produit\/boules-de-petanques-molle-ma-boul%d7%b4\/#primaryimage"},"image":{"@id":"https:\/\/www.kalfon-medical.co.il\/fr\/produit\/boules-de-petanques-molle-ma-boul%d7%b4\/#primaryimage"},"thumbnailUrl":"https:\/\/www.kalfon-medical.co.il\/wp-content\/uploads\/2024\/11\/PHOTO-2024-12-01-16-28-20.jpg","datePublished":"2024-11-30T08:17:40+00:00","breadcrumb":{"@id":"https:\/\/www.kalfon-medical.co.il\/fr\/produit\/boules-de-petanques-molle-ma-boul%d7%b4\/#breadcrumb"},"inLanguage":"fr-FR","potentialAction":[{"@type":"ReadAction","target":["https:\/\/www.kalfon-medical.co.il\/fr\/produit\/boules-de-petanques-molle-ma-boul%d7%b4\/"]}]},{"@type":"ImageObject","inLanguage":"fr-FR","@id":"https:\/\/www.kalfon-medical.co.il\/fr\/produit\/boules-de-petanques-molle-ma-boul%d7%b4\/#primaryimage","url":"https:\/\/www.kalfon-medical.co.il\/wp-content\/uploads\/2024\/11\/PHOTO-2024-12-01-16-28-20.jpg","contentUrl":"https:\/\/www.kalfon-medical.co.il\/wp-content\/uploads\/2024\/11\/PHOTO-2024-12-01-16-28-20.jpg","width":960,"height":1489},{"@type":"BreadcrumbList","@id":"https:\/\/www.kalfon-medical.co.il\/fr\/produit\/boules-de-petanques-molle-ma-boul%d7%b4\/#breadcrumb","itemListElement":[{"@type":"ListItem","position":1,"name":"Home","item":"https:\/\/www.kalfon-medical.co.il\/fr\/"},{"@type":"ListItem","position":2,"name":"Boutique","item":"https:\/\/www.kalfon-medical.co.il\/fr\/boutique\/"},{"@type":"ListItem","position":3,"name":"Boules de p\u00e9tanques Molle &#8220;MA BOUL\u05f4"}]},{"@type":"WebSite","@id":"https:\/\/www.kalfon-medical.co.il\/fr\/#website","url":"https:\/\/www.kalfon-medical.co.il\/fr\/","name":"Kalfon Medical Distribution","description":"Un site utilisant WordPress","potentialAction":[{"@type":"SearchAction","target":{"@type":"EntryPoint","urlTemplate":"https:\/\/www.kalfon-medical.co.il\/fr\/?s={search_term_string}"},"query-input":{"@type":"PropertyValueSpecification","valueRequired":true,"valueName":"search_term_string"}}],"inLanguage":"fr-FR"}]}},"_links":{"self":[{"href":"https:\/\/www.kalfon-medical.co.il\/fr\/wp-json\/wp\/v2\/product\/5520","targetHints":{"allow":["GET"]}}],"collection":[{"href":"https:\/\/www.kalfon-medical.co.il\/fr\/wp-json\/wp\/v2\/product"}],"about":[{"href":"https:\/\/www.kalfon-medical.co.il\/fr\/wp-json\/wp\/v2\/types\/product"}],"replies":[{"embeddable":true,"href":"https:\/\/www.kalfon-medical.co.il\/fr\/wp-json\/wp\/v2\/comments?post=5520"}],"version-history":[{"count":0,"href":"https:\/\/www.kalfon-medical.co.il\/fr\/wp-json\/wp\/v2\/product\/5520\/revisions"}],"wp:featuredmedia":[{"embeddable":true,"href":"https:\/\/www.kalfon-medical.co.il\/fr\/wp-json\/wp\/v2\/media\/5519"}],"wp:attachment":[{"href":"https:\/\/www.kalfon-medical.co.il\/fr\/wp-json\/wp\/v2\/media?parent=5520"}],"wp:term":[{"taxonomy":"product_brand","embeddable":true,"href":"https:\/\/www.kalfon-medical.co.il\/fr\/wp-json\/wp\/v2\/product_brand?post=5520"},{"taxonomy":"product_cat","embeddable":true,"href":"https:\/\/www.kalfon-medical.co.il\/fr\/wp-json\/wp\/v2\/product_cat?post=5520"},{"taxonomy":"product_tag","embeddable":true,"href":"https:\/\/www.kalfon-medical.co.il\/fr\/wp-json\/wp\/v2\/product_tag?post=5520"},{"taxonomy":"distributeur-exclusif","embeddable":true,"href":"https:\/\/www.kalfon-medical.co.il\/fr\/wp-json\/wp\/v2\/distributeur-exclusif?post=5520"},{"taxonomy":"marques","embeddable":true,"href":"https:\/\/www.kalfon-medical.co.il\/fr\/wp-json\/wp\/v2\/marques?post=5520"}],"curies":[{"name":"wp","href":"https:\/\/api.w.org\/{rel}","templated":true}]}}