{"id":4486,"date":"2024-10-09T12:22:38","date_gmt":"2024-10-09T10:22:38","guid":{"rendered":"https:\/\/www.kalfon-medical.co.il\/?post_type=product&#038;p=4486"},"modified":"2024-10-09T12:33:06","modified_gmt":"2024-10-09T10:33:06","slug":"coussin-vegelya-premium-spa-copie","status":"publish","type":"product","link":"https:\/\/www.kalfon-medical.co.il\/fr\/produit\/coussin-vegelya-premium-spa-copie\/","title":{"rendered":"COUSSIN VEGELYA PREMIUM THALASSO"},"content":{"rendered":"<p>Sa conception en mousse \u00e0 m\u00e9moire de forme offre un soutien ferme des cervicales et un maintien de la t\u00eate optimal, propice \u00e0 une bonne nuit r\u00e9paratrice. Notre mousse Vegelya a\u00e9r\u00e9e est enrichie \u00e0 l\u2019huile naturelle de ricin et au charbon actif de bambou, pour une sensation de fra\u00eecheur prolong\u00e9e et des propri\u00e9t\u00e9s naturelles d\u2019absorption d\u2019odeurs. <br \/>La mousse ajour\u00e9e vous apporte la fra\u00eecheur n\u00e9cessaire au sommeil en laissant circuler l\u2019air librement. <br \/>La housse ultra-confort est certifi\u00e9e Greenfirst, le seul traitement 100 % naturel anti-acarien, antimite et anti-moustique. <br \/>Elle est enrichie en Aloe Vera pour procurer davantage de douceur. Nos oreillers Vegelya Premium sont garantis T\u00fcv ToxProof qui vous garantit l\u2019absence totale de substances nocives et de polluants.     <\/p>\n","protected":false},"excerpt":{"rendered":"<ul>\n<li>Confort et puret\u00e9<\/li>\n<li>Repliable dans une housse fournie pour un gain de place en voyage<\/li>\n<li>Vid\u00e9o de pr\u00e9sentation disponible ci-dessous<\/li>\n<\/ul>\n","protected":false},"featured_media":4478,"comment_status":"open","ping_status":"closed","template":"","meta":{"_monsterinsights_skip_tracking":false,"_monsterinsights_sitenote_active":false,"_monsterinsights_sitenote_note":"","_monsterinsights_sitenote_category":0},"product_brand":[],"product_cat":[189,82,77,74],"product_tag":[],"distributeur-exclusif":[115],"marques":[112],"class_list":{"0":"post-4486","1":"product","2":"type-product","3":"status-publish","4":"has-post-thumbnail","6":"product_cat-chambre","7":"product_cat-cou","8":"product_cat-dos","9":"product_cat-orthopedie","10":"distributeur-exclusif-identites","11":"marques-identites","12":"_wholesalex wsx-wholesalex-product","14":"first","15":"outofstock","16":"taxable","17":"shipping-taxable","18":"purchasable","19":"product-type-simple"},"yoast_head":"<!-- This site is optimized with the Yoast SEO plugin v27.3 - https:\/\/yoast.com\/product\/yoast-seo-wordpress\/ -->\n<title>COUSSIN VEGELYA PREMIUM THALASSO - Kalfon Medical Distribution<\/title>\n<meta name=\"robots\" content=\"index, follow, max-snippet:-1, max-image-preview:large, max-video-preview:-1\" \/>\n<link rel=\"canonical\" href=\"https:\/\/www.kalfon-medical.co.il\/fr\/produit\/coussin-vegelya-premium-spa-copie\/\" \/>\n<meta property=\"og:locale\" content=\"fr_FR\" \/>\n<meta property=\"og:type\" content=\"article\" \/>\n<meta property=\"og:title\" content=\"COUSSIN VEGELYA PREMIUM THALASSO - Kalfon Medical Distribution\" \/>\n<meta property=\"og:description\" content=\"Confort et puret\u00e9  Repliable dans une housse fournie pour un gain de place en voyage  Vid\u00e9o de pr\u00e9sentation disponible ci-dessous\" \/>\n<meta property=\"og:url\" content=\"https:\/\/www.kalfon-medical.co.il\/fr\/produit\/coussin-vegelya-premium-spa-copie\/\" \/>\n<meta property=\"og:site_name\" content=\"Kalfon Medical Distribution\" \/>\n<meta property=\"article:modified_time\" content=\"2024-10-09T10:33:06+00:00\" \/>\n<meta property=\"og:image\" content=\"https:\/\/www.kalfon-medical.co.il\/wp-content\/uploads\/2024\/10\/oreillers-naturels-memoire-forme-vegelya-premium-3-2.jpg\" \/>\n\t<meta property=\"og:image:width\" content=\"800\" \/>\n\t<meta property=\"og:image:height\" content=\"800\" \/>\n\t<meta property=\"og:image:type\" content=\"image\/jpeg\" \/>\n<meta name=\"twitter:card\" content=\"summary_large_image\" \/>\n<meta name=\"twitter:label1\" content=\"Dur\u00e9e de lecture estim\u00e9e\" \/>\n\t<meta name=\"twitter:data1\" content=\"1 minute\" \/>\n<script type=\"application\/ld+json\" class=\"yoast-schema-graph\">{\"@context\":\"https:\\\/\\\/schema.org\",\"@graph\":[{\"@type\":\"WebPage\",\"@id\":\"https:\\\/\\\/www.kalfon-medical.co.il\\\/fr\\\/produit\\\/coussin-vegelya-premium-spa-copie\\\/\",\"url\":\"https:\\\/\\\/www.kalfon-medical.co.il\\\/fr\\\/produit\\\/coussin-vegelya-premium-spa-copie\\\/\",\"name\":\"COUSSIN VEGELYA PREMIUM THALASSO - Kalfon Medical Distribution\",\"isPartOf\":{\"@id\":\"https:\\\/\\\/www.kalfon-medical.co.il\\\/fr\\\/#website\"},\"primaryImageOfPage\":{\"@id\":\"https:\\\/\\\/www.kalfon-medical.co.il\\\/fr\\\/produit\\\/coussin-vegelya-premium-spa-copie\\\/#primaryimage\"},\"image\":{\"@id\":\"https:\\\/\\\/www.kalfon-medical.co.il\\\/fr\\\/produit\\\/coussin-vegelya-premium-spa-copie\\\/#primaryimage\"},\"thumbnailUrl\":\"https:\\\/\\\/www.kalfon-medical.co.il\\\/wp-content\\\/uploads\\\/2024\\\/10\\\/oreillers-naturels-memoire-forme-vegelya-premium-3-2.jpg\",\"datePublished\":\"2024-10-09T10:22:38+00:00\",\"dateModified\":\"2024-10-09T10:33:06+00:00\",\"breadcrumb\":{\"@id\":\"https:\\\/\\\/www.kalfon-medical.co.il\\\/fr\\\/produit\\\/coussin-vegelya-premium-spa-copie\\\/#breadcrumb\"},\"inLanguage\":\"fr-FR\",\"potentialAction\":[{\"@type\":\"ReadAction\",\"target\":[\"https:\\\/\\\/www.kalfon-medical.co.il\\\/fr\\\/produit\\\/coussin-vegelya-premium-spa-copie\\\/\"]}]},{\"@type\":\"ImageObject\",\"inLanguage\":\"fr-FR\",\"@id\":\"https:\\\/\\\/www.kalfon-medical.co.il\\\/fr\\\/produit\\\/coussin-vegelya-premium-spa-copie\\\/#primaryimage\",\"url\":\"https:\\\/\\\/www.kalfon-medical.co.il\\\/wp-content\\\/uploads\\\/2024\\\/10\\\/oreillers-naturels-memoire-forme-vegelya-premium-3-2.jpg\",\"contentUrl\":\"https:\\\/\\\/www.kalfon-medical.co.il\\\/wp-content\\\/uploads\\\/2024\\\/10\\\/oreillers-naturels-memoire-forme-vegelya-premium-3-2.jpg\",\"width\":800,\"height\":800},{\"@type\":\"BreadcrumbList\",\"@id\":\"https:\\\/\\\/www.kalfon-medical.co.il\\\/fr\\\/produit\\\/coussin-vegelya-premium-spa-copie\\\/#breadcrumb\",\"itemListElement\":[{\"@type\":\"ListItem\",\"position\":1,\"name\":\"Home\",\"item\":\"https:\\\/\\\/www.kalfon-medical.co.il\\\/fr\\\/\"},{\"@type\":\"ListItem\",\"position\":2,\"name\":\"Boutique\",\"item\":\"https:\\\/\\\/www.kalfon-medical.co.il\\\/fr\\\/boutique\\\/\"},{\"@type\":\"ListItem\",\"position\":3,\"name\":\"COUSSIN VEGELYA PREMIUM THALASSO\"}]},{\"@type\":\"WebSite\",\"@id\":\"https:\\\/\\\/www.kalfon-medical.co.il\\\/fr\\\/#website\",\"url\":\"https:\\\/\\\/www.kalfon-medical.co.il\\\/fr\\\/\",\"name\":\"Kalfon Medical Distribution\",\"description\":\"Un site utilisant WordPress\",\"potentialAction\":[{\"@type\":\"SearchAction\",\"target\":{\"@type\":\"EntryPoint\",\"urlTemplate\":\"https:\\\/\\\/www.kalfon-medical.co.il\\\/fr\\\/?s={search_term_string}\"},\"query-input\":{\"@type\":\"PropertyValueSpecification\",\"valueRequired\":true,\"valueName\":\"search_term_string\"}}],\"inLanguage\":\"fr-FR\"}]}<\/script>\n<!-- \/ Yoast SEO plugin. -->","yoast_head_json":{"title":"COUSSIN VEGELYA PREMIUM THALASSO - Kalfon Medical Distribution","robots":{"index":"index","follow":"follow","max-snippet":"max-snippet:-1","max-image-preview":"max-image-preview:large","max-video-preview":"max-video-preview:-1"},"canonical":"https:\/\/www.kalfon-medical.co.il\/fr\/produit\/coussin-vegelya-premium-spa-copie\/","og_locale":"fr_FR","og_type":"article","og_title":"COUSSIN VEGELYA PREMIUM THALASSO - Kalfon Medical Distribution","og_description":"Confort et puret\u00e9  Repliable dans une housse fournie pour un gain de place en voyage  Vid\u00e9o de pr\u00e9sentation disponible ci-dessous","og_url":"https:\/\/www.kalfon-medical.co.il\/fr\/produit\/coussin-vegelya-premium-spa-copie\/","og_site_name":"Kalfon Medical Distribution","article_modified_time":"2024-10-09T10:33:06+00:00","og_image":[{"width":800,"height":800,"url":"https:\/\/www.kalfon-medical.co.il\/wp-content\/uploads\/2024\/10\/oreillers-naturels-memoire-forme-vegelya-premium-3-2.jpg","type":"image\/jpeg"}],"twitter_card":"summary_large_image","twitter_misc":{"Dur\u00e9e de lecture estim\u00e9e":"1 minute"},"schema":{"@context":"https:\/\/schema.org","@graph":[{"@type":"WebPage","@id":"https:\/\/www.kalfon-medical.co.il\/fr\/produit\/coussin-vegelya-premium-spa-copie\/","url":"https:\/\/www.kalfon-medical.co.il\/fr\/produit\/coussin-vegelya-premium-spa-copie\/","name":"COUSSIN VEGELYA PREMIUM THALASSO - Kalfon Medical Distribution","isPartOf":{"@id":"https:\/\/www.kalfon-medical.co.il\/fr\/#website"},"primaryImageOfPage":{"@id":"https:\/\/www.kalfon-medical.co.il\/fr\/produit\/coussin-vegelya-premium-spa-copie\/#primaryimage"},"image":{"@id":"https:\/\/www.kalfon-medical.co.il\/fr\/produit\/coussin-vegelya-premium-spa-copie\/#primaryimage"},"thumbnailUrl":"https:\/\/www.kalfon-medical.co.il\/wp-content\/uploads\/2024\/10\/oreillers-naturels-memoire-forme-vegelya-premium-3-2.jpg","datePublished":"2024-10-09T10:22:38+00:00","dateModified":"2024-10-09T10:33:06+00:00","breadcrumb":{"@id":"https:\/\/www.kalfon-medical.co.il\/fr\/produit\/coussin-vegelya-premium-spa-copie\/#breadcrumb"},"inLanguage":"fr-FR","potentialAction":[{"@type":"ReadAction","target":["https:\/\/www.kalfon-medical.co.il\/fr\/produit\/coussin-vegelya-premium-spa-copie\/"]}]},{"@type":"ImageObject","inLanguage":"fr-FR","@id":"https:\/\/www.kalfon-medical.co.il\/fr\/produit\/coussin-vegelya-premium-spa-copie\/#primaryimage","url":"https:\/\/www.kalfon-medical.co.il\/wp-content\/uploads\/2024\/10\/oreillers-naturels-memoire-forme-vegelya-premium-3-2.jpg","contentUrl":"https:\/\/www.kalfon-medical.co.il\/wp-content\/uploads\/2024\/10\/oreillers-naturels-memoire-forme-vegelya-premium-3-2.jpg","width":800,"height":800},{"@type":"BreadcrumbList","@id":"https:\/\/www.kalfon-medical.co.il\/fr\/produit\/coussin-vegelya-premium-spa-copie\/#breadcrumb","itemListElement":[{"@type":"ListItem","position":1,"name":"Home","item":"https:\/\/www.kalfon-medical.co.il\/fr\/"},{"@type":"ListItem","position":2,"name":"Boutique","item":"https:\/\/www.kalfon-medical.co.il\/fr\/boutique\/"},{"@type":"ListItem","position":3,"name":"COUSSIN VEGELYA PREMIUM THALASSO"}]},{"@type":"WebSite","@id":"https:\/\/www.kalfon-medical.co.il\/fr\/#website","url":"https:\/\/www.kalfon-medical.co.il\/fr\/","name":"Kalfon Medical Distribution","description":"Un site utilisant WordPress","potentialAction":[{"@type":"SearchAction","target":{"@type":"EntryPoint","urlTemplate":"https:\/\/www.kalfon-medical.co.il\/fr\/?s={search_term_string}"},"query-input":{"@type":"PropertyValueSpecification","valueRequired":true,"valueName":"search_term_string"}}],"inLanguage":"fr-FR"}]}},"_links":{"self":[{"href":"https:\/\/www.kalfon-medical.co.il\/fr\/wp-json\/wp\/v2\/product\/4486","targetHints":{"allow":["GET"]}}],"collection":[{"href":"https:\/\/www.kalfon-medical.co.il\/fr\/wp-json\/wp\/v2\/product"}],"about":[{"href":"https:\/\/www.kalfon-medical.co.il\/fr\/wp-json\/wp\/v2\/types\/product"}],"replies":[{"embeddable":true,"href":"https:\/\/www.kalfon-medical.co.il\/fr\/wp-json\/wp\/v2\/comments?post=4486"}],"version-history":[{"count":0,"href":"https:\/\/www.kalfon-medical.co.il\/fr\/wp-json\/wp\/v2\/product\/4486\/revisions"}],"wp:featuredmedia":[{"embeddable":true,"href":"https:\/\/www.kalfon-medical.co.il\/fr\/wp-json\/wp\/v2\/media\/4478"}],"wp:attachment":[{"href":"https:\/\/www.kalfon-medical.co.il\/fr\/wp-json\/wp\/v2\/media?parent=4486"}],"wp:term":[{"taxonomy":"product_brand","embeddable":true,"href":"https:\/\/www.kalfon-medical.co.il\/fr\/wp-json\/wp\/v2\/product_brand?post=4486"},{"taxonomy":"product_cat","embeddable":true,"href":"https:\/\/www.kalfon-medical.co.il\/fr\/wp-json\/wp\/v2\/product_cat?post=4486"},{"taxonomy":"product_tag","embeddable":true,"href":"https:\/\/www.kalfon-medical.co.il\/fr\/wp-json\/wp\/v2\/product_tag?post=4486"},{"taxonomy":"distributeur-exclusif","embeddable":true,"href":"https:\/\/www.kalfon-medical.co.il\/fr\/wp-json\/wp\/v2\/distributeur-exclusif?post=4486"},{"taxonomy":"marques","embeddable":true,"href":"https:\/\/www.kalfon-medical.co.il\/fr\/wp-json\/wp\/v2\/marques?post=4486"}],"curies":[{"name":"wp","href":"https:\/\/api.w.org\/{rel}","templated":true}]}}