{"id":3354,"date":"2024-08-07T15:25:49","date_gmt":"2024-08-07T12:25:49","guid":{"rendered":"https:\/\/medical2.awebdesign4u.com\/produit\/rollator-4-roues-tiger-light\/"},"modified":"2024-08-15T09:40:04","modified_gmt":"2024-08-15T07:40:04","slug":"rollator-4-roues-tiger-light","status":"publish","type":"product","link":"https:\/\/www.kalfon-medical.co.il\/fr\/produit\/rollator-4-roues-tiger-light\/","title":{"rendered":"Rollator 4 roues Tiger Light"},"content":{"rendered":"<p>Le Rollator Tiger Light vous offre s\u00e9curit\u00e9 et stabilit\u00e9 gr\u00e2ce \u00e0 ses quatre grandes roues, un confort exceptionnel avec son si\u00e8ge rembourr\u00e9, et une touche de fiert\u00e9 lorsque vous vous promenez dans les rues gr\u00e2ce \u00e0 son design \u00e9l\u00e9gant. &nbsp;<\/p>\n","protected":false},"excerpt":{"rendered":"<p>Le Rollator Tiger Light vous offre s\u00e9curit\u00e9 et stabilit\u00e9 gr\u00e2ce \u00e0 ses quatre grandes roues, un confort exceptionnel avec son si\u00e8ge rembourr\u00e9, et une touche de fiert\u00e9 lorsque vous vous promenez dans les rues gr\u00e2ce \u00e0 son design \u00e9l\u00e9gant. &nbsp;<\/p>\n","protected":false},"featured_media":3146,"comment_status":"open","ping_status":"closed","template":"","meta":{"_monsterinsights_skip_tracking":false,"_monsterinsights_sitenote_active":false,"_monsterinsights_sitenote_note":"","_monsterinsights_sitenote_category":0},"product_brand":[],"product_cat":[183,28,29],"product_tag":[],"distributeur-exclusif":[],"marques":[112],"class_list":{"0":"post-3354","1":"product","2":"type-product","3":"status-publish","4":"has-post-thumbnail","6":"product_cat-accessoire-marche","7":"product_cat-mobilite","8":"product_cat-rollator","9":"marques-identites","10":"_wholesalex wsx-wholesalex-product","12":"first","13":"outofstock","14":"taxable","15":"shipping-taxable","16":"purchasable","17":"product-type-simple"},"yoast_head":"<!-- This site is optimized with the Yoast SEO plugin v27.5 - https:\/\/yoast.com\/product\/yoast-seo-wordpress\/ -->\n<title>Rollator 4 roues Tiger Light - Kalfon Medical Distribution<\/title>\n<meta name=\"robots\" content=\"index, follow, max-snippet:-1, max-image-preview:large, max-video-preview:-1\" \/>\n<link rel=\"canonical\" href=\"https:\/\/www.kalfon-medical.co.il\/fr\/produit\/rollator-4-roues-tiger-light\/\" \/>\n<meta property=\"og:locale\" content=\"fr_FR\" \/>\n<meta property=\"og:type\" content=\"article\" \/>\n<meta property=\"og:title\" content=\"Rollator 4 roues Tiger Light - Kalfon Medical Distribution\" \/>\n<meta property=\"og:description\" content=\"Le Rollator Tiger Light vous offre s\u00e9curit\u00e9 et stabilit\u00e9 gr\u00e2ce \u00e0 ses quatre grandes roues, un confort exceptionnel avec son si\u00e8ge rembourr\u00e9, et une touche de fiert\u00e9 lorsque vous vous promenez dans les rues gr\u00e2ce \u00e0 son design \u00e9l\u00e9gant. &nbsp;\" \/>\n<meta property=\"og:url\" content=\"https:\/\/www.kalfon-medical.co.il\/fr\/produit\/rollator-4-roues-tiger-light\/\" \/>\n<meta property=\"og:site_name\" content=\"Kalfon Medical Distribution\" \/>\n<meta property=\"article:modified_time\" content=\"2024-08-15T07:40:04+00:00\" \/>\n<meta property=\"og:image\" content=\"https:\/\/www.kalfon-medical.co.il\/wp-content\/uploads\/2024\/08\/rollator-tiger-light.jpg\" \/>\n\t<meta property=\"og:image:width\" content=\"600\" \/>\n\t<meta property=\"og:image:height\" content=\"600\" \/>\n\t<meta property=\"og:image:type\" content=\"image\/jpeg\" \/>\n<meta name=\"twitter:card\" content=\"summary_large_image\" \/>\n<script type=\"application\/ld+json\" class=\"yoast-schema-graph\">{\"@context\":\"https:\\\/\\\/schema.org\",\"@graph\":[{\"@type\":\"WebPage\",\"@id\":\"https:\\\/\\\/www.kalfon-medical.co.il\\\/fr\\\/produit\\\/rollator-4-roues-tiger-light\\\/\",\"url\":\"https:\\\/\\\/www.kalfon-medical.co.il\\\/fr\\\/produit\\\/rollator-4-roues-tiger-light\\\/\",\"name\":\"Rollator 4 roues Tiger Light - Kalfon Medical Distribution\",\"isPartOf\":{\"@id\":\"https:\\\/\\\/www.kalfon-medical.co.il\\\/fr\\\/#website\"},\"primaryImageOfPage\":{\"@id\":\"https:\\\/\\\/www.kalfon-medical.co.il\\\/fr\\\/produit\\\/rollator-4-roues-tiger-light\\\/#primaryimage\"},\"image\":{\"@id\":\"https:\\\/\\\/www.kalfon-medical.co.il\\\/fr\\\/produit\\\/rollator-4-roues-tiger-light\\\/#primaryimage\"},\"thumbnailUrl\":\"https:\\\/\\\/www.kalfon-medical.co.il\\\/wp-content\\\/uploads\\\/2024\\\/08\\\/rollator-tiger-light.jpg\",\"datePublished\":\"2024-08-07T12:25:49+00:00\",\"dateModified\":\"2024-08-15T07:40:04+00:00\",\"breadcrumb\":{\"@id\":\"https:\\\/\\\/www.kalfon-medical.co.il\\\/fr\\\/produit\\\/rollator-4-roues-tiger-light\\\/#breadcrumb\"},\"inLanguage\":\"fr-FR\",\"potentialAction\":[{\"@type\":\"ReadAction\",\"target\":[\"https:\\\/\\\/www.kalfon-medical.co.il\\\/fr\\\/produit\\\/rollator-4-roues-tiger-light\\\/\"]}]},{\"@type\":\"ImageObject\",\"inLanguage\":\"fr-FR\",\"@id\":\"https:\\\/\\\/www.kalfon-medical.co.il\\\/fr\\\/produit\\\/rollator-4-roues-tiger-light\\\/#primaryimage\",\"url\":\"https:\\\/\\\/www.kalfon-medical.co.il\\\/wp-content\\\/uploads\\\/2024\\\/08\\\/rollator-tiger-light.jpg\",\"contentUrl\":\"https:\\\/\\\/www.kalfon-medical.co.il\\\/wp-content\\\/uploads\\\/2024\\\/08\\\/rollator-tiger-light.jpg\",\"width\":600,\"height\":600,\"caption\":\"Canne d\u00e9ambulateur rollator aide marche\"},{\"@type\":\"BreadcrumbList\",\"@id\":\"https:\\\/\\\/www.kalfon-medical.co.il\\\/fr\\\/produit\\\/rollator-4-roues-tiger-light\\\/#breadcrumb\",\"itemListElement\":[{\"@type\":\"ListItem\",\"position\":1,\"name\":\"Home\",\"item\":\"https:\\\/\\\/www.kalfon-medical.co.il\\\/fr\\\/\"},{\"@type\":\"ListItem\",\"position\":2,\"name\":\"Boutique\",\"item\":\"https:\\\/\\\/www.kalfon-medical.co.il\\\/fr\\\/boutique\\\/\"},{\"@type\":\"ListItem\",\"position\":3,\"name\":\"Rollator 4 roues Tiger Light\"}]},{\"@type\":\"WebSite\",\"@id\":\"https:\\\/\\\/www.kalfon-medical.co.il\\\/fr\\\/#website\",\"url\":\"https:\\\/\\\/www.kalfon-medical.co.il\\\/fr\\\/\",\"name\":\"Kalfon Medical Distribution\",\"description\":\"Un site utilisant WordPress\",\"potentialAction\":[{\"@type\":\"SearchAction\",\"target\":{\"@type\":\"EntryPoint\",\"urlTemplate\":\"https:\\\/\\\/www.kalfon-medical.co.il\\\/fr\\\/?s={search_term_string}\"},\"query-input\":{\"@type\":\"PropertyValueSpecification\",\"valueRequired\":true,\"valueName\":\"search_term_string\"}}],\"inLanguage\":\"fr-FR\"}]}<\/script>\n<!-- \/ Yoast SEO plugin. -->","yoast_head_json":{"title":"Rollator 4 roues Tiger Light - Kalfon Medical Distribution","robots":{"index":"index","follow":"follow","max-snippet":"max-snippet:-1","max-image-preview":"max-image-preview:large","max-video-preview":"max-video-preview:-1"},"canonical":"https:\/\/www.kalfon-medical.co.il\/fr\/produit\/rollator-4-roues-tiger-light\/","og_locale":"fr_FR","og_type":"article","og_title":"Rollator 4 roues Tiger Light - Kalfon Medical Distribution","og_description":"Le Rollator Tiger Light vous offre s\u00e9curit\u00e9 et stabilit\u00e9 gr\u00e2ce \u00e0 ses quatre grandes roues, un confort exceptionnel avec son si\u00e8ge rembourr\u00e9, et une touche de fiert\u00e9 lorsque vous vous promenez dans les rues gr\u00e2ce \u00e0 son design \u00e9l\u00e9gant. &nbsp;","og_url":"https:\/\/www.kalfon-medical.co.il\/fr\/produit\/rollator-4-roues-tiger-light\/","og_site_name":"Kalfon Medical Distribution","article_modified_time":"2024-08-15T07:40:04+00:00","og_image":[{"width":600,"height":600,"url":"https:\/\/www.kalfon-medical.co.il\/wp-content\/uploads\/2024\/08\/rollator-tiger-light.jpg","type":"image\/jpeg"}],"twitter_card":"summary_large_image","schema":{"@context":"https:\/\/schema.org","@graph":[{"@type":"WebPage","@id":"https:\/\/www.kalfon-medical.co.il\/fr\/produit\/rollator-4-roues-tiger-light\/","url":"https:\/\/www.kalfon-medical.co.il\/fr\/produit\/rollator-4-roues-tiger-light\/","name":"Rollator 4 roues Tiger Light - Kalfon Medical Distribution","isPartOf":{"@id":"https:\/\/www.kalfon-medical.co.il\/fr\/#website"},"primaryImageOfPage":{"@id":"https:\/\/www.kalfon-medical.co.il\/fr\/produit\/rollator-4-roues-tiger-light\/#primaryimage"},"image":{"@id":"https:\/\/www.kalfon-medical.co.il\/fr\/produit\/rollator-4-roues-tiger-light\/#primaryimage"},"thumbnailUrl":"https:\/\/www.kalfon-medical.co.il\/wp-content\/uploads\/2024\/08\/rollator-tiger-light.jpg","datePublished":"2024-08-07T12:25:49+00:00","dateModified":"2024-08-15T07:40:04+00:00","breadcrumb":{"@id":"https:\/\/www.kalfon-medical.co.il\/fr\/produit\/rollator-4-roues-tiger-light\/#breadcrumb"},"inLanguage":"fr-FR","potentialAction":[{"@type":"ReadAction","target":["https:\/\/www.kalfon-medical.co.il\/fr\/produit\/rollator-4-roues-tiger-light\/"]}]},{"@type":"ImageObject","inLanguage":"fr-FR","@id":"https:\/\/www.kalfon-medical.co.il\/fr\/produit\/rollator-4-roues-tiger-light\/#primaryimage","url":"https:\/\/www.kalfon-medical.co.il\/wp-content\/uploads\/2024\/08\/rollator-tiger-light.jpg","contentUrl":"https:\/\/www.kalfon-medical.co.il\/wp-content\/uploads\/2024\/08\/rollator-tiger-light.jpg","width":600,"height":600,"caption":"Canne d\u00e9ambulateur rollator aide marche"},{"@type":"BreadcrumbList","@id":"https:\/\/www.kalfon-medical.co.il\/fr\/produit\/rollator-4-roues-tiger-light\/#breadcrumb","itemListElement":[{"@type":"ListItem","position":1,"name":"Home","item":"https:\/\/www.kalfon-medical.co.il\/fr\/"},{"@type":"ListItem","position":2,"name":"Boutique","item":"https:\/\/www.kalfon-medical.co.il\/fr\/boutique\/"},{"@type":"ListItem","position":3,"name":"Rollator 4 roues Tiger Light"}]},{"@type":"WebSite","@id":"https:\/\/www.kalfon-medical.co.il\/fr\/#website","url":"https:\/\/www.kalfon-medical.co.il\/fr\/","name":"Kalfon Medical Distribution","description":"Un site utilisant WordPress","potentialAction":[{"@type":"SearchAction","target":{"@type":"EntryPoint","urlTemplate":"https:\/\/www.kalfon-medical.co.il\/fr\/?s={search_term_string}"},"query-input":{"@type":"PropertyValueSpecification","valueRequired":true,"valueName":"search_term_string"}}],"inLanguage":"fr-FR"}]}},"_links":{"self":[{"href":"https:\/\/www.kalfon-medical.co.il\/fr\/wp-json\/wp\/v2\/product\/3354","targetHints":{"allow":["GET"]}}],"collection":[{"href":"https:\/\/www.kalfon-medical.co.il\/fr\/wp-json\/wp\/v2\/product"}],"about":[{"href":"https:\/\/www.kalfon-medical.co.il\/fr\/wp-json\/wp\/v2\/types\/product"}],"replies":[{"embeddable":true,"href":"https:\/\/www.kalfon-medical.co.il\/fr\/wp-json\/wp\/v2\/comments?post=3354"}],"version-history":[{"count":0,"href":"https:\/\/www.kalfon-medical.co.il\/fr\/wp-json\/wp\/v2\/product\/3354\/revisions"}],"wp:featuredmedia":[{"embeddable":true,"href":"https:\/\/www.kalfon-medical.co.il\/fr\/wp-json\/wp\/v2\/media\/3146"}],"wp:attachment":[{"href":"https:\/\/www.kalfon-medical.co.il\/fr\/wp-json\/wp\/v2\/media?parent=3354"}],"wp:term":[{"taxonomy":"product_brand","embeddable":true,"href":"https:\/\/www.kalfon-medical.co.il\/fr\/wp-json\/wp\/v2\/product_brand?post=3354"},{"taxonomy":"product_cat","embeddable":true,"href":"https:\/\/www.kalfon-medical.co.il\/fr\/wp-json\/wp\/v2\/product_cat?post=3354"},{"taxonomy":"product_tag","embeddable":true,"href":"https:\/\/www.kalfon-medical.co.il\/fr\/wp-json\/wp\/v2\/product_tag?post=3354"},{"taxonomy":"distributeur-exclusif","embeddable":true,"href":"https:\/\/www.kalfon-medical.co.il\/fr\/wp-json\/wp\/v2\/distributeur-exclusif?post=3354"},{"taxonomy":"marques","embeddable":true,"href":"https:\/\/www.kalfon-medical.co.il\/fr\/wp-json\/wp\/v2\/marques?post=3354"}],"curies":[{"name":"wp","href":"https:\/\/api.w.org\/{rel}","templated":true}]}}