{"id":224,"date":"2024-05-23T22:51:39","date_gmt":"2024-05-23T20:51:39","guid":{"rendered":"http:\/\/www.kalfon-medical.co.il\/produit\/rollator-neo-fashion\/"},"modified":"2024-05-23T22:51:39","modified_gmt":"2024-05-23T20:51:39","slug":"rollator-neo-fashion","status":"publish","type":"product","link":"https:\/\/www.kalfon-medical.co.il\/fr\/produit\/rollator-neo-fashion\/","title":{"rendered":"Rollator Neo Fashion"},"content":{"rendered":"<p>Notre rollator Neo Fashion allie fonctionnalit\u00e9 et modernit\u00e9 gr\u00e2ce \u00e0 sa peinture paillet\u00e9e au coloris vif. Ce d\u00e9ambulateur dispose d\u2019un dossier confortable et relevable en hauteur pour le pliage. L\u2019assise est recouverte d\u2019une housse confort mousse + mesh. Livr\u00e9 avec sac de course amovible. Roues souples et non marquantes de 20 cm. Nouveau syst\u00e8me de freinage plus s\u00fbr. Maintenant livr\u00e9 avec porte-canne. Petite largeur hors-tout. Assise r\u00e9glable en hauteur. Dimensions hors-tout : larg. 63 x prof. 70 \u00e0 77 x haut. 85 \u00e0 102 cm en 5 positions (par rapport \u00e0 l\u2019assise 31 \u00e0 40 cm). Dimensions assise : larg. 37 x prof. 25 x haut. 53 \u00e0 61 cm. Poids 6,4 kg. Poids maximum support\u00e9 136 kg<\/p>\n","protected":false},"excerpt":{"rendered":"<ul>\n<li>\u2022 D\u00e9ambulateur ultra-l\u00e9ger : seulement 6,4 kg !<\/li>\n<li>\u2022 Petite largeur hors-tout<\/li>\n<li>\u2022 Assise et poign\u00e9es r\u00e9glables en hauteur<\/li>\n<\/ul>\n","protected":false},"featured_media":215,"comment_status":"open","ping_status":"closed","template":"","meta":{"_monsterinsights_skip_tracking":false,"_monsterinsights_sitenote_active":false,"_monsterinsights_sitenote_note":"","_monsterinsights_sitenote_category":0},"product_brand":[],"product_cat":[183,28,29],"product_tag":[],"distributeur-exclusif":[],"marques":[],"class_list":{"0":"post-224","1":"product","2":"type-product","3":"status-publish","4":"has-post-thumbnail","6":"product_cat-accessoire-marche","7":"product_cat-mobilite","8":"product_cat-rollator","9":"_wholesalex wsx-wholesalex-product","11":"first","12":"instock","13":"featured","14":"taxable","15":"shipping-taxable","16":"purchasable","17":"product-type-variable"},"yoast_head":"<!-- This site is optimized with the Yoast SEO plugin v27.3 - https:\/\/yoast.com\/product\/yoast-seo-wordpress\/ -->\n<title>Rollator Neo Fashion - Kalfon Medical Distribution<\/title>\n<meta name=\"robots\" content=\"index, follow, max-snippet:-1, max-image-preview:large, max-video-preview:-1\" \/>\n<link rel=\"canonical\" href=\"https:\/\/www.kalfon-medical.co.il\/fr\/produit\/rollator-neo-fashion\/\" \/>\n<meta property=\"og:locale\" content=\"fr_FR\" \/>\n<meta property=\"og:type\" content=\"article\" \/>\n<meta property=\"og:title\" content=\"Rollator Neo Fashion - Kalfon Medical Distribution\" \/>\n<meta property=\"og:description\" content=\"\u2022 D\u00e9ambulateur ultra-l\u00e9ger : seulement 6,4 kg !  \u2022 Petite largeur hors-tout  \u2022 Assise et poign\u00e9es r\u00e9glables en hauteur\" \/>\n<meta property=\"og:url\" content=\"https:\/\/www.kalfon-medical.co.il\/fr\/produit\/rollator-neo-fashion\/\" \/>\n<meta property=\"og:site_name\" content=\"Kalfon Medical Distribution\" \/>\n<meta property=\"og:image\" content=\"https:\/\/www.kalfon-medical.co.il\/wp-content\/uploads\/2024\/05\/826240-\u05d4\u05e8\u05d5\u05dc\u05d8\u05d5\u05e8-\u05e0\u05d0\u05d5-\u05e4\u05e9\u05d9\u05d5\u05df.png\" \/>\n\t<meta property=\"og:image:width\" content=\"800\" \/>\n\t<meta property=\"og:image:height\" content=\"800\" \/>\n\t<meta property=\"og:image:type\" content=\"image\/png\" \/>\n<meta name=\"twitter:card\" content=\"summary_large_image\" \/>\n<meta name=\"twitter:label1\" content=\"Dur\u00e9e de lecture estim\u00e9e\" \/>\n\t<meta name=\"twitter:data1\" content=\"1 minute\" \/>\n<script type=\"application\/ld+json\" class=\"yoast-schema-graph\">{\"@context\":\"https:\\\/\\\/schema.org\",\"@graph\":[{\"@type\":\"WebPage\",\"@id\":\"https:\\\/\\\/www.kalfon-medical.co.il\\\/fr\\\/produit\\\/rollator-neo-fashion\\\/\",\"url\":\"https:\\\/\\\/www.kalfon-medical.co.il\\\/fr\\\/produit\\\/rollator-neo-fashion\\\/\",\"name\":\"Rollator Neo Fashion - Kalfon Medical Distribution\",\"isPartOf\":{\"@id\":\"https:\\\/\\\/www.kalfon-medical.co.il\\\/fr\\\/#website\"},\"primaryImageOfPage\":{\"@id\":\"https:\\\/\\\/www.kalfon-medical.co.il\\\/fr\\\/produit\\\/rollator-neo-fashion\\\/#primaryimage\"},\"image\":{\"@id\":\"https:\\\/\\\/www.kalfon-medical.co.il\\\/fr\\\/produit\\\/rollator-neo-fashion\\\/#primaryimage\"},\"thumbnailUrl\":\"https:\\\/\\\/www.kalfon-medical.co.il\\\/wp-content\\\/uploads\\\/2024\\\/05\\\/826240-\u05d4\u05e8\u05d5\u05dc\u05d8\u05d5\u05e8-\u05e0\u05d0\u05d5-\u05e4\u05e9\u05d9\u05d5\u05df.png\",\"datePublished\":\"2024-05-23T20:51:39+00:00\",\"breadcrumb\":{\"@id\":\"https:\\\/\\\/www.kalfon-medical.co.il\\\/fr\\\/produit\\\/rollator-neo-fashion\\\/#breadcrumb\"},\"inLanguage\":\"fr-FR\",\"potentialAction\":[{\"@type\":\"ReadAction\",\"target\":[\"https:\\\/\\\/www.kalfon-medical.co.il\\\/fr\\\/produit\\\/rollator-neo-fashion\\\/\"]}]},{\"@type\":\"ImageObject\",\"inLanguage\":\"fr-FR\",\"@id\":\"https:\\\/\\\/www.kalfon-medical.co.il\\\/fr\\\/produit\\\/rollator-neo-fashion\\\/#primaryimage\",\"url\":\"https:\\\/\\\/www.kalfon-medical.co.il\\\/wp-content\\\/uploads\\\/2024\\\/05\\\/826240-\u05d4\u05e8\u05d5\u05dc\u05d8\u05d5\u05e8-\u05e0\u05d0\u05d5-\u05e4\u05e9\u05d9\u05d5\u05df.png\",\"contentUrl\":\"https:\\\/\\\/www.kalfon-medical.co.il\\\/wp-content\\\/uploads\\\/2024\\\/05\\\/826240-\u05d4\u05e8\u05d5\u05dc\u05d8\u05d5\u05e8-\u05e0\u05d0\u05d5-\u05e4\u05e9\u05d9\u05d5\u05df.png\",\"width\":800,\"height\":800},{\"@type\":\"BreadcrumbList\",\"@id\":\"https:\\\/\\\/www.kalfon-medical.co.il\\\/fr\\\/produit\\\/rollator-neo-fashion\\\/#breadcrumb\",\"itemListElement\":[{\"@type\":\"ListItem\",\"position\":1,\"name\":\"Home\",\"item\":\"https:\\\/\\\/www.kalfon-medical.co.il\\\/fr\\\/\"},{\"@type\":\"ListItem\",\"position\":2,\"name\":\"Boutique\",\"item\":\"https:\\\/\\\/www.kalfon-medical.co.il\\\/fr\\\/boutique\\\/\"},{\"@type\":\"ListItem\",\"position\":3,\"name\":\"Rollator Neo Fashion\"}]},{\"@type\":\"WebSite\",\"@id\":\"https:\\\/\\\/www.kalfon-medical.co.il\\\/fr\\\/#website\",\"url\":\"https:\\\/\\\/www.kalfon-medical.co.il\\\/fr\\\/\",\"name\":\"Kalfon Medical Distribution\",\"description\":\"Un site utilisant WordPress\",\"potentialAction\":[{\"@type\":\"SearchAction\",\"target\":{\"@type\":\"EntryPoint\",\"urlTemplate\":\"https:\\\/\\\/www.kalfon-medical.co.il\\\/fr\\\/?s={search_term_string}\"},\"query-input\":{\"@type\":\"PropertyValueSpecification\",\"valueRequired\":true,\"valueName\":\"search_term_string\"}}],\"inLanguage\":\"fr-FR\"}]}<\/script>\n<!-- \/ Yoast SEO plugin. -->","yoast_head_json":{"title":"Rollator Neo Fashion - Kalfon Medical Distribution","robots":{"index":"index","follow":"follow","max-snippet":"max-snippet:-1","max-image-preview":"max-image-preview:large","max-video-preview":"max-video-preview:-1"},"canonical":"https:\/\/www.kalfon-medical.co.il\/fr\/produit\/rollator-neo-fashion\/","og_locale":"fr_FR","og_type":"article","og_title":"Rollator Neo Fashion - Kalfon Medical Distribution","og_description":"\u2022 D\u00e9ambulateur ultra-l\u00e9ger : seulement 6,4 kg !  \u2022 Petite largeur hors-tout  \u2022 Assise et poign\u00e9es r\u00e9glables en hauteur","og_url":"https:\/\/www.kalfon-medical.co.il\/fr\/produit\/rollator-neo-fashion\/","og_site_name":"Kalfon Medical Distribution","og_image":[{"width":800,"height":800,"url":"https:\/\/www.kalfon-medical.co.il\/wp-content\/uploads\/2024\/05\/826240-\u05d4\u05e8\u05d5\u05dc\u05d8\u05d5\u05e8-\u05e0\u05d0\u05d5-\u05e4\u05e9\u05d9\u05d5\u05df.png","type":"image\/png"}],"twitter_card":"summary_large_image","twitter_misc":{"Dur\u00e9e de lecture estim\u00e9e":"1 minute"},"schema":{"@context":"https:\/\/schema.org","@graph":[{"@type":"WebPage","@id":"https:\/\/www.kalfon-medical.co.il\/fr\/produit\/rollator-neo-fashion\/","url":"https:\/\/www.kalfon-medical.co.il\/fr\/produit\/rollator-neo-fashion\/","name":"Rollator Neo Fashion - Kalfon Medical Distribution","isPartOf":{"@id":"https:\/\/www.kalfon-medical.co.il\/fr\/#website"},"primaryImageOfPage":{"@id":"https:\/\/www.kalfon-medical.co.il\/fr\/produit\/rollator-neo-fashion\/#primaryimage"},"image":{"@id":"https:\/\/www.kalfon-medical.co.il\/fr\/produit\/rollator-neo-fashion\/#primaryimage"},"thumbnailUrl":"https:\/\/www.kalfon-medical.co.il\/wp-content\/uploads\/2024\/05\/826240-\u05d4\u05e8\u05d5\u05dc\u05d8\u05d5\u05e8-\u05e0\u05d0\u05d5-\u05e4\u05e9\u05d9\u05d5\u05df.png","datePublished":"2024-05-23T20:51:39+00:00","breadcrumb":{"@id":"https:\/\/www.kalfon-medical.co.il\/fr\/produit\/rollator-neo-fashion\/#breadcrumb"},"inLanguage":"fr-FR","potentialAction":[{"@type":"ReadAction","target":["https:\/\/www.kalfon-medical.co.il\/fr\/produit\/rollator-neo-fashion\/"]}]},{"@type":"ImageObject","inLanguage":"fr-FR","@id":"https:\/\/www.kalfon-medical.co.il\/fr\/produit\/rollator-neo-fashion\/#primaryimage","url":"https:\/\/www.kalfon-medical.co.il\/wp-content\/uploads\/2024\/05\/826240-\u05d4\u05e8\u05d5\u05dc\u05d8\u05d5\u05e8-\u05e0\u05d0\u05d5-\u05e4\u05e9\u05d9\u05d5\u05df.png","contentUrl":"https:\/\/www.kalfon-medical.co.il\/wp-content\/uploads\/2024\/05\/826240-\u05d4\u05e8\u05d5\u05dc\u05d8\u05d5\u05e8-\u05e0\u05d0\u05d5-\u05e4\u05e9\u05d9\u05d5\u05df.png","width":800,"height":800},{"@type":"BreadcrumbList","@id":"https:\/\/www.kalfon-medical.co.il\/fr\/produit\/rollator-neo-fashion\/#breadcrumb","itemListElement":[{"@type":"ListItem","position":1,"name":"Home","item":"https:\/\/www.kalfon-medical.co.il\/fr\/"},{"@type":"ListItem","position":2,"name":"Boutique","item":"https:\/\/www.kalfon-medical.co.il\/fr\/boutique\/"},{"@type":"ListItem","position":3,"name":"Rollator Neo Fashion"}]},{"@type":"WebSite","@id":"https:\/\/www.kalfon-medical.co.il\/fr\/#website","url":"https:\/\/www.kalfon-medical.co.il\/fr\/","name":"Kalfon Medical Distribution","description":"Un site utilisant WordPress","potentialAction":[{"@type":"SearchAction","target":{"@type":"EntryPoint","urlTemplate":"https:\/\/www.kalfon-medical.co.il\/fr\/?s={search_term_string}"},"query-input":{"@type":"PropertyValueSpecification","valueRequired":true,"valueName":"search_term_string"}}],"inLanguage":"fr-FR"}]}},"_links":{"self":[{"href":"https:\/\/www.kalfon-medical.co.il\/fr\/wp-json\/wp\/v2\/product\/224","targetHints":{"allow":["GET"]}}],"collection":[{"href":"https:\/\/www.kalfon-medical.co.il\/fr\/wp-json\/wp\/v2\/product"}],"about":[{"href":"https:\/\/www.kalfon-medical.co.il\/fr\/wp-json\/wp\/v2\/types\/product"}],"replies":[{"embeddable":true,"href":"https:\/\/www.kalfon-medical.co.il\/fr\/wp-json\/wp\/v2\/comments?post=224"}],"version-history":[{"count":0,"href":"https:\/\/www.kalfon-medical.co.il\/fr\/wp-json\/wp\/v2\/product\/224\/revisions"}],"wp:featuredmedia":[{"embeddable":true,"href":"https:\/\/www.kalfon-medical.co.il\/fr\/wp-json\/wp\/v2\/media\/215"}],"wp:attachment":[{"href":"https:\/\/www.kalfon-medical.co.il\/fr\/wp-json\/wp\/v2\/media?parent=224"}],"wp:term":[{"taxonomy":"product_brand","embeddable":true,"href":"https:\/\/www.kalfon-medical.co.il\/fr\/wp-json\/wp\/v2\/product_brand?post=224"},{"taxonomy":"product_cat","embeddable":true,"href":"https:\/\/www.kalfon-medical.co.il\/fr\/wp-json\/wp\/v2\/product_cat?post=224"},{"taxonomy":"product_tag","embeddable":true,"href":"https:\/\/www.kalfon-medical.co.il\/fr\/wp-json\/wp\/v2\/product_tag?post=224"},{"taxonomy":"distributeur-exclusif","embeddable":true,"href":"https:\/\/www.kalfon-medical.co.il\/fr\/wp-json\/wp\/v2\/distributeur-exclusif?post=224"},{"taxonomy":"marques","embeddable":true,"href":"https:\/\/www.kalfon-medical.co.il\/fr\/wp-json\/wp\/v2\/marques?post=224"}],"curies":[{"name":"wp","href":"https:\/\/api.w.org\/{rel}","templated":true}]}}