{"id":205,"date":"2024-05-23T22:05:52","date_gmt":"2024-05-23T19:05:52","guid":{"rendered":"http:\/\/www.kalfon-medical.co.il\/produit\/rollator-migo-4-roue\/"},"modified":"2024-05-23T22:34:48","modified_gmt":"2024-05-23T20:34:48","slug":"rollator-migo-4-roue","status":"publish","type":"product","link":"https:\/\/www.kalfon-medical.co.il\/fr\/produit\/rollator-migo-4-roue\/","title":{"rendered":"Rollator MIGO 4 roue"},"content":{"rendered":"<p>Caract\u00e9ristiques techniques du Rollator 4 roues adulte<\/p>\n<p>\u2022 Poids maximum utilisateur : 130 kg<\/p>\n<p>\u2022 Profondeur hors-tout sans panier : 61 cm<\/p>\n<p>\u2022 Largeur totale : 62 cm<\/p>\n<p>\u2022 Hauteur des poign\u00e9es : 80 \u00e0 100 cm<\/p>\n<p>\u2022 Hauteur sol\/si\u00e8ge : 60 cm<\/p>\n<p>\u2022 Coloris : gris m\u00e9tal<\/p>\n<p>\u2022 Poids du rollator : 9,1 kg<\/p>\n","protected":false},"excerpt":{"rendered":"<ul>\n<li>Simple et confortable le Rollator Migo facilite vos d\u00e9placements<\/li>\n<li>Pratique, ce d\u00e9ambulateur est dot\u00e9 d\u2019une grande assise.<\/li>\n<li>Le rollator est \u00e9quip\u00e9 de poign\u00e9es et de freins anatomiques.<\/li>\n<\/ul>\n","protected":false},"featured_media":194,"comment_status":"open","ping_status":"closed","template":"","meta":{"_monsterinsights_skip_tracking":false,"_monsterinsights_sitenote_active":false,"_monsterinsights_sitenote_note":"","_monsterinsights_sitenote_category":0},"product_brand":[],"product_cat":[183,28,29],"product_tag":[],"distributeur-exclusif":[],"marques":[],"class_list":{"0":"post-205","1":"product","2":"type-product","3":"status-publish","4":"has-post-thumbnail","6":"product_cat-accessoire-marche","7":"product_cat-mobilite","8":"product_cat-rollator","9":"_wholesalex wsx-wholesalex-product","11":"first","12":"instock","13":"featured","14":"taxable","15":"shipping-taxable","16":"purchasable","17":"product-type-simple"},"yoast_head":"<!-- This site is optimized with the Yoast SEO plugin v27.3 - https:\/\/yoast.com\/product\/yoast-seo-wordpress\/ -->\n<title>Rollator MIGO 4 roue - Kalfon Medical Distribution<\/title>\n<meta name=\"robots\" content=\"index, follow, max-snippet:-1, max-image-preview:large, max-video-preview:-1\" \/>\n<link rel=\"canonical\" href=\"https:\/\/www.kalfon-medical.co.il\/fr\/produit\/rollator-migo-4-roue\/\" \/>\n<meta property=\"og:locale\" content=\"fr_FR\" \/>\n<meta property=\"og:type\" content=\"article\" \/>\n<meta property=\"og:title\" content=\"Rollator MIGO 4 roue - Kalfon Medical Distribution\" \/>\n<meta property=\"og:description\" content=\"Simple et confortable le Rollator Migo facilite vos d\u00e9placements  Pratique, ce d\u00e9ambulateur est dot\u00e9 d\u2019une grande assise.  Le rollator est \u00e9quip\u00e9 de poign\u00e9es et de freins anatomiques.\" \/>\n<meta property=\"og:url\" content=\"https:\/\/www.kalfon-medical.co.il\/fr\/produit\/rollator-migo-4-roue\/\" \/>\n<meta property=\"og:site_name\" content=\"Kalfon Medical Distribution\" \/>\n<meta property=\"article:modified_time\" content=\"2024-05-23T20:34:48+00:00\" \/>\n<meta property=\"og:image\" content=\"https:\/\/www.kalfon-medical.co.il\/wp-content\/uploads\/2024\/05\/110516-\u05e8\u05d5\u05dc\u05d8\u05d5\u05e8-\u05de\u05d9\u05d2\u05d5-4-\u05d2\u05dc\u05d2\u05dc\u05d9\u05dd.jpg\" \/>\n\t<meta property=\"og:image:width\" content=\"800\" \/>\n\t<meta property=\"og:image:height\" content=\"800\" \/>\n\t<meta property=\"og:image:type\" content=\"image\/jpeg\" \/>\n<meta name=\"twitter:card\" content=\"summary_large_image\" \/>\n<script type=\"application\/ld+json\" class=\"yoast-schema-graph\">{\"@context\":\"https:\\\/\\\/schema.org\",\"@graph\":[{\"@type\":\"WebPage\",\"@id\":\"https:\\\/\\\/www.kalfon-medical.co.il\\\/fr\\\/produit\\\/rollator-migo-4-roue\\\/\",\"url\":\"https:\\\/\\\/www.kalfon-medical.co.il\\\/fr\\\/produit\\\/rollator-migo-4-roue\\\/\",\"name\":\"Rollator MIGO 4 roue - Kalfon Medical Distribution\",\"isPartOf\":{\"@id\":\"https:\\\/\\\/www.kalfon-medical.co.il\\\/fr\\\/#website\"},\"primaryImageOfPage\":{\"@id\":\"https:\\\/\\\/www.kalfon-medical.co.il\\\/fr\\\/produit\\\/rollator-migo-4-roue\\\/#primaryimage\"},\"image\":{\"@id\":\"https:\\\/\\\/www.kalfon-medical.co.il\\\/fr\\\/produit\\\/rollator-migo-4-roue\\\/#primaryimage\"},\"thumbnailUrl\":\"https:\\\/\\\/www.kalfon-medical.co.il\\\/wp-content\\\/uploads\\\/2024\\\/05\\\/110516-\u05e8\u05d5\u05dc\u05d8\u05d5\u05e8-\u05de\u05d9\u05d2\u05d5-4-\u05d2\u05dc\u05d2\u05dc\u05d9\u05dd.jpg\",\"datePublished\":\"2024-05-23T19:05:52+00:00\",\"dateModified\":\"2024-05-23T20:34:48+00:00\",\"breadcrumb\":{\"@id\":\"https:\\\/\\\/www.kalfon-medical.co.il\\\/fr\\\/produit\\\/rollator-migo-4-roue\\\/#breadcrumb\"},\"inLanguage\":\"fr-FR\",\"potentialAction\":[{\"@type\":\"ReadAction\",\"target\":[\"https:\\\/\\\/www.kalfon-medical.co.il\\\/fr\\\/produit\\\/rollator-migo-4-roue\\\/\"]}]},{\"@type\":\"ImageObject\",\"inLanguage\":\"fr-FR\",\"@id\":\"https:\\\/\\\/www.kalfon-medical.co.il\\\/fr\\\/produit\\\/rollator-migo-4-roue\\\/#primaryimage\",\"url\":\"https:\\\/\\\/www.kalfon-medical.co.il\\\/wp-content\\\/uploads\\\/2024\\\/05\\\/110516-\u05e8\u05d5\u05dc\u05d8\u05d5\u05e8-\u05de\u05d9\u05d2\u05d5-4-\u05d2\u05dc\u05d2\u05dc\u05d9\u05dd.jpg\",\"contentUrl\":\"https:\\\/\\\/www.kalfon-medical.co.il\\\/wp-content\\\/uploads\\\/2024\\\/05\\\/110516-\u05e8\u05d5\u05dc\u05d8\u05d5\u05e8-\u05de\u05d9\u05d2\u05d5-4-\u05d2\u05dc\u05d2\u05dc\u05d9\u05dd.jpg\",\"width\":800,\"height\":800},{\"@type\":\"BreadcrumbList\",\"@id\":\"https:\\\/\\\/www.kalfon-medical.co.il\\\/fr\\\/produit\\\/rollator-migo-4-roue\\\/#breadcrumb\",\"itemListElement\":[{\"@type\":\"ListItem\",\"position\":1,\"name\":\"Home\",\"item\":\"https:\\\/\\\/www.kalfon-medical.co.il\\\/fr\\\/\"},{\"@type\":\"ListItem\",\"position\":2,\"name\":\"Boutique\",\"item\":\"https:\\\/\\\/www.kalfon-medical.co.il\\\/fr\\\/boutique\\\/\"},{\"@type\":\"ListItem\",\"position\":3,\"name\":\"Rollator MIGO 4 roue\"}]},{\"@type\":\"WebSite\",\"@id\":\"https:\\\/\\\/www.kalfon-medical.co.il\\\/fr\\\/#website\",\"url\":\"https:\\\/\\\/www.kalfon-medical.co.il\\\/fr\\\/\",\"name\":\"Kalfon Medical Distribution\",\"description\":\"Un site utilisant WordPress\",\"potentialAction\":[{\"@type\":\"SearchAction\",\"target\":{\"@type\":\"EntryPoint\",\"urlTemplate\":\"https:\\\/\\\/www.kalfon-medical.co.il\\\/fr\\\/?s={search_term_string}\"},\"query-input\":{\"@type\":\"PropertyValueSpecification\",\"valueRequired\":true,\"valueName\":\"search_term_string\"}}],\"inLanguage\":\"fr-FR\"}]}<\/script>\n<!-- \/ Yoast SEO plugin. -->","yoast_head_json":{"title":"Rollator MIGO 4 roue - Kalfon Medical Distribution","robots":{"index":"index","follow":"follow","max-snippet":"max-snippet:-1","max-image-preview":"max-image-preview:large","max-video-preview":"max-video-preview:-1"},"canonical":"https:\/\/www.kalfon-medical.co.il\/fr\/produit\/rollator-migo-4-roue\/","og_locale":"fr_FR","og_type":"article","og_title":"Rollator MIGO 4 roue - Kalfon Medical Distribution","og_description":"Simple et confortable le Rollator Migo facilite vos d\u00e9placements  Pratique, ce d\u00e9ambulateur est dot\u00e9 d\u2019une grande assise.  Le rollator est \u00e9quip\u00e9 de poign\u00e9es et de freins anatomiques.","og_url":"https:\/\/www.kalfon-medical.co.il\/fr\/produit\/rollator-migo-4-roue\/","og_site_name":"Kalfon Medical Distribution","article_modified_time":"2024-05-23T20:34:48+00:00","og_image":[{"width":800,"height":800,"url":"https:\/\/www.kalfon-medical.co.il\/wp-content\/uploads\/2024\/05\/110516-\u05e8\u05d5\u05dc\u05d8\u05d5\u05e8-\u05de\u05d9\u05d2\u05d5-4-\u05d2\u05dc\u05d2\u05dc\u05d9\u05dd.jpg","type":"image\/jpeg"}],"twitter_card":"summary_large_image","schema":{"@context":"https:\/\/schema.org","@graph":[{"@type":"WebPage","@id":"https:\/\/www.kalfon-medical.co.il\/fr\/produit\/rollator-migo-4-roue\/","url":"https:\/\/www.kalfon-medical.co.il\/fr\/produit\/rollator-migo-4-roue\/","name":"Rollator MIGO 4 roue - Kalfon Medical Distribution","isPartOf":{"@id":"https:\/\/www.kalfon-medical.co.il\/fr\/#website"},"primaryImageOfPage":{"@id":"https:\/\/www.kalfon-medical.co.il\/fr\/produit\/rollator-migo-4-roue\/#primaryimage"},"image":{"@id":"https:\/\/www.kalfon-medical.co.il\/fr\/produit\/rollator-migo-4-roue\/#primaryimage"},"thumbnailUrl":"https:\/\/www.kalfon-medical.co.il\/wp-content\/uploads\/2024\/05\/110516-\u05e8\u05d5\u05dc\u05d8\u05d5\u05e8-\u05de\u05d9\u05d2\u05d5-4-\u05d2\u05dc\u05d2\u05dc\u05d9\u05dd.jpg","datePublished":"2024-05-23T19:05:52+00:00","dateModified":"2024-05-23T20:34:48+00:00","breadcrumb":{"@id":"https:\/\/www.kalfon-medical.co.il\/fr\/produit\/rollator-migo-4-roue\/#breadcrumb"},"inLanguage":"fr-FR","potentialAction":[{"@type":"ReadAction","target":["https:\/\/www.kalfon-medical.co.il\/fr\/produit\/rollator-migo-4-roue\/"]}]},{"@type":"ImageObject","inLanguage":"fr-FR","@id":"https:\/\/www.kalfon-medical.co.il\/fr\/produit\/rollator-migo-4-roue\/#primaryimage","url":"https:\/\/www.kalfon-medical.co.il\/wp-content\/uploads\/2024\/05\/110516-\u05e8\u05d5\u05dc\u05d8\u05d5\u05e8-\u05de\u05d9\u05d2\u05d5-4-\u05d2\u05dc\u05d2\u05dc\u05d9\u05dd.jpg","contentUrl":"https:\/\/www.kalfon-medical.co.il\/wp-content\/uploads\/2024\/05\/110516-\u05e8\u05d5\u05dc\u05d8\u05d5\u05e8-\u05de\u05d9\u05d2\u05d5-4-\u05d2\u05dc\u05d2\u05dc\u05d9\u05dd.jpg","width":800,"height":800},{"@type":"BreadcrumbList","@id":"https:\/\/www.kalfon-medical.co.il\/fr\/produit\/rollator-migo-4-roue\/#breadcrumb","itemListElement":[{"@type":"ListItem","position":1,"name":"Home","item":"https:\/\/www.kalfon-medical.co.il\/fr\/"},{"@type":"ListItem","position":2,"name":"Boutique","item":"https:\/\/www.kalfon-medical.co.il\/fr\/boutique\/"},{"@type":"ListItem","position":3,"name":"Rollator MIGO 4 roue"}]},{"@type":"WebSite","@id":"https:\/\/www.kalfon-medical.co.il\/fr\/#website","url":"https:\/\/www.kalfon-medical.co.il\/fr\/","name":"Kalfon Medical Distribution","description":"Un site utilisant WordPress","potentialAction":[{"@type":"SearchAction","target":{"@type":"EntryPoint","urlTemplate":"https:\/\/www.kalfon-medical.co.il\/fr\/?s={search_term_string}"},"query-input":{"@type":"PropertyValueSpecification","valueRequired":true,"valueName":"search_term_string"}}],"inLanguage":"fr-FR"}]}},"_links":{"self":[{"href":"https:\/\/www.kalfon-medical.co.il\/fr\/wp-json\/wp\/v2\/product\/205","targetHints":{"allow":["GET"]}}],"collection":[{"href":"https:\/\/www.kalfon-medical.co.il\/fr\/wp-json\/wp\/v2\/product"}],"about":[{"href":"https:\/\/www.kalfon-medical.co.il\/fr\/wp-json\/wp\/v2\/types\/product"}],"replies":[{"embeddable":true,"href":"https:\/\/www.kalfon-medical.co.il\/fr\/wp-json\/wp\/v2\/comments?post=205"}],"version-history":[{"count":0,"href":"https:\/\/www.kalfon-medical.co.il\/fr\/wp-json\/wp\/v2\/product\/205\/revisions"}],"wp:featuredmedia":[{"embeddable":true,"href":"https:\/\/www.kalfon-medical.co.il\/fr\/wp-json\/wp\/v2\/media\/194"}],"wp:attachment":[{"href":"https:\/\/www.kalfon-medical.co.il\/fr\/wp-json\/wp\/v2\/media?parent=205"}],"wp:term":[{"taxonomy":"product_brand","embeddable":true,"href":"https:\/\/www.kalfon-medical.co.il\/fr\/wp-json\/wp\/v2\/product_brand?post=205"},{"taxonomy":"product_cat","embeddable":true,"href":"https:\/\/www.kalfon-medical.co.il\/fr\/wp-json\/wp\/v2\/product_cat?post=205"},{"taxonomy":"product_tag","embeddable":true,"href":"https:\/\/www.kalfon-medical.co.il\/fr\/wp-json\/wp\/v2\/product_tag?post=205"},{"taxonomy":"distributeur-exclusif","embeddable":true,"href":"https:\/\/www.kalfon-medical.co.il\/fr\/wp-json\/wp\/v2\/distributeur-exclusif?post=205"},{"taxonomy":"marques","embeddable":true,"href":"https:\/\/www.kalfon-medical.co.il\/fr\/wp-json\/wp\/v2\/marques?post=205"}],"curies":[{"name":"wp","href":"https:\/\/api.w.org\/{rel}","templated":true}]}}