{"id":1538,"date":"2024-06-10T17:09:35","date_gmt":"2024-06-10T14:09:35","guid":{"rendered":"https:\/\/medical2.awebdesign4u.com\/produit\/rehausse-wc-souple-15-cm\/"},"modified":"2024-06-10T16:09:35","modified_gmt":"2024-06-10T14:09:35","slug":"rehausse-wc-souple-15-cm","status":"publish","type":"product","link":"https:\/\/www.kalfon-medical.co.il\/fr\/produit\/rehausse-wc-souple-15-cm\/","title":{"rendered":"Rehausse WC souple 15 cm"},"content":{"rendered":"<p>Le r\u00e9hausseur de WC souple de Meditec est une solution confortable et efficace pour am\u00e9liorer le confort des toilettes. Con\u00e7u sp\u00e9cialement pour les personnes ayant des difficult\u00e9s de mouvement, les personnes \u00e2g\u00e9es et les femmes enceintes. Mat\u00e9riau doux et agr\u00e9able au toucher : Assure un confort maximal. Installation facile : Convient \u00e0 la plupart des types de toilettes standard. Design ergonomique : Pour un soutien et un confort optimaux. Facile \u00e0 nettoyer : Pour une utilisation hygi\u00e9nique et s\u00e9curis\u00e9e. Durabilit\u00e9 \u00e0 long terme : Pour un usage quotidien prolong\u00e9. Disponible avec ou sans couvercle. Ce produit garantit une exp\u00e9rience d&#8217;utilisation confortable et am\u00e9lior\u00e9e \u00e0 chaque fois. <\/p>\n","protected":false},"excerpt":{"rendered":"<ul>\n<li>Mousse souple et imperm\u00e9able<\/li>\n<li>40 X 42 X 17 cm<\/li>\n<li>Sans couvercle<\/li>\n<li>Peut supporter jusqu&#8217;\u00e0 120 kg maximum<\/li>\n<\/ul>\n","protected":false},"featured_media":1535,"comment_status":"open","ping_status":"closed","template":"","meta":{"_monsterinsights_skip_tracking":false,"_monsterinsights_sitenote_active":false,"_monsterinsights_sitenote_note":"","_monsterinsights_sitenote_category":0},"product_brand":[],"product_cat":[99,100,89],"product_tag":[],"distributeur-exclusif":[136],"marques":[135],"class_list":{"0":"post-1538","1":"product","2":"type-product","3":"status-publish","4":"has-post-thumbnail","6":"product_cat-accessoire-wc","7":"product_cat-rehausseur-de-wc","8":"product_cat-salle-de-bain-wc","9":"distributeur-exclusif-meditec","10":"marques-meditec","11":"_wholesalex wsx-wholesalex-product","13":"first","14":"outofstock","15":"taxable","16":"shipping-taxable","17":"purchasable","18":"product-type-simple"},"yoast_head":"<!-- This site is optimized with the Yoast SEO plugin v27.5 - https:\/\/yoast.com\/product\/yoast-seo-wordpress\/ -->\n<title>Rehausse WC souple 15 cm - Kalfon Medical Distribution<\/title>\n<meta name=\"robots\" content=\"index, follow, max-snippet:-1, max-image-preview:large, max-video-preview:-1\" \/>\n<link rel=\"canonical\" href=\"https:\/\/www.kalfon-medical.co.il\/fr\/produit\/rehausse-wc-souple-15-cm\/\" \/>\n<meta property=\"og:locale\" content=\"fr_FR\" \/>\n<meta property=\"og:type\" content=\"article\" \/>\n<meta property=\"og:title\" content=\"Rehausse WC souple 15 cm - Kalfon Medical Distribution\" \/>\n<meta property=\"og:description\" content=\"Mousse souple et imperm\u00e9able  40 X 42 X 17 cm  Sans couvercle  Peut supporter jusqu&#039;\u00e0 120 kg maximum\" \/>\n<meta property=\"og:url\" content=\"https:\/\/www.kalfon-medical.co.il\/fr\/produit\/rehausse-wc-souple-15-cm\/\" \/>\n<meta property=\"og:site_name\" content=\"Kalfon Medical Distribution\" \/>\n<meta property=\"og:image\" content=\"https:\/\/www.kalfon-medical.co.il\/wp-content\/uploads\/2024\/06\/55f748b64ea76287d8346edab9be637e7939bb6c_104600_rhausse_wc_souple_mdisoft_mditec_1.jpg-3.webp\" \/>\n\t<meta property=\"og:image:width\" content=\"800\" \/>\n\t<meta property=\"og:image:height\" content=\"800\" \/>\n\t<meta property=\"og:image:type\" content=\"image\/webp\" \/>\n<meta name=\"twitter:card\" content=\"summary_large_image\" \/>\n<meta name=\"twitter:label1\" content=\"Dur\u00e9e de lecture estim\u00e9e\" \/>\n\t<meta name=\"twitter:data1\" content=\"1 minute\" \/>\n<script type=\"application\/ld+json\" class=\"yoast-schema-graph\">{\"@context\":\"https:\\\/\\\/schema.org\",\"@graph\":[{\"@type\":\"WebPage\",\"@id\":\"https:\\\/\\\/www.kalfon-medical.co.il\\\/fr\\\/produit\\\/rehausse-wc-souple-15-cm\\\/\",\"url\":\"https:\\\/\\\/www.kalfon-medical.co.il\\\/fr\\\/produit\\\/rehausse-wc-souple-15-cm\\\/\",\"name\":\"Rehausse WC souple 15 cm - Kalfon Medical Distribution\",\"isPartOf\":{\"@id\":\"https:\\\/\\\/www.kalfon-medical.co.il\\\/fr\\\/#website\"},\"primaryImageOfPage\":{\"@id\":\"https:\\\/\\\/www.kalfon-medical.co.il\\\/fr\\\/produit\\\/rehausse-wc-souple-15-cm\\\/#primaryimage\"},\"image\":{\"@id\":\"https:\\\/\\\/www.kalfon-medical.co.il\\\/fr\\\/produit\\\/rehausse-wc-souple-15-cm\\\/#primaryimage\"},\"thumbnailUrl\":\"https:\\\/\\\/www.kalfon-medical.co.il\\\/wp-content\\\/uploads\\\/2024\\\/06\\\/55f748b64ea76287d8346edab9be637e7939bb6c_104600_rhausse_wc_souple_mdisoft_mditec_1.jpg-3.webp\",\"datePublished\":\"2024-06-10T14:09:35+00:00\",\"breadcrumb\":{\"@id\":\"https:\\\/\\\/www.kalfon-medical.co.il\\\/fr\\\/produit\\\/rehausse-wc-souple-15-cm\\\/#breadcrumb\"},\"inLanguage\":\"fr-FR\",\"potentialAction\":[{\"@type\":\"ReadAction\",\"target\":[\"https:\\\/\\\/www.kalfon-medical.co.il\\\/fr\\\/produit\\\/rehausse-wc-souple-15-cm\\\/\"]}]},{\"@type\":\"ImageObject\",\"inLanguage\":\"fr-FR\",\"@id\":\"https:\\\/\\\/www.kalfon-medical.co.il\\\/fr\\\/produit\\\/rehausse-wc-souple-15-cm\\\/#primaryimage\",\"url\":\"https:\\\/\\\/www.kalfon-medical.co.il\\\/wp-content\\\/uploads\\\/2024\\\/06\\\/55f748b64ea76287d8346edab9be637e7939bb6c_104600_rhausse_wc_souple_mdisoft_mditec_1.jpg-3.webp\",\"contentUrl\":\"https:\\\/\\\/www.kalfon-medical.co.il\\\/wp-content\\\/uploads\\\/2024\\\/06\\\/55f748b64ea76287d8346edab9be637e7939bb6c_104600_rhausse_wc_souple_mdisoft_mditec_1.jpg-3.webp\",\"width\":800,\"height\":800},{\"@type\":\"BreadcrumbList\",\"@id\":\"https:\\\/\\\/www.kalfon-medical.co.il\\\/fr\\\/produit\\\/rehausse-wc-souple-15-cm\\\/#breadcrumb\",\"itemListElement\":[{\"@type\":\"ListItem\",\"position\":1,\"name\":\"Home\",\"item\":\"https:\\\/\\\/www.kalfon-medical.co.il\\\/fr\\\/\"},{\"@type\":\"ListItem\",\"position\":2,\"name\":\"Boutique\",\"item\":\"https:\\\/\\\/www.kalfon-medical.co.il\\\/fr\\\/boutique\\\/\"},{\"@type\":\"ListItem\",\"position\":3,\"name\":\"Rehausse WC souple 15 cm\"}]},{\"@type\":\"WebSite\",\"@id\":\"https:\\\/\\\/www.kalfon-medical.co.il\\\/fr\\\/#website\",\"url\":\"https:\\\/\\\/www.kalfon-medical.co.il\\\/fr\\\/\",\"name\":\"Kalfon Medical Distribution\",\"description\":\"Un site utilisant WordPress\",\"potentialAction\":[{\"@type\":\"SearchAction\",\"target\":{\"@type\":\"EntryPoint\",\"urlTemplate\":\"https:\\\/\\\/www.kalfon-medical.co.il\\\/fr\\\/?s={search_term_string}\"},\"query-input\":{\"@type\":\"PropertyValueSpecification\",\"valueRequired\":true,\"valueName\":\"search_term_string\"}}],\"inLanguage\":\"fr-FR\"}]}<\/script>\n<!-- \/ Yoast SEO plugin. -->","yoast_head_json":{"title":"Rehausse WC souple 15 cm - Kalfon Medical Distribution","robots":{"index":"index","follow":"follow","max-snippet":"max-snippet:-1","max-image-preview":"max-image-preview:large","max-video-preview":"max-video-preview:-1"},"canonical":"https:\/\/www.kalfon-medical.co.il\/fr\/produit\/rehausse-wc-souple-15-cm\/","og_locale":"fr_FR","og_type":"article","og_title":"Rehausse WC souple 15 cm - Kalfon Medical Distribution","og_description":"Mousse souple et imperm\u00e9able  40 X 42 X 17 cm  Sans couvercle  Peut supporter jusqu'\u00e0 120 kg maximum","og_url":"https:\/\/www.kalfon-medical.co.il\/fr\/produit\/rehausse-wc-souple-15-cm\/","og_site_name":"Kalfon Medical Distribution","og_image":[{"width":800,"height":800,"url":"https:\/\/www.kalfon-medical.co.il\/wp-content\/uploads\/2024\/06\/55f748b64ea76287d8346edab9be637e7939bb6c_104600_rhausse_wc_souple_mdisoft_mditec_1.jpg-3.webp","type":"image\/webp"}],"twitter_card":"summary_large_image","twitter_misc":{"Dur\u00e9e de lecture estim\u00e9e":"1 minute"},"schema":{"@context":"https:\/\/schema.org","@graph":[{"@type":"WebPage","@id":"https:\/\/www.kalfon-medical.co.il\/fr\/produit\/rehausse-wc-souple-15-cm\/","url":"https:\/\/www.kalfon-medical.co.il\/fr\/produit\/rehausse-wc-souple-15-cm\/","name":"Rehausse WC souple 15 cm - Kalfon Medical Distribution","isPartOf":{"@id":"https:\/\/www.kalfon-medical.co.il\/fr\/#website"},"primaryImageOfPage":{"@id":"https:\/\/www.kalfon-medical.co.il\/fr\/produit\/rehausse-wc-souple-15-cm\/#primaryimage"},"image":{"@id":"https:\/\/www.kalfon-medical.co.il\/fr\/produit\/rehausse-wc-souple-15-cm\/#primaryimage"},"thumbnailUrl":"https:\/\/www.kalfon-medical.co.il\/wp-content\/uploads\/2024\/06\/55f748b64ea76287d8346edab9be637e7939bb6c_104600_rhausse_wc_souple_mdisoft_mditec_1.jpg-3.webp","datePublished":"2024-06-10T14:09:35+00:00","breadcrumb":{"@id":"https:\/\/www.kalfon-medical.co.il\/fr\/produit\/rehausse-wc-souple-15-cm\/#breadcrumb"},"inLanguage":"fr-FR","potentialAction":[{"@type":"ReadAction","target":["https:\/\/www.kalfon-medical.co.il\/fr\/produit\/rehausse-wc-souple-15-cm\/"]}]},{"@type":"ImageObject","inLanguage":"fr-FR","@id":"https:\/\/www.kalfon-medical.co.il\/fr\/produit\/rehausse-wc-souple-15-cm\/#primaryimage","url":"https:\/\/www.kalfon-medical.co.il\/wp-content\/uploads\/2024\/06\/55f748b64ea76287d8346edab9be637e7939bb6c_104600_rhausse_wc_souple_mdisoft_mditec_1.jpg-3.webp","contentUrl":"https:\/\/www.kalfon-medical.co.il\/wp-content\/uploads\/2024\/06\/55f748b64ea76287d8346edab9be637e7939bb6c_104600_rhausse_wc_souple_mdisoft_mditec_1.jpg-3.webp","width":800,"height":800},{"@type":"BreadcrumbList","@id":"https:\/\/www.kalfon-medical.co.il\/fr\/produit\/rehausse-wc-souple-15-cm\/#breadcrumb","itemListElement":[{"@type":"ListItem","position":1,"name":"Home","item":"https:\/\/www.kalfon-medical.co.il\/fr\/"},{"@type":"ListItem","position":2,"name":"Boutique","item":"https:\/\/www.kalfon-medical.co.il\/fr\/boutique\/"},{"@type":"ListItem","position":3,"name":"Rehausse WC souple 15 cm"}]},{"@type":"WebSite","@id":"https:\/\/www.kalfon-medical.co.il\/fr\/#website","url":"https:\/\/www.kalfon-medical.co.il\/fr\/","name":"Kalfon Medical Distribution","description":"Un site utilisant WordPress","potentialAction":[{"@type":"SearchAction","target":{"@type":"EntryPoint","urlTemplate":"https:\/\/www.kalfon-medical.co.il\/fr\/?s={search_term_string}"},"query-input":{"@type":"PropertyValueSpecification","valueRequired":true,"valueName":"search_term_string"}}],"inLanguage":"fr-FR"}]}},"_links":{"self":[{"href":"https:\/\/www.kalfon-medical.co.il\/fr\/wp-json\/wp\/v2\/product\/1538","targetHints":{"allow":["GET"]}}],"collection":[{"href":"https:\/\/www.kalfon-medical.co.il\/fr\/wp-json\/wp\/v2\/product"}],"about":[{"href":"https:\/\/www.kalfon-medical.co.il\/fr\/wp-json\/wp\/v2\/types\/product"}],"replies":[{"embeddable":true,"href":"https:\/\/www.kalfon-medical.co.il\/fr\/wp-json\/wp\/v2\/comments?post=1538"}],"version-history":[{"count":0,"href":"https:\/\/www.kalfon-medical.co.il\/fr\/wp-json\/wp\/v2\/product\/1538\/revisions"}],"wp:featuredmedia":[{"embeddable":true,"href":"https:\/\/www.kalfon-medical.co.il\/fr\/wp-json\/wp\/v2\/media\/1535"}],"wp:attachment":[{"href":"https:\/\/www.kalfon-medical.co.il\/fr\/wp-json\/wp\/v2\/media?parent=1538"}],"wp:term":[{"taxonomy":"product_brand","embeddable":true,"href":"https:\/\/www.kalfon-medical.co.il\/fr\/wp-json\/wp\/v2\/product_brand?post=1538"},{"taxonomy":"product_cat","embeddable":true,"href":"https:\/\/www.kalfon-medical.co.il\/fr\/wp-json\/wp\/v2\/product_cat?post=1538"},{"taxonomy":"product_tag","embeddable":true,"href":"https:\/\/www.kalfon-medical.co.il\/fr\/wp-json\/wp\/v2\/product_tag?post=1538"},{"taxonomy":"distributeur-exclusif","embeddable":true,"href":"https:\/\/www.kalfon-medical.co.il\/fr\/wp-json\/wp\/v2\/distributeur-exclusif?post=1538"},{"taxonomy":"marques","embeddable":true,"href":"https:\/\/www.kalfon-medical.co.il\/fr\/wp-json\/wp\/v2\/marques?post=1538"}],"curies":[{"name":"wp","href":"https:\/\/api.w.org\/{rel}","templated":true}]}}