{"id":12347,"date":"2026-04-07T17:05:15","date_gmt":"2026-04-07T14:05:15","guid":{"rendered":"https:\/\/www.kalfon-medical.co.il\/?post_type=product&#038;p=12347"},"modified":"2026-04-07T17:05:21","modified_gmt":"2026-04-07T14:05:21","slug":"botte-de-marche-nextep-contour-air-walker","status":"publish","type":"product","link":"https:\/\/www.kalfon-medical.co.il\/fr\/produit\/botte-de-marche-nextep-contour-air-walker\/","title":{"rendered":"Botte de Marche -Nextep Contour Air Walker"},"content":{"rendered":"<p>La botte de marche Nextep Contour est utilis\u00e9e, sur prescription m\u00e9dicale, dans le traitement des blessures mod\u00e9r\u00e9es \u00e0 s\u00e9v\u00e8res du membre inf\u00e9rieur. Elle peut constituer une alternative au pl\u00e2tre.<\/p>\n<p>Son syst\u00e8me de gonflage permet d\u2019ajuster le serrage en fonction de l\u2019\u00e9volution de l\u2019\u0153d\u00e8me, tout en am\u00e9liorant le maintien. Les sangles assurent une adaptation optimale \u00e0 la morphologie du patient.<\/p>\n<p>La botte est disponible en deux mod\u00e8les \u2014 court et long \u2014 selon la prescription du m\u00e9decin.<\/p>\n<p>Disponible en 3 pointures :<\/p>\n<p data-start=\"338\" data-end=\"353\" data-is-last-node=\"\" data-is-only-node=\"\">S- 34.5 &#8211; 38<\/p>\n<p data-start=\"338\" data-end=\"353\" data-is-last-node=\"\" data-is-only-node=\"\">M- 38.5 &#8211; 43<\/p>\n<p data-start=\"338\" data-end=\"353\" data-is-last-node=\"\" data-is-only-node=\"\">L- 43.5 &#8211; 49<\/p>\n","protected":false},"excerpt":{"rendered":"<p>La botte de marche Nextep Contour est utilis\u00e9e, sur prescription m\u00e9dicale, dans le traitement des blessures mod\u00e9r\u00e9es \u00e0 s\u00e9v\u00e8res du membre inf\u00e9rieur. Elle peut constituer une alternative au pl\u00e2tre. Son syst\u00e8me de gonflage permet d\u2019ajuster le serrage en fonction de l\u2019\u00e9volution de l\u2019\u0153d\u00e8me, tout en am\u00e9liorant le maintien. Les sangles assurent une adaptation optimale \u00e0 [&hellip;]<\/p>\n","protected":false},"featured_media":12364,"comment_status":"open","ping_status":"closed","template":"","meta":{"_monsterinsights_skip_tracking":false,"_monsterinsights_sitenote_active":false,"_monsterinsights_sitenote_note":"","_monsterinsights_sitenote_category":0},"product_brand":[],"product_cat":[74,185],"product_tag":[],"distributeur-exclusif":[],"marques":[],"class_list":{"0":"post-12347","1":"product","2":"type-product","3":"status-publish","4":"has-post-thumbnail","6":"product_cat-orthopedie","7":"product_cat-pied","8":"_wholesalex wsx-wholesalex-product","10":"first","11":"instock","12":"taxable","13":"shipping-taxable","14":"purchasable","15":"product-type-variable"},"yoast_head":"<!-- This site is optimized with the Yoast SEO plugin v27.3 - https:\/\/yoast.com\/product\/yoast-seo-wordpress\/ -->\n<title>Botte de Marche -Nextep Contour Air Walker - Kalfon Medical Distribution<\/title>\n<meta name=\"robots\" content=\"index, follow, max-snippet:-1, max-image-preview:large, max-video-preview:-1\" \/>\n<link rel=\"canonical\" href=\"https:\/\/www.kalfon-medical.co.il\/fr\/produit\/botte-de-marche-nextep-contour-air-walker\/\" \/>\n<meta property=\"og:locale\" content=\"fr_FR\" \/>\n<meta property=\"og:type\" content=\"article\" \/>\n<meta property=\"og:title\" content=\"Botte de Marche -Nextep Contour Air Walker - Kalfon Medical Distribution\" \/>\n<meta property=\"og:description\" content=\"La botte de marche Nextep Contour est utilis\u00e9e, sur prescription m\u00e9dicale, dans le traitement des blessures mod\u00e9r\u00e9es \u00e0 s\u00e9v\u00e8res du membre inf\u00e9rieur. Elle peut constituer une alternative au pl\u00e2tre. Son syst\u00e8me de gonflage permet d\u2019ajuster le serrage en fonction de l\u2019\u00e9volution de l\u2019\u0153d\u00e8me, tout en am\u00e9liorant le maintien. Les sangles assurent une adaptation optimale \u00e0 [&hellip;]\" \/>\n<meta property=\"og:url\" content=\"https:\/\/www.kalfon-medical.co.il\/fr\/produit\/botte-de-marche-nextep-contour-air-walker\/\" \/>\n<meta property=\"og:site_name\" content=\"Kalfon Medical Distribution\" \/>\n<meta property=\"article:modified_time\" content=\"2026-04-07T14:05:21+00:00\" \/>\n<meta name=\"twitter:card\" content=\"summary_large_image\" \/>\n<script type=\"application\/ld+json\" class=\"yoast-schema-graph\">{\"@context\":\"https:\\\/\\\/schema.org\",\"@graph\":[{\"@type\":\"WebPage\",\"@id\":\"https:\\\/\\\/www.kalfon-medical.co.il\\\/fr\\\/produit\\\/botte-de-marche-nextep-contour-air-walker\\\/\",\"url\":\"https:\\\/\\\/www.kalfon-medical.co.il\\\/fr\\\/produit\\\/botte-de-marche-nextep-contour-air-walker\\\/\",\"name\":\"Botte de Marche -Nextep Contour Air Walker - Kalfon Medical Distribution\",\"isPartOf\":{\"@id\":\"https:\\\/\\\/www.kalfon-medical.co.il\\\/fr\\\/#website\"},\"primaryImageOfPage\":{\"@id\":\"https:\\\/\\\/www.kalfon-medical.co.il\\\/fr\\\/produit\\\/botte-de-marche-nextep-contour-air-walker\\\/#primaryimage\"},\"image\":{\"@id\":\"https:\\\/\\\/www.kalfon-medical.co.il\\\/fr\\\/produit\\\/botte-de-marche-nextep-contour-air-walker\\\/#primaryimage\"},\"thumbnailUrl\":\"https:\\\/\\\/www.kalfon-medical.co.il\\\/wp-content\\\/uploads\\\/2026\\\/04\\\/botte_nextep_longue.tiff\",\"datePublished\":\"2026-04-07T14:05:15+00:00\",\"dateModified\":\"2026-04-07T14:05:21+00:00\",\"breadcrumb\":{\"@id\":\"https:\\\/\\\/www.kalfon-medical.co.il\\\/fr\\\/produit\\\/botte-de-marche-nextep-contour-air-walker\\\/#breadcrumb\"},\"inLanguage\":\"fr-FR\",\"potentialAction\":[{\"@type\":\"ReadAction\",\"target\":[\"https:\\\/\\\/www.kalfon-medical.co.il\\\/fr\\\/produit\\\/botte-de-marche-nextep-contour-air-walker\\\/\"]}]},{\"@type\":\"ImageObject\",\"inLanguage\":\"fr-FR\",\"@id\":\"https:\\\/\\\/www.kalfon-medical.co.il\\\/fr\\\/produit\\\/botte-de-marche-nextep-contour-air-walker\\\/#primaryimage\",\"url\":\"https:\\\/\\\/www.kalfon-medical.co.il\\\/wp-content\\\/uploads\\\/2026\\\/04\\\/botte_nextep_longue.tiff\",\"contentUrl\":\"https:\\\/\\\/www.kalfon-medical.co.il\\\/wp-content\\\/uploads\\\/2026\\\/04\\\/botte_nextep_longue.tiff\"},{\"@type\":\"BreadcrumbList\",\"@id\":\"https:\\\/\\\/www.kalfon-medical.co.il\\\/fr\\\/produit\\\/botte-de-marche-nextep-contour-air-walker\\\/#breadcrumb\",\"itemListElement\":[{\"@type\":\"ListItem\",\"position\":1,\"name\":\"Home\",\"item\":\"https:\\\/\\\/www.kalfon-medical.co.il\\\/fr\\\/\"},{\"@type\":\"ListItem\",\"position\":2,\"name\":\"Boutique\",\"item\":\"https:\\\/\\\/www.kalfon-medical.co.il\\\/fr\\\/boutique\\\/\"},{\"@type\":\"ListItem\",\"position\":3,\"name\":\"Botte de Marche -Nextep Contour Air Walker\"}]},{\"@type\":\"WebSite\",\"@id\":\"https:\\\/\\\/www.kalfon-medical.co.il\\\/fr\\\/#website\",\"url\":\"https:\\\/\\\/www.kalfon-medical.co.il\\\/fr\\\/\",\"name\":\"Kalfon Medical Distribution\",\"description\":\"Un site utilisant WordPress\",\"potentialAction\":[{\"@type\":\"SearchAction\",\"target\":{\"@type\":\"EntryPoint\",\"urlTemplate\":\"https:\\\/\\\/www.kalfon-medical.co.il\\\/fr\\\/?s={search_term_string}\"},\"query-input\":{\"@type\":\"PropertyValueSpecification\",\"valueRequired\":true,\"valueName\":\"search_term_string\"}}],\"inLanguage\":\"fr-FR\"}]}<\/script>\n<!-- \/ Yoast SEO plugin. -->","yoast_head_json":{"title":"Botte de Marche -Nextep Contour Air Walker - Kalfon Medical Distribution","robots":{"index":"index","follow":"follow","max-snippet":"max-snippet:-1","max-image-preview":"max-image-preview:large","max-video-preview":"max-video-preview:-1"},"canonical":"https:\/\/www.kalfon-medical.co.il\/fr\/produit\/botte-de-marche-nextep-contour-air-walker\/","og_locale":"fr_FR","og_type":"article","og_title":"Botte de Marche -Nextep Contour Air Walker - Kalfon Medical Distribution","og_description":"La botte de marche Nextep Contour est utilis\u00e9e, sur prescription m\u00e9dicale, dans le traitement des blessures mod\u00e9r\u00e9es \u00e0 s\u00e9v\u00e8res du membre inf\u00e9rieur. Elle peut constituer une alternative au pl\u00e2tre. Son syst\u00e8me de gonflage permet d\u2019ajuster le serrage en fonction de l\u2019\u00e9volution de l\u2019\u0153d\u00e8me, tout en am\u00e9liorant le maintien. Les sangles assurent une adaptation optimale \u00e0 [&hellip;]","og_url":"https:\/\/www.kalfon-medical.co.il\/fr\/produit\/botte-de-marche-nextep-contour-air-walker\/","og_site_name":"Kalfon Medical Distribution","article_modified_time":"2026-04-07T14:05:21+00:00","twitter_card":"summary_large_image","schema":{"@context":"https:\/\/schema.org","@graph":[{"@type":"WebPage","@id":"https:\/\/www.kalfon-medical.co.il\/fr\/produit\/botte-de-marche-nextep-contour-air-walker\/","url":"https:\/\/www.kalfon-medical.co.il\/fr\/produit\/botte-de-marche-nextep-contour-air-walker\/","name":"Botte de Marche -Nextep Contour Air Walker - Kalfon Medical Distribution","isPartOf":{"@id":"https:\/\/www.kalfon-medical.co.il\/fr\/#website"},"primaryImageOfPage":{"@id":"https:\/\/www.kalfon-medical.co.il\/fr\/produit\/botte-de-marche-nextep-contour-air-walker\/#primaryimage"},"image":{"@id":"https:\/\/www.kalfon-medical.co.il\/fr\/produit\/botte-de-marche-nextep-contour-air-walker\/#primaryimage"},"thumbnailUrl":"https:\/\/www.kalfon-medical.co.il\/wp-content\/uploads\/2026\/04\/botte_nextep_longue.tiff","datePublished":"2026-04-07T14:05:15+00:00","dateModified":"2026-04-07T14:05:21+00:00","breadcrumb":{"@id":"https:\/\/www.kalfon-medical.co.il\/fr\/produit\/botte-de-marche-nextep-contour-air-walker\/#breadcrumb"},"inLanguage":"fr-FR","potentialAction":[{"@type":"ReadAction","target":["https:\/\/www.kalfon-medical.co.il\/fr\/produit\/botte-de-marche-nextep-contour-air-walker\/"]}]},{"@type":"ImageObject","inLanguage":"fr-FR","@id":"https:\/\/www.kalfon-medical.co.il\/fr\/produit\/botte-de-marche-nextep-contour-air-walker\/#primaryimage","url":"https:\/\/www.kalfon-medical.co.il\/wp-content\/uploads\/2026\/04\/botte_nextep_longue.tiff","contentUrl":"https:\/\/www.kalfon-medical.co.il\/wp-content\/uploads\/2026\/04\/botte_nextep_longue.tiff"},{"@type":"BreadcrumbList","@id":"https:\/\/www.kalfon-medical.co.il\/fr\/produit\/botte-de-marche-nextep-contour-air-walker\/#breadcrumb","itemListElement":[{"@type":"ListItem","position":1,"name":"Home","item":"https:\/\/www.kalfon-medical.co.il\/fr\/"},{"@type":"ListItem","position":2,"name":"Boutique","item":"https:\/\/www.kalfon-medical.co.il\/fr\/boutique\/"},{"@type":"ListItem","position":3,"name":"Botte de Marche -Nextep Contour Air Walker"}]},{"@type":"WebSite","@id":"https:\/\/www.kalfon-medical.co.il\/fr\/#website","url":"https:\/\/www.kalfon-medical.co.il\/fr\/","name":"Kalfon Medical Distribution","description":"Un site utilisant WordPress","potentialAction":[{"@type":"SearchAction","target":{"@type":"EntryPoint","urlTemplate":"https:\/\/www.kalfon-medical.co.il\/fr\/?s={search_term_string}"},"query-input":{"@type":"PropertyValueSpecification","valueRequired":true,"valueName":"search_term_string"}}],"inLanguage":"fr-FR"}]}},"_links":{"self":[{"href":"https:\/\/www.kalfon-medical.co.il\/fr\/wp-json\/wp\/v2\/product\/12347","targetHints":{"allow":["GET"]}}],"collection":[{"href":"https:\/\/www.kalfon-medical.co.il\/fr\/wp-json\/wp\/v2\/product"}],"about":[{"href":"https:\/\/www.kalfon-medical.co.il\/fr\/wp-json\/wp\/v2\/types\/product"}],"replies":[{"embeddable":true,"href":"https:\/\/www.kalfon-medical.co.il\/fr\/wp-json\/wp\/v2\/comments?post=12347"}],"version-history":[{"count":1,"href":"https:\/\/www.kalfon-medical.co.il\/fr\/wp-json\/wp\/v2\/product\/12347\/revisions"}],"predecessor-version":[{"id":12363,"href":"https:\/\/www.kalfon-medical.co.il\/fr\/wp-json\/wp\/v2\/product\/12347\/revisions\/12363"}],"wp:featuredmedia":[{"embeddable":true,"href":"https:\/\/www.kalfon-medical.co.il\/fr\/wp-json\/wp\/v2\/media\/12364"}],"wp:attachment":[{"href":"https:\/\/www.kalfon-medical.co.il\/fr\/wp-json\/wp\/v2\/media?parent=12347"}],"wp:term":[{"taxonomy":"product_brand","embeddable":true,"href":"https:\/\/www.kalfon-medical.co.il\/fr\/wp-json\/wp\/v2\/product_brand?post=12347"},{"taxonomy":"product_cat","embeddable":true,"href":"https:\/\/www.kalfon-medical.co.il\/fr\/wp-json\/wp\/v2\/product_cat?post=12347"},{"taxonomy":"product_tag","embeddable":true,"href":"https:\/\/www.kalfon-medical.co.il\/fr\/wp-json\/wp\/v2\/product_tag?post=12347"},{"taxonomy":"distributeur-exclusif","embeddable":true,"href":"https:\/\/www.kalfon-medical.co.il\/fr\/wp-json\/wp\/v2\/distributeur-exclusif?post=12347"},{"taxonomy":"marques","embeddable":true,"href":"https:\/\/www.kalfon-medical.co.il\/fr\/wp-json\/wp\/v2\/marques?post=12347"}],"curies":[{"name":"wp","href":"https:\/\/api.w.org\/{rel}","templated":true}]}}