{"id":12067,"date":"2026-02-08T15:13:23","date_gmt":"2026-02-08T13:13:23","guid":{"rendered":"https:\/\/www.kalfon-medical.co.il\/product\/compresse-gelpro-genou-cuisse\/"},"modified":"2026-02-08T15:24:47","modified_gmt":"2026-02-08T13:24:47","slug":"compresse-gelpro-genou-cuisse","status":"publish","type":"product","link":"https:\/\/www.kalfon-medical.co.il\/fr\/produit\/compresse-gelpro-genou-cuisse\/","title":{"rendered":"COMPRESSE GELPRO GENOU-CUISSE"},"content":{"rendered":"<p data-start=\"110\" data-end=\"587\">Notre nouvelle gamme GelPro est con\u00e7ue pour offrir un traitement complet par le chaud ou le froid. Plac\u00e9e au cong\u00e9lateur, la compresse aide \u00e0 soulager les petits traumatismes et les \u0153d\u00e8mes. Chauff\u00e9e au micro-ondes, elle permet de d\u00e9tendre les muscles et d\u2019apaiser les douleurs musculaires ou organiques.<br data-start=\"413\" data-end=\"416\" \/>Gr\u00e2ce \u00e0 son mat\u00e9riau tr\u00e8s extensible, la compresse s\u2019enfile facilement et \u00e9pouse parfaitement la zone \u00e0 traiter, s\u2019adaptant \u00e0 la majorit\u00e9 des morphologies.<br data-start=\"571\" data-end=\"574\" \/>Coloris bleu.<\/p>\n<p data-start=\"589\" data-end=\"701\">Mod\u00e8le tube \u00e0 enfiler par le pied, couvrant la jambe jusqu\u2019au genou.<br data-start=\"657\" data-end=\"660\" \/>Dimensions sans extension : 28 \u00d7 17,5 cm.<\/p>\n<p data-start=\"703\" data-end=\"734\" data-is-last-node=\"\" data-is-only-node=\"\">Disponible en 5 autres mod\u00e8les.<\/p>\n","protected":false},"excerpt":{"rendered":"<ul class=\"fa-ul uk-list uk-list-large\">\n<li>Un mat\u00e9riau extensible r\u00e9volutionnaire !<\/li>\n<li><i class=\"fas fa-plus-circle green\"><\/i>Permet de traiter en froid ou en chaud efficacement<\/li>\n<\/ul>\n","protected":false},"featured_media":12063,"comment_status":"open","ping_status":"closed","template":"","meta":{"_monsterinsights_skip_tracking":false,"_monsterinsights_sitenote_active":false,"_monsterinsights_sitenote_note":"","_monsterinsights_sitenote_category":0},"product_brand":[],"product_cat":[196,74,187],"product_tag":[],"distributeur-exclusif":[115],"marques":[],"class_list":{"0":"post-12067","1":"product","2":"type-product","3":"status-publish","4":"has-post-thumbnail","6":"product_cat-douleur","7":"product_cat-orthopedie","8":"product_cat-poignet","9":"distributeur-exclusif-identites","10":"_wholesalex wsx-wholesalex-product","12":"first","13":"instock","14":"taxable","15":"shipping-taxable","16":"purchasable","17":"product-type-simple"},"yoast_head":"<!-- This site is optimized with the Yoast SEO plugin v27.3 - https:\/\/yoast.com\/product\/yoast-seo-wordpress\/ -->\n<title>COMPRESSE GELPRO GENOU-CUISSE - Kalfon Medical Distribution<\/title>\n<meta name=\"robots\" content=\"index, follow, max-snippet:-1, max-image-preview:large, max-video-preview:-1\" \/>\n<link rel=\"canonical\" href=\"https:\/\/www.kalfon-medical.co.il\/fr\/produit\/compresse-gelpro-genou-cuisse\/\" \/>\n<meta property=\"og:locale\" content=\"fr_FR\" \/>\n<meta property=\"og:type\" content=\"article\" \/>\n<meta property=\"og:title\" content=\"COMPRESSE GELPRO GENOU-CUISSE - Kalfon Medical Distribution\" \/>\n<meta property=\"og:description\" content=\"Un mat\u00e9riau extensible r\u00e9volutionnaire !  Permet de traiter en froid ou en chaud efficacement\" \/>\n<meta property=\"og:url\" content=\"https:\/\/www.kalfon-medical.co.il\/fr\/produit\/compresse-gelpro-genou-cuisse\/\" \/>\n<meta property=\"og:site_name\" content=\"Kalfon Medical Distribution\" \/>\n<meta property=\"article:modified_time\" content=\"2026-02-08T13:24:47+00:00\" \/>\n<meta property=\"og:image\" content=\"https:\/\/www.kalfon-medical.co.il\/wp-content\/uploads\/2026\/02\/compresse-gelpro-genou-cuisse-835190.jpg\" \/>\n\t<meta property=\"og:image:width\" content=\"500\" \/>\n\t<meta property=\"og:image:height\" content=\"500\" \/>\n\t<meta property=\"og:image:type\" content=\"image\/jpeg\" \/>\n<meta name=\"twitter:card\" content=\"summary_large_image\" \/>\n<meta name=\"twitter:label1\" content=\"Dur\u00e9e de lecture estim\u00e9e\" \/>\n\t<meta name=\"twitter:data1\" content=\"1 minute\" \/>\n<script type=\"application\/ld+json\" class=\"yoast-schema-graph\">{\"@context\":\"https:\\\/\\\/schema.org\",\"@graph\":[{\"@type\":\"WebPage\",\"@id\":\"https:\\\/\\\/www.kalfon-medical.co.il\\\/fr\\\/produit\\\/compresse-gelpro-genou-cuisse\\\/\",\"url\":\"https:\\\/\\\/www.kalfon-medical.co.il\\\/fr\\\/produit\\\/compresse-gelpro-genou-cuisse\\\/\",\"name\":\"COMPRESSE GELPRO GENOU-CUISSE - Kalfon Medical Distribution\",\"isPartOf\":{\"@id\":\"https:\\\/\\\/www.kalfon-medical.co.il\\\/fr\\\/#website\"},\"primaryImageOfPage\":{\"@id\":\"https:\\\/\\\/www.kalfon-medical.co.il\\\/fr\\\/produit\\\/compresse-gelpro-genou-cuisse\\\/#primaryimage\"},\"image\":{\"@id\":\"https:\\\/\\\/www.kalfon-medical.co.il\\\/fr\\\/produit\\\/compresse-gelpro-genou-cuisse\\\/#primaryimage\"},\"thumbnailUrl\":\"https:\\\/\\\/www.kalfon-medical.co.il\\\/wp-content\\\/uploads\\\/2026\\\/02\\\/compresse-gelpro-genou-cuisse-835190.jpg\",\"datePublished\":\"2026-02-08T13:13:23+00:00\",\"dateModified\":\"2026-02-08T13:24:47+00:00\",\"breadcrumb\":{\"@id\":\"https:\\\/\\\/www.kalfon-medical.co.il\\\/fr\\\/produit\\\/compresse-gelpro-genou-cuisse\\\/#breadcrumb\"},\"inLanguage\":\"fr-FR\",\"potentialAction\":[{\"@type\":\"ReadAction\",\"target\":[\"https:\\\/\\\/www.kalfon-medical.co.il\\\/fr\\\/produit\\\/compresse-gelpro-genou-cuisse\\\/\"]}]},{\"@type\":\"ImageObject\",\"inLanguage\":\"fr-FR\",\"@id\":\"https:\\\/\\\/www.kalfon-medical.co.il\\\/fr\\\/produit\\\/compresse-gelpro-genou-cuisse\\\/#primaryimage\",\"url\":\"https:\\\/\\\/www.kalfon-medical.co.il\\\/wp-content\\\/uploads\\\/2026\\\/02\\\/compresse-gelpro-genou-cuisse-835190.jpg\",\"contentUrl\":\"https:\\\/\\\/www.kalfon-medical.co.il\\\/wp-content\\\/uploads\\\/2026\\\/02\\\/compresse-gelpro-genou-cuisse-835190.jpg\",\"width\":500,\"height\":500},{\"@type\":\"BreadcrumbList\",\"@id\":\"https:\\\/\\\/www.kalfon-medical.co.il\\\/fr\\\/produit\\\/compresse-gelpro-genou-cuisse\\\/#breadcrumb\",\"itemListElement\":[{\"@type\":\"ListItem\",\"position\":1,\"name\":\"Home\",\"item\":\"https:\\\/\\\/www.kalfon-medical.co.il\\\/fr\\\/\"},{\"@type\":\"ListItem\",\"position\":2,\"name\":\"Boutique\",\"item\":\"https:\\\/\\\/www.kalfon-medical.co.il\\\/fr\\\/boutique\\\/\"},{\"@type\":\"ListItem\",\"position\":3,\"name\":\"COMPRESSE GELPRO GENOU-CUISSE\"}]},{\"@type\":\"WebSite\",\"@id\":\"https:\\\/\\\/www.kalfon-medical.co.il\\\/fr\\\/#website\",\"url\":\"https:\\\/\\\/www.kalfon-medical.co.il\\\/fr\\\/\",\"name\":\"Kalfon Medical Distribution\",\"description\":\"Un site utilisant WordPress\",\"potentialAction\":[{\"@type\":\"SearchAction\",\"target\":{\"@type\":\"EntryPoint\",\"urlTemplate\":\"https:\\\/\\\/www.kalfon-medical.co.il\\\/fr\\\/?s={search_term_string}\"},\"query-input\":{\"@type\":\"PropertyValueSpecification\",\"valueRequired\":true,\"valueName\":\"search_term_string\"}}],\"inLanguage\":\"fr-FR\"}]}<\/script>\n<!-- \/ Yoast SEO plugin. -->","yoast_head_json":{"title":"COMPRESSE GELPRO GENOU-CUISSE - Kalfon Medical Distribution","robots":{"index":"index","follow":"follow","max-snippet":"max-snippet:-1","max-image-preview":"max-image-preview:large","max-video-preview":"max-video-preview:-1"},"canonical":"https:\/\/www.kalfon-medical.co.il\/fr\/produit\/compresse-gelpro-genou-cuisse\/","og_locale":"fr_FR","og_type":"article","og_title":"COMPRESSE GELPRO GENOU-CUISSE - Kalfon Medical Distribution","og_description":"Un mat\u00e9riau extensible r\u00e9volutionnaire !  Permet de traiter en froid ou en chaud efficacement","og_url":"https:\/\/www.kalfon-medical.co.il\/fr\/produit\/compresse-gelpro-genou-cuisse\/","og_site_name":"Kalfon Medical Distribution","article_modified_time":"2026-02-08T13:24:47+00:00","og_image":[{"width":500,"height":500,"url":"https:\/\/www.kalfon-medical.co.il\/wp-content\/uploads\/2026\/02\/compresse-gelpro-genou-cuisse-835190.jpg","type":"image\/jpeg"}],"twitter_card":"summary_large_image","twitter_misc":{"Dur\u00e9e de lecture estim\u00e9e":"1 minute"},"schema":{"@context":"https:\/\/schema.org","@graph":[{"@type":"WebPage","@id":"https:\/\/www.kalfon-medical.co.il\/fr\/produit\/compresse-gelpro-genou-cuisse\/","url":"https:\/\/www.kalfon-medical.co.il\/fr\/produit\/compresse-gelpro-genou-cuisse\/","name":"COMPRESSE GELPRO GENOU-CUISSE - Kalfon Medical Distribution","isPartOf":{"@id":"https:\/\/www.kalfon-medical.co.il\/fr\/#website"},"primaryImageOfPage":{"@id":"https:\/\/www.kalfon-medical.co.il\/fr\/produit\/compresse-gelpro-genou-cuisse\/#primaryimage"},"image":{"@id":"https:\/\/www.kalfon-medical.co.il\/fr\/produit\/compresse-gelpro-genou-cuisse\/#primaryimage"},"thumbnailUrl":"https:\/\/www.kalfon-medical.co.il\/wp-content\/uploads\/2026\/02\/compresse-gelpro-genou-cuisse-835190.jpg","datePublished":"2026-02-08T13:13:23+00:00","dateModified":"2026-02-08T13:24:47+00:00","breadcrumb":{"@id":"https:\/\/www.kalfon-medical.co.il\/fr\/produit\/compresse-gelpro-genou-cuisse\/#breadcrumb"},"inLanguage":"fr-FR","potentialAction":[{"@type":"ReadAction","target":["https:\/\/www.kalfon-medical.co.il\/fr\/produit\/compresse-gelpro-genou-cuisse\/"]}]},{"@type":"ImageObject","inLanguage":"fr-FR","@id":"https:\/\/www.kalfon-medical.co.il\/fr\/produit\/compresse-gelpro-genou-cuisse\/#primaryimage","url":"https:\/\/www.kalfon-medical.co.il\/wp-content\/uploads\/2026\/02\/compresse-gelpro-genou-cuisse-835190.jpg","contentUrl":"https:\/\/www.kalfon-medical.co.il\/wp-content\/uploads\/2026\/02\/compresse-gelpro-genou-cuisse-835190.jpg","width":500,"height":500},{"@type":"BreadcrumbList","@id":"https:\/\/www.kalfon-medical.co.il\/fr\/produit\/compresse-gelpro-genou-cuisse\/#breadcrumb","itemListElement":[{"@type":"ListItem","position":1,"name":"Home","item":"https:\/\/www.kalfon-medical.co.il\/fr\/"},{"@type":"ListItem","position":2,"name":"Boutique","item":"https:\/\/www.kalfon-medical.co.il\/fr\/boutique\/"},{"@type":"ListItem","position":3,"name":"COMPRESSE GELPRO GENOU-CUISSE"}]},{"@type":"WebSite","@id":"https:\/\/www.kalfon-medical.co.il\/fr\/#website","url":"https:\/\/www.kalfon-medical.co.il\/fr\/","name":"Kalfon Medical Distribution","description":"Un site utilisant WordPress","potentialAction":[{"@type":"SearchAction","target":{"@type":"EntryPoint","urlTemplate":"https:\/\/www.kalfon-medical.co.il\/fr\/?s={search_term_string}"},"query-input":{"@type":"PropertyValueSpecification","valueRequired":true,"valueName":"search_term_string"}}],"inLanguage":"fr-FR"}]}},"_links":{"self":[{"href":"https:\/\/www.kalfon-medical.co.il\/fr\/wp-json\/wp\/v2\/product\/12067","targetHints":{"allow":["GET"]}}],"collection":[{"href":"https:\/\/www.kalfon-medical.co.il\/fr\/wp-json\/wp\/v2\/product"}],"about":[{"href":"https:\/\/www.kalfon-medical.co.il\/fr\/wp-json\/wp\/v2\/types\/product"}],"replies":[{"embeddable":true,"href":"https:\/\/www.kalfon-medical.co.il\/fr\/wp-json\/wp\/v2\/comments?post=12067"}],"version-history":[{"count":1,"href":"https:\/\/www.kalfon-medical.co.il\/fr\/wp-json\/wp\/v2\/product\/12067\/revisions"}],"predecessor-version":[{"id":12069,"href":"https:\/\/www.kalfon-medical.co.il\/fr\/wp-json\/wp\/v2\/product\/12067\/revisions\/12069"}],"wp:featuredmedia":[{"embeddable":true,"href":"https:\/\/www.kalfon-medical.co.il\/fr\/wp-json\/wp\/v2\/media\/12063"}],"wp:attachment":[{"href":"https:\/\/www.kalfon-medical.co.il\/fr\/wp-json\/wp\/v2\/media?parent=12067"}],"wp:term":[{"taxonomy":"product_brand","embeddable":true,"href":"https:\/\/www.kalfon-medical.co.il\/fr\/wp-json\/wp\/v2\/product_brand?post=12067"},{"taxonomy":"product_cat","embeddable":true,"href":"https:\/\/www.kalfon-medical.co.il\/fr\/wp-json\/wp\/v2\/product_cat?post=12067"},{"taxonomy":"product_tag","embeddable":true,"href":"https:\/\/www.kalfon-medical.co.il\/fr\/wp-json\/wp\/v2\/product_tag?post=12067"},{"taxonomy":"distributeur-exclusif","embeddable":true,"href":"https:\/\/www.kalfon-medical.co.il\/fr\/wp-json\/wp\/v2\/distributeur-exclusif?post=12067"},{"taxonomy":"marques","embeddable":true,"href":"https:\/\/www.kalfon-medical.co.il\/fr\/wp-json\/wp\/v2\/marques?post=12067"}],"curies":[{"name":"wp","href":"https:\/\/api.w.org\/{rel}","templated":true}]}}