{"id":10895,"date":"2025-09-10T11:04:26","date_gmt":"2025-09-10T08:04:26","guid":{"rendered":"https:\/\/www.kalfon-medical.co.il\/product\/lit-medicalise-electrique-hi-low\/"},"modified":"2025-09-10T11:30:48","modified_gmt":"2025-09-10T08:30:48","slug":"lit-medicalise-electrique-hi-low","status":"publish","type":"product","link":"https:\/\/www.kalfon-medical.co.il\/fr\/produit\/lit-medicalise-electrique-hi-low\/","title":{"rendered":"Lit medicalis\u00e9 \u00e9lectrique HI-LOW"},"content":{"rendered":"<p data-start=\"33\" data-end=\"257\">Lit m\u00e9dicalis\u00e9 \u00e9lectrique tr\u00e8s robuste, avec r\u00e9glages complets pour le dos et les jambes.<br data-start=\"94\" data-end=\"97\">Le lit est \u00e9quip\u00e9 de 5 moteurs pour un contr\u00f4le facile et d\u2019un cadre en bois qui lui donne une apparence chaleureuse et domestique.<br data-start=\"158\" data-end=\"161\">Les r\u00e9glages se font facilement \u00e0 l\u2019aide d\u2019une t\u00e9l\u00e9commande : relever le dos, les jambes, et incliner le lit<\/p>\n<p data-start=\"259\" data-end=\"286\">Le lit est s\u00fbr et confortable \u00e0 utiliser :<\/p>\n<ul data-start=\"287\" data-end=\"353\">\n<li data-start=\"287\" data-end=\"324\">\n<p data-start=\"289\" data-end=\"324\">\u00c9quip\u00e9 d\u2019une batterie de secours en cas de coupure de courant.<\/p>\n<\/li>\n<li data-start=\"325\" data-end=\"353\">\n<p data-start=\"327\" data-end=\"353\">Dot\u00e9 de barri\u00e8res de s\u00e9curit\u00e9 des deux c\u00f4t\u00e9s.<\/p>\n<\/li>\n<\/ul>\n<p>Informations techniques<\/p>\n<ul>\n<li>Lit medicalis\u00e9 \u00e9lectrique HI LO<\/li>\n<li>% Moteurs<\/li>\n<li>De 38.5 \u00e0 81 cm de hauteur<\/li>\n<li>Livr\u00e9 avec potence et triangle<\/li>\n<li>Poids max utilisateur : 220 Kg<\/li>\n<li>Inclinaison do dos 70 Degr\u00e9s et elevation des genoux a 30 degr\u00e9s <\/li>\n<li>$ roues avec freins sur chacunes d&#8217;elle<\/li>\n<li>Baterie de secours en cas de coupure de courant<\/li>\n<li>Barriere relevable des 2 cot\u00e9s<\/li>\n<li>Moteur LIMOS 24V<\/li>\n<\/ul>\n","protected":false},"excerpt":{"rendered":"<ul>\n<li>Lit m\u00e9dicalis\u00e9 \u00e9lectrique<\/li>\n<li>Inclinaison dos jusqu&#8217;a 70 degres<\/li>\n<li>Elevation genou jusqu&#8217;a 30 degr\u00e9s<\/li>\n<\/ul>\n","protected":false},"featured_media":10885,"comment_status":"open","ping_status":"closed","template":"","meta":{"_monsterinsights_skip_tracking":false,"_monsterinsights_sitenote_active":false,"_monsterinsights_sitenote_note":"","_monsterinsights_sitenote_category":0},"product_brand":[],"product_cat":[189,190],"product_tag":[],"distributeur-exclusif":[],"marques":[],"class_list":{"0":"post-10895","1":"product","2":"type-product","3":"status-publish","4":"has-post-thumbnail","6":"product_cat-chambre","7":"product_cat-lit-medicalise","8":"_wholesalex wsx-wholesalex-product","10":"first","11":"instock","12":"taxable","13":"shipping-taxable","14":"purchasable","15":"product-type-simple"},"yoast_head":"<!-- This site is optimized with the Yoast SEO plugin v27.5 - https:\/\/yoast.com\/product\/yoast-seo-wordpress\/ -->\n<title>Lit medicalis\u00e9 \u00e9lectrique HI-LOW - Kalfon Medical Distribution<\/title>\n<meta name=\"robots\" content=\"index, follow, max-snippet:-1, max-image-preview:large, max-video-preview:-1\" \/>\n<link rel=\"canonical\" href=\"https:\/\/www.kalfon-medical.co.il\/fr\/produit\/lit-medicalise-electrique-hi-low\/\" \/>\n<meta property=\"og:locale\" content=\"fr_FR\" \/>\n<meta property=\"og:type\" content=\"article\" \/>\n<meta property=\"og:title\" content=\"Lit medicalis\u00e9 \u00e9lectrique HI-LOW - Kalfon Medical Distribution\" \/>\n<meta property=\"og:description\" content=\"Lit m\u00e9dicalis\u00e9 \u00e9lectrique  Inclinaison dos jusqu&#039;a 70 degres  Elevation genou jusqu&#039;a 30 degr\u00e9s\" \/>\n<meta property=\"og:url\" content=\"https:\/\/www.kalfon-medical.co.il\/fr\/produit\/lit-medicalise-electrique-hi-low\/\" \/>\n<meta property=\"og:site_name\" content=\"Kalfon Medical Distribution\" \/>\n<meta property=\"article:modified_time\" content=\"2025-09-10T08:30:48+00:00\" \/>\n<meta property=\"og:image\" content=\"https:\/\/www.kalfon-medical.co.il\/wp-content\/uploads\/2025\/09\/\u05de\u05d9\u05d8\u05d4-\u05d7\u05e9\u05de\u05dc\u05d9\u05ea-\u05e1\u05d9\u05e2\u05d5\u05d3\u05d9\u05ea-\u05e4\u05d0\u05d5\u05dc\u05e8-3.png\" \/>\n\t<meta property=\"og:image:width\" content=\"1080\" \/>\n\t<meta property=\"og:image:height\" content=\"1080\" \/>\n\t<meta property=\"og:image:type\" content=\"image\/png\" \/>\n<meta name=\"twitter:card\" content=\"summary_large_image\" \/>\n<meta name=\"twitter:label1\" content=\"Dur\u00e9e de lecture estim\u00e9e\" \/>\n\t<meta name=\"twitter:data1\" content=\"1 minute\" \/>\n<script type=\"application\/ld+json\" class=\"yoast-schema-graph\">{\"@context\":\"https:\\\/\\\/schema.org\",\"@graph\":[{\"@type\":\"WebPage\",\"@id\":\"https:\\\/\\\/www.kalfon-medical.co.il\\\/fr\\\/produit\\\/lit-medicalise-electrique-hi-low\\\/\",\"url\":\"https:\\\/\\\/www.kalfon-medical.co.il\\\/fr\\\/produit\\\/lit-medicalise-electrique-hi-low\\\/\",\"name\":\"Lit medicalis\u00e9 \u00e9lectrique HI-LOW - Kalfon Medical Distribution\",\"isPartOf\":{\"@id\":\"https:\\\/\\\/www.kalfon-medical.co.il\\\/fr\\\/#website\"},\"primaryImageOfPage\":{\"@id\":\"https:\\\/\\\/www.kalfon-medical.co.il\\\/fr\\\/produit\\\/lit-medicalise-electrique-hi-low\\\/#primaryimage\"},\"image\":{\"@id\":\"https:\\\/\\\/www.kalfon-medical.co.il\\\/fr\\\/produit\\\/lit-medicalise-electrique-hi-low\\\/#primaryimage\"},\"thumbnailUrl\":\"https:\\\/\\\/www.kalfon-medical.co.il\\\/wp-content\\\/uploads\\\/2025\\\/09\\\/\u05de\u05d9\u05d8\u05d4-\u05d7\u05e9\u05de\u05dc\u05d9\u05ea-\u05e1\u05d9\u05e2\u05d5\u05d3\u05d9\u05ea-\u05e4\u05d0\u05d5\u05dc\u05e8-3.png\",\"datePublished\":\"2025-09-10T08:04:26+00:00\",\"dateModified\":\"2025-09-10T08:30:48+00:00\",\"breadcrumb\":{\"@id\":\"https:\\\/\\\/www.kalfon-medical.co.il\\\/fr\\\/produit\\\/lit-medicalise-electrique-hi-low\\\/#breadcrumb\"},\"inLanguage\":\"fr-FR\",\"potentialAction\":[{\"@type\":\"ReadAction\",\"target\":[\"https:\\\/\\\/www.kalfon-medical.co.il\\\/fr\\\/produit\\\/lit-medicalise-electrique-hi-low\\\/\"]}]},{\"@type\":\"ImageObject\",\"inLanguage\":\"fr-FR\",\"@id\":\"https:\\\/\\\/www.kalfon-medical.co.il\\\/fr\\\/produit\\\/lit-medicalise-electrique-hi-low\\\/#primaryimage\",\"url\":\"https:\\\/\\\/www.kalfon-medical.co.il\\\/wp-content\\\/uploads\\\/2025\\\/09\\\/\u05de\u05d9\u05d8\u05d4-\u05d7\u05e9\u05de\u05dc\u05d9\u05ea-\u05e1\u05d9\u05e2\u05d5\u05d3\u05d9\u05ea-\u05e4\u05d0\u05d5\u05dc\u05e8-3.png\",\"contentUrl\":\"https:\\\/\\\/www.kalfon-medical.co.il\\\/wp-content\\\/uploads\\\/2025\\\/09\\\/\u05de\u05d9\u05d8\u05d4-\u05d7\u05e9\u05de\u05dc\u05d9\u05ea-\u05e1\u05d9\u05e2\u05d5\u05d3\u05d9\u05ea-\u05e4\u05d0\u05d5\u05dc\u05e8-3.png\",\"width\":1080,\"height\":1080},{\"@type\":\"BreadcrumbList\",\"@id\":\"https:\\\/\\\/www.kalfon-medical.co.il\\\/fr\\\/produit\\\/lit-medicalise-electrique-hi-low\\\/#breadcrumb\",\"itemListElement\":[{\"@type\":\"ListItem\",\"position\":1,\"name\":\"Home\",\"item\":\"https:\\\/\\\/www.kalfon-medical.co.il\\\/fr\\\/\"},{\"@type\":\"ListItem\",\"position\":2,\"name\":\"Boutique\",\"item\":\"https:\\\/\\\/www.kalfon-medical.co.il\\\/fr\\\/boutique\\\/\"},{\"@type\":\"ListItem\",\"position\":3,\"name\":\"Lit medicalis\u00e9 \u00e9lectrique HI-LOW\"}]},{\"@type\":\"WebSite\",\"@id\":\"https:\\\/\\\/www.kalfon-medical.co.il\\\/fr\\\/#website\",\"url\":\"https:\\\/\\\/www.kalfon-medical.co.il\\\/fr\\\/\",\"name\":\"Kalfon Medical Distribution\",\"description\":\"Un site utilisant WordPress\",\"potentialAction\":[{\"@type\":\"SearchAction\",\"target\":{\"@type\":\"EntryPoint\",\"urlTemplate\":\"https:\\\/\\\/www.kalfon-medical.co.il\\\/fr\\\/?s={search_term_string}\"},\"query-input\":{\"@type\":\"PropertyValueSpecification\",\"valueRequired\":true,\"valueName\":\"search_term_string\"}}],\"inLanguage\":\"fr-FR\"}]}<\/script>\n<!-- \/ Yoast SEO plugin. -->","yoast_head_json":{"title":"Lit medicalis\u00e9 \u00e9lectrique HI-LOW - Kalfon Medical Distribution","robots":{"index":"index","follow":"follow","max-snippet":"max-snippet:-1","max-image-preview":"max-image-preview:large","max-video-preview":"max-video-preview:-1"},"canonical":"https:\/\/www.kalfon-medical.co.il\/fr\/produit\/lit-medicalise-electrique-hi-low\/","og_locale":"fr_FR","og_type":"article","og_title":"Lit medicalis\u00e9 \u00e9lectrique HI-LOW - Kalfon Medical Distribution","og_description":"Lit m\u00e9dicalis\u00e9 \u00e9lectrique  Inclinaison dos jusqu'a 70 degres  Elevation genou jusqu'a 30 degr\u00e9s","og_url":"https:\/\/www.kalfon-medical.co.il\/fr\/produit\/lit-medicalise-electrique-hi-low\/","og_site_name":"Kalfon Medical Distribution","article_modified_time":"2025-09-10T08:30:48+00:00","og_image":[{"width":1080,"height":1080,"url":"https:\/\/www.kalfon-medical.co.il\/wp-content\/uploads\/2025\/09\/\u05de\u05d9\u05d8\u05d4-\u05d7\u05e9\u05de\u05dc\u05d9\u05ea-\u05e1\u05d9\u05e2\u05d5\u05d3\u05d9\u05ea-\u05e4\u05d0\u05d5\u05dc\u05e8-3.png","type":"image\/png"}],"twitter_card":"summary_large_image","twitter_misc":{"Dur\u00e9e de lecture estim\u00e9e":"1 minute"},"schema":{"@context":"https:\/\/schema.org","@graph":[{"@type":"WebPage","@id":"https:\/\/www.kalfon-medical.co.il\/fr\/produit\/lit-medicalise-electrique-hi-low\/","url":"https:\/\/www.kalfon-medical.co.il\/fr\/produit\/lit-medicalise-electrique-hi-low\/","name":"Lit medicalis\u00e9 \u00e9lectrique HI-LOW - Kalfon Medical Distribution","isPartOf":{"@id":"https:\/\/www.kalfon-medical.co.il\/fr\/#website"},"primaryImageOfPage":{"@id":"https:\/\/www.kalfon-medical.co.il\/fr\/produit\/lit-medicalise-electrique-hi-low\/#primaryimage"},"image":{"@id":"https:\/\/www.kalfon-medical.co.il\/fr\/produit\/lit-medicalise-electrique-hi-low\/#primaryimage"},"thumbnailUrl":"https:\/\/www.kalfon-medical.co.il\/wp-content\/uploads\/2025\/09\/\u05de\u05d9\u05d8\u05d4-\u05d7\u05e9\u05de\u05dc\u05d9\u05ea-\u05e1\u05d9\u05e2\u05d5\u05d3\u05d9\u05ea-\u05e4\u05d0\u05d5\u05dc\u05e8-3.png","datePublished":"2025-09-10T08:04:26+00:00","dateModified":"2025-09-10T08:30:48+00:00","breadcrumb":{"@id":"https:\/\/www.kalfon-medical.co.il\/fr\/produit\/lit-medicalise-electrique-hi-low\/#breadcrumb"},"inLanguage":"fr-FR","potentialAction":[{"@type":"ReadAction","target":["https:\/\/www.kalfon-medical.co.il\/fr\/produit\/lit-medicalise-electrique-hi-low\/"]}]},{"@type":"ImageObject","inLanguage":"fr-FR","@id":"https:\/\/www.kalfon-medical.co.il\/fr\/produit\/lit-medicalise-electrique-hi-low\/#primaryimage","url":"https:\/\/www.kalfon-medical.co.il\/wp-content\/uploads\/2025\/09\/\u05de\u05d9\u05d8\u05d4-\u05d7\u05e9\u05de\u05dc\u05d9\u05ea-\u05e1\u05d9\u05e2\u05d5\u05d3\u05d9\u05ea-\u05e4\u05d0\u05d5\u05dc\u05e8-3.png","contentUrl":"https:\/\/www.kalfon-medical.co.il\/wp-content\/uploads\/2025\/09\/\u05de\u05d9\u05d8\u05d4-\u05d7\u05e9\u05de\u05dc\u05d9\u05ea-\u05e1\u05d9\u05e2\u05d5\u05d3\u05d9\u05ea-\u05e4\u05d0\u05d5\u05dc\u05e8-3.png","width":1080,"height":1080},{"@type":"BreadcrumbList","@id":"https:\/\/www.kalfon-medical.co.il\/fr\/produit\/lit-medicalise-electrique-hi-low\/#breadcrumb","itemListElement":[{"@type":"ListItem","position":1,"name":"Home","item":"https:\/\/www.kalfon-medical.co.il\/fr\/"},{"@type":"ListItem","position":2,"name":"Boutique","item":"https:\/\/www.kalfon-medical.co.il\/fr\/boutique\/"},{"@type":"ListItem","position":3,"name":"Lit medicalis\u00e9 \u00e9lectrique HI-LOW"}]},{"@type":"WebSite","@id":"https:\/\/www.kalfon-medical.co.il\/fr\/#website","url":"https:\/\/www.kalfon-medical.co.il\/fr\/","name":"Kalfon Medical Distribution","description":"Un site utilisant WordPress","potentialAction":[{"@type":"SearchAction","target":{"@type":"EntryPoint","urlTemplate":"https:\/\/www.kalfon-medical.co.il\/fr\/?s={search_term_string}"},"query-input":{"@type":"PropertyValueSpecification","valueRequired":true,"valueName":"search_term_string"}}],"inLanguage":"fr-FR"}]}},"_links":{"self":[{"href":"https:\/\/www.kalfon-medical.co.il\/fr\/wp-json\/wp\/v2\/product\/10895","targetHints":{"allow":["GET"]}}],"collection":[{"href":"https:\/\/www.kalfon-medical.co.il\/fr\/wp-json\/wp\/v2\/product"}],"about":[{"href":"https:\/\/www.kalfon-medical.co.il\/fr\/wp-json\/wp\/v2\/types\/product"}],"replies":[{"embeddable":true,"href":"https:\/\/www.kalfon-medical.co.il\/fr\/wp-json\/wp\/v2\/comments?post=10895"}],"version-history":[{"count":0,"href":"https:\/\/www.kalfon-medical.co.il\/fr\/wp-json\/wp\/v2\/product\/10895\/revisions"}],"wp:featuredmedia":[{"embeddable":true,"href":"https:\/\/www.kalfon-medical.co.il\/fr\/wp-json\/wp\/v2\/media\/10885"}],"wp:attachment":[{"href":"https:\/\/www.kalfon-medical.co.il\/fr\/wp-json\/wp\/v2\/media?parent=10895"}],"wp:term":[{"taxonomy":"product_brand","embeddable":true,"href":"https:\/\/www.kalfon-medical.co.il\/fr\/wp-json\/wp\/v2\/product_brand?post=10895"},{"taxonomy":"product_cat","embeddable":true,"href":"https:\/\/www.kalfon-medical.co.il\/fr\/wp-json\/wp\/v2\/product_cat?post=10895"},{"taxonomy":"product_tag","embeddable":true,"href":"https:\/\/www.kalfon-medical.co.il\/fr\/wp-json\/wp\/v2\/product_tag?post=10895"},{"taxonomy":"distributeur-exclusif","embeddable":true,"href":"https:\/\/www.kalfon-medical.co.il\/fr\/wp-json\/wp\/v2\/distributeur-exclusif?post=10895"},{"taxonomy":"marques","embeddable":true,"href":"https:\/\/www.kalfon-medical.co.il\/fr\/wp-json\/wp\/v2\/marques?post=10895"}],"curies":[{"name":"wp","href":"https:\/\/api.w.org\/{rel}","templated":true}]}}