{"id":4092,"date":"2024-09-04T09:16:07","date_gmt":"2024-09-04T07:16:07","guid":{"rendered":"https:\/\/www.kalfon-medical.co.il\/%d7%9e%d7%93%d7%99%d7%a0%d7%99%d7%95%d7%aa-%d7%a4%d7%a8%d7%98%d7%99%d7%95%d7%aa-%d7%95%d7%aa%d7%a0%d7%90%d7%99-%d7%a9%d7%99%d7%9e%d7%95%d7%a9\/"},"modified":"2024-09-09T16:14:50","modified_gmt":"2024-09-09T14:14:50","slug":"politique-de-confidentialite-et-conditions-dutilisation","status":"publish","type":"page","link":"https:\/\/www.kalfon-medical.co.il\/fr\/politique-de-confidentialite-et-conditions-dutilisation\/","title":{"rendered":"Politique de confidentialit\u00e9 et conditions d&#8217;utilisation"},"content":{"rendered":"\t\t<div data-elementor-type=\"wp-page\" data-elementor-id=\"4092\" class=\"elementor elementor-4092 elementor-4074\">\n\t\t\t\t<div class=\"elementor-element elementor-element-0f9b8ae e-flex e-con-boxed e-con e-parent\" data-id=\"0f9b8ae\" data-element_type=\"container\" data-e-type=\"container\">\n\t\t\t\t\t<div class=\"e-con-inner\">\n\t\t\t\t<div class=\"elementor-element elementor-element-0ae4fd7 elementor-widget elementor-widget-heading\" data-id=\"0ae4fd7\" data-element_type=\"widget\" data-e-type=\"widget\" data-widget_type=\"heading.default\">\n\t\t\t\t\t<h2 class=\"elementor-heading-title elementor-size-default\">Introduction g\u00e9n\u00e9rale<\/h2>\t\t\t\t<\/div>\n\t\t\t\t<div class=\"elementor-element elementor-element-84ce6cb elementor-widget elementor-widget-text-editor\" data-id=\"84ce6cb\" data-element_type=\"widget\" data-e-type=\"widget\" data-widget_type=\"text-editor.default\">\n\t\t\t\t\t\t\t\t\t<p>Cher utilisateur, nous vous invitons \u00e0 lire attentivement les conditions d&#8217;utilisation et la politique de confidentialit\u00e9 ci-dessous avant de commencer \u00e0 utiliser notre site. Ces conditions et cette politique ont pour but d&#8217;expliquer comment les op\u00e9rateurs du site collectent, utilisent et prot\u00e8gent les informations.<br \/>Votre pr\u00e9sence sur le site indique que vous avez lu et compris ces conditions, et en acc\u00e9dant au site, vous acceptez sans r\u00e9serve votre engagement envers ces conditions, comme si vous les aviez sign\u00e9es formellement.<\/p><p>Si vous ne souhaitez pas \u00eatre li\u00e9 par ces conditions, vous devez cesser imm\u00e9diatement d&#8217;utiliser le site.<\/p><p>Les propri\u00e9taires du site se r\u00e9servent le droit de modifier ou de mettre \u00e0 jour les conditions d&#8217;utilisation et la politique de confidentialit\u00e9 \u00e0 leur discr\u00e9tion. \u00c0 titre d&#8217;information, ils ne sont pas oblig\u00e9s de vous notifier personnellement ces changements, et ceux-ci entreront en vigueur imm\u00e9diatement apr\u00e8s leur publication sur cette page. La poursuite de votre utilisation du site apr\u00e8s ces modifications sera consid\u00e9r\u00e9e comme une acceptation irr\u00e9vocable des nouvelles conditions.<\/p><p>Les conditions sont r\u00e9dig\u00e9es au masculin pour des raisons de commodit\u00e9, mais elles s&#8217;appliquent et engagent tous les utilisateurs, sans distinction de sexe.<\/p><p>L&#8217;utilisation de ce site est \u00e0 vos risques. Tous les contenus affich\u00e9s sur le site ne sont assortis d&#8217;aucune responsabilit\u00e9, qu&#8217;elle soit expresse ou implicite, malgr\u00e9 les efforts des propri\u00e9taires du site pour afficher un contenu de qualit\u00e9 et pr\u00e9cis. Cependant, il peut y avoir des erreurs ou des inexactitudes dans le contenu publi\u00e9 sur le site. Vous comprenez que les contenus du site sont pr\u00e9sent\u00e9s de mani\u00e8re g\u00e9n\u00e9rale et peuvent ne pas convenir \u00e0 chaque utilisateur ou \u00e0 ses besoins sp\u00e9cifiques. Par cons\u00e9quent, vous ou toute personne en votre nom ne pourrez formuler aucune r\u00e9clamation, demande ou poursuite contre les auteurs des contenus, les pr\u00e9sentateurs du contenu, les propri\u00e9taires du site ou toute autre personne impliqu\u00e9e dans la publication de contenu sur le site, concernant les fonctionnalit\u00e9s du site, ses capacit\u00e9s, ses limitations ou son ad\u00e9quation \u00e0 vos attentes, ou concernant l&#8217;exactitude, la l\u00e9galit\u00e9 ou la v\u00e9racit\u00e9 des contenus.<\/p><p>En outre, nous ne garantissons pas que le site sera exempt de d\u00e9fauts, d&#8217;erreurs, de virus ou d&#8217;autres \u00e9l\u00e9ments nuisibles, et nous ne sommes pas responsables des violations des droits de tiers. De m\u00eame, nous ne garantissons pas que le site fonctionnera sans interruption, de mani\u00e8re s\u00e9curis\u00e9e, sans erreurs, et qu&#8217;il sera \u00e0 l&#8217;abri des acc\u00e8s non autoris\u00e9s.<\/p>\t\t\t\t\t\t\t\t<\/div>\n\t\t\t\t\t<\/div>\n\t\t\t\t<\/div>\n\t\t<div class=\"elementor-element elementor-element-ba1027e e-flex e-con-boxed e-con e-parent\" data-id=\"ba1027e\" data-element_type=\"container\" data-e-type=\"container\">\n\t\t\t\t\t<div class=\"e-con-inner\">\n\t\t\t\t<div class=\"elementor-element elementor-element-6482551 elementor-widget elementor-widget-heading\" data-id=\"6482551\" data-element_type=\"widget\" data-e-type=\"widget\" data-widget_type=\"heading.default\">\n\t\t\t\t\t<h2 class=\"elementor-heading-title elementor-size-default\">Notifications et messages<\/h2>\t\t\t\t<\/div>\n\t\t\t\t<div class=\"elementor-element elementor-element-6b5f4f0 elementor-widget elementor-widget-text-editor\" data-id=\"6b5f4f0\" data-element_type=\"widget\" data-e-type=\"widget\" data-widget_type=\"text-editor.default\">\n\t\t\t\t\t\t\t\t\t<p>En acc\u00e9dant au site et en choisissant de recevoir des notifications et mises \u00e0 jour, vous exprimez votre consentement \u00e0 recevoir des mises \u00e0 jour et des notifications de la part du site KALFON MEDICAL DISTRIBUTION par divers moyens, y compris par e-mail et SMS. De plus, les clients qui ont fourni leurs coordonn\u00e9es au service client ou \u00e0 un repr\u00e9sentant de l&#8217;entreprise (ci-apr\u00e8s &#8220;les abonn\u00e9s \u00e0 la newsletter&#8221;) ou qui ont rempli un formulaire dans un message ou un lien envoy\u00e9, seront \u00e9ligibles pour recevoir des mises \u00e0 jour conform\u00e9ment au programme en vigueur. Ces mises \u00e0 jour peuvent \u00eatre envoy\u00e9es par e-mail, si une adresse e-mail a \u00e9t\u00e9 fournie, ou par SMS, si un num\u00e9ro de t\u00e9l\u00e9phone a \u00e9t\u00e9 fourni.<\/p><p>Tout utilisateur souhaitant se d\u00e9sinscrire de la liste de diffusion (quelle qu&#8217;elle soit) peut le faire en envoyant un e-mail \u00e0 l&#8217;adresse service@kalfon-medical.co.il ou en utilisant le lien de d\u00e9sinscription dans chaque e-mail re\u00e7u.<\/p>\t\t\t\t\t\t\t\t<\/div>\n\t\t\t\t\t<\/div>\n\t\t\t\t<\/div>\n\t\t<div class=\"elementor-element elementor-element-66418d4 e-flex e-con-boxed e-con e-parent\" data-id=\"66418d4\" data-element_type=\"container\" data-e-type=\"container\">\n\t\t\t\t\t<div class=\"e-con-inner\">\n\t\t\t\t<div class=\"elementor-element elementor-element-3a87e33 elementor-widget elementor-widget-heading\" data-id=\"3a87e33\" data-element_type=\"widget\" data-e-type=\"widget\" data-widget_type=\"heading.default\">\n\t\t\t\t\t<h2 class=\"elementor-heading-title elementor-size-default\">Modifications de la politique de confidentialit\u00e9<\/h2>\t\t\t\t<\/div>\n\t\t\t\t<div class=\"elementor-element elementor-element-458d363 elementor-widget elementor-widget-text-editor\" data-id=\"458d363\" data-element_type=\"widget\" data-e-type=\"widget\" data-widget_type=\"text-editor.default\">\n\t\t\t\t\t\t\t\t\t<p>Les op\u00e9rateurs du site se r\u00e9servent le droit de modifier ou d&#8217;actualiser la politique de confidentialit\u00e9 \u00e0 tout moment. En cas de changement majeur concernant l&#8217;utilisation des informations personnelles, une notification sera publi\u00e9e sur la page d&#8217;accueil du site.<\/p><p>Nous respectons la vie priv\u00e9e de nos utilisateurs, et la politique de confidentialit\u00e9 explique les droits et obligations des utilisateurs concernant les informations personnelles qu&#8217;ils partagent avec le site.<\/p><p>Comme l&#8217;utilisation du site se fait dans un environnement en ligne, vous d\u00e9clarez par la pr\u00e9sente que vous \u00eates inform\u00e9 qu&#8217;il nous est impossible de garantir une protection absolue contre les intrusions dans les syst\u00e8mes d&#8217;information ou la divulgation des informations collect\u00e9es, et par cons\u00e9quent, vous ne pourrez formuler aucune r\u00e9clamation ou poursuite contre le site concernant des dommages directs ou indirects r\u00e9sultant de la divulgation de ces informations.<\/p>\t\t\t\t\t\t\t\t<\/div>\n\t\t\t\t\t<\/div>\n\t\t\t\t<\/div>\n\t\t<div class=\"elementor-element elementor-element-3b2657e e-flex e-con-boxed e-con e-parent\" data-id=\"3b2657e\" data-element_type=\"container\" data-e-type=\"container\">\n\t\t\t\t\t<div class=\"e-con-inner\">\n\t\t\t\t<div class=\"elementor-element elementor-element-67f6f49 elementor-widget elementor-widget-heading\" data-id=\"67f6f49\" data-element_type=\"widget\" data-e-type=\"widget\" data-widget_type=\"heading.default\">\n\t\t\t\t\t<h2 class=\"elementor-heading-title elementor-size-default\">Utilisation des informations<\/h2>\t\t\t\t<\/div>\n\t\t\t\t<div class=\"elementor-element elementor-element-28ed42e elementor-widget elementor-widget-text-editor\" data-id=\"28ed42e\" data-element_type=\"widget\" data-e-type=\"widget\" data-widget_type=\"text-editor.default\">\n\t\t\t\t\t\t\t\t\t<p>Dans le cadre de l&#8217;utilisation de certains services ou contenus sur le site, il est possible que vous soyez invit\u00e9 \u00e0 fournir des informations personnelles telles que votre nom, adresse ou adresse e-mail. En fournissant ces informations, vous acceptez d&#8217;\u00eatre inclus dans la base de donn\u00e9es g\u00e9r\u00e9e par le site conform\u00e9ment \u00e0 la Loi sur la protection de la vie priv\u00e9e de 1981. De plus, au cours de votre utilisation du site, des informations sur vous, vos habitudes de navigation, les services et produits que vous avez achet\u00e9s, vos centres d&#8217;int\u00e9r\u00eat, les pages que vous avez visit\u00e9es et d&#8217;autres d\u00e9tails pertinents peuvent \u00eatre collect\u00e9es. Vous n&#8217;\u00eates pas oblig\u00e9 de fournir ces informations, mais en naviguant sur le site, vous acceptez la collecte de ces donn\u00e9es sous r\u00e9serve de leur utilisation conform\u00e9ment \u00e0 la loi. Il est possible que vous ne puissiez pas utiliser certains services du site sans fournir ces informations.<\/p><p>Le syst\u00e8me du site conserve certaines de ces informations dans ses bases de donn\u00e9es et les utilise conform\u00e9ment \u00e0 la politique de confidentialit\u00e9 et aux lois en vigueur. Ces informations sont utilis\u00e9es pour am\u00e9liorer, exploiter et d\u00e9velopper le site, analyser les habitudes de navigation, et proposer des offres et services personnalis\u00e9s aux utilisateurs. La plupart du temps, l&#8217;analyse des informations est statistique et ne permet pas d&#8217;identifier personnellement l&#8217;utilisateur.<\/p>\t\t\t\t\t\t\t\t<\/div>\n\t\t\t\t\t<\/div>\n\t\t\t\t<\/div>\n\t\t<div class=\"elementor-element elementor-element-bee3a67 e-flex e-con-boxed e-con e-parent\" data-id=\"bee3a67\" data-element_type=\"container\" data-e-type=\"container\">\n\t\t\t\t\t<div class=\"e-con-inner\">\n\t\t\t\t<div class=\"elementor-element elementor-element-dc033cb elementor-widget elementor-widget-heading\" data-id=\"dc033cb\" data-element_type=\"widget\" data-e-type=\"widget\" data-widget_type=\"heading.default\">\n\t\t\t\t\t<h2 class=\"elementor-heading-title elementor-size-default\">Cookies<\/h2>\t\t\t\t<\/div>\n\t\t\t\t<div class=\"elementor-element elementor-element-8d5929d elementor-widget elementor-widget-text-editor\" data-id=\"8d5929d\" data-element_type=\"widget\" data-e-type=\"widget\" data-widget_type=\"text-editor.default\">\n\t\t\t\t\t\t\t\t\t<p>Le site utilise des cookies pour son fonctionnement, y compris pour collecter des informations sur l&#8217;utilisation du site, identifier les utilisateurs, analyser l&#8217;adaptation du site aux besoins de l&#8217;utilisateur, et pour la s\u00e9curit\u00e9 des informations. Les cookies sont de petits fichiers texte stock\u00e9s par le serveur du site via le navigateur sur le disque dur de l&#8217;ordinateur que vous utilisez. Les cookies ne contiennent pas d&#8217;informations permettant de vous identifier personnellement, mais ils incluent des donn\u00e9es sur vos activit\u00e9s sur le site. Vous pouvez configurer votre navigateur pour refuser les cookies, mais cela pourrait affecter l&#8217;efficacit\u00e9 de l&#8217;utilisation du site et n\u00e9cessiter de saisir vos informations personnelles \u00e0 chaque visite.<\/p>\t\t\t\t\t\t\t\t<\/div>\n\t\t\t\t\t<\/div>\n\t\t\t\t<\/div>\n\t\t<div class=\"elementor-element elementor-element-505791e e-flex e-con-boxed e-con e-parent\" data-id=\"505791e\" data-element_type=\"container\" data-e-type=\"container\">\n\t\t\t\t\t<div class=\"e-con-inner\">\n\t\t\t\t<div class=\"elementor-element elementor-element-a2823b8 elementor-widget elementor-widget-heading\" data-id=\"a2823b8\" data-element_type=\"widget\" data-e-type=\"widget\" data-widget_type=\"heading.default\">\n\t\t\t\t\t<h2 class=\"elementor-heading-title elementor-size-default\">Publicit\u00e9 sur le site<\/h2>\t\t\t\t<\/div>\n\t\t\t\t<div class=\"elementor-element elementor-element-845236e elementor-widget elementor-widget-text-editor\" data-id=\"845236e\" data-element_type=\"widget\" data-e-type=\"widget\" data-widget_type=\"text-editor.default\">\n\t\t\t\t\t\t\t\t\t<p>Le site g\u00e8re un syst\u00e8me publicitaire et de contenu ind\u00e9pendant et peut permettre \u00e0 des tiers de g\u00e9rer des publicit\u00e9s sur le site. Ces tiers peuvent collecter des informations sur vous, y compris par l&#8217;insertion de cookies, pour analyser les donn\u00e9es et adapter les publicit\u00e9s. Ces activit\u00e9s sont r\u00e9gies par les politiques de confidentialit\u00e9 des tiers concern\u00e9s et non par celles du site.<\/p>\t\t\t\t\t\t\t\t<\/div>\n\t\t\t\t\t<\/div>\n\t\t\t\t<\/div>\n\t\t<div class=\"elementor-element elementor-element-5cde0a1 e-flex e-con-boxed e-con e-parent\" data-id=\"5cde0a1\" data-element_type=\"container\" data-e-type=\"container\">\n\t\t\t\t\t<div class=\"e-con-inner\">\n\t\t\t\t<div class=\"elementor-element elementor-element-9c790f9 elementor-widget elementor-widget-text-editor\" data-id=\"9c790f9\" data-element_type=\"widget\" data-e-type=\"widget\" data-widget_type=\"text-editor.default\">\n\t\t\t\t\t\t\t\t\t<p>Nous nous engageons \u00e0 ne pas communiquer vos informations personnelles \u00e0 des soci\u00e9t\u00e9s tierces, en dehors des soci\u00e9t\u00e9s n\u00e9cessaires \u00e0 la r\u00e9alisation du service. Comme par exemple les soci\u00e9t\u00e9s de livraison ou de services apr\u00e8s vente<\/p>\t\t\t\t\t\t\t\t<\/div>\n\t\t\t\t\t<\/div>\n\t\t\t\t<\/div>\n\t\t\t\t<\/div>\n\t\t","protected":false},"excerpt":{"rendered":"<p>Introduction g\u00e9n\u00e9rale Cher utilisateur, nous vous invitons \u00e0 lire attentivement les conditions d&#8217;utilisation et la politique de confidentialit\u00e9 ci-dessous avant de commencer \u00e0 utiliser notre site. Ces conditions et cette politique ont pour but d&#8217;expliquer comment les op\u00e9rateurs du site collectent, utilisent et prot\u00e8gent les informations.Votre pr\u00e9sence sur le site indique que vous avez lu [&hellip;]<\/p>\n","protected":false},"author":1,"featured_media":0,"parent":0,"menu_order":0,"comment_status":"closed","ping_status":"closed","template":"","meta":{"_monsterinsights_skip_tracking":false,"_monsterinsights_sitenote_active":false,"_monsterinsights_sitenote_note":"","_monsterinsights_sitenote_category":0,"footnotes":""},"class_list":["post-4092","page","type-page","status-publish","hentry","_wholesalex wsx-wholesalex-product"],"yoast_head":"<!-- This site is optimized with the Yoast SEO plugin v27.5 - https:\/\/yoast.com\/product\/yoast-seo-wordpress\/ -->\n<title>Politique de confidentialit\u00e9 et conditions d&#039;utilisation - Kalfon Medical Distribution<\/title>\n<meta name=\"robots\" content=\"index, follow, max-snippet:-1, max-image-preview:large, max-video-preview:-1\" \/>\n<link rel=\"canonical\" href=\"https:\/\/www.kalfon-medical.co.il\/fr\/politique-de-confidentialite-et-conditions-dutilisation\/\" \/>\n<meta property=\"og:locale\" content=\"fr_FR\" \/>\n<meta property=\"og:type\" content=\"article\" \/>\n<meta property=\"og:title\" content=\"Politique de confidentialit\u00e9 et conditions d&#039;utilisation - Kalfon Medical Distribution\" \/>\n<meta property=\"og:description\" content=\"Introduction g\u00e9n\u00e9rale Cher utilisateur, nous vous invitons \u00e0 lire attentivement les conditions d&#8217;utilisation et la politique de confidentialit\u00e9 ci-dessous avant de commencer \u00e0 utiliser notre site. Ces conditions et cette politique ont pour but d&#8217;expliquer comment les op\u00e9rateurs du site collectent, utilisent et prot\u00e8gent les informations.Votre pr\u00e9sence sur le site indique que vous avez lu [&hellip;]\" \/>\n<meta property=\"og:url\" content=\"https:\/\/www.kalfon-medical.co.il\/fr\/politique-de-confidentialite-et-conditions-dutilisation\/\" \/>\n<meta property=\"og:site_name\" content=\"Kalfon Medical Distribution\" \/>\n<meta property=\"article:modified_time\" content=\"2024-09-09T14:14:50+00:00\" \/>\n<meta name=\"twitter:card\" content=\"summary_large_image\" \/>\n<meta name=\"twitter:label1\" content=\"Dur\u00e9e de lecture estim\u00e9e\" \/>\n\t<meta name=\"twitter:data1\" content=\"6 minutes\" \/>\n<script type=\"application\/ld+json\" class=\"yoast-schema-graph\">{\"@context\":\"https:\\\/\\\/schema.org\",\"@graph\":[{\"@type\":\"WebPage\",\"@id\":\"https:\\\/\\\/www.kalfon-medical.co.il\\\/fr\\\/politique-de-confidentialite-et-conditions-dutilisation\\\/\",\"url\":\"https:\\\/\\\/www.kalfon-medical.co.il\\\/fr\\\/politique-de-confidentialite-et-conditions-dutilisation\\\/\",\"name\":\"Politique de confidentialit\u00e9 et conditions d'utilisation - Kalfon Medical Distribution\",\"isPartOf\":{\"@id\":\"https:\\\/\\\/www.kalfon-medical.co.il\\\/fr\\\/#website\"},\"datePublished\":\"2024-09-04T07:16:07+00:00\",\"dateModified\":\"2024-09-09T14:14:50+00:00\",\"breadcrumb\":{\"@id\":\"https:\\\/\\\/www.kalfon-medical.co.il\\\/fr\\\/politique-de-confidentialite-et-conditions-dutilisation\\\/#breadcrumb\"},\"inLanguage\":\"fr-FR\",\"potentialAction\":[{\"@type\":\"ReadAction\",\"target\":[\"https:\\\/\\\/www.kalfon-medical.co.il\\\/fr\\\/politique-de-confidentialite-et-conditions-dutilisation\\\/\"]}]},{\"@type\":\"BreadcrumbList\",\"@id\":\"https:\\\/\\\/www.kalfon-medical.co.il\\\/fr\\\/politique-de-confidentialite-et-conditions-dutilisation\\\/#breadcrumb\",\"itemListElement\":[{\"@type\":\"ListItem\",\"position\":1,\"name\":\"Home\",\"item\":\"https:\\\/\\\/www.kalfon-medical.co.il\\\/fr\\\/\"},{\"@type\":\"ListItem\",\"position\":2,\"name\":\"Politique de confidentialit\u00e9 et conditions d&#8217;utilisation\"}]},{\"@type\":\"WebSite\",\"@id\":\"https:\\\/\\\/www.kalfon-medical.co.il\\\/fr\\\/#website\",\"url\":\"https:\\\/\\\/www.kalfon-medical.co.il\\\/fr\\\/\",\"name\":\"Kalfon Medical Distribution\",\"description\":\"Un site utilisant WordPress\",\"potentialAction\":[{\"@type\":\"SearchAction\",\"target\":{\"@type\":\"EntryPoint\",\"urlTemplate\":\"https:\\\/\\\/www.kalfon-medical.co.il\\\/fr\\\/?s={search_term_string}\"},\"query-input\":{\"@type\":\"PropertyValueSpecification\",\"valueRequired\":true,\"valueName\":\"search_term_string\"}}],\"inLanguage\":\"fr-FR\"}]}<\/script>\n<!-- \/ Yoast SEO plugin. -->","yoast_head_json":{"title":"Politique de confidentialit\u00e9 et conditions d'utilisation - Kalfon Medical Distribution","robots":{"index":"index","follow":"follow","max-snippet":"max-snippet:-1","max-image-preview":"max-image-preview:large","max-video-preview":"max-video-preview:-1"},"canonical":"https:\/\/www.kalfon-medical.co.il\/fr\/politique-de-confidentialite-et-conditions-dutilisation\/","og_locale":"fr_FR","og_type":"article","og_title":"Politique de confidentialit\u00e9 et conditions d'utilisation - Kalfon Medical Distribution","og_description":"Introduction g\u00e9n\u00e9rale Cher utilisateur, nous vous invitons \u00e0 lire attentivement les conditions d&#8217;utilisation et la politique de confidentialit\u00e9 ci-dessous avant de commencer \u00e0 utiliser notre site. Ces conditions et cette politique ont pour but d&#8217;expliquer comment les op\u00e9rateurs du site collectent, utilisent et prot\u00e8gent les informations.Votre pr\u00e9sence sur le site indique que vous avez lu [&hellip;]","og_url":"https:\/\/www.kalfon-medical.co.il\/fr\/politique-de-confidentialite-et-conditions-dutilisation\/","og_site_name":"Kalfon Medical Distribution","article_modified_time":"2024-09-09T14:14:50+00:00","twitter_card":"summary_large_image","twitter_misc":{"Dur\u00e9e de lecture estim\u00e9e":"6 minutes"},"schema":{"@context":"https:\/\/schema.org","@graph":[{"@type":"WebPage","@id":"https:\/\/www.kalfon-medical.co.il\/fr\/politique-de-confidentialite-et-conditions-dutilisation\/","url":"https:\/\/www.kalfon-medical.co.il\/fr\/politique-de-confidentialite-et-conditions-dutilisation\/","name":"Politique de confidentialit\u00e9 et conditions d'utilisation - Kalfon Medical Distribution","isPartOf":{"@id":"https:\/\/www.kalfon-medical.co.il\/fr\/#website"},"datePublished":"2024-09-04T07:16:07+00:00","dateModified":"2024-09-09T14:14:50+00:00","breadcrumb":{"@id":"https:\/\/www.kalfon-medical.co.il\/fr\/politique-de-confidentialite-et-conditions-dutilisation\/#breadcrumb"},"inLanguage":"fr-FR","potentialAction":[{"@type":"ReadAction","target":["https:\/\/www.kalfon-medical.co.il\/fr\/politique-de-confidentialite-et-conditions-dutilisation\/"]}]},{"@type":"BreadcrumbList","@id":"https:\/\/www.kalfon-medical.co.il\/fr\/politique-de-confidentialite-et-conditions-dutilisation\/#breadcrumb","itemListElement":[{"@type":"ListItem","position":1,"name":"Home","item":"https:\/\/www.kalfon-medical.co.il\/fr\/"},{"@type":"ListItem","position":2,"name":"Politique de confidentialit\u00e9 et conditions d&#8217;utilisation"}]},{"@type":"WebSite","@id":"https:\/\/www.kalfon-medical.co.il\/fr\/#website","url":"https:\/\/www.kalfon-medical.co.il\/fr\/","name":"Kalfon Medical Distribution","description":"Un site utilisant WordPress","potentialAction":[{"@type":"SearchAction","target":{"@type":"EntryPoint","urlTemplate":"https:\/\/www.kalfon-medical.co.il\/fr\/?s={search_term_string}"},"query-input":{"@type":"PropertyValueSpecification","valueRequired":true,"valueName":"search_term_string"}}],"inLanguage":"fr-FR"}]}},"_links":{"self":[{"href":"https:\/\/www.kalfon-medical.co.il\/fr\/wp-json\/wp\/v2\/pages\/4092","targetHints":{"allow":["GET"]}}],"collection":[{"href":"https:\/\/www.kalfon-medical.co.il\/fr\/wp-json\/wp\/v2\/pages"}],"about":[{"href":"https:\/\/www.kalfon-medical.co.il\/fr\/wp-json\/wp\/v2\/types\/page"}],"author":[{"embeddable":true,"href":"https:\/\/www.kalfon-medical.co.il\/fr\/wp-json\/wp\/v2\/users\/1"}],"replies":[{"embeddable":true,"href":"https:\/\/www.kalfon-medical.co.il\/fr\/wp-json\/wp\/v2\/comments?post=4092"}],"version-history":[{"count":0,"href":"https:\/\/www.kalfon-medical.co.il\/fr\/wp-json\/wp\/v2\/pages\/4092\/revisions"}],"wp:attachment":[{"href":"https:\/\/www.kalfon-medical.co.il\/fr\/wp-json\/wp\/v2\/media?parent=4092"}],"curies":[{"name":"wp","href":"https:\/\/api.w.org\/{rel}","templated":true}]}}