{"id":3504,"date":"2024-07-03T17:05:35","date_gmt":"2024-07-03T15:05:35","guid":{"rendered":"https:\/\/medical2.awebdesign4u.com\/favoris\/"},"modified":"2024-08-18T17:34:34","modified_gmt":"2024-08-18T15:34:34","slug":"favoris","status":"publish","type":"page","link":"https:\/\/www.kalfon-medical.co.il\/fr\/favoris\/","title":{"rendered":"Favoris"},"content":{"rendered":"\t\t<div data-elementor-type=\"wp-page\" data-elementor-id=\"3504\" class=\"elementor elementor-3504 elementor-1770\">\n\t\t\t\t<div class=\"elementor-element elementor-element-8e4f544 e-con-full e-flex e-con e-parent\" data-id=\"8e4f544\" data-element_type=\"container\" data-e-type=\"container\">\n\t\t<div class=\"elementor-element elementor-element-db9b79a e-flex e-con-boxed e-con e-child\" data-id=\"db9b79a\" data-element_type=\"container\" data-e-type=\"container\">\n\t\t\t\t\t<div class=\"e-con-inner\">\n\t\t\t\t<div class=\"elementor-element elementor-element-e5afc4f elementor-widget elementor-widget-heading\" data-id=\"e5afc4f\" data-element_type=\"widget\" data-e-type=\"widget\" data-widget_type=\"heading.default\">\n\t\t\t\t\t<h2 class=\"elementor-heading-title elementor-size-default\">Mes pr\u00e9f\u00e9r\u00e9s<\/h2>\t\t\t\t<\/div>\n\t\t\t\t<div class=\"elementor-element elementor-element-dc15f0f elementor-widget elementor-widget-text-editor\" data-id=\"dc15f0f\" data-element_type=\"widget\" data-e-type=\"widget\" data-widget_type=\"text-editor.default\">\n\t\t\t\t\t\t\t\t\t<p>Vous trouverez ci-dessous la liste de vos produits pr\u00e9f\u00e9r\u00e9s. Vous pouvez supprimer certains produits de cette liste.<\/p>\n\t\t\t\t\t\t\t\t<\/div>\n\t\t\t\t<div class=\"elementor-element elementor-element-6c7f9ca elementor-widget elementor-widget-jet-listing-grid\" data-id=\"6c7f9ca\" data-element_type=\"widget\" data-e-type=\"widget\" data-settings=\"{&quot;columns&quot;:&quot;4&quot;}\" data-widget_type=\"jet-listing-grid.default\">\n\t\t\t\t\t<div class=\"jet-listing-grid jet-listing\"><div class=\"jet-listing-not-found jet-listing-grid__items\" data-nav=\"{&quot;enabled&quot;:false,&quot;type&quot;:null,&quot;more_el&quot;:null,&quot;query&quot;:{&quot;post_status&quot;:&quot;publish&quot;,&quot;post_type&quot;:&quot;product&quot;,&quot;posts_per_page&quot;:&quot;10&quot;,&quot;paged&quot;:&quot;1&quot;,&quot;ignore_sticky_posts&quot;:&quot;1&quot;,&quot;suppress_filters&quot;:false,&quot;jet_smart_filters&quot;:&quot;jet-engine\\\/default&quot;,&quot;post__in&quot;:[&quot;no-posts&quot;],&quot;signature&quot;:&quot;cfe5334ae56f5a8d941a10bc5bfe7c4e22b663ec42145ebaf920667feb8bac93&quot;},&quot;widget_settings&quot;:{&quot;lisitng_id&quot;:1788,&quot;posts_num&quot;:10,&quot;columns&quot;:4,&quot;columns_tablet&quot;:4,&quot;columns_mobile&quot;:4,&quot;column_min_width&quot;:240,&quot;column_min_width_tablet&quot;:240,&quot;column_min_width_mobile&quot;:240,&quot;inline_columns_css&quot;:false,&quot;is_archive_template&quot;:&quot;&quot;,&quot;post_status&quot;:[&quot;publish&quot;],&quot;use_random_posts_num&quot;:&quot;&quot;,&quot;max_posts_num&quot;:9,&quot;not_found_message&quot;:&quot;Aucune donn\\u00e9e trouv\\u00e9e&quot;,&quot;is_masonry&quot;:false,&quot;equal_columns_height&quot;:&quot;&quot;,&quot;use_load_more&quot;:&quot;&quot;,&quot;load_more_id&quot;:&quot;&quot;,&quot;load_more_type&quot;:&quot;click&quot;,&quot;load_more_offset&quot;:null,&quot;use_custom_post_types&quot;:&quot;&quot;,&quot;custom_post_types&quot;:[],&quot;hide_widget_if&quot;:&quot;&quot;,&quot;carousel_enabled&quot;:&quot;&quot;,&quot;slides_to_scroll&quot;:&quot;1&quot;,&quot;arrows&quot;:&quot;true&quot;,&quot;arrow_icon&quot;:&quot;fa fa-angle-left&quot;,&quot;dots&quot;:&quot;&quot;,&quot;autoplay&quot;:&quot;true&quot;,&quot;pause_on_hover&quot;:&quot;true&quot;,&quot;autoplay_speed&quot;:5000,&quot;infinite&quot;:&quot;true&quot;,&quot;center_mode&quot;:&quot;&quot;,&quot;effect&quot;:&quot;slide&quot;,&quot;speed&quot;:500,&quot;inject_alternative_items&quot;:&quot;&quot;,&quot;injection_items&quot;:[],&quot;scroll_slider_enabled&quot;:&quot;&quot;,&quot;scroll_slider_on&quot;:[&quot;desktop&quot;,&quot;tablet&quot;,&quot;mobile&quot;],&quot;custom_query&quot;:false,&quot;custom_query_id&quot;:&quot;&quot;,&quot;_element_id&quot;:&quot;&quot;,&quot;collapse_first_last_gap&quot;:false,&quot;list_tag_selection&quot;:&quot;&quot;,&quot;list_items_wrapper_tag&quot;:&quot;div&quot;,&quot;list_item_tag&quot;:&quot;div&quot;,&quot;empty_items_wrapper_tag&quot;:&quot;div&quot;}}\" data-listing-source=\"posts\" data-listing-id=\"1788\" data-query-id=\"\" data-queried-id=\"3504|WP_Post\">Aucune donn\u00e9e trouv\u00e9e<\/div><\/div>\t\t\t\t<\/div>\n\t\t\t\t\t<\/div>\n\t\t\t\t<\/div>\n\t\t\t\t<\/div>\n\t\t\t\t<\/div>\n\t\t","protected":false},"excerpt":{"rendered":"<p>Mes pr\u00e9f\u00e9r\u00e9s Vous trouverez ci-dessous la liste de vos produits pr\u00e9f\u00e9r\u00e9s. Vous pouvez supprimer certains produits de cette liste. Aucune donn\u00e9e trouv\u00e9e<\/p>\n","protected":false},"author":1,"featured_media":0,"parent":0,"menu_order":0,"comment_status":"closed","ping_status":"closed","template":"","meta":{"_monsterinsights_skip_tracking":false,"_monsterinsights_sitenote_active":false,"_monsterinsights_sitenote_note":"","_monsterinsights_sitenote_category":0,"footnotes":""},"class_list":["post-3504","page","type-page","status-publish","hentry","_wholesalex wsx-wholesalex-product"],"yoast_head":"<!-- This site is optimized with the Yoast SEO plugin v27.5 - https:\/\/yoast.com\/product\/yoast-seo-wordpress\/ -->\n<title>Favoris - Kalfon Medical Distribution<\/title>\n<meta name=\"robots\" content=\"index, follow, max-snippet:-1, max-image-preview:large, max-video-preview:-1\" \/>\n<link rel=\"canonical\" href=\"https:\/\/www.kalfon-medical.co.il\/fr\/favoris\/\" \/>\n<meta property=\"og:locale\" content=\"fr_FR\" \/>\n<meta property=\"og:type\" content=\"article\" \/>\n<meta property=\"og:title\" content=\"Favoris - Kalfon Medical Distribution\" \/>\n<meta property=\"og:description\" content=\"Mes pr\u00e9f\u00e9r\u00e9s Vous trouverez ci-dessous la liste de vos produits pr\u00e9f\u00e9r\u00e9s. Vous pouvez supprimer certains produits de cette liste. Aucune donn\u00e9e trouv\u00e9e\" \/>\n<meta property=\"og:url\" content=\"https:\/\/www.kalfon-medical.co.il\/fr\/favoris\/\" \/>\n<meta property=\"og:site_name\" content=\"Kalfon Medical Distribution\" \/>\n<meta property=\"article:modified_time\" content=\"2024-08-18T15:34:34+00:00\" \/>\n<meta name=\"twitter:card\" content=\"summary_large_image\" \/>\n<script type=\"application\/ld+json\" class=\"yoast-schema-graph\">{\"@context\":\"https:\\\/\\\/schema.org\",\"@graph\":[{\"@type\":\"WebPage\",\"@id\":\"https:\\\/\\\/www.kalfon-medical.co.il\\\/fr\\\/favoris\\\/\",\"url\":\"https:\\\/\\\/www.kalfon-medical.co.il\\\/fr\\\/favoris\\\/\",\"name\":\"Favoris - Kalfon Medical Distribution\",\"isPartOf\":{\"@id\":\"https:\\\/\\\/www.kalfon-medical.co.il\\\/fr\\\/#website\"},\"datePublished\":\"2024-07-03T15:05:35+00:00\",\"dateModified\":\"2024-08-18T15:34:34+00:00\",\"breadcrumb\":{\"@id\":\"https:\\\/\\\/www.kalfon-medical.co.il\\\/fr\\\/favoris\\\/#breadcrumb\"},\"inLanguage\":\"fr-FR\",\"potentialAction\":[{\"@type\":\"ReadAction\",\"target\":[\"https:\\\/\\\/www.kalfon-medical.co.il\\\/fr\\\/favoris\\\/\"]}]},{\"@type\":\"BreadcrumbList\",\"@id\":\"https:\\\/\\\/www.kalfon-medical.co.il\\\/fr\\\/favoris\\\/#breadcrumb\",\"itemListElement\":[{\"@type\":\"ListItem\",\"position\":1,\"name\":\"Home\",\"item\":\"https:\\\/\\\/www.kalfon-medical.co.il\\\/fr\\\/\"},{\"@type\":\"ListItem\",\"position\":2,\"name\":\"Favoris\"}]},{\"@type\":\"WebSite\",\"@id\":\"https:\\\/\\\/www.kalfon-medical.co.il\\\/fr\\\/#website\",\"url\":\"https:\\\/\\\/www.kalfon-medical.co.il\\\/fr\\\/\",\"name\":\"Kalfon Medical Distribution\",\"description\":\"Un site utilisant WordPress\",\"potentialAction\":[{\"@type\":\"SearchAction\",\"target\":{\"@type\":\"EntryPoint\",\"urlTemplate\":\"https:\\\/\\\/www.kalfon-medical.co.il\\\/fr\\\/?s={search_term_string}\"},\"query-input\":{\"@type\":\"PropertyValueSpecification\",\"valueRequired\":true,\"valueName\":\"search_term_string\"}}],\"inLanguage\":\"fr-FR\"}]}<\/script>\n<!-- \/ Yoast SEO plugin. -->","yoast_head_json":{"title":"Favoris - Kalfon Medical Distribution","robots":{"index":"index","follow":"follow","max-snippet":"max-snippet:-1","max-image-preview":"max-image-preview:large","max-video-preview":"max-video-preview:-1"},"canonical":"https:\/\/www.kalfon-medical.co.il\/fr\/favoris\/","og_locale":"fr_FR","og_type":"article","og_title":"Favoris - Kalfon Medical Distribution","og_description":"Mes pr\u00e9f\u00e9r\u00e9s Vous trouverez ci-dessous la liste de vos produits pr\u00e9f\u00e9r\u00e9s. Vous pouvez supprimer certains produits de cette liste. Aucune donn\u00e9e trouv\u00e9e","og_url":"https:\/\/www.kalfon-medical.co.il\/fr\/favoris\/","og_site_name":"Kalfon Medical Distribution","article_modified_time":"2024-08-18T15:34:34+00:00","twitter_card":"summary_large_image","schema":{"@context":"https:\/\/schema.org","@graph":[{"@type":"WebPage","@id":"https:\/\/www.kalfon-medical.co.il\/fr\/favoris\/","url":"https:\/\/www.kalfon-medical.co.il\/fr\/favoris\/","name":"Favoris - Kalfon Medical Distribution","isPartOf":{"@id":"https:\/\/www.kalfon-medical.co.il\/fr\/#website"},"datePublished":"2024-07-03T15:05:35+00:00","dateModified":"2024-08-18T15:34:34+00:00","breadcrumb":{"@id":"https:\/\/www.kalfon-medical.co.il\/fr\/favoris\/#breadcrumb"},"inLanguage":"fr-FR","potentialAction":[{"@type":"ReadAction","target":["https:\/\/www.kalfon-medical.co.il\/fr\/favoris\/"]}]},{"@type":"BreadcrumbList","@id":"https:\/\/www.kalfon-medical.co.il\/fr\/favoris\/#breadcrumb","itemListElement":[{"@type":"ListItem","position":1,"name":"Home","item":"https:\/\/www.kalfon-medical.co.il\/fr\/"},{"@type":"ListItem","position":2,"name":"Favoris"}]},{"@type":"WebSite","@id":"https:\/\/www.kalfon-medical.co.il\/fr\/#website","url":"https:\/\/www.kalfon-medical.co.il\/fr\/","name":"Kalfon Medical Distribution","description":"Un site utilisant WordPress","potentialAction":[{"@type":"SearchAction","target":{"@type":"EntryPoint","urlTemplate":"https:\/\/www.kalfon-medical.co.il\/fr\/?s={search_term_string}"},"query-input":{"@type":"PropertyValueSpecification","valueRequired":true,"valueName":"search_term_string"}}],"inLanguage":"fr-FR"}]}},"_links":{"self":[{"href":"https:\/\/www.kalfon-medical.co.il\/fr\/wp-json\/wp\/v2\/pages\/3504","targetHints":{"allow":["GET"]}}],"collection":[{"href":"https:\/\/www.kalfon-medical.co.il\/fr\/wp-json\/wp\/v2\/pages"}],"about":[{"href":"https:\/\/www.kalfon-medical.co.il\/fr\/wp-json\/wp\/v2\/types\/page"}],"author":[{"embeddable":true,"href":"https:\/\/www.kalfon-medical.co.il\/fr\/wp-json\/wp\/v2\/users\/1"}],"replies":[{"embeddable":true,"href":"https:\/\/www.kalfon-medical.co.il\/fr\/wp-json\/wp\/v2\/comments?post=3504"}],"version-history":[{"count":0,"href":"https:\/\/www.kalfon-medical.co.il\/fr\/wp-json\/wp\/v2\/pages\/3504\/revisions"}],"wp:attachment":[{"href":"https:\/\/www.kalfon-medical.co.il\/fr\/wp-json\/wp\/v2\/media?parent=3504"}],"curies":[{"name":"wp","href":"https:\/\/api.w.org\/{rel}","templated":true}]}}